{"id":860,"date":"2024-04-24T13:06:22","date_gmt":"2024-04-24T11:06:22","guid":{"rendered":"https:\/\/gartenrestposten.de\/?post_type=product&#038;p=860"},"modified":"2025-12-08T13:53:27","modified_gmt":"2025-12-08T13:53:27","slug":"stiga-stig-a-7500-maehroboter-stiga-ags-technologie","status":"publish","type":"product","link":"https:\/\/benimarkt.at\/?product=stiga-stig-a-7500-maehroboter-stiga-ags-technologie","title":{"rendered":"Stiga Stig-A 7500 M\u00e4hroboter | STIGA AGS-Technologie"},"content":{"rendered":"<ul>\n<li>Lineup &#8211; A-series<\/li>\n<li>Artikelnummer &#8211; 2R9106128\/ST1<\/li>\n<li>EAN\/UPC &#8211; 8008984865556<\/li>\n<li>Level &#8211; Expert<\/li>\n<li>Batteriekapazit\u00e4t &#8211; 2 x 5 Ah<\/li>\n<li>ePower &#8211; Ja<\/li>\n<li>Power-Kit &#8211; Inklusive<\/li>\n<li>Leistungsquelle &#8211; Akku<\/li>\n<li>Motortyp &#8211; B\u00fcrstenlos<\/li>\n<li>Batterietyp &#8211; Lithium-Ionen<\/li>\n<li>Anzahl Akkus &#8211; 2<\/li>\n<li>Ladesystem &#8211; Automatisch<\/li>\n<li>Empfohlene Arbeitsfl\u00e4che &#8211; 7500 \u33a1<\/li>\n<li>Messertyp &#8211; 6 rotierende Messer<\/li>\n<li>Schnitth\u00f6he in einer Zone &#8211; Ja<\/li>\n<li>Graspflege organisierter Schnitt &#8211; Ja<\/li>\n<li>Verwaltung der M\u00e4hfl\u00e4chen &#8211; Bis zu 10<\/li>\n<li>Intelligente Schnitth\u00f6heneinstellung &#8211; Ja<\/li>\n<li>Virtueller Zonenausschluss &#8211; Ja<\/li>\n<li>Schnittbreite &#8211; 26 cm<\/li>\n<li>Schnitth\u00f6heneinstellung &#8211; Elektronisch<\/li>\n<li>Schnitth\u00f6he &#8211; 20 &#8211; 65 mm<\/li>\n<li>Messergeschwindigkeit &#8211; 2400 rpm<\/li>\n<li>Maximale Schnittgeschwindigkeit &#8211; 26 m\/m<\/li>\n<li>Zur\u00fcck zur Aufladung &#8211; Automatisch k\u00fcrzeste Route<\/li>\n<li>Regensensoren &#8211; Ja<\/li>\n<li>Maximale Steigung &#8211; 50%<\/li>\n<li>App Control &#8211; GPRS-4G<\/li>\n<li>Bluetooth Empf\u00e4nger &#8211; Ja<\/li>\n<li>GPS &#8211; Ja<\/li>\n<li>Referenz-GPS-Antenne &#8211; Inklusive<\/li>\n<li>Smart APP &#8211; Ja<\/li>\n<li>STIGA AGS-Technologie &#8211; Ja<\/li>\n<li>Konnektivit\u00e4t und Navigationsdienst inbegriffen &#8211; Kostenlose Konnektivit\u00e4t<\/li>\n<li>Benutzer Schnittstelle &#8211; Keypad<\/li>\n<li>Gewicht inkl. Verpackung &#8211; 22.6 kg<\/li>\n<li>Gewicht ohne Batterie &#8211; 11.9 kg<\/li>\n<li>L\u00e4nge &#8211; 695 mm<\/li>\n<li>Breite &#8211; 526 mm<\/li>\n<li>H\u00f6he &#8211; 300 mm<\/li>\n<\/ul>\n","protected":false},"excerpt":{"rendered":"<p>Die autonomen M\u00e4hroboter von STIGA sind kabellos. Die Installation ist virtuell und der Arbeitsbereich des Roboters kann jederzeit angepasst werden. Mit der patentierten AGS-Technologie kann der Roboter M\u00e4hvorg\u00e4nge intelligent planen. \u00dcber die STIGA.GO-App haben Sie die volle Kontrolle \u00fcber Ihren Roboter. STIGA A 7500 k\u00fcmmert sich um Rasenfl\u00e4chen bis zu 7.500 m\u00b2. Kostenlose Konnektivit\u00e4t f\u00fcr die gesamte Lebensdauer deines Roboters. Keine zus\u00e4tzlichen Kosten erforderlich.<\/p>\n<ul class=\"list_check\">\n<li>Kabellos. Die Installation erfolgt virtuell und einfach \u00fcber die STIGA.GO App<\/li>\n<li>STIGA Active Guidance System zur Vorhersage der GPS-Signalverf\u00fcgbarkeit und zum effizienten M\u00e4hen<\/li>\n<li>4G-Verbindung und STIGA Cloud f\u00fcr st\u00e4ndige Kommunikation<\/li>\n<li>M\u00e4heffizienz durch systematische Schnittmuster<\/li>\n<li>F\u00fcr die Pflege von Rasenfl\u00e4chen bis zu 7.500 m\u00b2 mit nur 3 M\u00e4hzyklen pro Tag<\/li>\n<\/ul>\n","protected":false},"featured_media":13286,"comment_status":"open","ping_status":"closed","template":"","meta":[],"product_brand":[300],"product_cat":[134,129],"product_tag":[457,176,312],"class_list":{"0":"post-860","1":"product","2":"type-product","3":"status-publish","4":"has-post-thumbnail","6":"product_brand-stiga","7":"product_cat-gartenbau","8":"product_cat-maehroboter","9":"product_tag-457","10":"product_tag-maehroboter","11":"product_tag-stiga","13":"first","14":"instock","15":"taxable","16":"shipping-taxable","17":"purchasable","18":"product-type-simple"},"_links":{"self":[{"href":"https:\/\/benimarkt.at\/index.php?rest_route=\/wp\/v2\/product\/860","targetHints":{"allow":["GET"]}}],"collection":[{"href":"https:\/\/benimarkt.at\/index.php?rest_route=\/wp\/v2\/product"}],"about":[{"href":"https:\/\/benimarkt.at\/index.php?rest_route=\/wp\/v2\/types\/product"}],"replies":[{"embeddable":true,"href":"https:\/\/benimarkt.at\/index.php?rest_route=%2Fwp%2Fv2%2Fcomments&post=860"}],"version-history":[{"count":1,"href":"https:\/\/benimarkt.at\/index.php?rest_route=\/wp\/v2\/product\/860\/revisions"}],"predecessor-version":[{"id":11780,"href":"https:\/\/benimarkt.at\/index.php?rest_route=\/wp\/v2\/product\/860\/revisions\/11780"}],"wp:featuredmedia":[{"embeddable":true,"href":"https:\/\/benimarkt.at\/index.php?rest_route=\/wp\/v2\/media\/13286"}],"wp:attachment":[{"href":"https:\/\/benimarkt.at\/index.php?rest_route=%2Fwp%2Fv2%2Fmedia&parent=860"}],"wp:term":[{"taxonomy":"product_brand","embeddable":true,"href":"https:\/\/benimarkt.at\/index.php?rest_route=%2Fwp%2Fv2%2Fproduct_brand&post=860"},{"taxonomy":"product_cat","embeddable":true,"href":"https:\/\/benimarkt.at\/index.php?rest_route=%2Fwp%2Fv2%2Fproduct_cat&post=860"},{"taxonomy":"product_tag","embeddable":true,"href":"https:\/\/benimarkt.at\/index.php?rest_route=%2Fwp%2Fv2%2Fproduct_tag&post=860"}],"curies":[{"name":"wp","href":"https:\/\/api.w.org\/{rel}","templated":true}]}}