{"id":857,"date":"2024-04-24T13:06:22","date_gmt":"2024-04-24T11:06:22","guid":{"rendered":"https:\/\/gartenrestposten.de\/?post_type=product&#038;p=857"},"modified":"2026-01-14T11:19:26","modified_gmt":"2026-01-14T11:19:26","slug":"stiga-stig-a-1500-maehroboter-stiga-ags-technologie","status":"publish","type":"product","link":"https:\/\/benimarkt.at\/?product=stiga-stig-a-1500-maehroboter-stiga-ags-technologie","title":{"rendered":"Stiga Stig-A 1500 M\u00e4hroboter | STIGA AGS-Technologie"},"content":{"rendered":"<h5>TECHNISCHE DATEN<\/h5>\n<div class=\"col-12 col-md-6\">\n<div class=\"attribute text text-xs\">\n<ul>\n<li class=\"label\">Lineup &#8211; <strong>A-series<\/strong><\/li>\n<li class=\"label\">Artikelnummer &#8211; 2R7102028\/ST1<\/li>\n<li class=\"label\">EAN\/UPC &#8211; <strong>8008984852402<\/strong><\/li>\n<li class=\"label\">Batteriekapazit\u00e4t &#8211; <strong>5 Ah<\/strong><\/li>\n<li class=\"label\">ePower &#8211; <strong>Ja<br \/>\n<\/strong><\/li>\n<li class=\"label\">Power-Kit &#8211; <strong>Inklusive<br \/>\n<\/strong><\/li>\n<li class=\"label\">Leistungsquelle &#8211; <strong>Akku<br \/>\n<\/strong><\/li>\n<li class=\"label\">Ladezeit &#8211; <strong>120 m<br \/>\n<\/strong><\/li>\n<li class=\"label\">Motortyp &#8211; <strong>B\u00fcrstenlos<br \/>\n<\/strong><\/li>\n<li class=\"label\">Batterietyp &#8211; <strong>Lithium-Ionen<br \/>\n<\/strong><\/li>\n<li class=\"label\">Batteriespannung &#8211; <strong>25.2 V<br \/>\n<\/strong><\/li>\n<li class=\"label\">Anzahl Akkus &#8211; <strong>1<br \/>\n<\/strong><\/li>\n<li class=\"label\">Ladesystem &#8211; <strong>Automatisch<br \/>\n<\/strong><\/li>\n<li class=\"label\">Empfohlene Arbeitsfl\u00e4che &#8211; <strong>1500 \u33a1<\/strong><\/li>\n<li class=\"label\">Messertyp &#8211; 4 rotierende Messer<\/li>\n<li class=\"label\">Schnitth\u00f6he in einer Zone &#8211; Ja<\/li>\n<li class=\"label\">Graspflege organisierter Schnitt &#8211; Ja<\/li>\n<li class=\"label\">Verwaltung der M\u00e4hfl\u00e4chen &#8211; Bis zu 10<\/li>\n<li class=\"label\">Intelligente Schnitth\u00f6heneinstellung &#8211; Ja<\/li>\n<li class=\"label\">Virtueller Zonenausschluss &#8211; Ja<\/li>\n<li class=\"label\">Schnittbreite &#8211; 18 cm<\/li>\n<li class=\"label\">Schnitth\u00f6heneinstellung- Elektronisch<\/li>\n<li class=\"label\">Schnitth\u00f6he &#8211; 20 &#8211; 60 mm<\/li>\n<li class=\"label\">Messergeschwindigkeit &#8211; 2850 rpm<\/li>\n<li class=\"label\">Maximale Schnittgeschwindigkeit &#8211; 22 m\/m<\/li>\n<li class=\"label\">Zur\u00fcck zur Aufladung &#8211; Automatisch k\u00fcrzeste Route<\/li>\n<li class=\"label\">Regensensoren &#8211; Ja<\/li>\n<li class=\"label\">Maximale Steigung &#8211; 45%<\/li>\n<li class=\"label\">Navigation und Ger\u00e4te<\/li>\n<li class=\"label\">App Control &#8211; GPRS-4G<\/li>\n<li class=\"label\">Bluetooth Empf\u00e4nger &#8211; Ja<\/li>\n<li class=\"label\">GPS &#8211; Ja<\/li>\n<li class=\"label\">Referenz-GPS-Antenne &#8211; Inklusive<\/li>\n<li class=\"label\">Smart APP &#8211; Ja<\/li>\n<li class=\"label\">STIGA AGS-Technologie &#8211; Ja<\/li>\n<li class=\"label\">Konnektivit\u00e4t und Navigationsdienst inbegriffen &#8211; Kostenlose Konnektivit\u00e4t<\/li>\n<li class=\"label\">Benutzer Schnittstelle &#8211; Keypad<\/li>\n<li class=\"label\">Gewicht inkl. Verpackung &#8211; 16.9 kg<\/li>\n<li class=\"label\">Gewicht ohne Batterie &#8211; 7.75 kg<\/li>\n<li class=\"label\">L\u00e4nge &#8211; 545 mm<\/li>\n<li class=\"label\">Breite &#8211; 405 mm<\/li>\n<li class=\"label\">H\u00f6he &#8211; 245 mm<\/li>\n<\/ul>\n<\/div>\n<\/div>\n","protected":false},"excerpt":{"rendered":"<p>Die autonomen Roboterm\u00e4her von STIGA sind kabellos. Die Installation ist virtuell und der Arbeitsbereich des Roboters kann jederzeit angepasst werden. Mit der patentierten AGS-Technologie kann der Roboter M\u00e4hvorg\u00e4nge intelligent planen. \u00dcber die STIGA.GO-App hast du die volle Kontrolle \u00fcber deinen Roboter.<\/p>\n<div class=\"col-12 col-md-6\">\n<div class=\"attribute text text-xs\">\n<div role=\"tabpanel\" data-role=\"content\" aria-hidden=\"false\">\n<div class=\"row\">\n<div class=\"col-12 col-md-6\">\n<div class=\"attribute text text-xs\">\n<ul class=\"list_check\">\n<li>STIGA Active Guidance System zur Vorhersage der GPS-Signalverf\u00fcgbarkeit und zum effizienten M\u00e4hen<\/li>\n<li>4G-Verbindung und STIGA Cloud f\u00fcr st\u00e4ndige Kommunikation<\/li>\n<li>Kabellos. Die Installation erfolgt virtuell und einfach \u00fcber die STIGA.GO App<\/li>\n<li>M\u00e4heffizienz durch systematische Schnittmuster<\/li>\n<li>Vollst\u00e4ndige Kontrolle \u00fcber die STIGA.GO App. Kompatibel mit Alexa.<\/li>\n<\/ul>\n<\/div>\n<\/div>\n<\/div>\n<\/div>\n<\/div>\n<\/div>\n","protected":false},"featured_media":13316,"comment_status":"open","ping_status":"closed","template":"","meta":[],"product_brand":[300],"product_cat":[134,129],"product_tag":[176,312],"class_list":{"0":"post-857","1":"product","2":"type-product","3":"status-publish","4":"has-post-thumbnail","6":"product_brand-stiga","7":"product_cat-gartenbau","8":"product_cat-maehroboter","9":"product_tag-maehroboter","10":"product_tag-stiga","12":"first","13":"outofstock","14":"taxable","15":"shipping-taxable","16":"purchasable","17":"product-type-simple"},"_links":{"self":[{"href":"https:\/\/benimarkt.at\/index.php?rest_route=\/wp\/v2\/product\/857","targetHints":{"allow":["GET"]}}],"collection":[{"href":"https:\/\/benimarkt.at\/index.php?rest_route=\/wp\/v2\/product"}],"about":[{"href":"https:\/\/benimarkt.at\/index.php?rest_route=\/wp\/v2\/types\/product"}],"replies":[{"embeddable":true,"href":"https:\/\/benimarkt.at\/index.php?rest_route=%2Fwp%2Fv2%2Fcomments&post=857"}],"version-history":[{"count":1,"href":"https:\/\/benimarkt.at\/index.php?rest_route=\/wp\/v2\/product\/857\/revisions"}],"predecessor-version":[{"id":11764,"href":"https:\/\/benimarkt.at\/index.php?rest_route=\/wp\/v2\/product\/857\/revisions\/11764"}],"wp:featuredmedia":[{"embeddable":true,"href":"https:\/\/benimarkt.at\/index.php?rest_route=\/wp\/v2\/media\/13316"}],"wp:attachment":[{"href":"https:\/\/benimarkt.at\/index.php?rest_route=%2Fwp%2Fv2%2Fmedia&parent=857"}],"wp:term":[{"taxonomy":"product_brand","embeddable":true,"href":"https:\/\/benimarkt.at\/index.php?rest_route=%2Fwp%2Fv2%2Fproduct_brand&post=857"},{"taxonomy":"product_cat","embeddable":true,"href":"https:\/\/benimarkt.at\/index.php?rest_route=%2Fwp%2Fv2%2Fproduct_cat&post=857"},{"taxonomy":"product_tag","embeddable":true,"href":"https:\/\/benimarkt.at\/index.php?rest_route=%2Fwp%2Fv2%2Fproduct_tag&post=857"}],"curies":[{"name":"wp","href":"https:\/\/api.w.org\/{rel}","templated":true}]}}