{"id":849,"date":"2024-04-24T13:06:21","date_gmt":"2024-04-24T11:06:21","guid":{"rendered":"https:\/\/gartenrestposten.de\/?post_type=product&#038;p=849"},"modified":"2026-04-02T12:06:02","modified_gmt":"2026-04-02T12:06:02","slug":"ego-power-schnellladegeraet-ch5500e-56-v","status":"publish","type":"product","link":"https:\/\/benimarkt.at\/?product=ego-power-schnellladegeraet-ch5500e-56-v","title":{"rendered":"EGO Power Schnellladeger\u00e4t CH5500E &#8211; 56 V"},"content":{"rendered":"","protected":false},"excerpt":{"rendered":"<p>Das<strong>\u00a0EGO Power Schnellladeger\u00e4t CH5500E &#8211; 56 V<\/strong>\u00a0ist f\u00fcr alle EGO Power Akkus geeignet und enth\u00e4lt ein luftgek\u00fchltes Ladesystem, welches vor \u00dcberhitzung sch\u00fctzt.<\/p>\n<p>Schnellstes Ladeger\u00e4t im Segment<br \/>\n2,0 Ah Akku: 25 Minuten Ladezeit von 0 auf volle Ladung<br \/>\n4,0 Ah Akku: 30 Minuten Ladezeit von 0 auf volle Ladung<br \/>\n6,0 Ah Akku: 45 Minuten Ladezeit von 0 auf volle Ladung<br \/>\nLuftgek\u00fchltes Ladesystem<br \/>\nSch\u00fctzt vor \u00dcberhitzung<br \/>\nIntegrierte Ladestandsanzeige<br \/>\nZeigt, wie viel Strom in der Batterie verbleibt.<br \/>\nIntegrierte LED-Anzeige<br \/>\nDamit Sie wissen, ob Ihr Akku vollst\u00e4ndig geladen ist.<br \/>\nL\u00e4dt alle EGO Power Akkus<\/p>\n","protected":false},"featured_media":13538,"comment_status":"open","ping_status":"closed","template":"","meta":[],"product_brand":[297],"product_cat":[127,134],"product_tag":[153,334],"class_list":{"0":"post-849","1":"product","2":"type-product","3":"status-publish","4":"has-post-thumbnail","6":"product_brand-ego","7":"product_cat-akkus","8":"product_cat-gartenbau","9":"product_tag-ego-power-tools","10":"product_tag-schnellladegeraet","12":"first","13":"outofstock","14":"taxable","15":"shipping-taxable","16":"purchasable","17":"product-type-simple"},"_links":{"self":[{"href":"https:\/\/benimarkt.at\/index.php?rest_route=\/wp\/v2\/product\/849","targetHints":{"allow":["GET"]}}],"collection":[{"href":"https:\/\/benimarkt.at\/index.php?rest_route=\/wp\/v2\/product"}],"about":[{"href":"https:\/\/benimarkt.at\/index.php?rest_route=\/wp\/v2\/types\/product"}],"replies":[{"embeddable":true,"href":"https:\/\/benimarkt.at\/index.php?rest_route=%2Fwp%2Fv2%2Fcomments&post=849"}],"version-history":[{"count":1,"href":"https:\/\/benimarkt.at\/index.php?rest_route=\/wp\/v2\/product\/849\/revisions"}],"predecessor-version":[{"id":11782,"href":"https:\/\/benimarkt.at\/index.php?rest_route=\/wp\/v2\/product\/849\/revisions\/11782"}],"wp:featuredmedia":[{"embeddable":true,"href":"https:\/\/benimarkt.at\/index.php?rest_route=\/wp\/v2\/media\/13538"}],"wp:attachment":[{"href":"https:\/\/benimarkt.at\/index.php?rest_route=%2Fwp%2Fv2%2Fmedia&parent=849"}],"wp:term":[{"taxonomy":"product_brand","embeddable":true,"href":"https:\/\/benimarkt.at\/index.php?rest_route=%2Fwp%2Fv2%2Fproduct_brand&post=849"},{"taxonomy":"product_cat","embeddable":true,"href":"https:\/\/benimarkt.at\/index.php?rest_route=%2Fwp%2Fv2%2Fproduct_cat&post=849"},{"taxonomy":"product_tag","embeddable":true,"href":"https:\/\/benimarkt.at\/index.php?rest_route=%2Fwp%2Fv2%2Fproduct_tag&post=849"}],"curies":[{"name":"wp","href":"https:\/\/api.w.org\/{rel}","templated":true}]}}