{"id":848,"date":"2024-04-24T13:06:20","date_gmt":"2024-04-24T11:06:20","guid":{"rendered":"https:\/\/gartenrestposten.de\/?post_type=product&#038;p=848"},"modified":"2026-03-20T19:18:37","modified_gmt":"2026-03-20T19:18:37","slug":"ego-ba2800t-50ah-akku","status":"publish","type":"product","link":"https:\/\/benimarkt.at\/?product=ego-ba2800t-50ah-akku","title":{"rendered":"EGO BA2800T 5,0AH AKKU"},"content":{"rendered":"<p>&nbsp;<\/p>\n<table class=\"product-accordion__specification-table\">\n<tbody>\n<tr>\n<th class=\"product-accordion__specification-row-heading\">SPANNUNG<\/th>\n<td class=\"product-accordion__specification-row-value\">56 V<\/td>\n<\/tr>\n<tr>\n<th class=\"product-accordion__specification-row-heading\">AKKU-TYP<\/th>\n<td class=\"product-accordion__specification-row-value\">Lithium-ion<\/td>\n<\/tr>\n<tr>\n<th class=\"product-accordion__specification-row-heading\">MAX. CONTINUOUS DISCHARGE CURRENT (A)<\/th>\n<td class=\"product-accordion__specification-row-value\">40 A<\/td>\n<\/tr>\n<tr>\n<th class=\"product-accordion__specification-row-heading\">AKKU-LEISTUNG<\/th>\n<td class=\"product-accordion__specification-row-value\">5 Ah<\/td>\n<\/tr>\n<tr>\n<th class=\"product-accordion__specification-row-heading\">AKKU-ENERGIE<\/th>\n<td class=\"product-accordion__specification-row-value\">280 W<\/td>\n<\/tr>\n<tr>\n<th class=\"product-accordion__specification-row-heading\">AKKU-KONFIGURATION<\/th>\n<td class=\"product-accordion__specification-row-value\">14S2P<\/td>\n<\/tr>\n<tr>\n<th class=\"product-accordion__specification-row-heading\">ANZAHL DER AKKUZELLEN<\/th>\n<td class=\"product-accordion__specification-row-value\">28<\/td>\n<\/tr>\n<tr>\n<th class=\"product-accordion__specification-row-heading\">BLE-ANSCHLUSS<\/th>\n<td class=\"product-accordion__specification-row-value\">Nein<\/td>\n<\/tr>\n<tr>\n<th class=\"product-accordion__specification-row-heading\">WIFI-VERBINDUNG<\/th>\n<td class=\"product-accordion__specification-row-value\">Nein<\/td>\n<\/tr>\n<tr>\n<th class=\"product-accordion__specification-row-heading\">MAX. AKKU-L\u00c4NGE (MM)<\/th>\n<td class=\"product-accordion__specification-row-value\">195<\/td>\n<\/tr>\n<tr>\n<th class=\"product-accordion__specification-row-heading\">MAX. AKKU-BREITE (MM)<\/th>\n<td class=\"product-accordion__specification-row-value\">154<\/td>\n<\/tr>\n<tr>\n<th class=\"product-accordion__specification-row-heading\">MAX. AKKU-H\u00d6HE (MM)<\/th>\n<td class=\"product-accordion__specification-row-value\">90<\/td>\n<\/tr>\n<\/tbody>\n<\/table>\n","protected":false},"excerpt":{"rendered":"<p>Je nach Produkt k\u00f6nnen Sie mit einer einzigen Ladung bis zu 800 m\u00b2 m\u00e4hen, bis zu 140 Minuten lang Linien trimmen, bis zu 150 Minuten lang Hecken schneiden, bis zu 300 Schnitte s\u00e4gen oder bis zu 200 Minuten lang Laub blasen. Die innovative Bogenform wirkt einer \u00dcberhitzung entgegen und maximiert die Laufzeit, so dass Sie l\u00e4nger durchhalten k\u00f6nnen.<\/p>\n<p>Die EGO ARC Lithium-Akkutechnologie ist die fortschrittlichste in der Branche und verf\u00fcgt \u00fcber die Keep Cool Technology, die die Zellen k\u00fchl h\u00e4lt und so die Lebensdauer der Batterie verl\u00e4ngert.<\/p>\n<p>Unser 5,0Ah-Akku ist mit einer LED-Tankanzeige ausgestattet, die Ihnen hilft, die verbleibende Akkulaufzeit im Auge zu behalten, damit Sie ohne \u00dcberraschungen effektiv arbeiten k\u00f6nnen.<\/p>\n<p>Unsere 56-V-Akkus sind so konzipiert, dass sie die optimale Leistung f\u00fcr eine Vielzahl von Ger\u00e4ten liefern. Das bedeutet, dass Sie die gleiche Leistung erwarten k\u00f6nnen, wenn Sie Ihren Akku in einem beliebigen EGO-Ger\u00e4t verwenden &#8211; einfach einklicken und loslegen.<\/p>\n<p>Das EGO Power+ Schnellladeger\u00e4t ist das schnellste auf dem Markt, wenn es um das Aufladen geht. Von leer bis voll dauert es nur 40 Minuten mit dem Schnellladeger\u00e4t und 100 Minuten mit dem Standardladeger\u00e4t.<\/p>\n","protected":false},"featured_media":13545,"comment_status":"open","ping_status":"closed","template":"","meta":[],"product_brand":[297],"product_cat":[127,134],"product_tag":[572,318,152],"class_list":{"0":"post-848","1":"product","2":"type-product","3":"status-publish","4":"has-post-thumbnail","6":"product_brand-ego","7":"product_cat-akkus","8":"product_cat-gartenbau","9":"product_tag-572","10":"product_tag-akkus","11":"product_tag-ego","13":"first","14":"outofstock","15":"taxable","16":"shipping-taxable","17":"purchasable","18":"product-type-simple"},"_links":{"self":[{"href":"https:\/\/benimarkt.at\/index.php?rest_route=\/wp\/v2\/product\/848","targetHints":{"allow":["GET"]}}],"collection":[{"href":"https:\/\/benimarkt.at\/index.php?rest_route=\/wp\/v2\/product"}],"about":[{"href":"https:\/\/benimarkt.at\/index.php?rest_route=\/wp\/v2\/types\/product"}],"replies":[{"embeddable":true,"href":"https:\/\/benimarkt.at\/index.php?rest_route=%2Fwp%2Fv2%2Fcomments&post=848"}],"version-history":[{"count":1,"href":"https:\/\/benimarkt.at\/index.php?rest_route=\/wp\/v2\/product\/848\/revisions"}],"predecessor-version":[{"id":11791,"href":"https:\/\/benimarkt.at\/index.php?rest_route=\/wp\/v2\/product\/848\/revisions\/11791"}],"wp:featuredmedia":[{"embeddable":true,"href":"https:\/\/benimarkt.at\/index.php?rest_route=\/wp\/v2\/media\/13545"}],"wp:attachment":[{"href":"https:\/\/benimarkt.at\/index.php?rest_route=%2Fwp%2Fv2%2Fmedia&parent=848"}],"wp:term":[{"taxonomy":"product_brand","embeddable":true,"href":"https:\/\/benimarkt.at\/index.php?rest_route=%2Fwp%2Fv2%2Fproduct_brand&post=848"},{"taxonomy":"product_cat","embeddable":true,"href":"https:\/\/benimarkt.at\/index.php?rest_route=%2Fwp%2Fv2%2Fproduct_cat&post=848"},{"taxonomy":"product_tag","embeddable":true,"href":"https:\/\/benimarkt.at\/index.php?rest_route=%2Fwp%2Fv2%2Fproduct_tag&post=848"}],"curies":[{"name":"wp","href":"https:\/\/api.w.org\/{rel}","templated":true}]}}