{"id":802,"date":"2024-04-24T13:06:16","date_gmt":"2024-04-24T11:06:16","guid":{"rendered":"https:\/\/gartenrestposten.de\/?post_type=product&#038;p=802"},"modified":"2025-12-08T13:39:24","modified_gmt":"2025-12-08T13:39:24","slug":"stiga-tornado-398m-benzin-rasentraktor","status":"publish","type":"product","link":"https:\/\/benimarkt.at\/?product=stiga-tornado-398m-benzin-rasentraktor","title":{"rendered":"STIGA Tornado 398M Benzin Rasentraktor"},"content":{"rendered":"<p>&nbsp;<\/p>\n<table class=\"product__tech_data\">\n<tbody>\n<tr>\n<td>Antriebsart:<\/td>\n<td>Benzin<\/td>\n<\/tr>\n<tr>\n<td>Besonderheiten:<\/td>\n<td>Seitenauswurf<\/td>\n<\/tr>\n<tr>\n<td>Leistung (Details):<\/td>\n<td>6.5 kW<\/td>\n<\/tr>\n<tr>\n<td>Motor-Drehzahl:<\/td>\n<td>2800 U\/min<\/td>\n<\/tr>\n<tr>\n<td>Hubraum:<\/td>\n<td>352 cm\u00b3<\/td>\n<\/tr>\n<tr>\n<td>Geeignet f\u00fcr:<\/td>\n<td>4500 m\u00b2<\/td>\n<\/tr>\n<tr>\n<td>Schnittbreite (max.):<\/td>\n<td>98 cm<\/td>\n<\/tr>\n<tr>\n<td>Schnitth\u00f6he:<\/td>\n<td>25 &#8211; 80 mm<\/td>\n<\/tr>\n<tr>\n<td>Schnitth\u00f6henverstellung:<\/td>\n<td>7 x<\/td>\n<\/tr>\n<tr>\n<td>Gewicht:<\/td>\n<td>160 kg<\/td>\n<\/tr>\n<\/tbody>\n<\/table>\n","protected":false},"excerpt":{"rendered":"<p>STIGA Tornado 398M Benzin Rasentraktor Seitenauswurf 6.5kW<\/p>\n<p>Schnittbreite (max.) 98cm<\/p>\n<p>Geeignet f\u00fcr 4500m\u00b2<\/p>\n<p>Der Tornado 398 M ist ein kompakter und leicht zu bedienender Rasentraktor mit einer Schnittbreite von 98 cm. Er basiert auf einem stabilen Rohrrahmen. Angetrieben wird er von einem 352 cm\u00b3 STIGA ST 350 Motor, mit einer Leistung von 6,5 kW \/ 8,8 PS. Der Tornado 398 M ist mit seiner Schnittbreite von 98 cm ideal f\u00fcr Gr\u00fcnfl\u00e4chen von bis zu 4500 m\u00b2.<\/p>\n<p>Der Tornado 398 M kann wahlweise im Seitenauswurf- oder mit dem als Zubeh\u00f6r erh\u00e4ltlichem Mulchkit im Mulchmodus verwendet werden. Im Seitenauswurfmodus wird das Schnittgut seitlich abgelegt. Im Mulchmodus werden die Grashalme mehrmals im M\u00e4hdeck so fein zerschnitten, dass sie zwischen die Halme auf die Grasnarbe fallen. Dort verrotten sie schnell und wandeln sich in die nat\u00fcrlichsten \u00f6kologischen N\u00e4hrstoffe um, die sich ein Rasen w\u00fcnschen kann. Das Ergebnis ist ein gr\u00fcner und gesunder Rasen! Abgerundet wird die Ausstattung des Tornado 398 M durch die Elektromagnetkupplung f\u00fcr das M\u00e4hdeck, eine siebenstufige Schnitth\u00f6heneinstellung von 25 bis 80 mm, einem ergonomisch einstellbaren Fahrersitz sowie einem Soft Grip Lenkrad. Mit dem als Zubeh\u00f6r erh\u00e4ltlichem Schneer\u00e4umschild kannst Du diesen Rasentraktor auch f\u00fcr den Winterdienst nutzen. Der Mulchkit ist nicht im Lieferumfang, er ist optional bestellbar.<\/p>\n","protected":false},"featured_media":13265,"comment_status":"open","ping_status":"closed","template":"","meta":[],"product_brand":[300],"product_cat":[134,135],"product_tag":[468,210,312],"class_list":{"0":"post-802","1":"product","2":"type-product","3":"status-publish","4":"has-post-thumbnail","6":"product_brand-stiga","7":"product_cat-gartenbau","8":"product_cat-rasenmaehertraktor","9":"product_tag-468","10":"product_tag-rasentraktor","11":"product_tag-stiga","13":"first","14":"outofstock","15":"taxable","16":"shipping-taxable","17":"purchasable","18":"product-type-simple"},"_links":{"self":[{"href":"https:\/\/benimarkt.at\/index.php?rest_route=\/wp\/v2\/product\/802","targetHints":{"allow":["GET"]}}],"collection":[{"href":"https:\/\/benimarkt.at\/index.php?rest_route=\/wp\/v2\/product"}],"about":[{"href":"https:\/\/benimarkt.at\/index.php?rest_route=\/wp\/v2\/types\/product"}],"replies":[{"embeddable":true,"href":"https:\/\/benimarkt.at\/index.php?rest_route=%2Fwp%2Fv2%2Fcomments&post=802"}],"version-history":[{"count":2,"href":"https:\/\/benimarkt.at\/index.php?rest_route=\/wp\/v2\/product\/802\/revisions"}],"predecessor-version":[{"id":11939,"href":"https:\/\/benimarkt.at\/index.php?rest_route=\/wp\/v2\/product\/802\/revisions\/11939"}],"wp:featuredmedia":[{"embeddable":true,"href":"https:\/\/benimarkt.at\/index.php?rest_route=\/wp\/v2\/media\/13265"}],"wp:attachment":[{"href":"https:\/\/benimarkt.at\/index.php?rest_route=%2Fwp%2Fv2%2Fmedia&parent=802"}],"wp:term":[{"taxonomy":"product_brand","embeddable":true,"href":"https:\/\/benimarkt.at\/index.php?rest_route=%2Fwp%2Fv2%2Fproduct_brand&post=802"},{"taxonomy":"product_cat","embeddable":true,"href":"https:\/\/benimarkt.at\/index.php?rest_route=%2Fwp%2Fv2%2Fproduct_cat&post=802"},{"taxonomy":"product_tag","embeddable":true,"href":"https:\/\/benimarkt.at\/index.php?rest_route=%2Fwp%2Fv2%2Fproduct_tag&post=802"}],"curies":[{"name":"wp","href":"https:\/\/api.w.org\/{rel}","templated":true}]}}