{"id":797,"date":"2024-04-24T13:06:15","date_gmt":"2024-04-24T11:06:15","guid":{"rendered":"https:\/\/gartenrestposten.de\/?post_type=product&#038;p=797"},"modified":"2025-12-18T10:12:42","modified_gmt":"2025-12-18T10:12:42","slug":"ego-power-standard-ladegeraet-ch2100e-56v","status":"publish","type":"product","link":"https:\/\/benimarkt.at\/?product=ego-power-standard-ladegeraet-ch2100e-56v","title":{"rendered":"EGO Power Standard-Ladeger\u00e4t CH2100E &#8211; 56V"},"content":{"rendered":"<p>2,0 Ah Akku: 40Minuten Ladezeit von 0 auf volle Ladung<br \/>\n4,0 Ah Akku: 80Minuten Ladezeit von 0 auf volle Ladung<br \/>\n6,0 Ah Akku: 115 Minuten Ladezeit von 0 auf volle Ladung<br \/>\nLuftgek\u00fchltes Ladesystem<br \/>\nSch\u00fctzt vor \u00dcberhitzung<br \/>\nIntegrierte Ladestandsanzeige<br \/>\nZeigt, wie viel Strom in der Batterie verbleibt.<br \/>\nIntegrierte LED-Anzeige<br \/>\nDamit Sie wissen, ob Ihr Akku vollst\u00e4ndig geladen ist.<br \/>\nL\u00e4dt alle EGO Power Akkus<\/p>\n","protected":false},"excerpt":{"rendered":"<p>Das<strong>\u00a0EGO Power Standard-Ladeger\u00e4t CH2100E &#8211; 56V<\/strong>\u00a0ist f\u00fcr alle EGO Power Akkus geeignet und enth\u00e4lt ein luftgek\u00fchltes Ladesystem, welches vor \u00dcberhitzung sch\u00fctzt.<\/p>\n","protected":false},"featured_media":13546,"comment_status":"open","ping_status":"closed","template":"","meta":[],"product_brand":[297],"product_cat":[127,142,218,134],"product_tag":[152,334],"class_list":{"0":"post-797","1":"product","2":"type-product","3":"status-publish","4":"has-post-thumbnail","6":"product_brand-ego","7":"product_cat-akkus","8":"product_cat-akkus-gartenbau","9":"product_cat-akkus-2","10":"product_cat-gartenbau","11":"product_tag-ego","12":"product_tag-schnellladegeraet","14":"first","15":"outofstock","16":"taxable","17":"shipping-taxable","18":"purchasable","19":"product-type-simple"},"_links":{"self":[{"href":"https:\/\/benimarkt.at\/index.php?rest_route=\/wp\/v2\/product\/797","targetHints":{"allow":["GET"]}}],"collection":[{"href":"https:\/\/benimarkt.at\/index.php?rest_route=\/wp\/v2\/product"}],"about":[{"href":"https:\/\/benimarkt.at\/index.php?rest_route=\/wp\/v2\/types\/product"}],"replies":[{"embeddable":true,"href":"https:\/\/benimarkt.at\/index.php?rest_route=%2Fwp%2Fv2%2Fcomments&post=797"}],"version-history":[{"count":2,"href":"https:\/\/benimarkt.at\/index.php?rest_route=\/wp\/v2\/product\/797\/revisions"}],"predecessor-version":[{"id":13678,"href":"https:\/\/benimarkt.at\/index.php?rest_route=\/wp\/v2\/product\/797\/revisions\/13678"}],"wp:featuredmedia":[{"embeddable":true,"href":"https:\/\/benimarkt.at\/index.php?rest_route=\/wp\/v2\/media\/13546"}],"wp:attachment":[{"href":"https:\/\/benimarkt.at\/index.php?rest_route=%2Fwp%2Fv2%2Fmedia&parent=797"}],"wp:term":[{"taxonomy":"product_brand","embeddable":true,"href":"https:\/\/benimarkt.at\/index.php?rest_route=%2Fwp%2Fv2%2Fproduct_brand&post=797"},{"taxonomy":"product_cat","embeddable":true,"href":"https:\/\/benimarkt.at\/index.php?rest_route=%2Fwp%2Fv2%2Fproduct_cat&post=797"},{"taxonomy":"product_tag","embeddable":true,"href":"https:\/\/benimarkt.at\/index.php?rest_route=%2Fwp%2Fv2%2Fproduct_tag&post=797"}],"curies":[{"name":"wp","href":"https:\/\/api.w.org\/{rel}","templated":true}]}}