{"id":792,"date":"2024-04-24T13:06:15","date_gmt":"2024-04-24T11:06:15","guid":{"rendered":"https:\/\/gartenrestposten.de\/?post_type=product&#038;p=792"},"modified":"2025-12-09T12:42:31","modified_gmt":"2025-12-09T12:42:31","slug":"ego-stx3800-38cm-rasentrimmer-freischneider-fuer-profis","status":"publish","type":"product","link":"https:\/\/benimarkt.at\/?product=ego-stx3800-38cm-rasentrimmer-freischneider-fuer-profis","title":{"rendered":"EGO STX3800 38CM RASENTRIMMER \/ FREISCHNEIDER F\u00dcR PROFIS"},"content":{"rendered":"<p>&nbsp;<\/p>\n<table class=\"product-accordion__specification-table\">\n<tbody>\n<tr>\n<th class=\"product-accordion__specification-row-heading\">SPANNUNG<\/th>\n<td class=\"product-accordion__specification-row-value\">56 V<\/td>\n<\/tr>\n<tr>\n<th class=\"product-accordion__specification-row-heading\">BRUSHLESS MOTOR<\/th>\n<td class=\"product-accordion__specification-row-value\">B\u00fcrstenloser Motor<\/td>\n<\/tr>\n<tr>\n<th class=\"product-accordion__specification-row-heading\">LINE FEED OPERATIONS<\/th>\n<td class=\"product-accordion__specification-row-value\">Tipp-Automatik<\/td>\n<\/tr>\n<tr>\n<th class=\"product-accordion__specification-row-heading\">FADENLADUNG<\/th>\n<td class=\"product-accordion__specification-row-value\">\u00d6ffnen &amp; Wind<\/td>\n<\/tr>\n<tr>\n<th class=\"product-accordion__specification-row-heading\">STANDARDFADENDURCHMESSER<\/th>\n<td class=\"product-accordion__specification-row-value\">2.4<\/td>\n<\/tr>\n<tr>\n<th class=\"product-accordion__specification-row-heading\">SCHAFTART<\/th>\n<td class=\"product-accordion__specification-row-value\">Gerade<\/td>\n<\/tr>\n<tr>\n<th class=\"product-accordion__specification-row-heading\">ANTRIEBSWELLENMATERIAL<\/th>\n<td class=\"product-accordion__specification-row-value\">Kohlefasern<\/td>\n<\/tr>\n<tr>\n<th class=\"product-accordion__specification-row-heading\">DREHRICHTUNG<\/th>\n<td class=\"product-accordion__specification-row-value\">Im Gegenuhrzeigersinn<\/td>\n<\/tr>\n<tr>\n<th class=\"product-accordion__specification-row-heading\">SINGLE\/DUAL SIDE STRING<\/th>\n<td class=\"product-accordion__specification-row-value\">Dual<\/td>\n<\/tr>\n<tr>\n<th class=\"product-accordion__specification-row-heading\">AUXILIARY HANDLE ADJUSTING TYPE<\/th>\n<td class=\"product-accordion__specification-row-value\">Schnell-Einstellung<\/td>\n<\/tr>\n<tr>\n<th class=\"product-accordion__specification-row-heading\">IP-KLASSE<\/th>\n<td class=\"product-accordion__specification-row-value\">IPX4<\/td>\n<\/tr>\n<tr>\n<th class=\"product-accordion__specification-row-heading\">GURT<\/th>\n<td class=\"product-accordion__specification-row-value\">Doppelte Schulter<\/td>\n<\/tr>\n<tr>\n<th class=\"product-accordion__specification-row-heading\">LEERLAUFDREHZAHL (U\/MIN)<\/th>\n<td class=\"product-accordion__specification-row-value\">4000-5800<\/td>\n<\/tr>\n<\/tbody>\n<\/table>\n","protected":false},"excerpt":{"rendered":"[embed]https:\/\/www.youtube.com\/watch?v=G7Ra5XirVPI&amp;ab_channel=EGOPOWER%2B[\/embed]\n<p>Der Rasentrimmeraufsatz arbeitet mit einer Schnittbreite von 38 cm und wird mit einem 2,4 mm dicken Faden geliefert. Das Fadenzufuhrsystem kann aber bis zu 3 mm dicke F\u00e4den aufnehmen. Sie k\u00f6nnen also ohne Weiteres einen dickeren Faden verwenden, wenn Sie besonders dichte Stellen freischneiden m\u00fcssen. Das dreiseitige Schneidmesser aus Stahl hat eine Schnittbreite von 30 cm &#8211; damit kommen Sie auch an schwer zug\u00e4ngliche Stellen heran.<\/p>\n<p>Der Rotocutaufsatz RTX2300 (separat erh\u00e4ltlich) passt ebenfalls auf dieses Ger\u00e4t und macht Sie noch flexibler.<\/p>\n<p>Der STX3800 wurde mit einer variablen Geschwindigkeitsregelung entwickelt. D. h., Sie haben die volle Kontrolle \u00fcber Geschwindigkeit und Leistung und k\u00f6nnen somit effizienter arbeiten.<\/p>\n<p>Die Antriebsachse aus Carbonfasern reduziert das Gewicht des Werkzeugs. Zugleich handelt es sich um ein solides und zuverl\u00e4ssiges Material, das seine Form beibeh\u00e4lt.<\/p>\n","protected":false},"featured_media":13553,"comment_status":"open","ping_status":"closed","template":"","meta":[],"product_brand":[297],"product_cat":[134,139],"product_tag":[152,157],"class_list":{"0":"post-792","1":"product","2":"type-product","3":"status-publish","4":"has-post-thumbnail","6":"product_brand-ego","7":"product_cat-gartenbau","8":"product_cat-rasentrimmer","9":"product_tag-ego","10":"product_tag-rasentrimmer","12":"first","13":"outofstock","14":"taxable","15":"shipping-taxable","16":"purchasable","17":"product-type-simple"},"_links":{"self":[{"href":"https:\/\/benimarkt.at\/index.php?rest_route=\/wp\/v2\/product\/792","targetHints":{"allow":["GET"]}}],"collection":[{"href":"https:\/\/benimarkt.at\/index.php?rest_route=\/wp\/v2\/product"}],"about":[{"href":"https:\/\/benimarkt.at\/index.php?rest_route=\/wp\/v2\/types\/product"}],"replies":[{"embeddable":true,"href":"https:\/\/benimarkt.at\/index.php?rest_route=%2Fwp%2Fv2%2Fcomments&post=792"}],"version-history":[{"count":1,"href":"https:\/\/benimarkt.at\/index.php?rest_route=\/wp\/v2\/product\/792\/revisions"}],"predecessor-version":[{"id":11813,"href":"https:\/\/benimarkt.at\/index.php?rest_route=\/wp\/v2\/product\/792\/revisions\/11813"}],"wp:featuredmedia":[{"embeddable":true,"href":"https:\/\/benimarkt.at\/index.php?rest_route=\/wp\/v2\/media\/13553"}],"wp:attachment":[{"href":"https:\/\/benimarkt.at\/index.php?rest_route=%2Fwp%2Fv2%2Fmedia&parent=792"}],"wp:term":[{"taxonomy":"product_brand","embeddable":true,"href":"https:\/\/benimarkt.at\/index.php?rest_route=%2Fwp%2Fv2%2Fproduct_brand&post=792"},{"taxonomy":"product_cat","embeddable":true,"href":"https:\/\/benimarkt.at\/index.php?rest_route=%2Fwp%2Fv2%2Fproduct_cat&post=792"},{"taxonomy":"product_tag","embeddable":true,"href":"https:\/\/benimarkt.at\/index.php?rest_route=%2Fwp%2Fv2%2Fproduct_tag&post=792"}],"curies":[{"name":"wp","href":"https:\/\/api.w.org\/{rel}","templated":true}]}}