{"id":790,"date":"2024-04-24T13:06:15","date_gmt":"2024-04-24T11:06:15","guid":{"rendered":"https:\/\/gartenrestposten.de\/?post_type=product&#038;p=790"},"modified":"2025-12-08T11:56:13","modified_gmt":"2025-12-08T11:56:13","slug":"stiga-tornado-9121-w-benzin-rasentraktor","status":"publish","type":"product","link":"https:\/\/benimarkt.at\/?product=stiga-tornado-9121-w-benzin-rasentraktor","title":{"rendered":"Stiga Tornado 9121 W Benzin-Rasentraktor"},"content":{"rendered":"<h5>Technische Daten<\/h5>\n<ul>\n<li>Motormodell: GXV 630<\/li>\n<li>Hubraum: 688 cm\u00b3<\/li>\n<li>Anzahl Zylinder: 2<\/li>\n<li>Motor Nennleistung: 13,4 kW<\/li>\n<li>Motordrehzahl: 2700 U\/min<\/li>\n<li>K\u00fchlsystem: Luftgek\u00fchlt<\/li>\n<li>Kraftstoff: Benzin<\/li>\n<li>Tankinhalt: 15 L<\/li>\n<li>Auswurf: Seitenauswurf<\/li>\n<li>Schnittbreite: 121 cm<\/li>\n<\/ul>\n<h5>Zubeh\u00f6r<\/h5>\n<ul>\n<li>1 x Stiga TORNADO 9121 W<\/li>\n<\/ul>\n","protected":false},"excerpt":{"rendered":"<p>Der hochmoderne Stiga TORNADO 9121 W ist ein beeindruckendes Modell f\u00fcr die Rasenpflege. Er wurde entwickelt, um die Bearbeitung gro\u00dfer Rasenfl\u00e4chen schnell und problemlos zu erm\u00f6glichen!<\/p>\n<p>Unter den zahlreichen Premium-Ausr\u00fcstungen ist vor allem der Honda GXV 630-Motor hervorzuheben; ein leistungsstarkes 688 cm\u00b3 Kraftpaket, das dank seiner V-Twin-Konstruktion mit obenliegenden Ventilen einen ruhigen, vibrationsarmen Betrieb, eine erh\u00f6hte Drehmomentausgabe und eine \u00fcberlegene Kraftstoffeffizienz bietet. Ein zweistufiger Luftfilter in Kombination mit einer Volldruckschmierung minimiert den Verschlei\u00df der Komponenten und maximiert die Lebensdauer des Motors.<\/p>\n","protected":false},"featured_media":13166,"comment_status":"open","ping_status":"closed","template":"","meta":[],"product_brand":[300],"product_cat":[134,135],"product_tag":[458,210,312],"class_list":{"0":"post-790","1":"product","2":"type-product","3":"status-publish","4":"has-post-thumbnail","6":"product_brand-stiga","7":"product_cat-gartenbau","8":"product_cat-rasenmaehertraktor","9":"product_tag-458","10":"product_tag-rasentraktor","11":"product_tag-stiga","13":"first","14":"instock","15":"taxable","16":"shipping-taxable","17":"purchasable","18":"product-type-simple"},"_links":{"self":[{"href":"https:\/\/benimarkt.at\/index.php?rest_route=\/wp\/v2\/product\/790","targetHints":{"allow":["GET"]}}],"collection":[{"href":"https:\/\/benimarkt.at\/index.php?rest_route=\/wp\/v2\/product"}],"about":[{"href":"https:\/\/benimarkt.at\/index.php?rest_route=\/wp\/v2\/types\/product"}],"replies":[{"embeddable":true,"href":"https:\/\/benimarkt.at\/index.php?rest_route=%2Fwp%2Fv2%2Fcomments&post=790"}],"version-history":[{"count":2,"href":"https:\/\/benimarkt.at\/index.php?rest_route=\/wp\/v2\/product\/790\/revisions"}],"predecessor-version":[{"id":11811,"href":"https:\/\/benimarkt.at\/index.php?rest_route=\/wp\/v2\/product\/790\/revisions\/11811"}],"wp:featuredmedia":[{"embeddable":true,"href":"https:\/\/benimarkt.at\/index.php?rest_route=\/wp\/v2\/media\/13166"}],"wp:attachment":[{"href":"https:\/\/benimarkt.at\/index.php?rest_route=%2Fwp%2Fv2%2Fmedia&parent=790"}],"wp:term":[{"taxonomy":"product_brand","embeddable":true,"href":"https:\/\/benimarkt.at\/index.php?rest_route=%2Fwp%2Fv2%2Fproduct_brand&post=790"},{"taxonomy":"product_cat","embeddable":true,"href":"https:\/\/benimarkt.at\/index.php?rest_route=%2Fwp%2Fv2%2Fproduct_cat&post=790"},{"taxonomy":"product_tag","embeddable":true,"href":"https:\/\/benimarkt.at\/index.php?rest_route=%2Fwp%2Fv2%2Fproduct_tag&post=790"}],"curies":[{"name":"wp","href":"https:\/\/api.w.org\/{rel}","templated":true}]}}