{"id":789,"date":"2024-04-24T13:06:14","date_gmt":"2024-04-24T11:06:14","guid":{"rendered":"https:\/\/gartenrestposten.de\/?post_type=product&#038;p=789"},"modified":"2025-12-08T13:18:15","modified_gmt":"2025-12-08T13:18:15","slug":"stiga-park-700-w-rasentraktor-ohne-maehdeck","status":"publish","type":"product","link":"https:\/\/benimarkt.at\/?product=stiga-park-700-w-rasentraktor-ohne-maehdeck","title":{"rendered":"Stiga PARK 700 W Rasentraktor"},"content":{"rendered":"<h5>Technische Daten<\/h5>\n<ul>\n<li>Nennleistung: 13,1 kW<\/li>\n<li>\u00d6lmenge (Liter): 1,7 l<\/li>\n<li>Schnittbreite: 95-125 cm<\/li>\n<li>Rasenfl\u00e4che: bis 8000 m\u00b2<\/li>\n<li>Tankinhalt: 12 l<\/li>\n<li>Hubraum: 586 cm\u00b3<\/li>\n<li>Schalldruckpegel LpA: 85 dB(A)<\/li>\n<li>Schallleistungspegel LwA: 100 dB(A)<\/li>\n<li>Vibrationswert ahw Sitz: 0,6 m\/s\u00b2<\/li>\n<li>Vibrationswert ahw Lenkrad: 3,4 m\/s\u00b2<\/li>\n<li>Antrieb: Hinterradantrieb<\/li>\n<li>Motortyp: ST 600 Twin<\/li>\n<li>Getriebe: hydrostatisch<\/li>\n<li>Antriebsgeschwindigkeit: 10 km\/h<\/li>\n<li>Schnitth\u00f6henverstellung: elektrisch<\/li>\n<\/ul>\n<h5>Zubeh\u00f6r<\/h5>\n<ul>\n<li>1 x Benzin Frontm\u00e4her STIGA Park 700 W<\/li>\n<\/ul>\n","protected":false},"excerpt":{"rendered":"<p>Der STIGA Park 700 W kann per Bluetooth mit dem Smartphone verbunden werden, um Meldungen\u00a0\u00fcber Aktualisierungen und Alarmen zu erhalten. Auch bei schlechten Lichtverh\u00e4ltnissen trumpft der Benzin Frontm\u00e4her STIGA Park 700 W mit seinen hellen LED-Scheinwerfern richtig auf. Im Lieferumfang ist eine Anh\u00e4ngerkupplung enthalten, an die Du n\u00fctzliches Zubeh\u00f6r wie beispielsweise Rasenwalze, Anh\u00e4nger oder Laubkehrmaschinen anbringen kannst. Auch im Winter ist der STIGA Park 700 W ein n\u00fctzlicher Helfer auf Deinem\u00a0Grundst\u00fcck, denn\u00a0Du kannst\u00a0eine Anbau-Schneefr\u00e4se, ein Scheeschild oder eine Kehrmaschine an der Front anbringen.<\/p>\n","protected":false},"featured_media":13242,"comment_status":"open","ping_status":"closed","template":"","meta":[],"product_brand":[300],"product_cat":[134,135],"product_tag":[461,210,312],"class_list":{"0":"post-789","1":"product","2":"type-product","3":"status-publish","4":"has-post-thumbnail","6":"product_brand-stiga","7":"product_cat-gartenbau","8":"product_cat-rasenmaehertraktor","9":"product_tag-461","10":"product_tag-rasentraktor","11":"product_tag-stiga","13":"first","14":"instock","15":"taxable","16":"shipping-taxable","17":"purchasable","18":"product-type-simple"},"_links":{"self":[{"href":"https:\/\/benimarkt.at\/index.php?rest_route=\/wp\/v2\/product\/789","targetHints":{"allow":["GET"]}}],"collection":[{"href":"https:\/\/benimarkt.at\/index.php?rest_route=\/wp\/v2\/product"}],"about":[{"href":"https:\/\/benimarkt.at\/index.php?rest_route=\/wp\/v2\/types\/product"}],"replies":[{"embeddable":true,"href":"https:\/\/benimarkt.at\/index.php?rest_route=%2Fwp%2Fv2%2Fcomments&post=789"}],"version-history":[{"count":1,"href":"https:\/\/benimarkt.at\/index.php?rest_route=\/wp\/v2\/product\/789\/revisions"}],"predecessor-version":[{"id":11835,"href":"https:\/\/benimarkt.at\/index.php?rest_route=\/wp\/v2\/product\/789\/revisions\/11835"}],"wp:featuredmedia":[{"embeddable":true,"href":"https:\/\/benimarkt.at\/index.php?rest_route=\/wp\/v2\/media\/13242"}],"wp:attachment":[{"href":"https:\/\/benimarkt.at\/index.php?rest_route=%2Fwp%2Fv2%2Fmedia&parent=789"}],"wp:term":[{"taxonomy":"product_brand","embeddable":true,"href":"https:\/\/benimarkt.at\/index.php?rest_route=%2Fwp%2Fv2%2Fproduct_brand&post=789"},{"taxonomy":"product_cat","embeddable":true,"href":"https:\/\/benimarkt.at\/index.php?rest_route=%2Fwp%2Fv2%2Fproduct_cat&post=789"},{"taxonomy":"product_tag","embeddable":true,"href":"https:\/\/benimarkt.at\/index.php?rest_route=%2Fwp%2Fv2%2Fproduct_tag&post=789"}],"curies":[{"name":"wp","href":"https:\/\/api.w.org\/{rel}","templated":true}]}}