{"id":788,"date":"2024-04-24T13:06:14","date_gmt":"2024-04-24T11:06:14","guid":{"rendered":"https:\/\/gartenrestposten.de\/?post_type=product&#038;p=788"},"modified":"2025-12-08T13:19:42","modified_gmt":"2025-12-08T13:19:42","slug":"stiga-park-700-wx-4wd-benzin-frontmaeher","status":"publish","type":"product","link":"https:\/\/benimarkt.at\/?product=stiga-park-700-wx-4wd-benzin-frontmaeher","title":{"rendered":"STIGA Park 700 WX 4WD Benzin-Frontm\u00e4her"},"content":{"rendered":"<ul>\n<li>Extrem leistungsstarker 586-cm\u00b3-Zweizylindermotor ST 600 von STIGA<\/li>\n<li>Sitz mit hoher R\u00fcckenlehne und ergonomisches Armaturenbrett mit gro\u00dfem Ablagefach<\/li>\n<li>Tuff Torq-Transaxle-Allradgetriebe f\u00fcr besseres Fahren an H\u00e4nge<\/li>\n<li>Frontmontiertes M\u00e4hwerk mit Schnittbreiten zwischen 95 cm und 125 cm<\/li>\n<li>Bluetooth-Modul und App-Meldungen, beispielsweise zur Instandhaltung<\/li>\n<li>M\u00e4hdeck nicht enthalten<\/li>\n<\/ul>\n","protected":false},"excerpt":{"rendered":"<p>Mit dem Frontm\u00e4her Park 700 WX ist das M\u00e4hen immer leicht gemacht \u2013 selbst auf holprigen Untergr\u00fcnden. All das dank des leistungsstarken 586-cm\u00b3-Zweizylindermotor ST 600 von STIGA, dem Tuff Torq-Transaxle-Allradgetriebe und der leichtg\u00e4ngigen 50:50-Knickservolenkung. Das frontmontierte Schwebem\u00e4hwerk verf\u00fcgt zudem \u00fcber eine gro\u00dfz\u00fcgige Auswahl an Schnittbreiten zwischen 95 cm und 125 cm. Das Ergebnis: schnelleres M\u00e4hen, freie Sicht nach vorn, m\u00fcheloses Erreichen von Ecken und Winkeln und pr\u00e4zises M\u00e4hen an Rasenkanten.<\/p>\n","protected":false},"featured_media":13250,"comment_status":"open","ping_status":"closed","template":"","meta":[],"product_brand":[300],"product_cat":[134,135],"product_tag":[460,210,312],"class_list":{"0":"post-788","1":"product","2":"type-product","3":"status-publish","4":"has-post-thumbnail","6":"product_brand-stiga","7":"product_cat-gartenbau","8":"product_cat-rasenmaehertraktor","9":"product_tag-460","10":"product_tag-rasentraktor","11":"product_tag-stiga","13":"first","14":"instock","15":"taxable","16":"shipping-taxable","17":"purchasable","18":"product-type-simple"},"_links":{"self":[{"href":"https:\/\/benimarkt.at\/index.php?rest_route=\/wp\/v2\/product\/788","targetHints":{"allow":["GET"]}}],"collection":[{"href":"https:\/\/benimarkt.at\/index.php?rest_route=\/wp\/v2\/product"}],"about":[{"href":"https:\/\/benimarkt.at\/index.php?rest_route=\/wp\/v2\/types\/product"}],"replies":[{"embeddable":true,"href":"https:\/\/benimarkt.at\/index.php?rest_route=%2Fwp%2Fv2%2Fcomments&post=788"}],"version-history":[{"count":1,"href":"https:\/\/benimarkt.at\/index.php?rest_route=\/wp\/v2\/product\/788\/revisions"}],"predecessor-version":[{"id":11833,"href":"https:\/\/benimarkt.at\/index.php?rest_route=\/wp\/v2\/product\/788\/revisions\/11833"}],"wp:featuredmedia":[{"embeddable":true,"href":"https:\/\/benimarkt.at\/index.php?rest_route=\/wp\/v2\/media\/13250"}],"wp:attachment":[{"href":"https:\/\/benimarkt.at\/index.php?rest_route=%2Fwp%2Fv2%2Fmedia&parent=788"}],"wp:term":[{"taxonomy":"product_brand","embeddable":true,"href":"https:\/\/benimarkt.at\/index.php?rest_route=%2Fwp%2Fv2%2Fproduct_brand&post=788"},{"taxonomy":"product_cat","embeddable":true,"href":"https:\/\/benimarkt.at\/index.php?rest_route=%2Fwp%2Fv2%2Fproduct_cat&post=788"},{"taxonomy":"product_tag","embeddable":true,"href":"https:\/\/benimarkt.at\/index.php?rest_route=%2Fwp%2Fv2%2Fproduct_tag&post=788"}],"curies":[{"name":"wp","href":"https:\/\/api.w.org\/{rel}","templated":true}]}}