{"id":787,"date":"2024-04-24T13:06:14","date_gmt":"2024-04-24T11:06:14","guid":{"rendered":"https:\/\/gartenrestposten.de\/?post_type=product&#038;p=787"},"modified":"2025-12-16T13:43:51","modified_gmt":"2025-12-16T13:43:51","slug":"ego-lm1900e-sp-akku-rasenmaeher-ohne-akku-ladegeraet","status":"publish","type":"product","link":"https:\/\/benimarkt.at\/?product=ego-lm1900e-sp-akku-rasenmaeher-ohne-akku-ladegeraet","title":{"rendered":"EGO LM1900E-SP Akku-Rasenm\u00e4her | ohne Akku, Ladeger\u00e4t"},"content":{"rendered":"<h5>Technische Daten<\/h5>\n<table>\n<tbody>\n<tr>\n<td><strong>Spannung<\/strong><\/td>\n<td>56 V<\/td>\n<\/tr>\n<tr>\n<td><strong>Brushless Motor<\/strong><\/td>\n<td>B\u00fcrstenloser Motor<\/td>\n<\/tr>\n<tr>\n<td><strong>Geh\u00e4usetyp<\/strong><\/td>\n<td>Metalldeck<\/td>\n<\/tr>\n<tr>\n<td><strong>Schnitth\u00f6he Anzahl<\/strong><\/td>\n<td>7<\/td>\n<\/tr>\n<tr>\n<td><strong>Start-Typ<\/strong><\/td>\n<td>Start-druckknopf<\/td>\n<\/tr>\n<tr>\n<td><strong>Anzahl der Lenkerpositionen<\/strong><\/td>\n<td>3<\/td>\n<\/tr>\n<tr>\n<td><strong>Auffangmaterial\/Fangkorbmaterial<\/strong><\/td>\n<td>Masche<\/td>\n<\/tr>\n<tr>\n<td><strong>IP-KLASSE<\/strong><\/td>\n<td>IPX4<\/td>\n<\/tr>\n<tr>\n<td><strong>Leerlaufdrehzahl (U\/min)<\/strong><\/td>\n<td>2850<\/td>\n<\/tr>\n<tr>\n<td><strong>Geh\u00e4usegr\u00f6\u00dfe (mm)<\/strong><\/td>\n<td>510<\/td>\n<\/tr>\n<tr>\n<td><strong>Schnitth\u00f6henverstellungen (mm)<\/strong><\/td>\n<td>20~80<\/td>\n<\/tr>\n<\/tbody>\n<\/table>\n","protected":false},"excerpt":{"rendered":"<h5>Eigenschaften<\/h5>\n<p>Der EGO Power+ Rasenm\u00e4her ist wesentlich leiser und in der Wartung sparsamer als ein benzinbetriebener M\u00e4her. Der LM1900E-SP hat Radantrieb, eine Schnittbreite von 47 cm und einen 55 Liter Grasfangsack. Dadurch ist der Rasen im Nu gem\u00e4ht. Dank Radantrieb mit variabler Geschwindigkeit m\u00e4hen Sie genau in Ihrem Tempo.<\/p>\n<p>Dank 2-in-1 Funktion k\u00f6nnen Sie sammeln oder mulchen. Der LED Scheinwerfer sorgt selbst in der D\u00e4mmerung f\u00fcr gen\u00fcgend Licht. Nach getaner Arbeit l\u00e4sst sich der M\u00e4her dank kompaktem, faltbarem Design einfach reinigen und bequem verstauen.<\/p>\n","protected":false},"featured_media":13557,"comment_status":"open","ping_status":"closed","template":"","meta":[],"product_brand":[297],"product_cat":[134,132],"product_tag":[506,152,155],"class_list":{"0":"post-787","1":"product","2":"type-product","3":"status-publish","4":"has-post-thumbnail","6":"product_brand-ego","7":"product_cat-gartenbau","8":"product_cat-rasenmaeher","9":"product_tag-506","10":"product_tag-ego","11":"product_tag-rasenmaeher","13":"first","14":"instock","15":"taxable","16":"shipping-taxable","17":"purchasable","18":"product-type-simple"},"_links":{"self":[{"href":"https:\/\/benimarkt.at\/index.php?rest_route=\/wp\/v2\/product\/787","targetHints":{"allow":["GET"]}}],"collection":[{"href":"https:\/\/benimarkt.at\/index.php?rest_route=\/wp\/v2\/product"}],"about":[{"href":"https:\/\/benimarkt.at\/index.php?rest_route=\/wp\/v2\/types\/product"}],"replies":[{"embeddable":true,"href":"https:\/\/benimarkt.at\/index.php?rest_route=%2Fwp%2Fv2%2Fcomments&post=787"}],"version-history":[{"count":2,"href":"https:\/\/benimarkt.at\/index.php?rest_route=\/wp\/v2\/product\/787\/revisions"}],"predecessor-version":[{"id":13564,"href":"https:\/\/benimarkt.at\/index.php?rest_route=\/wp\/v2\/product\/787\/revisions\/13564"}],"wp:featuredmedia":[{"embeddable":true,"href":"https:\/\/benimarkt.at\/index.php?rest_route=\/wp\/v2\/media\/13557"}],"wp:attachment":[{"href":"https:\/\/benimarkt.at\/index.php?rest_route=%2Fwp%2Fv2%2Fmedia&parent=787"}],"wp:term":[{"taxonomy":"product_brand","embeddable":true,"href":"https:\/\/benimarkt.at\/index.php?rest_route=%2Fwp%2Fv2%2Fproduct_brand&post=787"},{"taxonomy":"product_cat","embeddable":true,"href":"https:\/\/benimarkt.at\/index.php?rest_route=%2Fwp%2Fv2%2Fproduct_cat&post=787"},{"taxonomy":"product_tag","embeddable":true,"href":"https:\/\/benimarkt.at\/index.php?rest_route=%2Fwp%2Fv2%2Fproduct_tag&post=787"}],"curies":[{"name":"wp","href":"https:\/\/api.w.org\/{rel}","templated":true}]}}