{"id":786,"date":"2024-04-24T13:06:14","date_gmt":"2024-04-24T11:06:14","guid":{"rendered":"https:\/\/gartenrestposten.de\/?post_type=product&#038;p=786"},"modified":"2025-12-16T13:41:56","modified_gmt":"2025-12-16T13:41:56","slug":"ego-lm2130e-sp-52cm-rasenmaeher-ohne-akku-ladegeraet","status":"publish","type":"product","link":"https:\/\/benimarkt.at\/?product=ego-lm2130e-sp-52cm-rasenmaeher-ohne-akku-ladegeraet","title":{"rendered":"EGO LM2130E-SP &#8211; 52CM &#8211; RASENM\u00c4HER | ohne Akku, Ladeger\u00e4t"},"content":{"rendered":"<h5>Technische Daten<\/h5>\n<table>\n<tbody>\n<tr>\n<td><strong>Spannung<\/strong><\/td>\n<td>56 V<\/td>\n<\/tr>\n<tr>\n<td><strong>Brushless Motor<\/strong><\/td>\n<td>B\u00fcrstenloser Motor<\/td>\n<\/tr>\n<tr>\n<td><strong>Geh\u00e4usetyp<\/strong><\/td>\n<td>Metalldeck<\/td>\n<\/tr>\n<tr>\n<td><strong>Schnittbreite<\/strong><\/td>\n<td>52 cm<\/td>\n<\/tr>\n<tr>\n<td><strong>Schnitth\u00f6he Anzahl<\/strong><\/td>\n<td>7<\/td>\n<\/tr>\n<tr>\n<td><strong>Start-Typ<\/strong><\/td>\n<td>Start-druckknopf<\/td>\n<\/tr>\n<tr>\n<td><strong>Anzahl der Lenkerpositionen<\/strong><\/td>\n<td>3<\/td>\n<\/tr>\n<tr>\n<td><strong>Auffangmaterial\/Fangkorbmaterial<\/strong><\/td>\n<td>Masche<\/td>\n<\/tr>\n<tr>\n<td><strong>IP-KLASSE<\/strong><\/td>\n<td>IPX4<\/td>\n<\/tr>\n<tr>\n<td><strong>Leerlaufdrehzahl (U\/min)<\/strong><\/td>\n<td>2700<\/td>\n<\/tr>\n<tr>\n<td><strong>Geh\u00e4usegr\u00f6\u00dfe (mm)<\/strong><\/td>\n<td>530<\/td>\n<\/tr>\n<tr>\n<td><strong>Schnitth\u00f6henverstellungen (mm)<\/strong><\/td>\n<td>25~90<\/td>\n<\/tr>\n<tr>\n<td><strong>Vorderrad Durchm. (mm)<\/strong><\/td>\n<td>180 ml<\/td>\n<\/tr>\n<tr>\n<td><strong>Vorderrad Breite (mm)<\/strong><\/td>\n<td>43<\/td>\n<\/tr>\n<tr>\n<td><strong>Hinterrad Durchm. (mm)<\/strong><\/td>\n<td>228<\/td>\n<\/tr>\n<tr>\n<td><strong>Breite des Hinterrads (mm)<\/strong><\/td>\n<td>50<\/td>\n<\/tr>\n<tr>\n<td><strong>Werkzeugl\u00e4nge (aufgeklappt) (mm)<\/strong><\/td>\n<td>1695<\/td>\n<\/tr>\n<tr>\n<td><strong>Werkzeugh\u00f6he (aufgeklappt) (mm)<\/strong><\/td>\n<td>951<\/td>\n<\/tr>\n<tr>\n<td><strong>Werkzeugl\u00e4nge (zugeklappt) (mm)<\/strong><\/td>\n<td>945<\/td>\n<\/tr>\n<tr>\n<td><strong>Werkzeugh\u00f6he (zugeklappt) (mm)<\/strong><\/td>\n<td>396<\/td>\n<\/tr>\n<tr>\n<td><strong>Akku-Anschluss<\/strong><\/td>\n<td>Einzelner Anschluss<\/td>\n<\/tr>\n<\/tbody>\n<\/table>\n","protected":false},"excerpt":{"rendered":"<h5>Eigenschaften (ohne Akku, Ladeger\u00e4t)<\/h5>\n<p>In unserer Professional-Serie f\u00fchren wir den LM2135E-SP mit einer 52 cm gro\u00dfen Schnittbreite. Dadurch eignet dieser Rasenm\u00e4her sich perfekt f\u00fcr gro\u00dfe G\u00e4rten und Gr\u00fcnanlagen. Der selbstfahrende Rasenm\u00e4her hat au\u00dferdem den Vorzug, das sich die unterschiedlichen Schnittgeschwindigkeiten automatisch einstellen. So wird das Rasenm\u00e4hen zum Kinderspiel.<\/p>\n<p>Benzin hat ausgedient. Freuen Sie sich auf eine sauberere, leisere and sicherere Zukunft. Zum Kit dieses kabellosen Rasenm\u00e4hers geh\u00f6rt unser 7,5-AH-Akku, der mit einer einzigen Ladung bis zu 1000 m\u00b2 Rasen m\u00e4ht. Zweifel wegen der Laufzeit geh\u00f6ren definitiv der Vergangenheit an. Das ebenfalls mitgelieferte Schnellladeger\u00e4t l\u00e4dt den Akku in 60 Minuten wieder auf: die schnellste Leistung auf dem Markt \u00fcberhaupt.<\/p>\n<p>Mit nur 26 kg ohne Akku (der 7,5-AH-Akku wiegt 2,9 kg) und einem M\u00e4hdeck aus Polypropylen verf\u00fcgen Sie mit diesem Modell \u00fcber ein echtes Leichtgewicht. Das bedeutet weniger Belastung und ein geringeres Schadensrisiko sowohl f\u00fcr den Rasen als auch f\u00fcr Sie. Die sechs verschiedenen Schnitth\u00f6hen gestatten Ihnen verschiedene Dichten. Dar\u00fcber hinaus k\u00f6nnen Sie beliebig mulchen, auffangen (70 l Fangkorb) oder hinten auswerfen.<\/p>\n","protected":false},"featured_media":13565,"comment_status":"open","ping_status":"closed","template":"","meta":[],"product_brand":[297],"product_cat":[134,132],"product_tag":[505,152,155],"class_list":{"0":"post-786","1":"product","2":"type-product","3":"status-publish","4":"has-post-thumbnail","6":"product_brand-ego","7":"product_cat-gartenbau","8":"product_cat-rasenmaeher","9":"product_tag-505","10":"product_tag-ego","11":"product_tag-rasenmaeher","13":"first","14":"instock","15":"taxable","16":"shipping-taxable","17":"purchasable","18":"product-type-simple"},"_links":{"self":[{"href":"https:\/\/benimarkt.at\/index.php?rest_route=\/wp\/v2\/product\/786","targetHints":{"allow":["GET"]}}],"collection":[{"href":"https:\/\/benimarkt.at\/index.php?rest_route=\/wp\/v2\/product"}],"about":[{"href":"https:\/\/benimarkt.at\/index.php?rest_route=\/wp\/v2\/types\/product"}],"replies":[{"embeddable":true,"href":"https:\/\/benimarkt.at\/index.php?rest_route=%2Fwp%2Fv2%2Fcomments&post=786"}],"version-history":[{"count":1,"href":"https:\/\/benimarkt.at\/index.php?rest_route=\/wp\/v2\/product\/786\/revisions"}],"predecessor-version":[{"id":11821,"href":"https:\/\/benimarkt.at\/index.php?rest_route=\/wp\/v2\/product\/786\/revisions\/11821"}],"wp:featuredmedia":[{"embeddable":true,"href":"https:\/\/benimarkt.at\/index.php?rest_route=\/wp\/v2\/media\/13565"}],"wp:attachment":[{"href":"https:\/\/benimarkt.at\/index.php?rest_route=%2Fwp%2Fv2%2Fmedia&parent=786"}],"wp:term":[{"taxonomy":"product_brand","embeddable":true,"href":"https:\/\/benimarkt.at\/index.php?rest_route=%2Fwp%2Fv2%2Fproduct_brand&post=786"},{"taxonomy":"product_cat","embeddable":true,"href":"https:\/\/benimarkt.at\/index.php?rest_route=%2Fwp%2Fv2%2Fproduct_cat&post=786"},{"taxonomy":"product_tag","embeddable":true,"href":"https:\/\/benimarkt.at\/index.php?rest_route=%2Fwp%2Fv2%2Fproduct_tag&post=786"}],"curies":[{"name":"wp","href":"https:\/\/api.w.org\/{rel}","templated":true}]}}