{"id":785,"date":"2024-04-24T13:06:14","date_gmt":"2024-04-24T11:06:14","guid":{"rendered":"https:\/\/gartenrestposten.de\/?post_type=product&#038;p=785"},"modified":"2025-12-16T13:40:27","modified_gmt":"2025-12-16T13:40:27","slug":"ego-zt4201e-s-107-cm-nullgrad-wendekreismaeher","status":"publish","type":"product","link":"https:\/\/benimarkt.at\/?product=ego-zt4201e-s-107-cm-nullgrad-wendekreismaeher","title":{"rendered":"EGO ZT4201E-S &#8211; 107 CM &#8211; NULLGRAD-WENDEKREISM\u00c4HER"},"content":{"rendered":"<h5>Technische Daten<\/h5>\n<table class=\"product-accordion__specification-table\">\n<tbody>\n<tr>\n<th class=\"product-accordion__specification-row-heading\">SPANNUNG<\/th>\n<td class=\"product-accordion__specification-row-value\">56 V<\/td>\n<\/tr>\n<tr>\n<th class=\"product-accordion__specification-row-heading\">AKKU-ANSCHLUSS<\/th>\n<td class=\"product-accordion__specification-row-value\">Multi Port<\/td>\n<\/tr>\n<tr>\n<th class=\"product-accordion__specification-row-heading\">BRUSHLESS MOTOR<\/th>\n<td class=\"product-accordion__specification-row-value\">B\u00fcrstenloser Motor<\/td>\n<\/tr>\n<tr>\n<th class=\"product-accordion__specification-row-heading\">STEUERUNG<\/th>\n<td class=\"product-accordion__specification-row-value\">Steering Wheel ZTR<\/td>\n<\/tr>\n<tr>\n<th class=\"product-accordion__specification-row-heading\">SCHNITTH\u00d6HE ANZAHL<\/th>\n<td class=\"product-accordion__specification-row-value\">10<\/td>\n<\/tr>\n<tr>\n<th class=\"product-accordion__specification-row-heading\">SITZAUFH\u00c4NGUNG<\/th>\n<td class=\"product-accordion__specification-row-value\">Ja<\/td>\n<\/tr>\n<tr>\n<th class=\"product-accordion__specification-row-heading\">LCD-ANZEIGE<\/th>\n<td class=\"product-accordion__specification-row-value\">5 in<\/td>\n<\/tr>\n<tr>\n<th class=\"product-accordion__specification-row-heading\">AUSWAHL DES FAHRMODUS<\/th>\n<td class=\"product-accordion__specification-row-value\">Ja<\/td>\n<\/tr>\n<tr>\n<th class=\"product-accordion__specification-row-heading\">AUSWAHL DER ANTRIEBSGESCHWINDIGKEIT<\/th>\n<td class=\"product-accordion__specification-row-value\">Ja<\/td>\n<\/tr>\n<tr>\n<th class=\"product-accordion__specification-row-heading\">IP-KLASSE<\/th>\n<td class=\"product-accordion__specification-row-value\">IPX4<\/td>\n<\/tr>\n<tr>\n<th class=\"product-accordion__specification-row-heading\">VORW\u00c4RTSGESCHWINDIGKEIT (KM\/H)<\/th>\n<td class=\"product-accordion__specification-row-value\">11.2<\/td>\n<\/tr>\n<tr>\n<th class=\"product-accordion__specification-row-heading\">R\u00dcCKW\u00c4RTSGESCHWINDIGKEIT (KM\/H)<\/th>\n<td class=\"product-accordion__specification-row-value\">5.6<\/td>\n<\/tr>\n<tr>\n<th class=\"product-accordion__specification-row-heading\">RAHMEN (CM)<\/th>\n<td class=\"product-accordion__specification-row-value\">15<\/td>\n<\/tr>\n<tr>\n<th class=\"product-accordion__specification-row-heading\">SITZ (CM)<\/th>\n<td class=\"product-accordion__specification-row-value\">45<\/td>\n<\/tr>\n<\/tbody>\n<\/table>\n<h5>Zubeh\u00f6r<\/h5>\n<ul>\n<li>1 x EGO ZT4201E-S<\/li>\n<li>1 x Ladeger\u00e4t CHV1600<\/li>\n<\/ul>\n","protected":false},"excerpt":{"rendered":"<p>Die neue e-Steer\u2122 Technologie sorgt f\u00fcr ein fantastisches Lenkgef\u00fchl und hohe Fahrsicherheit. Unser neuestes Z6 Modell besitzt ein Pr\u00e4zisionslenkrad mit der neuesten digitalen Lenkungstechnologie und f\u00e4hrt wie ein Auto, lenkt aber gleichzeitig wie ein echter Nullgrad-Wendekreism\u00e4her. Nat\u00fcrlich bietet er wie alle EGO Zero-Turn-Modelle unser plattform\u00fcbergreifendes Wechsel-Akkusystem &#8211; das weltweit erste in einem Aufsitzm\u00e4her. Die EGO Aufsitzm\u00e4her bieten die gleiche Leistung wie ein 22-PS-Benzinm\u00e4her, arbeiten aber abgasfrei und schaffen mit einer einzigen Ladung von sechs 12-Ah-Akkus bis zu 2,5Hektar Fl\u00e4che.<\/p>\n","protected":false},"featured_media":13581,"comment_status":"open","ping_status":"closed","template":"","meta":[],"product_brand":[297],"product_cat":[134,135,124],"product_tag":[504,156],"class_list":{"0":"post-785","1":"product","2":"type-product","3":"status-publish","4":"has-post-thumbnail","6":"product_brand-ego","7":"product_cat-gartenbau","8":"product_cat-rasenmaehertraktor","9":"product_cat-rasentraktor","10":"product_tag-504","11":"product_tag-ego-rasentraktor","13":"first","14":"instock","15":"taxable","16":"shipping-taxable","17":"purchasable","18":"product-type-simple"},"_links":{"self":[{"href":"https:\/\/benimarkt.at\/index.php?rest_route=\/wp\/v2\/product\/785","targetHints":{"allow":["GET"]}}],"collection":[{"href":"https:\/\/benimarkt.at\/index.php?rest_route=\/wp\/v2\/product"}],"about":[{"href":"https:\/\/benimarkt.at\/index.php?rest_route=\/wp\/v2\/types\/product"}],"replies":[{"embeddable":true,"href":"https:\/\/benimarkt.at\/index.php?rest_route=%2Fwp%2Fv2%2Fcomments&post=785"}],"version-history":[{"count":2,"href":"https:\/\/benimarkt.at\/index.php?rest_route=\/wp\/v2\/product\/785\/revisions"}],"predecessor-version":[{"id":13022,"href":"https:\/\/benimarkt.at\/index.php?rest_route=\/wp\/v2\/product\/785\/revisions\/13022"}],"wp:featuredmedia":[{"embeddable":true,"href":"https:\/\/benimarkt.at\/index.php?rest_route=\/wp\/v2\/media\/13581"}],"wp:attachment":[{"href":"https:\/\/benimarkt.at\/index.php?rest_route=%2Fwp%2Fv2%2Fmedia&parent=785"}],"wp:term":[{"taxonomy":"product_brand","embeddable":true,"href":"https:\/\/benimarkt.at\/index.php?rest_route=%2Fwp%2Fv2%2Fproduct_brand&post=785"},{"taxonomy":"product_cat","embeddable":true,"href":"https:\/\/benimarkt.at\/index.php?rest_route=%2Fwp%2Fv2%2Fproduct_cat&post=785"},{"taxonomy":"product_tag","embeddable":true,"href":"https:\/\/benimarkt.at\/index.php?rest_route=%2Fwp%2Fv2%2Fproduct_tag&post=785"}],"curies":[{"name":"wp","href":"https:\/\/api.w.org\/{rel}","templated":true}]}}