{"id":784,"date":"2024-04-24T13:06:14","date_gmt":"2024-04-24T11:06:14","guid":{"rendered":"https:\/\/gartenrestposten.de\/?post_type=product&#038;p=784"},"modified":"2025-08-27T13:08:20","modified_gmt":"2025-08-27T13:08:20","slug":"mtd-optima-mini-rider-76-rde-rasentraktor","status":"publish","type":"product","link":"https:\/\/benimarkt.at\/?product=mtd-optima-mini-rider-76-rde-rasentraktor","title":{"rendered":"MTD OPTIMA MINI-RIDER 76 RDE RASENTRAKTOR"},"content":{"rendered":"<h5>Technische Daten<\/h5>\n<ul>\n<li>Antrieb: 230V-Motor<\/li>\n<li>Auswurf: Heckauswurf<\/li>\n<li>Grasfangvolumen: 150 l<\/li>\n<li>Hubraum: 382 cm\u00b3<\/li>\n<li>Motorleistung: 7.6 kW<\/li>\n<li>Rasenfl\u00e4che: 2500 cm\u00b2<\/li>\n<li>Schnittbreite: 76 cm<\/li>\n<li>Schnitth\u00f6he: 95 cm<\/li>\n<li>Tankinhalt: 4.90 l<\/li>\n<\/ul>\n<h5>Zubeh\u00f6r<\/h5>\n<ul>\n<li>1 x Aufsitzm\u00e4her &#8211; MINIRIDER 76 RDE<\/li>\n<\/ul>\n","protected":false},"excerpt":{"rendered":"<p>Die neuen Optima-Aufsitzm\u00e4her bieten einen maximalen <strong>Bedienkomfort<\/strong>, mit dem das M\u00e4hen mittelgro\u00dfer Fl\u00e4chen im Handumdrehen erledigt ist.<\/p>\n<p>Dieses Modell liefert mit seiner <strong>Schnittbreite<\/strong> und dem <strong>kraftvollen Motor<\/strong> (MTD, ein Zylinder, 7,6 kW, 382 cm\u00b3, Transmatic-Antrieb) eine hervorragende L\u00f6sung f\u00fcr Fl\u00e4chen von bis zu 2.500 m\u00b2, wobei sich das Ger\u00e4t dank seines geringen Wendekreises von nur 46 cm durchaus auch f\u00fcr verwinkelte G\u00e4rten eignet.<\/p>\n<p><strong>Die f\u00fcnf Positionen der Schnitth\u00f6he<\/strong> (38-95 mm) lassen sich ebenso wie die M\u00e4hwerkskupplung bequem an einem Hebel justieren.<\/p>\n<p>Besonders praktisch sind dar\u00fcber hinaus das optionale erh\u00e4ltliche <strong>Mulchkit<\/strong> sowie der <strong>Seitendeflektor<\/strong>, sodass der Rasenschnitt nicht nur ausgeworfen bzw. im Fangsack (150 Liter) gesammelt, sondern direkt auch als feiner Mulch als D\u00fcnger ausgebracht werden kann.<\/p>\n","protected":false},"featured_media":11944,"comment_status":"open","ping_status":"closed","template":"","meta":[],"product_brand":[308],"product_cat":[134,135],"product_tag":[336,210],"class_list":{"0":"post-784","1":"product","2":"type-product","3":"status-publish","4":"has-post-thumbnail","6":"product_brand-mtd","7":"product_cat-gartenbau","8":"product_cat-rasenmaehertraktor","9":"product_tag-mtd","10":"product_tag-rasentraktor","12":"first","13":"outofstock","14":"taxable","15":"shipping-taxable","16":"purchasable","17":"product-type-simple"},"_links":{"self":[{"href":"https:\/\/benimarkt.at\/index.php?rest_route=\/wp\/v2\/product\/784","targetHints":{"allow":["GET"]}}],"collection":[{"href":"https:\/\/benimarkt.at\/index.php?rest_route=\/wp\/v2\/product"}],"about":[{"href":"https:\/\/benimarkt.at\/index.php?rest_route=\/wp\/v2\/types\/product"}],"replies":[{"embeddable":true,"href":"https:\/\/benimarkt.at\/index.php?rest_route=%2Fwp%2Fv2%2Fcomments&post=784"}],"version-history":[{"count":1,"href":"https:\/\/benimarkt.at\/index.php?rest_route=\/wp\/v2\/product\/784\/revisions"}],"predecessor-version":[{"id":11945,"href":"https:\/\/benimarkt.at\/index.php?rest_route=\/wp\/v2\/product\/784\/revisions\/11945"}],"wp:featuredmedia":[{"embeddable":true,"href":"https:\/\/benimarkt.at\/index.php?rest_route=\/wp\/v2\/media\/11944"}],"wp:attachment":[{"href":"https:\/\/benimarkt.at\/index.php?rest_route=%2Fwp%2Fv2%2Fmedia&parent=784"}],"wp:term":[{"taxonomy":"product_brand","embeddable":true,"href":"https:\/\/benimarkt.at\/index.php?rest_route=%2Fwp%2Fv2%2Fproduct_brand&post=784"},{"taxonomy":"product_cat","embeddable":true,"href":"https:\/\/benimarkt.at\/index.php?rest_route=%2Fwp%2Fv2%2Fproduct_cat&post=784"},{"taxonomy":"product_tag","embeddable":true,"href":"https:\/\/benimarkt.at\/index.php?rest_route=%2Fwp%2Fv2%2Fproduct_tag&post=784"}],"curies":[{"name":"wp","href":"https:\/\/api.w.org\/{rel}","templated":true}]}}