{"id":783,"date":"2024-04-24T13:06:14","date_gmt":"2024-04-24T11:06:14","guid":{"rendered":"https:\/\/gartenrestposten.de\/?post_type=product&#038;p=783"},"modified":"2025-08-27T13:01:26","modified_gmt":"2025-08-27T13:01:26","slug":"mtd-smart-rn-145-rasentraktor","status":"publish","type":"product","link":"https:\/\/benimarkt.at\/?product=mtd-smart-rn-145-rasentraktor","title":{"rendered":"MTD Smart RN 145 RASENTRAKTOR"},"content":{"rendered":"","protected":false},"excerpt":{"rendered":"<p>Dieses Modell ist mit seinem MTD-Motor (1 Zylinder, 9,4 kW, 547 cm\u00b3) <strong>der gr\u00f6\u00dfte Rasentraktor der Smart-Serie<\/strong>.<\/p>\n<p>Die absolut <strong>komfortable Schnittbreite<\/strong> von 105 cm und das <strong>7-Gang-Transmtic-Getriebe<\/strong> pr\u00e4destinieren das Ger\u00e4t f\u00fcr gro\u00dfe Fl\u00e4chen bis zu 4.500 m\u00b2. Die Bereifung ist dabei extra gro\u00df und rasenfreundlich, um hier keine Sch\u00e4den anzurichten.<\/p>\n<p>Die <strong>Schnitth\u00f6he<\/strong> l\u00e4sst sich in f\u00fcnf Positionen m\u00fchelos zwischen 38 und 95 mm einstellen. W\u00e4hrend der Rasenschnitt standardm\u00e4\u00dfig im gro\u00dfz\u00fcgigen Fangsack von 240 l gesammelt wird, l\u00e4sst sich der Funktionsumfang durch das Mulchkit und einen Heckdeflektor optional erweitern.<\/p>\n<p>Mit Hilfe der <strong>OCR-Technologie<\/strong> m\u00e4hen Sie auch beim R\u00fcckw\u00e4rtsfahren und sparen sich dadurch unn\u00f6tige Wendungen.<\/p>\n<p>F\u00fcr die einfache Reinigung verf\u00fcgt der RN 145 \u00fcber eine <strong>Deckwaschd\u00fcse<\/strong>.<\/p>\n<p><strong>Zus\u00e4tzliche Flexibilit\u00e4t<\/strong> bietet das umfangreiche Zubeh\u00f6r, das f\u00fcr alle MTD-Rasentraktoren erh\u00e4ltlich ist und f\u00fcr ganzj\u00e4hrige Einsatzm\u00f6glichkeiten rund um Haus und Garten sorgt &#8211; dank der hellen Frontscheinwerfer sogar \u00fcber das Tageslicht hinaus. Die Anbauteile lassen sich dabei m\u00fchelos und schnell ohne zus\u00e4tzliches Werkzeug befestigen.<\/p>\n","protected":false},"featured_media":11942,"comment_status":"open","ping_status":"closed","template":"","meta":[],"product_brand":[308],"product_cat":[134,135],"product_tag":[336,210],"class_list":{"0":"post-783","1":"product","2":"type-product","3":"status-publish","4":"has-post-thumbnail","6":"product_brand-mtd","7":"product_cat-gartenbau","8":"product_cat-rasenmaehertraktor","9":"product_tag-mtd","10":"product_tag-rasentraktor","12":"first","13":"outofstock","14":"taxable","15":"shipping-taxable","16":"purchasable","17":"product-type-simple"},"_links":{"self":[{"href":"https:\/\/benimarkt.at\/index.php?rest_route=\/wp\/v2\/product\/783","targetHints":{"allow":["GET"]}}],"collection":[{"href":"https:\/\/benimarkt.at\/index.php?rest_route=\/wp\/v2\/product"}],"about":[{"href":"https:\/\/benimarkt.at\/index.php?rest_route=\/wp\/v2\/types\/product"}],"replies":[{"embeddable":true,"href":"https:\/\/benimarkt.at\/index.php?rest_route=%2Fwp%2Fv2%2Fcomments&post=783"}],"version-history":[{"count":1,"href":"https:\/\/benimarkt.at\/index.php?rest_route=\/wp\/v2\/product\/783\/revisions"}],"predecessor-version":[{"id":11943,"href":"https:\/\/benimarkt.at\/index.php?rest_route=\/wp\/v2\/product\/783\/revisions\/11943"}],"wp:featuredmedia":[{"embeddable":true,"href":"https:\/\/benimarkt.at\/index.php?rest_route=\/wp\/v2\/media\/11942"}],"wp:attachment":[{"href":"https:\/\/benimarkt.at\/index.php?rest_route=%2Fwp%2Fv2%2Fmedia&parent=783"}],"wp:term":[{"taxonomy":"product_brand","embeddable":true,"href":"https:\/\/benimarkt.at\/index.php?rest_route=%2Fwp%2Fv2%2Fproduct_brand&post=783"},{"taxonomy":"product_cat","embeddable":true,"href":"https:\/\/benimarkt.at\/index.php?rest_route=%2Fwp%2Fv2%2Fproduct_cat&post=783"},{"taxonomy":"product_tag","embeddable":true,"href":"https:\/\/benimarkt.at\/index.php?rest_route=%2Fwp%2Fv2%2Fproduct_tag&post=783"}],"curies":[{"name":"wp","href":"https:\/\/api.w.org\/{rel}","templated":true}]}}