{"id":782,"date":"2024-04-24T13:06:14","date_gmt":"2024-04-24T11:06:14","guid":{"rendered":"https:\/\/gartenrestposten.de\/?post_type=product&#038;p=782"},"modified":"2025-08-27T12:57:34","modified_gmt":"2025-08-27T12:57:34","slug":"mtd-optima-lg-200-h-rasentraktor-2","status":"publish","type":"product","link":"https:\/\/benimarkt.at\/?product=mtd-optima-lg-200-h-rasentraktor-2","title":{"rendered":"MTD Optima LG 200 H RASENTRAKTOR"},"content":{"rendered":"<h5>Eigenschaften<\/h5>\n<div>\n<ul>\n<li>Empfohlene Rasenfl\u00e4che: 5500 m\u00b2<\/li>\n<li>Bsonders laufruhiger, vibrationsarmer und langlebiger Motor durch 2-Zylinder-Technik<\/li>\n<li>Hydrostat-Getriebe erlaubt stufenlose Wahl der Fahrgeschwindigkeit<\/li>\n<li>Auch zum Mulchen geeignet (nicht im Lieferumfang)<\/li>\n<\/ul>\n<h5>Technische Daten<\/h5>\n<ul>\n<li>Ger\u00e4teleistung: 12,5 kW \/ 17,0 PS bei 2800 U\/Min<\/li>\n<li>Hubraum: 656 cm\u00b2<\/li>\n<li>Kraftstofftank: 3,8l<\/li>\n<li>Schnittbreite: 107 cm<\/li>\n<li>Schnitth\u00f6he: 30-95 mm<\/li>\n<li>Abgabeleistung: 12.5 kW<\/li>\n<li>Antrieb: Benzin<\/li>\n<li>Gewicht: 175.00 kg<\/li>\n<li>Leerlaufdrehzahl: 2800 U\/Min<\/li>\n<li>Rasenfl\u00e4che: 5500 cm\u00b2<\/li>\n<li>Tankinhalt: 3.80 l<\/li>\n<\/ul>\n<h5>Zubeh\u00f6r<\/h5>\n<ul>\n<li>\u00a01 x Rasentraktor &#8211; OPTIMA LG 200 H<\/li>\n<\/ul>\n<\/div>\n","protected":false},"excerpt":{"rendered":"<p>Mit einer <strong>gro\u00dfz\u00fcgigen Schnittbreite<\/strong> von 107 cm und dem leistungsstarken <strong>V-Twin-Motor<\/strong> (MTD V-Twin, 11,4 kW, 679 cm\u00b3) ist dieses Modell mit Seitenauswurf f\u00fcr gro\u00dfe Fl\u00e4chen von bis zu 5.500 m\u00b2 ausgelegt.<\/p>\n<p>Dank des \u00e4u\u00dferst <strong>geringen Wendekreis<\/strong>es von nur 46 cm stellen dabei auch Str\u00e4ucher und B\u00e4ume keine ernsthaften Hindernisse dar.<\/p>\n<p>Die komfortable <strong>Automatik-Steuerung mit Fu\u00dfped<\/strong>al erm\u00f6glicht ein stufenloses Einstellen der Geschwindigkeit wobei auch das M\u00e4hen im R\u00fcckw\u00e4rtsgang m\u00f6glich ist.<\/p>\n<p>Im Lieferumfang enthalten sind der Seitendeflektor und eine Anh\u00e4ngerkupplung. Die Einstellung der <strong>Schnitth\u00f6he<\/strong> erfolgt dabei zentral zwischen 30 und 95 mm <strong>in f\u00fcnf Positionen<\/strong>.<\/p>\n<p>Licht, ein Soft-Grip-Lenkrad und eine individuelle Einstelloption des Fahrersitzes steuern zudem jede Menge <strong>Bedienkomfort<\/strong> bei.<\/p>\n","protected":false},"featured_media":11940,"comment_status":"open","ping_status":"closed","template":"","meta":[],"product_brand":[308],"product_cat":[134,135],"product_tag":[336,210],"class_list":{"0":"post-782","1":"product","2":"type-product","3":"status-publish","4":"has-post-thumbnail","6":"product_brand-mtd","7":"product_cat-gartenbau","8":"product_cat-rasenmaehertraktor","9":"product_tag-mtd","10":"product_tag-rasentraktor","12":"first","13":"outofstock","14":"taxable","15":"shipping-taxable","16":"purchasable","17":"product-type-simple"},"_links":{"self":[{"href":"https:\/\/benimarkt.at\/index.php?rest_route=\/wp\/v2\/product\/782","targetHints":{"allow":["GET"]}}],"collection":[{"href":"https:\/\/benimarkt.at\/index.php?rest_route=\/wp\/v2\/product"}],"about":[{"href":"https:\/\/benimarkt.at\/index.php?rest_route=\/wp\/v2\/types\/product"}],"replies":[{"embeddable":true,"href":"https:\/\/benimarkt.at\/index.php?rest_route=%2Fwp%2Fv2%2Fcomments&post=782"}],"version-history":[{"count":1,"href":"https:\/\/benimarkt.at\/index.php?rest_route=\/wp\/v2\/product\/782\/revisions"}],"predecessor-version":[{"id":11941,"href":"https:\/\/benimarkt.at\/index.php?rest_route=\/wp\/v2\/product\/782\/revisions\/11941"}],"wp:featuredmedia":[{"embeddable":true,"href":"https:\/\/benimarkt.at\/index.php?rest_route=\/wp\/v2\/media\/11940"}],"wp:attachment":[{"href":"https:\/\/benimarkt.at\/index.php?rest_route=%2Fwp%2Fv2%2Fmedia&parent=782"}],"wp:term":[{"taxonomy":"product_brand","embeddable":true,"href":"https:\/\/benimarkt.at\/index.php?rest_route=%2Fwp%2Fv2%2Fproduct_brand&post=782"},{"taxonomy":"product_cat","embeddable":true,"href":"https:\/\/benimarkt.at\/index.php?rest_route=%2Fwp%2Fv2%2Fproduct_cat&post=782"},{"taxonomy":"product_tag","embeddable":true,"href":"https:\/\/benimarkt.at\/index.php?rest_route=%2Fwp%2Fv2%2Fproduct_tag&post=782"}],"curies":[{"name":"wp","href":"https:\/\/api.w.org\/{rel}","templated":true}]}}