{"id":781,"date":"2024-04-24T13:06:13","date_gmt":"2024-04-24T11:06:13","guid":{"rendered":"https:\/\/gartenrestposten.de\/?post_type=product&#038;p=781"},"modified":"2025-08-27T13:10:04","modified_gmt":"2025-08-27T13:10:04","slug":"mtd-optima-ln-200-h-rasentraktor","status":"publish","type":"product","link":"https:\/\/benimarkt.at\/?product=mtd-optima-ln-200-h-rasentraktor","title":{"rendered":"MTD Optima LN 200 H RASENTRAKTOR"},"content":{"rendered":"<h5>Technische Daten<\/h5>\n<ul>\n<li>Ger\u00e4te-Leistung: 12,7 kW bei 2700\/min (Umdrehungen)<\/li>\n<li>Auswurfsystem: Heckauswurf<\/li>\n<li>Getriebetyp: Hydrostat<\/li>\n<li>Vorw\u00e4rts- &amp; R\u00fcckw\u00e4rtsg\u00e4nge: 1\/1<\/li>\n<li>Schnittbreite: 105 cm<\/li>\n<li>Min. Schnitth\u00f6he: 30 mm<\/li>\n<li>Max. Schnitth\u00f6he: 95 mm<\/li>\n<li>Mulchfunktion: Als Zubeh\u00f6r erh\u00e4ltlich<\/li>\n<li>Auslieferzustand: Teilmontiert<\/li>\n<li>Fangvolumen: 240 l<\/li>\n<li>Rad-Durchmesser vorne\/ hinten: 38,1\/45,7 cm<\/li>\n<li>Fl\u00e4chenempfehlung: bis 4500 m\u00b2<\/li>\n<\/ul>\n<h5>Zubeh\u00f6r<\/h5>\n<ul>\n<li>1 x Rasentraktor &#8211; OPTIMA LN 200 H<\/li>\n<\/ul>\n","protected":false},"excerpt":{"rendered":"<p>Ihre V-Twin-Zweizylindermotoren (hier 12,7 kW, 679 cm\u00b3) und eine komfortable Schnittbreite von 105 cm pr\u00e4destinieren die neuen Optima-Rasentraktoren f\u00fcr gro\u00dfe Fl\u00e4chen \u2013 4.500 m\u00b2 stellen f\u00fcr dieses Modell kein Problem dar.<\/p>\n<p>Trotz der Effizienz ist das Ger\u00e4t mit einem kleinen Wendekreis von nur 46 cm \u00e4u\u00dferst wendig.<\/p>\n<p>Dank des 240 l-Fangsackes wird das Schnittgut direkt aufgefangen und braucht im Anschluss nur noch entleert werden.<\/p>\n<p>Wer seinen Rasen lieber mit nat\u00fcrlichem Mulch d\u00fcngen m\u00f6chte, hat durch das optional erh\u00e4ltliche Mulchkit und den Heckdeflektor die M\u00f6glichkeit dazu.<\/p>\n<p>Selbstverst\u00e4ndlich darf auch der Komfort nicht zu kurz kommen. Der Rasentraktor verf\u00fcgt \u00fcber einen bequemen gefederten Sitz mit hoher R\u00fcckenlehne, gro\u00dfe luftbereifte R\u00e4der und einen stufenlosen, sanften Antrieb \u00fcber das Hydrostat-Getriebe mit Fu\u00dfpedal-Steuerung, mit dem es sich ruckelfrei \u00fcber den Rasen gleiten l\u00e4sst.<\/p>\n<p>Sie k\u00f6nnen auch bei R\u00fcckw\u00e4rtsfahrt m\u00e4hen und sparen so wertvolle Zeit.<\/p>\n<p>Die Schnitth\u00f6henverstellung erfolgt zentral in f\u00fcnf Positionen (30-95 mm).<\/p>\n","protected":false},"featured_media":11946,"comment_status":"open","ping_status":"closed","template":"","meta":[],"product_brand":[308],"product_cat":[134,135],"product_tag":[336,210],"class_list":{"0":"post-781","1":"product","2":"type-product","3":"status-publish","4":"has-post-thumbnail","6":"product_brand-mtd","7":"product_cat-gartenbau","8":"product_cat-rasenmaehertraktor","9":"product_tag-mtd","10":"product_tag-rasentraktor","12":"first","13":"outofstock","14":"taxable","15":"shipping-taxable","16":"purchasable","17":"product-type-simple"},"_links":{"self":[{"href":"https:\/\/benimarkt.at\/index.php?rest_route=\/wp\/v2\/product\/781","targetHints":{"allow":["GET"]}}],"collection":[{"href":"https:\/\/benimarkt.at\/index.php?rest_route=\/wp\/v2\/product"}],"about":[{"href":"https:\/\/benimarkt.at\/index.php?rest_route=\/wp\/v2\/types\/product"}],"replies":[{"embeddable":true,"href":"https:\/\/benimarkt.at\/index.php?rest_route=%2Fwp%2Fv2%2Fcomments&post=781"}],"version-history":[{"count":1,"href":"https:\/\/benimarkt.at\/index.php?rest_route=\/wp\/v2\/product\/781\/revisions"}],"predecessor-version":[{"id":11947,"href":"https:\/\/benimarkt.at\/index.php?rest_route=\/wp\/v2\/product\/781\/revisions\/11947"}],"wp:featuredmedia":[{"embeddable":true,"href":"https:\/\/benimarkt.at\/index.php?rest_route=\/wp\/v2\/media\/11946"}],"wp:attachment":[{"href":"https:\/\/benimarkt.at\/index.php?rest_route=%2Fwp%2Fv2%2Fmedia&parent=781"}],"wp:term":[{"taxonomy":"product_brand","embeddable":true,"href":"https:\/\/benimarkt.at\/index.php?rest_route=%2Fwp%2Fv2%2Fproduct_brand&post=781"},{"taxonomy":"product_cat","embeddable":true,"href":"https:\/\/benimarkt.at\/index.php?rest_route=%2Fwp%2Fv2%2Fproduct_cat&post=781"},{"taxonomy":"product_tag","embeddable":true,"href":"https:\/\/benimarkt.at\/index.php?rest_route=%2Fwp%2Fv2%2Fproduct_tag&post=781"}],"curies":[{"name":"wp","href":"https:\/\/api.w.org\/{rel}","templated":true}]}}