{"id":775,"date":"2024-04-24T13:06:13","date_gmt":"2024-04-24T11:06:13","guid":{"rendered":"https:\/\/gartenrestposten.de\/?post_type=product&#038;p=775"},"modified":"2025-12-11T13:56:52","modified_gmt":"2025-12-11T13:56:52","slug":"ego-lm2020e-sp-akku-rasenmaeher","status":"publish","type":"product","link":"https:\/\/benimarkt.at\/?product=ego-lm2020e-sp-akku-rasenmaeher","title":{"rendered":"EGO LM2020E-SP Akku-Rasenm\u00e4her (Ohne Akku und Ladeger\u00e4t)"},"content":{"rendered":"<h5>Technische Daten<\/h5>\n<table style=\"height: 245px;\" width=\"554\">\n<tbody>\n<tr>\n<td><strong>Spannung\u00a0<\/strong>\u00a0 \u00a0 \u00a0 \u00a0 \u00a0 \u00a0 \u00a0 \u00a0 \u00a0 \u00a0 \u00a0 \u00a0 \u00a0 \u00a0 \u00a0 \u00a0 \u00a0 \u00a0 \u00a0 \u00a0 \u00a0 \u00a0 \u00a0 \u00a0 \u00a0 \u00a0 \u00a0 \u00a0 \u00a0 \u00a0 \u00a0 \u00a0 \u00a0 \u00a0 \u00a0 \u00a0 \u00a0 \u00a0 \u00a0 \u00a0 \u00a0 \u00a0 \u00a0 \u00a0 \u00a0 \u00a0 \u00a0 \u00a0 \u00a0 \u00a0 \u00a0 \u00a0 \u00a056 V<\/td>\n<\/tr>\n<tr>\n<td><strong>Schnitth\u00f6he Anzahl\u00a0<\/strong>\u00a0 \u00a0 \u00a0 \u00a0 \u00a0 \u00a0 \u00a0 \u00a0 \u00a0 \u00a0 \u00a0 \u00a0 \u00a0 \u00a0 \u00a0 \u00a0 \u00a0 \u00a0 \u00a0 \u00a0 \u00a0 \u00a0 \u00a0 \u00a0 \u00a0 \u00a0 \u00a0 \u00a0 \u00a0 \u00a0 \u00a0 \u00a0 \u00a0 \u00a0 \u00a0 \u00a0 \u00a0 \u00a0 \u00a0 \u00a0 \u00a0 \u00a0 \u00a0 \u00a0 \u00a0 \u00a0 \u00a0 \u00a06<\/td>\n<\/tr>\n<tr>\n<td><strong>Start-Typ<\/strong>\u00a0 \u00a0 \u00a0 \u00a0 \u00a0 \u00a0 \u00a0 \u00a0 \u00a0 \u00a0 \u00a0 \u00a0 \u00a0 \u00a0 \u00a0 \u00a0 \u00a0 \u00a0 \u00a0 \u00a0 \u00a0 \u00a0 \u00a0 \u00a0 \u00a0 \u00a0 \u00a0 \u00a0 \u00a0 \u00a0 \u00a0 \u00a0 \u00a0 \u00a0 \u00a0 \u00a0 \u00a0 \u00a0 \u00a0 \u00a0 \u00a0 \u00a0 \u00a0 \u00a0 \u00a0 \u00a0Start-druckknopf<\/td>\n<\/tr>\n<tr>\n<td><strong>IP-KLASSE\u00a0<\/strong>\u00a0 \u00a0 \u00a0 \u00a0 \u00a0 \u00a0 \u00a0 \u00a0 \u00a0 \u00a0 \u00a0 \u00a0 \u00a0 \u00a0 \u00a0 \u00a0 \u00a0 \u00a0 \u00a0 \u00a0 \u00a0 \u00a0 \u00a0 \u00a0 \u00a0 \u00a0 \u00a0 \u00a0 \u00a0 \u00a0 \u00a0 \u00a0 \u00a0 \u00a0 \u00a0 \u00a0 \u00a0 \u00a0 \u00a0 \u00a0 \u00a0 \u00a0 \u00a0 \u00a0 \u00a0 \u00a0 \u00a0 \u00a0 \u00a0 \u00a0 \u00a0 \u00a0IPX4<\/td>\n<\/tr>\n<tr>\n<td><strong>Leerlaufdrehzahl (U\/min)<\/strong>\u00a0 \u00a0 \u00a0 \u00a0 \u00a0 \u00a0 \u00a0 \u00a0 \u00a0 \u00a0 \u00a0 \u00a0 \u00a0 \u00a0 \u00a0 \u00a0 \u00a0 \u00a0 \u00a0 \u00a0 \u00a0 \u00a0 \u00a0 \u00a0 \u00a0 \u00a0 \u00a0 \u00a0 \u00a0 \u00a0 \u00a0 \u00a0 \u00a0 \u00a0 2700 &#8211; 3000<\/td>\n<\/tr>\n<tr>\n<td><strong>Geh\u00e4usegr\u00f6\u00dfe (mm)<\/strong>\u00a0 \u00a0 \u00a0 \u00a0 \u00a0 \u00a0 \u00a0 \u00a0 \u00a0 \u00a0 \u00a0 \u00a0 \u00a0 \u00a0 \u00a0 \u00a0 \u00a0 \u00a0 \u00a0 \u00a0 \u00a0 \u00a0 \u00a0 \u00a0 \u00a0 \u00a0 \u00a0 \u00a0 \u00a0 \u00a0 \u00a0 \u00a0 \u00a0 \u00a0 \u00a0 \u00a0 \u00a0 \u00a0 \u00a0 \u00a0 \u00a0 \u00a0 \u00a0 \u00a0 \u00a0 510<\/td>\n<\/tr>\n<tr>\n<td><strong>Schnitth\u00f6henverstellungen (mm)<\/strong>\u00a0 \u00a0 \u00a0 \u00a0 \u00a0 \u00a0 \u00a0 \u00a0 \u00a0 \u00a0 \u00a0 \u00a0 \u00a0 \u00a0 \u00a0 \u00a0 \u00a0 \u00a0 \u00a0 \u00a0 \u00a0 \u00a0 \u00a0 \u00a0 \u00a0 \u00a0 \u00a0 \u00a0 \u00a0 \u00a0 \u00a0 \u00a0 \u00a0 \u00a025~95<\/td>\n<\/tr>\n<\/tbody>\n<\/table>\n","protected":false},"excerpt":{"rendered":"<ul>\n<li>Arc Lithium 56v-Akku bietet die branchenweit h\u00f6chste Energiekapazit\u00e4t in einem tragbaren Handger\u00e4t (Akku und Ladeger\u00e4t nicht im Lieferumfang enthalten)<\/li>\n<li>Selbstfahrend, mit einstellbarer Geschwindigkeit von 2,2 &#8211; 5,0 km\/h zur Entlastung des Bedieners<\/li>\n<li>Start per Knopfdruck, Einschalten in Sekunden<\/li>\n<li>Verstellbarer, schnell l\u00f6sbarer Teleskopstiel<\/li>\n<li>Motor mit hohem Drehmoment und hohem Wirkungsgrad f\u00fcr mehr Komfort und Kontrolle<\/li>\n<li>Der Fangsack mit gro\u00dfem Fassungsverm\u00f6gen f\u00e4ngt mehr Gras auf und muss seltener geleert werden<\/li>\n<li>R\u00e4der mit gro\u00dfem Durchmesser f\u00fcr leichte Bewegung<\/li>\n<li>Die 6-stufige federbelastete M\u00e4hwerksh\u00f6henverstellung erm\u00f6glicht eine Schnitth\u00f6he von 20-80 mm<\/li>\n<li>LED-Scheinwerfer erm\u00f6glichen ein Arbeiten bis in den sp\u00e4ten Abend hinein<\/li>\n<li>Einfaches Zusammenklappen macht Reinigung und Lagerung einfach<\/li>\n<\/ul>\n","protected":false},"featured_media":13594,"comment_status":"open","ping_status":"closed","template":"","meta":[],"product_brand":[297],"product_cat":[134,132],"product_tag":[508,152,155],"class_list":{"0":"post-775","1":"product","2":"type-product","3":"status-publish","4":"has-post-thumbnail","6":"product_brand-ego","7":"product_cat-gartenbau","8":"product_cat-rasenmaeher","9":"product_tag-508","10":"product_tag-ego","11":"product_tag-rasenmaeher","13":"first","14":"instock","15":"taxable","16":"shipping-taxable","17":"purchasable","18":"product-type-simple"},"_links":{"self":[{"href":"https:\/\/benimarkt.at\/index.php?rest_route=\/wp\/v2\/product\/775","targetHints":{"allow":["GET"]}}],"collection":[{"href":"https:\/\/benimarkt.at\/index.php?rest_route=\/wp\/v2\/product"}],"about":[{"href":"https:\/\/benimarkt.at\/index.php?rest_route=\/wp\/v2\/types\/product"}],"replies":[{"embeddable":true,"href":"https:\/\/benimarkt.at\/index.php?rest_route=%2Fwp%2Fv2%2Fcomments&post=775"}],"version-history":[{"count":2,"href":"https:\/\/benimarkt.at\/index.php?rest_route=\/wp\/v2\/product\/775\/revisions"}],"predecessor-version":[{"id":13598,"href":"https:\/\/benimarkt.at\/index.php?rest_route=\/wp\/v2\/product\/775\/revisions\/13598"}],"wp:featuredmedia":[{"embeddable":true,"href":"https:\/\/benimarkt.at\/index.php?rest_route=\/wp\/v2\/media\/13594"}],"wp:attachment":[{"href":"https:\/\/benimarkt.at\/index.php?rest_route=%2Fwp%2Fv2%2Fmedia&parent=775"}],"wp:term":[{"taxonomy":"product_brand","embeddable":true,"href":"https:\/\/benimarkt.at\/index.php?rest_route=%2Fwp%2Fv2%2Fproduct_brand&post=775"},{"taxonomy":"product_cat","embeddable":true,"href":"https:\/\/benimarkt.at\/index.php?rest_route=%2Fwp%2Fv2%2Fproduct_cat&post=775"},{"taxonomy":"product_tag","embeddable":true,"href":"https:\/\/benimarkt.at\/index.php?rest_route=%2Fwp%2Fv2%2Fproduct_tag&post=775"}],"curies":[{"name":"wp","href":"https:\/\/api.w.org\/{rel}","templated":true}]}}