{"id":774,"date":"2024-04-24T13:06:13","date_gmt":"2024-04-24T11:06:13","guid":{"rendered":"https:\/\/gartenrestposten.de\/?post_type=product&#038;p=774"},"modified":"2025-12-15T07:47:19","modified_gmt":"2025-12-15T07:47:19","slug":"ego-ba4200t-75ah-akku","status":"publish","type":"product","link":"https:\/\/benimarkt.at\/?product=ego-ba4200t-75ah-akku","title":{"rendered":"EGO BA4200T 7,5AH AKKU"},"content":{"rendered":"<p>&nbsp;<\/p>\n<table class=\"product-accordion__specification-table\">\n<tbody>\n<tr>\n<th class=\"product-accordion__specification-row-heading\">SPANNUNG<\/th>\n<td class=\"product-accordion__specification-row-value\">56 V<\/td>\n<\/tr>\n<tr>\n<th class=\"product-accordion__specification-row-heading\">AKKU-TYP<\/th>\n<td class=\"product-accordion__specification-row-value\">Lithium-ion<\/td>\n<\/tr>\n<tr>\n<th class=\"product-accordion__specification-row-heading\">MAX. KONTINUIERLICHER ENTLADESTROM<\/th>\n<td class=\"product-accordion__specification-row-value\">60 A<\/td>\n<\/tr>\n<tr>\n<th class=\"product-accordion__specification-row-heading\">AKKU-LEISTUNG<\/th>\n<td class=\"product-accordion__specification-row-value\">7,5 Ah<\/td>\n<\/tr>\n<tr>\n<th class=\"product-accordion__specification-row-heading\">AKKU-ENERGIE<\/th>\n<td class=\"product-accordion__specification-row-value\">420 W<\/td>\n<\/tr>\n<tr>\n<th class=\"product-accordion__specification-row-heading\">AKKU-KONFIGURATION<\/th>\n<td class=\"product-accordion__specification-row-value\">14S3P<\/td>\n<\/tr>\n<tr>\n<th class=\"product-accordion__specification-row-heading\">ANZAHL DER AKKUZELLEN<\/th>\n<td class=\"product-accordion__specification-row-value\">42<\/td>\n<\/tr>\n<tr>\n<th class=\"product-accordion__specification-row-heading\">BLE-ANSCHLUSS<\/th>\n<td class=\"product-accordion__specification-row-value\">Nein<\/td>\n<\/tr>\n<tr>\n<th class=\"product-accordion__specification-row-heading\">WIFI-VERBINDUNG<\/th>\n<td class=\"product-accordion__specification-row-value\">Nein<\/td>\n<\/tr>\n<tr>\n<th class=\"product-accordion__specification-row-heading\">MAX. AKKU-L\u00c4NGE (MM)<\/th>\n<td class=\"product-accordion__specification-row-value\">192<\/td>\n<\/tr>\n<tr>\n<th class=\"product-accordion__specification-row-heading\">MAX. AKKU-BREITE (MM)<\/th>\n<td class=\"product-accordion__specification-row-value\">154<\/td>\n<\/tr>\n<tr>\n<th class=\"product-accordion__specification-row-heading\">MAX. AKKU-H\u00d6HE (MM)<\/th>\n<td class=\"product-accordion__specification-row-value\">105<\/td>\n<\/tr>\n<\/tbody>\n<\/table>\n","protected":false},"excerpt":{"rendered":"<p>Je nach Produkt k\u00f6nnen Sie mit einer einzigen Ladung bis zu 1.200 m\u00b2 m\u00e4hen, bis zu 210 Minuten Leinen trimmen, bis zu 225 Minuten Hecken schneiden, bis zu 450 Schnitte s\u00e4gen oder bis zu 300 Minuten Laub blasen. Die innovative Bogenform wirkt einer \u00dcberhitzung entgegen und maximiert die Betriebszeit, so dass Sie l\u00e4nger durchhalten k\u00f6nnen.<\/p>\n<p>Der EGO POWER+ 56-Volt-Akku mit 7,5 Ah nutzt die branchenf\u00fchrende ARC Lithium\u2122-Technologie, um Power Beyond Belief\u2122 zu liefern, und ist mit allen EGO Outdoor-Elektroger\u00e4ten kompatibel.<\/p>\n<p>Die 7,5Ah ARC Lithium Batterie ist jetzt mit einer verbesserten Kraftstoffanzeige ausgestattet. Die neue eingebaute Kontrollleuchte zeigt Ihnen die verbleibende Betriebszeit an. Mit 5 Segmenten, die die Einschalttaste umschlie\u00dfen, k\u00f6nnen Sie jetzt die verbleibende Akkuleistung in 20%-Schritten ablesen.<\/p>\n<p>Beim Aufladen sorgt das L\u00fcfter-K\u00fchlsystem daf\u00fcr, dass der Akku fr\u00fcher mit dem Aufladen beginnt und schneller fertig wird. Mit unserem Standard-Ladeger\u00e4t betr\u00e4gt die volle Ladezeit 145 Minuten, mit unserem Schnellladeger\u00e4t verk\u00fcrzt sich diese Zeit drastisch auf nur 60 Minuten.<\/p>\n","protected":false},"featured_media":13587,"comment_status":"open","ping_status":"closed","template":"","meta":[],"product_brand":[297],"product_cat":[127,142,218,134],"product_tag":[507,318,152],"class_list":{"0":"post-774","1":"product","2":"type-product","3":"status-publish","4":"has-post-thumbnail","6":"product_brand-ego","7":"product_cat-akkus","8":"product_cat-akkus-gartenbau","9":"product_cat-akkus-2","10":"product_cat-gartenbau","11":"product_tag-507","12":"product_tag-akkus","13":"product_tag-ego","15":"first","16":"instock","17":"taxable","18":"shipping-taxable","19":"purchasable","20":"product-type-simple"},"_links":{"self":[{"href":"https:\/\/benimarkt.at\/index.php?rest_route=\/wp\/v2\/product\/774","targetHints":{"allow":["GET"]}}],"collection":[{"href":"https:\/\/benimarkt.at\/index.php?rest_route=\/wp\/v2\/product"}],"about":[{"href":"https:\/\/benimarkt.at\/index.php?rest_route=\/wp\/v2\/types\/product"}],"replies":[{"embeddable":true,"href":"https:\/\/benimarkt.at\/index.php?rest_route=%2Fwp%2Fv2%2Fcomments&post=774"}],"version-history":[{"count":1,"href":"https:\/\/benimarkt.at\/index.php?rest_route=\/wp\/v2\/product\/774\/revisions"}],"predecessor-version":[{"id":11825,"href":"https:\/\/benimarkt.at\/index.php?rest_route=\/wp\/v2\/product\/774\/revisions\/11825"}],"wp:featuredmedia":[{"embeddable":true,"href":"https:\/\/benimarkt.at\/index.php?rest_route=\/wp\/v2\/media\/13587"}],"wp:attachment":[{"href":"https:\/\/benimarkt.at\/index.php?rest_route=%2Fwp%2Fv2%2Fmedia&parent=774"}],"wp:term":[{"taxonomy":"product_brand","embeddable":true,"href":"https:\/\/benimarkt.at\/index.php?rest_route=%2Fwp%2Fv2%2Fproduct_brand&post=774"},{"taxonomy":"product_cat","embeddable":true,"href":"https:\/\/benimarkt.at\/index.php?rest_route=%2Fwp%2Fv2%2Fproduct_cat&post=774"},{"taxonomy":"product_tag","embeddable":true,"href":"https:\/\/benimarkt.at\/index.php?rest_route=%2Fwp%2Fv2%2Fproduct_tag&post=774"}],"curies":[{"name":"wp","href":"https:\/\/api.w.org\/{rel}","templated":true}]}}