{"id":773,"date":"2024-04-24T13:06:12","date_gmt":"2024-04-24T11:06:12","guid":{"rendered":"https:\/\/gartenrestposten.de\/?post_type=product&#038;p=773"},"modified":"2025-12-15T07:49:01","modified_gmt":"2025-12-15T07:49:01","slug":"ego-ba5600t-100ah-akku","status":"publish","type":"product","link":"https:\/\/benimarkt.at\/?product=ego-ba5600t-100ah-akku","title":{"rendered":"EGO BA5600T 10,0AH AKKU"},"content":{"rendered":"<p>&nbsp;<\/p>\n<table class=\"product-accordion__specification-table\">\n<tbody>\n<tr>\n<th class=\"product-accordion__specification-row-heading\">SPANNUNG<\/th>\n<td class=\"product-accordion__specification-row-value\">56 V<\/td>\n<\/tr>\n<tr>\n<th class=\"product-accordion__specification-row-heading\">AKKU-TYP<\/th>\n<td class=\"product-accordion__specification-row-value\">Lithium-ion<\/td>\n<\/tr>\n<tr>\n<th class=\"product-accordion__specification-row-heading\">MAX. KONTINUIERLICHER ENTLADESTROM<\/th>\n<td class=\"product-accordion__specification-row-value\">80 A<\/td>\n<\/tr>\n<tr>\n<th class=\"product-accordion__specification-row-heading\">AKKU-LEISTUNG<\/th>\n<td class=\"product-accordion__specification-row-value\">10 Ah<\/td>\n<\/tr>\n<tr>\n<th class=\"product-accordion__specification-row-heading\">AKKU-ENERGIE<\/th>\n<td class=\"product-accordion__specification-row-value\">560 W<\/td>\n<\/tr>\n<tr>\n<th class=\"product-accordion__specification-row-heading\">AKKU-KONFIGURATION<\/th>\n<td class=\"product-accordion__specification-row-value\">14S4P<\/td>\n<\/tr>\n<tr>\n<th class=\"product-accordion__specification-row-heading\">ANZAHL DER AKKUZELLEN<\/th>\n<td class=\"product-accordion__specification-row-value\">56<\/td>\n<\/tr>\n<tr>\n<th class=\"product-accordion__specification-row-heading\">BLE-ANSCHLUSS<\/th>\n<td class=\"product-accordion__specification-row-value\">Nein<\/td>\n<\/tr>\n<tr>\n<th class=\"product-accordion__specification-row-heading\">WIFI-VERBINDUNG<\/th>\n<td class=\"product-accordion__specification-row-value\">Nein<\/td>\n<\/tr>\n<tr>\n<th class=\"product-accordion__specification-row-heading\">MAX. AKKU-L\u00c4NGE (MM)<\/th>\n<td class=\"product-accordion__specification-row-value\">195<\/td>\n<\/tr>\n<tr>\n<th class=\"product-accordion__specification-row-heading\">MAX. AKKU-BREITE (MM)<\/th>\n<td class=\"product-accordion__specification-row-value\">157<\/td>\n<\/tr>\n<tr>\n<th class=\"product-accordion__specification-row-heading\">MAX. AKKU-H\u00d6HE (MM)<\/th>\n<td class=\"product-accordion__specification-row-value\">109<\/td>\n<\/tr>\n<\/tbody>\n<\/table>\n","protected":false},"excerpt":{"rendered":"<p>Je nach Produkt k\u00f6nnen Sie mit einer einzigen Akkuladung bis zu 1600 m\u00b2 m\u00e4hen, bis zu 280 Minuten Leinen trimmen, bis zu 300 Minuten Hecken schneiden, bis zu 600 Schnitte s\u00e4gen oder bis zu 400 Minuten Laub blasen. Die innovative Bogenform wirkt einer \u00dcberhitzung entgegen und maximiert die Betriebszeit, so dass Sie l\u00e4nger durchhalten k\u00f6nnen.<\/p>\n<p>Die 10.0Ah ARC Lithium\u2122 Batterie ist die leistungsst\u00e4rkste Batterie der Branche. Vollst\u00e4ndig ausgestattet mit einer verbesserten Tankanzeige.<\/p>\n<p>Die 10.0Ah ARC Lithium-Batterie ist die leistungsst\u00e4rkste Batterie der Branche. Die 5 Segmente, die die Einschalttaste umschlie\u00dfen, zeigen Ihnen in 20 %-Schritten an, wie viel Batterieleistung Sie noch haben.<\/p>\n<p>Dieser Akku hat eine Kapazit\u00e4t von 560Wh und liefert diese konstante Energie, bis der Strom verbraucht ist, d.h. Sie werden keinen Leistungsverlust erleben, wenn der Akku leer ist.<\/p>\n<p>Die Ladezeit f\u00fcr diesen Akku betr\u00e4gt mit dem Standardladeger\u00e4t 190 Minuten und mit dem Schnellladeger\u00e4t 70 Minuten.<\/p>\n","protected":false},"featured_media":13593,"comment_status":"open","ping_status":"closed","template":"","meta":[],"product_brand":[297],"product_cat":[127,142,218,134],"product_tag":[509,318,152],"class_list":{"0":"post-773","1":"product","2":"type-product","3":"status-publish","4":"has-post-thumbnail","6":"product_brand-ego","7":"product_cat-akkus","8":"product_cat-akkus-gartenbau","9":"product_cat-akkus-2","10":"product_cat-gartenbau","11":"product_tag-509","12":"product_tag-akkus","13":"product_tag-ego","15":"first","16":"instock","17":"taxable","18":"shipping-taxable","19":"purchasable","20":"product-type-simple"},"_links":{"self":[{"href":"https:\/\/benimarkt.at\/index.php?rest_route=\/wp\/v2\/product\/773","targetHints":{"allow":["GET"]}}],"collection":[{"href":"https:\/\/benimarkt.at\/index.php?rest_route=\/wp\/v2\/product"}],"about":[{"href":"https:\/\/benimarkt.at\/index.php?rest_route=\/wp\/v2\/types\/product"}],"replies":[{"embeddable":true,"href":"https:\/\/benimarkt.at\/index.php?rest_route=%2Fwp%2Fv2%2Fcomments&post=773"}],"version-history":[{"count":1,"href":"https:\/\/benimarkt.at\/index.php?rest_route=\/wp\/v2\/product\/773\/revisions"}],"predecessor-version":[{"id":11829,"href":"https:\/\/benimarkt.at\/index.php?rest_route=\/wp\/v2\/product\/773\/revisions\/11829"}],"wp:featuredmedia":[{"embeddable":true,"href":"https:\/\/benimarkt.at\/index.php?rest_route=\/wp\/v2\/media\/13593"}],"wp:attachment":[{"href":"https:\/\/benimarkt.at\/index.php?rest_route=%2Fwp%2Fv2%2Fmedia&parent=773"}],"wp:term":[{"taxonomy":"product_brand","embeddable":true,"href":"https:\/\/benimarkt.at\/index.php?rest_route=%2Fwp%2Fv2%2Fproduct_brand&post=773"},{"taxonomy":"product_cat","embeddable":true,"href":"https:\/\/benimarkt.at\/index.php?rest_route=%2Fwp%2Fv2%2Fproduct_cat&post=773"},{"taxonomy":"product_tag","embeddable":true,"href":"https:\/\/benimarkt.at\/index.php?rest_route=%2Fwp%2Fv2%2Fproduct_tag&post=773"}],"curies":[{"name":"wp","href":"https:\/\/api.w.org\/{rel}","templated":true}]}}