{"id":742,"date":"2024-04-24T13:06:09","date_gmt":"2024-04-24T11:06:09","guid":{"rendered":"https:\/\/gartenrestposten.de\/?post_type=product&#038;p=742"},"modified":"2026-03-06T14:04:54","modified_gmt":"2026-03-06T14:04:54","slug":"ego-ba6720t-120ah-akku","status":"publish","type":"product","link":"https:\/\/benimarkt.at\/?product=ego-ba6720t-120ah-akku","title":{"rendered":"EGO BA6720T 12,0AH AKKU"},"content":{"rendered":"<table class=\"product-accordion__specification-table\">\n<tbody>\n<tr>\n<th class=\"product-accordion__specification-row-heading\">SPANNUNG<\/th>\n<td class=\"product-accordion__specification-row-value\">56 V<\/td>\n<\/tr>\n<tr>\n<th class=\"product-accordion__specification-row-heading\">AKKU-TYP<\/th>\n<td class=\"product-accordion__specification-row-value\">Lithium-ion<\/td>\n<\/tr>\n<tr>\n<th class=\"product-accordion__specification-row-heading\">MAX. KONTINUIERLICHER ENTLADESTROM<\/th>\n<td class=\"product-accordion__specification-row-value\">60 A<\/td>\n<\/tr>\n<tr>\n<th class=\"product-accordion__specification-row-heading\">AKKU-LEISTUNG<\/th>\n<td class=\"product-accordion__specification-row-value\">12 Ah<\/td>\n<\/tr>\n<tr>\n<th class=\"product-accordion__specification-row-heading\">AKKU-ENERGIE<\/th>\n<td class=\"product-accordion__specification-row-value\">672 W<\/td>\n<\/tr>\n<tr>\n<th class=\"product-accordion__specification-row-heading\">AKKU-KONFIGURATION<\/th>\n<td class=\"product-accordion__specification-row-value\">14S4P<\/td>\n<\/tr>\n<tr>\n<th class=\"product-accordion__specification-row-heading\">ANZAHL DER AKKUZELLEN<\/th>\n<td class=\"product-accordion__specification-row-value\">56<\/td>\n<\/tr>\n<tr>\n<th class=\"product-accordion__specification-row-heading\">BLE-ANSCHLUSS<\/th>\n<td class=\"product-accordion__specification-row-value\">Nein<\/td>\n<\/tr>\n<tr>\n<th class=\"product-accordion__specification-row-heading\">WIFI-VERBINDUNG<\/th>\n<td class=\"product-accordion__specification-row-value\">Nein<\/td>\n<\/tr>\n<tr>\n<th class=\"product-accordion__specification-row-heading\">MAX. AKKU-L\u00c4NGE (MM)<\/th>\n<td class=\"product-accordion__specification-row-value\">195<\/td>\n<\/tr>\n<tr>\n<th class=\"product-accordion__specification-row-heading\">MAX. AKKU-BREITE (MM)<\/th>\n<td class=\"product-accordion__specification-row-value\">157<\/td>\n<\/tr>\n<tr>\n<th class=\"product-accordion__specification-row-heading\">MAX. AKKU-H\u00d6HE (MM)<\/th>\n<td class=\"product-accordion__specification-row-value\">109<\/td>\n<\/tr>\n<\/tbody>\n<\/table>\n","protected":false},"excerpt":{"rendered":"<p>Mit einer einzigen Ladung k\u00f6nnen Sie bis zu 1900 m\u00b2 m\u00e4hen, bis zu 340 Minuten lang einen Fadentrimmer verwenden, bis zu 360 Minuten lang Hecken schneiden, bis zu 720 Mal s\u00e4gen oder bis zu 480 Minuten lang Laub blasen (je nach Modell). Mit einer Schnellladung von 80 Minuten sind die M\u00f6glichkeiten endlos. Die innovative Bogenform wirkt einer \u00dcberhitzung entgegen und maximiert die Betriebszeit, damit Sie l\u00e4nger durchhalten.<\/p>\n<ul>\n<li>OPTIMALE LEISTUNG &#8211; Die 56V ARC Lithium\u2122 Technologie von EGO ist perfekt optimiert, um die beste Balance zwischen ben\u00f6tigter Leistung und nutzbarer Energie zu bieten.<\/li>\n<li>INNOVATIVE ARC SHAPE &#8211; Mit einer gr\u00f6\u00dferen K\u00fchlfl\u00e4che tr\u00e4gt die bogenf\u00f6rmige Batterie dazu bei, die W\u00e4rme von jeder Zelle abzuleiten, um \u00dcberhitzung zu vermeiden und die Laufzeit zu maximieren.<\/li>\n<li>EXTERN MONTIERTE BATTERIE &#8211; Einzigartig bei EGO, h\u00e4lt die Batterie k\u00fchl und sorgt so f\u00fcr eine l\u00e4ngere Leistung.<\/li>\n<li>INTELLIGENTE LEISTUNGS\u00dcBERWACHUNG &#8211; Interne Mikroprozessoren und Software steuern jede Zelle, um optimale Leistung und Laufzeit zu gew\u00e4hrleisten.<\/li>\n<li>SUPER SCHNELLES AUFLADEN &#8211; Wenn Ihnen einmal der Strom ausgeht, kann dieser EGO-Akku in nur 80 Minuten wieder vollst\u00e4ndig aufgeladen werden.<\/li>\n<li>VOLLST\u00c4NDIGE KOMPATIBILIT\u00c4T &#8211; Jeder EGO-Akku funktioniert mit jedem EGO-Ger\u00e4t.<\/li>\n<\/ul>\n","protected":false},"featured_media":13610,"comment_status":"open","ping_status":"closed","template":"","meta":[],"product_brand":[297],"product_cat":[127,142,218,134],"product_tag":[512,318,152],"class_list":{"0":"post-742","1":"product","2":"type-product","3":"status-publish","4":"has-post-thumbnail","6":"product_brand-ego","7":"product_cat-akkus","8":"product_cat-akkus-gartenbau","9":"product_cat-akkus-2","10":"product_cat-gartenbau","11":"product_tag-512","12":"product_tag-akkus","13":"product_tag-ego","15":"first","16":"instock","17":"taxable","18":"shipping-taxable","19":"purchasable","20":"product-type-simple"},"_links":{"self":[{"href":"https:\/\/benimarkt.at\/index.php?rest_route=\/wp\/v2\/product\/742","targetHints":{"allow":["GET"]}}],"collection":[{"href":"https:\/\/benimarkt.at\/index.php?rest_route=\/wp\/v2\/product"}],"about":[{"href":"https:\/\/benimarkt.at\/index.php?rest_route=\/wp\/v2\/types\/product"}],"replies":[{"embeddable":true,"href":"https:\/\/benimarkt.at\/index.php?rest_route=%2Fwp%2Fv2%2Fcomments&post=742"}],"version-history":[{"count":1,"href":"https:\/\/benimarkt.at\/index.php?rest_route=\/wp\/v2\/product\/742\/revisions"}],"predecessor-version":[{"id":11852,"href":"https:\/\/benimarkt.at\/index.php?rest_route=\/wp\/v2\/product\/742\/revisions\/11852"}],"wp:featuredmedia":[{"embeddable":true,"href":"https:\/\/benimarkt.at\/index.php?rest_route=\/wp\/v2\/media\/13610"}],"wp:attachment":[{"href":"https:\/\/benimarkt.at\/index.php?rest_route=%2Fwp%2Fv2%2Fmedia&parent=742"}],"wp:term":[{"taxonomy":"product_brand","embeddable":true,"href":"https:\/\/benimarkt.at\/index.php?rest_route=%2Fwp%2Fv2%2Fproduct_brand&post=742"},{"taxonomy":"product_cat","embeddable":true,"href":"https:\/\/benimarkt.at\/index.php?rest_route=%2Fwp%2Fv2%2Fproduct_cat&post=742"},{"taxonomy":"product_tag","embeddable":true,"href":"https:\/\/benimarkt.at\/index.php?rest_route=%2Fwp%2Fv2%2Fproduct_tag&post=742"}],"curies":[{"name":"wp","href":"https:\/\/api.w.org\/{rel}","templated":true}]}}