{"id":741,"date":"2024-04-24T13:06:09","date_gmt":"2024-04-24T11:06:09","guid":{"rendered":"https:\/\/gartenrestposten.de\/?post_type=product&#038;p=741"},"modified":"2025-12-16T13:48:09","modified_gmt":"2025-12-16T13:48:09","slug":"ego-lm1903e-sp-47cm-rasenmaeher-mit-radantrieb-kit","status":"publish","type":"product","link":"https:\/\/benimarkt.at\/?product=ego-lm1903e-sp-47cm-rasenmaeher-mit-radantrieb-kit","title":{"rendered":"EGO LM1903E-SP 47CM RASENM\u00c4HER MIT RADANTRIEB (KIT: 5,0Ah Akku + CH5500E Schnellladeger\u00e4t.)"},"content":{"rendered":"<div class=\"kit-breakdown__breakdown-products\">\n<div class=\"kit-breakdown__product kit-breakdown__product--charger\">\n<div class=\"kit-breakdown__meta\"><\/div>\n<\/div>\n<\/div>\n<div><\/div>\n<div>\n<table class=\"product-accordion__specification-table\">\n<tbody>\n<tr>\n<th class=\"product-accordion__specification-row-heading\">SPANNUNG<\/th>\n<td class=\"product-accordion__specification-row-value\">56 V<\/td>\n<\/tr>\n<tr>\n<th class=\"product-accordion__specification-row-heading\">BRUSHLESS MOTOR<\/th>\n<td class=\"product-accordion__specification-row-value\">B\u00fcrstenloser Motor<\/td>\n<\/tr>\n<tr>\n<th class=\"product-accordion__specification-row-heading\">GEH\u00c4USETYP<\/th>\n<td class=\"product-accordion__specification-row-value\">Metalldeck<\/td>\n<\/tr>\n<tr>\n<th class=\"product-accordion__specification-row-heading\">SCHNITTH\u00d6HE ANZAHL<\/th>\n<td class=\"product-accordion__specification-row-value\">7<\/td>\n<\/tr>\n<tr>\n<th class=\"product-accordion__specification-row-heading\">START-TYP<\/th>\n<td class=\"product-accordion__specification-row-value\">Start-druckknopf<\/td>\n<\/tr>\n<tr>\n<th class=\"product-accordion__specification-row-heading\">ANZAHL DER LENKERPOSITIONEN<\/th>\n<td class=\"product-accordion__specification-row-value\">3<\/td>\n<\/tr>\n<tr>\n<th class=\"product-accordion__specification-row-heading\">AUFFANGMATERIAL\/FANGKORBMATERIAL<\/th>\n<td class=\"product-accordion__specification-row-value\">Masche<\/td>\n<\/tr>\n<tr>\n<th class=\"product-accordion__specification-row-heading\">IP-KLASSE<\/th>\n<td class=\"product-accordion__specification-row-value\">IPX4<\/td>\n<\/tr>\n<tr>\n<th class=\"product-accordion__specification-row-heading\">LEERLAUFDREHZAHL (U\/MIN)<\/th>\n<td class=\"product-accordion__specification-row-value\">2850<\/td>\n<\/tr>\n<tr>\n<th class=\"product-accordion__specification-row-heading\">GEH\u00c4USEGR\u00d6SSE (MM<\/th>\n<td class=\"product-accordion__specification-row-value\">510<\/td>\n<\/tr>\n<tr>\n<th class=\"product-accordion__specification-row-heading\">SCHNITTH\u00d6HENVERSTELLUNGEN (MM)<\/th>\n<td class=\"product-accordion__specification-row-value\">20~80<\/td>\n<\/tr>\n<tr>\n<th class=\"product-accordion__specification-row-heading\">VORDERRAD DURCHM. (MM)<\/th>\n<td class=\"product-accordion__specification-row-value\">180 ml<\/td>\n<\/tr>\n<tr>\n<th class=\"product-accordion__specification-row-heading\">VORDERRAD BREITE (MM)<\/th>\n<td class=\"product-accordion__specification-row-value\">43<\/td>\n<\/tr>\n<tr>\n<th class=\"product-accordion__specification-row-heading\">HINTERRAD DURCHM. (MM)<\/th>\n<td class=\"product-accordion__specification-row-value\">228<\/td>\n<\/tr>\n<tr>\n<th class=\"product-accordion__specification-row-heading\">BREITE DES HINTERRADS (MM)<\/th>\n<td class=\"product-accordion__specification-row-value\">50<\/td>\n<\/tr>\n<tr>\n<th class=\"product-accordion__specification-row-heading\">WERKZEUGL\u00c4NGE (AUFGEKLAPPT) (MM)<\/th>\n<td class=\"product-accordion__specification-row-value\">1534<\/td>\n<\/tr>\n<tr>\n<th class=\"product-accordion__specification-row-heading\">WERKZEUGH\u00d6HE (AUFGEKLAPPT) (MM)<\/th>\n<td class=\"product-accordion__specification-row-value\">970<\/td>\n<\/tr>\n<tr>\n<th class=\"product-accordion__specification-row-heading\">WERKZEUGL\u00c4NGE (ZUGEKLAPPT) (MM)<\/th>\n<td class=\"product-accordion__specification-row-value\">915<\/td>\n<\/tr>\n<tr>\n<th class=\"product-accordion__specification-row-heading\">WERKZEUGH\u00d6HE (ZUGEKLAPPT) (MM)<\/th>\n<td class=\"product-accordion__specification-row-value\">408<\/td>\n<\/tr>\n<tr>\n<th class=\"product-accordion__specification-row-heading\">AKKU-ANSCHLUSS<\/th>\n<td class=\"product-accordion__specification-row-value\">Einzelner Anschluss<\/td>\n<\/tr>\n<\/tbody>\n<\/table>\n<\/div>\n","protected":false},"excerpt":{"rendered":"<p>Die gr\u00f6\u00dfere Schnittbreite (47 cm) eignet sich perfekt f\u00fcr pr\u00e4zises M\u00e4hen von mittelgro\u00dfen G\u00e4rten.<\/p>\n<p>Der leichte Akku-Rasenm\u00e4her mit variablen Radantrieb l\u00e4sst sich m\u00fchelos an H\u00e4ngen einsetzen.<\/p>\n<p>Er besitzt einen 55 l gro\u00dfen Fangkorb, damit Sie Zeit sparen beim Entleeren.<\/p>\n<p>Zum Kit geh\u00f6ren ein 5,0-Ah-Akku und ein Schnellladeger\u00e4t.<\/p>\n<p>Ausgestattet mit unserem einzigartigen, patentierten 56V-Arc-Lithium-Ionen-Akku m\u00e4ht der EGO Power+ LM1903E-SP mit variablen Radantrieb und einer Schnittbreite von 47 cm bis zu 800 m\u00b2 mit einer Akkuladung.<\/p>\n<p>Mit dem Schnellladeger\u00e4t, das im Kit enthalten ist, laden Sie Ihren Rasenm\u00e4her in nur 40 Minuten voll.<\/p>\n<p>Nutzen Sie die hervorragende Man\u00f6vrierf\u00e4higkeit des LM1903E-SP.<\/p>\n<p>Mit einer Schnittbreite von 47 cm und den gro\u00dfen R\u00e4dern rangieren Sie einfach und leichtf\u00fc\u00dfig in schmalen Arealen sowie um B\u00e4ume herum f\u00fcr ein perfektes M\u00e4hergebnis.Unsere Akku-Rasenm\u00e4her wurden entwickelt, um Ihnen die Rasenpflege erheblich zu erleichtern.<\/p>\n<p>Mit dem variablen Radantrieb verlieren schr\u00e4ge Rasenfl\u00e4chen ihren Schrecken.<\/p>\n<p>Die automatisch variable Schnittgeschwindigkeit gew\u00e4hrleistet dabei immer die optimale Drehzahl, um die Akkulaufzeit zu maximieren. Dabei erreicht der Rasenm\u00e4her Leistungen, die einem Benzinger\u00e4t ebenb\u00fcrtig sind und die Sie von Ihrem Rasenm\u00e4her erwarten d\u00fcrfen.<\/p>\n<p>Das Polypropylengeh\u00e4use sorgt f\u00fcr ein geringes Gewicht (25 kg ohne Akku).<\/p>\n<p>Drei einstellbare Griffh\u00f6hen optimieren den Bedienungskomfort zus\u00e4tzlich.<\/p>\n<p>Wenn Sie ein klassisches Streifenmuster im Rasen w\u00fcnschen, ist f\u00fcr dieses Modell auch eine Rasenwalze erh\u00e4ltlich. Sie l\u00e4sst sich m\u00fchelos anbringen und kreiert nicht nur feine Linien, sondern beseitigt auch Grasnarben und andere Unebenheiten.<\/p>\n<p>Mit diesem Rasenm\u00e4her bleibt Ihr Ger\u00e4teschuppen \u00fcbrigens genauso sch\u00f6n aufger\u00e4umt wie Ihr Rasen.<\/p>\n<p>Er l\u00e4sst sich einfach zusammenklappen und aufrecht verstauen.<\/p>\n<h3 class=\"kit-breakdown__description kit-breakdown__description--mower-kit\"><strong>Inklusive Rasenm\u00e4her, Akku &amp; Ladeger\u00e4t:<\/strong><\/h3>\n<div class=\"kit-breakdown__breakdown-products\">\n<div class=\"kit-breakdown__product kit-breakdown__product--base-product\">\n<p><span class=\"kit-breakdown__wrapping-container\"><img decoding=\"async\" class=\"kit-breakdown__image\" src=\"https:\/\/egopowerplus.de\/sites\/default\/files\/styles\/medium\/public\/2022-07\/ae033a229091.jpg?itok=pXj5t3Hi\" alt=\"LM1900E-SP 47cm Self-propelled Mower \" width=\"100\" height=\"100\" \/><\/span><\/p>\n<div class=\"kit-breakdown__meta\"><span class=\"kit-breakdown__title\"><span class=\"kit-breakdown__sku\">LM1900E-SP<\/span>\u00a047CM SELF-PROPELLED MOWER<\/span><\/div>\n<\/div>\n<div class=\"kit-breakdown__product kit-breakdown__product--battery\">\n<p><a class=\"kit-breakdown__wrapping-link\" href=\"https:\/\/egopowerplus.de\/produkte\/akkus-und-ladegeraete\/ba2800-5-ah-akku\"><img decoding=\"async\" class=\"kit-breakdown__image\" src=\"https:\/\/egopowerplus.de\/sites\/default\/files\/styles\/medium\/public\/2022-07\/74130a228821.jpg?itok=g3YB_Up_\" alt=\"BA2800T 5.0Ah Akku \" width=\"100\" height=\"100\" \/><\/a><\/p>\n<div class=\"kit-breakdown__meta\"><span class=\"kit-breakdown__title\"><span class=\"kit-breakdown__sku\">BA2800T<\/span>\u00a05.0AH AKKU<\/span><\/div>\n<\/div>\n<div class=\"kit-breakdown__product kit-breakdown__product--charger\">\n<p><a class=\"kit-breakdown__wrapping-link\" href=\"https:\/\/egopowerplus.de\/produkte\/akkus-und-ladegeraete\/ch5500e-schnell-Ladegeraet\"><img decoding=\"async\" class=\"kit-breakdown__image\" src=\"https:\/\/egopowerplus.de\/sites\/default\/files\/styles\/medium\/public\/2022-07\/bcfe8a228874.jpg?itok=zJQ23vM9\" alt=\"CH5500E SCHNELLLADEGER\u00c4T \" width=\"100\" height=\"100\" \/><\/a><\/p>\n<div class=\"kit-breakdown__meta\"><span class=\"kit-breakdown__title\"><span class=\"kit-breakdown__sku\">CH5500E<\/span>\u00a0SCHNELLLADEGER\u00c4T<\/span><\/div>\n<\/div>\n<\/div>\n","protected":false},"featured_media":13608,"comment_status":"open","ping_status":"closed","template":"","meta":[],"product_brand":[297],"product_cat":[134,132],"product_tag":[511,152,155],"class_list":{"0":"post-741","1":"product","2":"type-product","3":"status-publish","4":"has-post-thumbnail","6":"product_brand-ego","7":"product_cat-gartenbau","8":"product_cat-rasenmaeher","9":"product_tag-511","10":"product_tag-ego","11":"product_tag-rasenmaeher","13":"first","14":"instock","15":"taxable","16":"shipping-taxable","17":"purchasable","18":"product-type-simple"},"_links":{"self":[{"href":"https:\/\/benimarkt.at\/index.php?rest_route=\/wp\/v2\/product\/741","targetHints":{"allow":["GET"]}}],"collection":[{"href":"https:\/\/benimarkt.at\/index.php?rest_route=\/wp\/v2\/product"}],"about":[{"href":"https:\/\/benimarkt.at\/index.php?rest_route=\/wp\/v2\/types\/product"}],"replies":[{"embeddable":true,"href":"https:\/\/benimarkt.at\/index.php?rest_route=%2Fwp%2Fv2%2Fcomments&post=741"}],"version-history":[{"count":3,"href":"https:\/\/benimarkt.at\/index.php?rest_route=\/wp\/v2\/product\/741\/revisions"}],"predecessor-version":[{"id":13609,"href":"https:\/\/benimarkt.at\/index.php?rest_route=\/wp\/v2\/product\/741\/revisions\/13609"}],"wp:featuredmedia":[{"embeddable":true,"href":"https:\/\/benimarkt.at\/index.php?rest_route=\/wp\/v2\/media\/13608"}],"wp:attachment":[{"href":"https:\/\/benimarkt.at\/index.php?rest_route=%2Fwp%2Fv2%2Fmedia&parent=741"}],"wp:term":[{"taxonomy":"product_brand","embeddable":true,"href":"https:\/\/benimarkt.at\/index.php?rest_route=%2Fwp%2Fv2%2Fproduct_brand&post=741"},{"taxonomy":"product_cat","embeddable":true,"href":"https:\/\/benimarkt.at\/index.php?rest_route=%2Fwp%2Fv2%2Fproduct_cat&post=741"},{"taxonomy":"product_tag","embeddable":true,"href":"https:\/\/benimarkt.at\/index.php?rest_route=%2Fwp%2Fv2%2Fproduct_tag&post=741"}],"curies":[{"name":"wp","href":"https:\/\/api.w.org\/{rel}","templated":true}]}}