{"id":737,"date":"2024-04-24T13:06:09","date_gmt":"2024-04-24T11:06:09","guid":{"rendered":"https:\/\/gartenrestposten.de\/?post_type=product&#038;p=737"},"modified":"2025-12-08T13:32:37","modified_gmt":"2025-12-08T13:32:37","slug":"stiga-estate-9102-wx-4wd-rasentraktor","status":"publish","type":"product","link":"https:\/\/benimarkt.at\/?product=stiga-estate-9102-wx-4wd-rasentraktor","title":{"rendered":"STIGA ESTATE 9102 WX 4WD Rasentraktor"},"content":{"rendered":"<div class=\"container\">\n<div class=\"row\">\n<div class=\"col\">\n<div class=\"title\">\n<h5 class=\"heading-white\">Produktdetails und technische Daten<\/h5>\n<\/div>\n<\/div>\n<\/div>\n<\/div>\n<div class=\"container\">\n<div class=\"row\">\n<div class=\"col-md-6 col-lg-7 product-details__description\">\n<div class=\"product attribute description\">\n<div class=\"addReadMore showmorecontent\">\n<p><span class=\"ellipsis\">Der STIGA Estate 9102 WX ist ein hochmoderner Rasentraktor mit Allradantrieb und einem 102 cm langen M\u00e4hwerk, der sich ideal f\u00fcr gro\u00dfe Fl\u00e4chen mit Steigungen, unebenem Gras und anderem schwierigen Gel\u00e4nde eignet.<\/span><\/p>\n<p>Sein 635 cm\u00b3 gro\u00dfer STIGA ST 650-Zweizylindermotor garantiert Ihnen eine hohe Leistung bei weniger erm\u00fcdenden Vibrationen sowie eine Reduzierung des Kraftstoffverbrauchs und der umweltsch\u00e4dlichen Abgase.<\/p>\n<p>Der Estate 9102 WX verf\u00fcgt \u00fcber drei M\u00e4hmodi (Aufsammeln, Mulchen, Heckauswurf) und bietet neun voreingestellte Schnitth\u00f6hen, so dass er f\u00fcr eine Vielzahl von Rasenbedingungen<span class=\"SecSec\">\u00a0optimal konfiguriert werden kann.<\/span><\/p>\n<p>Er verf\u00fcgt \u00fcber ein intelligentes 5,5-Zoll-Breitbild-Display, das n\u00fctzliche Informationen zu allen wichtigen Betriebsparametern liefert, und kombiniert ein erh\u00f6htes Lenkrad mit einem Sitz mit Armlehnen, um einen hervorragenden Fahrerkomfort zu gew\u00e4hrleisten.<\/p>\n<p>Dank seines hydrostatischen Antriebs, der eine stufenlose Steuerung der Fahrgeschwindigkeit \u00fcber ein Fu\u00dfpedal erm\u00f6glicht, ist der Estate 9102 WX angenehm zu fahren und zeichnet sich durch eine hervorragende Man\u00f6vrierf\u00e4higkeit aus.<\/p>\n<p>Die elektromagnetische Messereinschaltung macht das Aktivieren der Zapfwelle zu einem m\u00fchelosen Vorgang, w\u00e4hrend die beiden zeitgesteuerten Messer f\u00fcr ein sauberes Ergebnis sorgen, bei dem kein Grashalm \u00fcbersehen wird.<\/p>\n<p>Die Qualit\u00e4tsmerkmale setzen sich fort &#8211; es gibt eine Motorhaube, die die Luftzufuhr verbessert und die Leistungsabgabe optimiert, und einen robusten Sto\u00dff\u00e4nger, der die Vorderseite des M\u00e4hers im Falle eines versehentlichen Aufpralls sch\u00fctzt. Mulchkit und Anh\u00e4ngerkupplung sind separat erh\u00e4ltlich.<\/p>\n<p>&nbsp;<\/p>\n<\/div>\n<\/div>\n<\/div>\n<\/div>\n<\/div>\n","protected":false},"excerpt":{"rendered":"<p>Leistungsstarker Rasentraktor, ausgestattet mit einem STIGA ST 650 Zweizylindermotor, einem gro\u00dfen 102 cm Doppelmesser-M\u00e4hdeck und einem ger\u00e4umigen Grasfangkorb mit 360 l Fassungsverm\u00f6gen. Ideal f\u00fcr anspruchsvolle M\u00e4h- und Sammelarbeiten auf Rasenfl\u00e4chen bis zu 8000 m\u00b2.<\/p>\n<ul class=\"list_check\">\n<li>Leistungsstarker STIGA ST 650 Zweizylindermotor.<\/li>\n<li>102 cm langes, verst\u00e4rktes M\u00e4hdeck mit 4 Antiskalpierr\u00e4dern.<\/li>\n<li>Der Allradantrieb sorgt f\u00fcr hervorragende Bodenhaftung auf jedem Terrain.<\/li>\n<li>Intelligentes 5,5&#8243;-Breitbild-Display mit allen Betriebsinformationen und Best Cutting Zone.<\/li>\n<li>Leistungsstarke LED-Scheinwerfer und robuster Frontsto\u00dff\u00e4nger<\/li>\n<li>Der Komfort wird durch einen Sitz mit Armlehnen und ein griffiges Lenkrad verbessert.<\/li>\n<\/ul>\n<div class=\"container\">\n<div class=\"row\">\n<div class=\"col\">\n<div class=\"title\"><\/div>\n<\/div>\n<\/div>\n<\/div>\n<div class=\"container\">\n<div class=\"row\">\n<div class=\"col-md-6 col-lg-7 product-details__description\">\n<div class=\"product attribute description\"><\/div>\n<\/div>\n<\/div>\n<\/div>\n","protected":false},"featured_media":13257,"comment_status":"open","ping_status":"closed","template":"","meta":[],"product_brand":[300],"product_cat":[134,135],"product_tag":[462,210,312],"class_list":{"0":"post-737","1":"product","2":"type-product","3":"status-publish","4":"has-post-thumbnail","6":"product_brand-stiga","7":"product_cat-gartenbau","8":"product_cat-rasenmaehertraktor","9":"product_tag-462","10":"product_tag-rasentraktor","11":"product_tag-stiga","13":"first","14":"instock","15":"taxable","16":"shipping-taxable","17":"purchasable","18":"product-type-simple"},"_links":{"self":[{"href":"https:\/\/benimarkt.at\/index.php?rest_route=\/wp\/v2\/product\/737","targetHints":{"allow":["GET"]}}],"collection":[{"href":"https:\/\/benimarkt.at\/index.php?rest_route=\/wp\/v2\/product"}],"about":[{"href":"https:\/\/benimarkt.at\/index.php?rest_route=\/wp\/v2\/types\/product"}],"replies":[{"embeddable":true,"href":"https:\/\/benimarkt.at\/index.php?rest_route=%2Fwp%2Fv2%2Fcomments&post=737"}],"version-history":[{"count":1,"href":"https:\/\/benimarkt.at\/index.php?rest_route=\/wp\/v2\/product\/737\/revisions"}],"predecessor-version":[{"id":11846,"href":"https:\/\/benimarkt.at\/index.php?rest_route=\/wp\/v2\/product\/737\/revisions\/11846"}],"wp:featuredmedia":[{"embeddable":true,"href":"https:\/\/benimarkt.at\/index.php?rest_route=\/wp\/v2\/media\/13257"}],"wp:attachment":[{"href":"https:\/\/benimarkt.at\/index.php?rest_route=%2Fwp%2Fv2%2Fmedia&parent=737"}],"wp:term":[{"taxonomy":"product_brand","embeddable":true,"href":"https:\/\/benimarkt.at\/index.php?rest_route=%2Fwp%2Fv2%2Fproduct_brand&post=737"},{"taxonomy":"product_cat","embeddable":true,"href":"https:\/\/benimarkt.at\/index.php?rest_route=%2Fwp%2Fv2%2Fproduct_cat&post=737"},{"taxonomy":"product_tag","embeddable":true,"href":"https:\/\/benimarkt.at\/index.php?rest_route=%2Fwp%2Fv2%2Fproduct_tag&post=737"}],"curies":[{"name":"wp","href":"https:\/\/api.w.org\/{rel}","templated":true}]}}