{"id":736,"date":"2024-04-24T13:06:09","date_gmt":"2024-04-24T11:06:09","guid":{"rendered":"https:\/\/gartenrestposten.de\/?post_type=product&#038;p=736"},"modified":"2025-12-09T13:34:09","modified_gmt":"2025-12-09T13:34:09","slug":"ego-bcx3800-rasentrimmer-freischneider-fuer-profis","status":"publish","type":"product","link":"https:\/\/benimarkt.at\/?product=ego-bcx3800-rasentrimmer-freischneider-fuer-profis","title":{"rendered":"EGO BCX3800 RASENTRIMMER \/ FREISCHNEIDER F\u00dcR PROFIS"},"content":{"rendered":"<p>&nbsp;<\/p>\n<table class=\"product-accordion__specification-table\">\n<tbody>\n<tr>\n<th class=\"product-accordion__specification-row-heading\">SPANNUNG<\/th>\n<td class=\"product-accordion__specification-row-value\">56 V<\/td>\n<\/tr>\n<tr>\n<th class=\"product-accordion__specification-row-heading\">BRUSHLESS MOTOR<\/th>\n<td class=\"product-accordion__specification-row-value\">B\u00fcrstenloser Motor<\/td>\n<\/tr>\n<tr>\n<th class=\"product-accordion__specification-row-heading\">ANTRIEBSWELLENMATERIAL<\/th>\n<td class=\"product-accordion__specification-row-value\">Kohlefasern<\/td>\n<\/tr>\n<tr>\n<th class=\"product-accordion__specification-row-heading\">IP-KLASSE<\/th>\n<td class=\"product-accordion__specification-row-value\">IPX4<\/td>\n<\/tr>\n<tr>\n<th class=\"product-accordion__specification-row-heading\">GURT<\/th>\n<td class=\"product-accordion__specification-row-value\">Doppelte Schulter<\/td>\n<\/tr>\n<tr>\n<th class=\"product-accordion__specification-row-heading\">DURCHMESSER SCHNEIDMESSER (MM)<\/th>\n<td class=\"product-accordion__specification-row-value\">300<\/td>\n<\/tr>\n<tr>\n<th class=\"product-accordion__specification-row-heading\">SPINDELDURCHMESSER IM SCHNEIDMESSER (MM)<\/th>\n<td class=\"product-accordion__specification-row-value\">25.4<\/td>\n<\/tr>\n<tr>\n<th class=\"product-accordion__specification-row-heading\">LEERLAUFDREHZAHL (U\/MIN)<\/th>\n<td class=\"product-accordion__specification-row-value\">4000-5800<\/td>\n<\/tr>\n<\/tbody>\n<\/table>\n","protected":false},"excerpt":{"rendered":"<p>Die Rasentrimmer\/Freischneider aus unserer Professional-X-Serie verleihen Ihnen die Flexibilit\u00e4t, die Sie brauchen, um hohen Anspr\u00fcchen gerecht zu werden. Mit dem einsatzbereiten 2-kW-Motor k\u00f6nnen Sie selbst den h\u00e4rtesten Untergrund bew\u00e4ltigen. Die Schnittbreite des Rasentrimmers betr\u00e4gt 38 cm, die des dreiseitigen Freischneiders 30 cm.<\/p>\n<p>Das Ger\u00e4t ist vielseitig einsetzbar. Es kann sowohl mit dem mitgelieferten Rasentrimmer- oder Freischneideraufsatz eingesetzt werden als auch mit dem Rotocut RTX2300, der Ihr K\u00f6nnen auf ein neues Niveau hebt.<\/p>\n<p>Wenn der Rasentrimmeraufsatz befestigt ist, befindet sich der Faden in einem manuellen Aufwicklungssystem. Das Ger\u00e4t wird mit 2,4 mm dickem Faden geliefert. Es kann aber auch mit bis zu 3 mm dicken F\u00e4den arbeiten, wenn dichtes Gestr\u00fcpp dies erfordert.<\/p>\n<p>Der dreiseitige Freischneider aus Stahl (ABB1203) besitzt eine Schnittbreite von 30 cm. Sie kommen also auch an schwer zug\u00e4ngliche Stellen heran, die regelm\u00e4\u00dfig ein Problem bilden.<\/p>\n<p>Das Ger\u00e4t besitzt eine variable Geschwindigkeitsregelung, damit Sie garantiert effizient und sicher Arbeiten k\u00f6nnen.<\/p>\n<p>Wenn Sie zwischen dem Rasentrimmerkopf und dem Freischneider (oder dem Rotocut) w\u00e4hlen m\u00fcssen, lesen unbedingt die Bedienungsanleitung, die Sie unten herunterladen k\u00f6nnen oder die Ihrer Bestellung beiliegt. Es ist wichtig, die Anleitungen f\u00fcr eine sichere und korrekte Anwendung zu befolgen.<\/p>\n","protected":false},"featured_media":13622,"comment_status":"open","ping_status":"closed","template":"","meta":[],"product_brand":[297],"product_cat":[134,139],"product_tag":[152,157],"class_list":{"0":"post-736","1":"product","2":"type-product","3":"status-publish","4":"has-post-thumbnail","6":"product_brand-ego","7":"product_cat-gartenbau","8":"product_cat-rasentrimmer","9":"product_tag-ego","10":"product_tag-rasentrimmer","12":"first","13":"outofstock","14":"taxable","15":"shipping-taxable","16":"purchasable","17":"product-type-simple"},"_links":{"self":[{"href":"https:\/\/benimarkt.at\/index.php?rest_route=\/wp\/v2\/product\/736","targetHints":{"allow":["GET"]}}],"collection":[{"href":"https:\/\/benimarkt.at\/index.php?rest_route=\/wp\/v2\/product"}],"about":[{"href":"https:\/\/benimarkt.at\/index.php?rest_route=\/wp\/v2\/types\/product"}],"replies":[{"embeddable":true,"href":"https:\/\/benimarkt.at\/index.php?rest_route=%2Fwp%2Fv2%2Fcomments&post=736"}],"version-history":[{"count":1,"href":"https:\/\/benimarkt.at\/index.php?rest_route=\/wp\/v2\/product\/736\/revisions"}],"predecessor-version":[{"id":11831,"href":"https:\/\/benimarkt.at\/index.php?rest_route=\/wp\/v2\/product\/736\/revisions\/11831"}],"wp:featuredmedia":[{"embeddable":true,"href":"https:\/\/benimarkt.at\/index.php?rest_route=\/wp\/v2\/media\/13622"}],"wp:attachment":[{"href":"https:\/\/benimarkt.at\/index.php?rest_route=%2Fwp%2Fv2%2Fmedia&parent=736"}],"wp:term":[{"taxonomy":"product_brand","embeddable":true,"href":"https:\/\/benimarkt.at\/index.php?rest_route=%2Fwp%2Fv2%2Fproduct_brand&post=736"},{"taxonomy":"product_cat","embeddable":true,"href":"https:\/\/benimarkt.at\/index.php?rest_route=%2Fwp%2Fv2%2Fproduct_cat&post=736"},{"taxonomy":"product_tag","embeddable":true,"href":"https:\/\/benimarkt.at\/index.php?rest_route=%2Fwp%2Fv2%2Fproduct_tag&post=736"}],"curies":[{"name":"wp","href":"https:\/\/api.w.org\/{rel}","templated":true}]}}