{"id":733,"date":"2024-04-24T13:06:08","date_gmt":"2024-04-24T11:06:08","guid":{"rendered":"https:\/\/gartenrestposten.de\/?post_type=product&#038;p=733"},"modified":"2026-03-27T07:54:56","modified_gmt":"2026-03-27T07:54:56","slug":"stiga-tornado-5108-w-benzin-rasentraktor","status":"publish","type":"product","link":"https:\/\/benimarkt.at\/?product=stiga-tornado-5108-w-benzin-rasentraktor","title":{"rendered":"STIGA TORNADO 5108 W Benzin-Rasentraktor"},"content":{"rendered":"<h5>Technische Daten<\/h5>\n<div class=\"col-12 col-md-6\">\n<div class=\"attribute text text-xs\">\n<ul>\n<li class=\"label\">Batteriekapazit\u00e4t: 18 Ah<\/li>\n<li class=\"label\">Power: 10.8 kW<\/li>\n<li class=\"label\">Leistungsquelle: Benzin<\/li>\n<li class=\"label\">Motormodell: ST 550 Twin Powered by STIGA<\/li>\n<li class=\"label\">Hubraum: 586 cm\u00b3<\/li>\n<li class=\"label\">Motordrehzahl: 2800 rpm<\/li>\n<li class=\"label\">Batteriespannung: 12 V<\/li>\n<li class=\"label\">K\u00fchlsystem: Luftgek\u00fchlt<\/li>\n<li class=\"label\">Tankinhalt: 6 l<\/li>\n<li class=\"label\">Maximale Arbeitsfl\u00e4che: 6500 \u33a1<\/li>\n<\/ul>\n<h5>Zubeh\u00f6r<\/h5>\n<ul>\n<li>1 x STIGA TORNADO 5108 W Benzin-Rasentraktor<\/li>\n<\/ul>\n<\/div>\n<\/div>\n","protected":false},"excerpt":{"rendered":"<p>Der vielseitige Stiga TORNADO 5108 W ist mit Seitenauswurf und optional erh\u00e4ltlicher Mulchfunktion ausgestattet und ist in h\u00f6herem, dichtem Gras genauso effektiv wie auf einem gepflegten, formalen Rasen!<\/p>\n<p>Im Seitenauswurf wird das zum Mulchen zu lange Gras abgeschnitten und mit hoher Geschwindigkeit nach rechts ausgeworfen, wo es sich in sauberen Reihen ansammelt, bevor es allm\u00e4hlich verwelkt.<\/p>\n<p>Im Mulchbetrieb wird das Schnittgut unter dem M\u00e4hdeck gehalten und zerkleinert, bevor es durch einen kr\u00e4ftigen Luftstrom wieder in die Grasnarbe gedr\u00fcckt wird.<\/p>\n","protected":false},"featured_media":13191,"comment_status":"open","ping_status":"closed","template":"","meta":[],"product_brand":[300],"product_cat":[134,135],"product_tag":[464,210,312],"class_list":{"0":"post-733","1":"product","2":"type-product","3":"status-publish","4":"has-post-thumbnail","6":"product_brand-stiga","7":"product_cat-gartenbau","8":"product_cat-rasenmaehertraktor","9":"product_tag-464","10":"product_tag-rasentraktor","11":"product_tag-stiga","13":"first","14":"outofstock","15":"taxable","16":"shipping-taxable","17":"purchasable","18":"product-type-simple"},"_links":{"self":[{"href":"https:\/\/benimarkt.at\/index.php?rest_route=\/wp\/v2\/product\/733","targetHints":{"allow":["GET"]}}],"collection":[{"href":"https:\/\/benimarkt.at\/index.php?rest_route=\/wp\/v2\/product"}],"about":[{"href":"https:\/\/benimarkt.at\/index.php?rest_route=\/wp\/v2\/types\/product"}],"replies":[{"embeddable":true,"href":"https:\/\/benimarkt.at\/index.php?rest_route=%2Fwp%2Fv2%2Fcomments&post=733"}],"version-history":[{"count":2,"href":"https:\/\/benimarkt.at\/index.php?rest_route=\/wp\/v2\/product\/733\/revisions"}],"predecessor-version":[{"id":11893,"href":"https:\/\/benimarkt.at\/index.php?rest_route=\/wp\/v2\/product\/733\/revisions\/11893"}],"wp:featuredmedia":[{"embeddable":true,"href":"https:\/\/benimarkt.at\/index.php?rest_route=\/wp\/v2\/media\/13191"}],"wp:attachment":[{"href":"https:\/\/benimarkt.at\/index.php?rest_route=%2Fwp%2Fv2%2Fmedia&parent=733"}],"wp:term":[{"taxonomy":"product_brand","embeddable":true,"href":"https:\/\/benimarkt.at\/index.php?rest_route=%2Fwp%2Fv2%2Fproduct_brand&post=733"},{"taxonomy":"product_cat","embeddable":true,"href":"https:\/\/benimarkt.at\/index.php?rest_route=%2Fwp%2Fv2%2Fproduct_cat&post=733"},{"taxonomy":"product_tag","embeddable":true,"href":"https:\/\/benimarkt.at\/index.php?rest_route=%2Fwp%2Fv2%2Fproduct_tag&post=733"}],"curies":[{"name":"wp","href":"https:\/\/api.w.org\/{rel}","templated":true}]}}