{"id":729,"date":"2024-04-24T13:06:08","date_gmt":"2024-04-24T11:06:08","guid":{"rendered":"https:\/\/gartenrestposten.de\/?post_type=product&#038;p=729"},"modified":"2026-01-08T09:25:29","modified_gmt":"2026-01-08T09:25:29","slug":"ego-snt2400e-schneefraese","status":"publish","type":"product","link":"https:\/\/benimarkt.at\/?product=ego-snt2400e-schneefraese","title":{"rendered":"EGO SNT2400E 61cm zweistufige Schneefr\u00e4se mit Kostenloser Versand"},"content":{"rendered":"<p>&nbsp;<\/p>\n<table class=\"data-table\">\n<tbody>\n<tr>\n<td>Drehzahleinstellung<\/td>\n<td>Mit Radantrieb 0.4 &#8211; 1.2 m\/s<\/td>\n<\/tr>\n<tr>\n<td>Gewicht ohne Akku<\/td>\n<td>68 kg<\/td>\n<\/tr>\n<tr>\n<td>Motorart<\/td>\n<td>B\u00fcrstenlos<\/td>\n<\/tr>\n<tr>\n<td>Ger\u00e4uschemission LpA<\/td>\n<td>83 IPa<\/td>\n<\/tr>\n<tr>\n<td>Ger\u00e4uschemission LwA<\/td>\n<td>97 LwA<\/td>\n<\/tr>\n<tr>\n<td>Vibration<\/td>\n<td>0,3\/0,4 M\/S<\/td>\n<\/tr>\n<tr>\n<td>F\u00f6rderschnecke<\/td>\n<td>Stahl 28 cm<\/td>\n<\/tr>\n<tr>\n<td>Reinigungsbereich bei 15 cm<\/td>\n<td>223 m2<\/td>\n<\/tr>\n<tr>\n<td>R\u00e4umbreite<\/td>\n<td>61 cm<\/td>\n<\/tr>\n<tr>\n<td>\u00d6ffnungsh\u00f6he<\/td>\n<td>51 cm<\/td>\n<\/tr>\n<tr>\n<td>Akku-Sch\u00e4chte<\/td>\n<td>2 parallel<\/td>\n<\/tr>\n<tr>\n<td>Wurfweite (Schwerer Schnee)<\/td>\n<td>7,6 m<\/td>\n<\/tr>\n<tr>\n<td>Wurfweite (Max.)<\/td>\n<td>13 m<\/td>\n<\/tr>\n<\/tbody>\n<\/table>\n","protected":false},"excerpt":{"rendered":"<p>Die neue zweistufige\u00a0<strong>EGO Power Schneefr\u00e4se SNT2400E<\/strong>\u00a0bietet die Kraft und die Leistung vergleichbarer benzinbetriebener Ger\u00e4te &#8211; jedoch ohne L\u00e4rm, M\u00fche und Abgase.<\/p>\n<p>Die Peak Power\u2122 Technologie kombiniert die Leistung von zwei beliebigen EGO 56V Arc Lithium\u2122 Batterien, um selbst h\u00e4rteste Schneebedingungen mit Leichtigkeit zu meistern &#8211; zwei Akkus liefern bei h\u00e4rteren Anforderungen maximale Leistung.<\/p>\n<p>Der Radantrieb mit variabler Geschwindigkeit sorgt f\u00fcr einen bequemen Einsatz und ein zus\u00e4tzlicher R\u00fcckw\u00e4rtsgang erleichtert das Rangieren in engen Platzverh\u00e4ltnissen.<\/p>\n<p>Mit einer R\u00e4umbreite von 61 cm und einer Aufnahmeh\u00f6he von 50 cm bew\u00e4ltigt die neue Schneefr\u00e4se schwierige Schneeverh\u00e4ltnisse schnell und m\u00fchelos. Selbst mehr als 35 cm Schneeh\u00f6he auf einer acht Autol\u00e4ngen gro\u00dfen Einfahrt r\u00e4umt sie problemlos frei.<\/p>\n<p>Und die vier hell strahlenden LED-Leuchten erleichtern die R\u00e4umung am fr\u00fchen Morgen oder sp\u00e4ten Abend.<\/p>\n<p>Die F\u00f6rderschnecke mit variabler Geschwindigkeit und der verstellbare 200 Grad-Auswurf erlauben die vollst\u00e4ndige Kontrolle \u00fcber Richtung und Wurfweite von bis zu 15 Metern. Die Bedienelemente lassen sich dabei auch mit dicken Winterhandschuhen leicht bedienen.<\/p>\n","protected":false},"featured_media":14013,"comment_status":"open","ping_status":"closed","template":"","meta":[],"product_brand":[297],"product_cat":[138],"product_tag":[574,152,325],"class_list":{"0":"post-729","1":"product","2":"type-product","3":"status-publish","4":"has-post-thumbnail","6":"product_brand-ego","7":"product_cat-schneefraesen","8":"product_tag-574","9":"product_tag-ego","10":"product_tag-schneefraesen","12":"first","13":"outofstock","14":"taxable","15":"shipping-taxable","16":"purchasable","17":"product-type-simple"},"_links":{"self":[{"href":"https:\/\/benimarkt.at\/index.php?rest_route=\/wp\/v2\/product\/729","targetHints":{"allow":["GET"]}}],"collection":[{"href":"https:\/\/benimarkt.at\/index.php?rest_route=\/wp\/v2\/product"}],"about":[{"href":"https:\/\/benimarkt.at\/index.php?rest_route=\/wp\/v2\/types\/product"}],"replies":[{"embeddable":true,"href":"https:\/\/benimarkt.at\/index.php?rest_route=%2Fwp%2Fv2%2Fcomments&post=729"}],"version-history":[{"count":3,"href":"https:\/\/benimarkt.at\/index.php?rest_route=\/wp\/v2\/product\/729\/revisions"}],"predecessor-version":[{"id":14015,"href":"https:\/\/benimarkt.at\/index.php?rest_route=\/wp\/v2\/product\/729\/revisions\/14015"}],"wp:featuredmedia":[{"embeddable":true,"href":"https:\/\/benimarkt.at\/index.php?rest_route=\/wp\/v2\/media\/14013"}],"wp:attachment":[{"href":"https:\/\/benimarkt.at\/index.php?rest_route=%2Fwp%2Fv2%2Fmedia&parent=729"}],"wp:term":[{"taxonomy":"product_brand","embeddable":true,"href":"https:\/\/benimarkt.at\/index.php?rest_route=%2Fwp%2Fv2%2Fproduct_brand&post=729"},{"taxonomy":"product_cat","embeddable":true,"href":"https:\/\/benimarkt.at\/index.php?rest_route=%2Fwp%2Fv2%2Fproduct_cat&post=729"},{"taxonomy":"product_tag","embeddable":true,"href":"https:\/\/benimarkt.at\/index.php?rest_route=%2Fwp%2Fv2%2Fproduct_tag&post=729"}],"curies":[{"name":"wp","href":"https:\/\/api.w.org\/{rel}","templated":true}]}}