{"id":727,"date":"2024-04-24T13:06:08","date_gmt":"2024-04-24T11:06:08","guid":{"rendered":"https:\/\/gartenrestposten.de\/?post_type=product&#038;p=727"},"modified":"2025-12-11T14:08:20","modified_gmt":"2025-12-11T14:08:20","slug":"ego-zt4201e-l-power-aufsitzrasenmaeher-inkl-1600w-ladegeraet","status":"publish","type":"product","link":"https:\/\/benimarkt.at\/?product=ego-zt4201e-l-power-aufsitzrasenmaeher-inkl-1600w-ladegeraet","title":{"rendered":"EGO ZT4201E-L Power Aufsitzrasenm\u00e4her Kit (mit 4x10Ah Akku+Ladeger\u00e4t)"},"content":{"rendered":"<p>&nbsp;<\/p>\n<table class=\"product-accordion__specification-table\">\n<tbody>\n<tr>\n<th class=\"product-accordion__specification-row-heading\">SPANNUNG<\/th>\n<td class=\"product-accordion__specification-row-value\">56 V<\/td>\n<\/tr>\n<tr>\n<th class=\"product-accordion__specification-row-heading\">AKKU-ANSCHLUSS<\/th>\n<td class=\"product-accordion__specification-row-value\">Multi Port<\/td>\n<\/tr>\n<tr>\n<th class=\"product-accordion__specification-row-heading\">BRUSHLESS MOTOR<\/th>\n<td class=\"product-accordion__specification-row-value\">B\u00fcrstenloser Motor<\/td>\n<\/tr>\n<tr>\n<th class=\"product-accordion__specification-row-heading\">SCHNITTH\u00d6HE ANZAHL<\/th>\n<td class=\"product-accordion__specification-row-value\">10<\/td>\n<\/tr>\n<tr>\n<th class=\"product-accordion__specification-row-heading\">SITZAUFH\u00c4NGUNG<\/th>\n<td class=\"product-accordion__specification-row-value\">Ja<\/td>\n<\/tr>\n<tr>\n<th class=\"product-accordion__specification-row-heading\">LCD-ANZEIGE<\/th>\n<td class=\"product-accordion__specification-row-value\">5 in<\/td>\n<\/tr>\n<tr>\n<th class=\"product-accordion__specification-row-heading\">IP-KLASSE<\/th>\n<td class=\"product-accordion__specification-row-value\">IPX4<\/td>\n<\/tr>\n<tr>\n<th class=\"product-accordion__specification-row-heading\">R\u00dcCKW\u00c4RTSGESCHWINDIGKEIT (KM\/H)<\/th>\n<td class=\"product-accordion__specification-row-value\">5.6<\/td>\n<\/tr>\n<tr>\n<th class=\"product-accordion__specification-row-heading\">VORDERRAD GR\u00d6SSE (CM<\/th>\n<td class=\"product-accordion__specification-row-value\">27.94 X10.16<\/td>\n<\/tr>\n<tr>\n<th class=\"product-accordion__specification-row-heading\">GR\u00d6SSE DES HINTERRADS (CM<\/th>\n<td class=\"product-accordion__specification-row-value\">45.72X21.59<\/td>\n<\/tr>\n<tr>\n<th class=\"product-accordion__specification-row-heading\">L\u00c4NGE DES WERKZEUGS (MM)<\/th>\n<td class=\"product-accordion__specification-row-value\">1950.72<\/td>\n<\/tr>\n<tr>\n<th class=\"product-accordion__specification-row-heading\">WERKZEUGBREITE (MM)<\/th>\n<td class=\"product-accordion__specification-row-value\">1127.76<\/td>\n<\/tr>\n<tr>\n<th class=\"product-accordion__specification-row-heading\">WERKZEUGH\u00d6HE (MM)<\/th>\n<td class=\"product-accordion__specification-row-value\">975.36<\/td>\n<\/tr>\n<\/tbody>\n<\/table>\n<p>&nbsp;<\/p>\n","protected":false},"excerpt":{"rendered":"<div class=\"csc-header csc-header-n3\">\n<p><span style=\"font-size: 12pt;\"><strong>ZT4201E-L: Inkl.\u00a0<\/strong><\/span><\/p>\n<p><span style=\"font-size: 12pt;\"><strong>&#8211; 1x Mulchstopfen (AMP4200)<\/strong><\/span><\/p>\n<p><span style=\"font-size: 12pt;\"><strong>&#8211; 1x EGO CHV 1600-W-Ladeger\u00e4t (CHV1600E)<\/strong><\/span><\/p>\n<p><span style=\"font-size: 12pt;\"><strong>&#8211; 4x 10Ah Akku (4 x BA 5600T 10Ah)<\/strong><\/span><\/p>\n<p>Der Z6 bietet die gleiche Leistung wie ein 22-PS-Benzinmotor, jedoch ohne sch\u00e4dliche Abgase.<\/p>\n<p>Mit einer einzigen Akkuladung von sechs 12-Ah-Akkus m\u00e4hen Sie bis zu 10.000 m2 Fl\u00e4che.<\/p>\n<p>Sie k\u00f6nnen die Akkukombination genau auf die Gr\u00f6\u00dfe Ihres Rasens und Ihre bevorzugte M\u00e4hweise abstimmen &#8211; anders als bei jedem anderen akkubetriebenen Null-Wendekreism\u00e4her auf dem Markt.<\/p>\n<p>Das branchenweit schnellste Ladeger\u00e4t l\u00e4dt die Akkus in nur zwei Stunden vollst\u00e4ndig auf, viermal schneller als die Konkurrenz.<\/p>\n<p>Vier unabh\u00e4ngigen b\u00fcrstenlose Motoren gew\u00e4hrleisten die Kraft und die Leistung von Benzinmotoren, um die Arbeit zu erledigen.<\/p>\n<p>Der Rasenm\u00e4her erreicht eine H\u00f6chstgeschwindigkeit von 13 km\/h (8 MPH) und kann mit einer einzigen Ladung von sechs 12-Ah-Akkus mehr als einen Hektar m\u00e4hen.<\/p>\n<p>Die LCD-Benutzeroberfl\u00e4che ist intuitiv gestaltet, sodass Sie das Tempo, die Fahrweise und die Schneidegeschwindigkeit steuern k\u00f6nnen.<\/p>\n<p>Der Bildschirm zeigt auch den Akkustand an.<\/p>\n<p>Sie haben die Wahl zwischen drei Fahrweisen.<\/p>\n<ul>\n<li>Der Standardmodus eignet sich f\u00fcr allt\u00e4gliche Aufgaben.<\/li>\n<li>Im Kontrollmodus wird die Grasnarbe geschont und k\u00f6nnen neue Zero-Turn-Benutzer sich mit dem Ger\u00e4t vertraut machen.<\/li>\n<li>Im Sportmodus f\u00fchrt der Rasenm\u00e4her Pr\u00e4zisionsschnitte in scharfen Kurven aus.<\/li>\n<\/ul>\n<p>Sie verf\u00fcgen f\u00fcr die Schnitth\u00f6he \u00fcber 10 Stufen von 2,5 bis 10 cm. Die Schnitth\u00f6he stellen Sie einh\u00e4ndig an den ergonomischen Handgriffen ein.<\/p>\n<p>Sie haben die Wahl zwischen Mulchen, Aufsammeln oder seitlichem Auswurf w\u00e4hrend des M\u00e4hens. Sie bekommen nicht nur den perfekten Cut, sondern wissen auch, wohin mit dem Schnittgut. (Ein Fangkorbaufsatz sind separat erh\u00e4ltlich.)<\/p>\n<p>Das ist noch nicht alles: 32 lichtstarke LED-Leuchten verbessern Ihre Sicht, wenn die Bedingungen schwieriger werden.<\/p>\n<p>Das Ger\u00e4t besitzt auch einen Getr\u00e4nkehalter f\u00fcr gro\u00dfe Becher, damit Sie w\u00e4hrend der Arbeit immer genug trinken k\u00f6nnen.<\/p>\n<p>Au\u00dferdem gibt es ein Staufach mit einem Steckplatz f\u00fcr Ihr Mobiltelefon, das Sie \u00fcber den praktischen USB-Anschluss auch w\u00e4hrend der Fahrt aufladen k\u00f6nnen.<\/p>\n<\/div>\n","protected":false},"featured_media":13623,"comment_status":"open","ping_status":"closed","template":"","meta":[],"product_brand":[297],"product_cat":[134,135,124],"product_tag":[513,152,210],"class_list":{"0":"post-727","1":"product","2":"type-product","3":"status-publish","4":"has-post-thumbnail","6":"product_brand-ego","7":"product_cat-gartenbau","8":"product_cat-rasenmaehertraktor","9":"product_cat-rasentraktor","10":"product_tag-513","11":"product_tag-ego","12":"product_tag-rasentraktor","14":"first","15":"instock","16":"taxable","17":"shipping-taxable","18":"purchasable","19":"product-type-simple"},"_links":{"self":[{"href":"https:\/\/benimarkt.at\/index.php?rest_route=\/wp\/v2\/product\/727","targetHints":{"allow":["GET"]}}],"collection":[{"href":"https:\/\/benimarkt.at\/index.php?rest_route=\/wp\/v2\/product"}],"about":[{"href":"https:\/\/benimarkt.at\/index.php?rest_route=\/wp\/v2\/types\/product"}],"replies":[{"embeddable":true,"href":"https:\/\/benimarkt.at\/index.php?rest_route=%2Fwp%2Fv2%2Fcomments&post=727"}],"version-history":[{"count":7,"href":"https:\/\/benimarkt.at\/index.php?rest_route=\/wp\/v2\/product\/727\/revisions"}],"predecessor-version":[{"id":13046,"href":"https:\/\/benimarkt.at\/index.php?rest_route=\/wp\/v2\/product\/727\/revisions\/13046"}],"wp:featuredmedia":[{"embeddable":true,"href":"https:\/\/benimarkt.at\/index.php?rest_route=\/wp\/v2\/media\/13623"}],"wp:attachment":[{"href":"https:\/\/benimarkt.at\/index.php?rest_route=%2Fwp%2Fv2%2Fmedia&parent=727"}],"wp:term":[{"taxonomy":"product_brand","embeddable":true,"href":"https:\/\/benimarkt.at\/index.php?rest_route=%2Fwp%2Fv2%2Fproduct_brand&post=727"},{"taxonomy":"product_cat","embeddable":true,"href":"https:\/\/benimarkt.at\/index.php?rest_route=%2Fwp%2Fv2%2Fproduct_cat&post=727"},{"taxonomy":"product_tag","embeddable":true,"href":"https:\/\/benimarkt.at\/index.php?rest_route=%2Fwp%2Fv2%2Fproduct_tag&post=727"}],"curies":[{"name":"wp","href":"https:\/\/api.w.org\/{rel}","templated":true}]}}