{"id":722,"date":"2024-04-24T13:06:07","date_gmt":"2024-04-24T11:06:07","guid":{"rendered":"https:\/\/gartenrestposten.de\/?post_type=product&#038;p=722"},"modified":"2025-12-19T13:27:54","modified_gmt":"2025-12-19T13:27:54","slug":"stiga-bc-555-b-benzin-motorsense","status":"publish","type":"product","link":"https:\/\/benimarkt.at\/?product=stiga-bc-555-b-benzin-motorsense","title":{"rendered":"STIGA BC 555 B Benzin Motorsense"},"content":{"rendered":"<h5><b>Technische Daten<\/b><\/h5>\n<ul>\n<li>Schalldruckpegel: 100,8 dB<\/li>\n<li>Schneidsystem: Messer, Doppelfaden<\/li>\n<li>Leistung (PS): 2,1 PS<\/li>\n<li>Tankinhalt: 1 l<\/li>\n<li>Motortyp: 2-Takt<\/li>\n<li>Kraftstoff: Mischung 40:1<\/li>\n<li>Antriebsart: Benzin<\/li>\n<li>Messersystem: 3-Zahn-Messer<\/li>\n<li>Leistung: 1,55 kW<\/li>\n<\/ul>\n","protected":false},"excerpt":{"rendered":"<h5>Zuverl\u00e4ssig und robust: die Benzin Motorsense STIGA BC 555 B<\/h5>\n<p>Mit ihrem 51,3 cm\u00b3 Motor ist die STIGA BC 555 B die zuverl\u00e4ssige Motorsense, die Dich bei der Bew\u00e4ltigung anspruchsvoller Aufgaben unterst\u00fctzt.<\/p>\n<p>Im Lieferumfang enthalten ist ein Tap&amp;Go-Nylonfaden, dessen Faden freigesetzt wird, wenn Du den Trimmerkopf auf den Boden dr\u00fcckst.<\/p>\n<p>Die Schnittbreite betr\u00e4gt hier stolze 45 cm.<\/p>\n<p>Zudem erh\u00e4ltst Du ein Dreizahnmesser mit einem Durchmesser von 25,5 cm, das Dich auch widerspenstiges Gras oder Gestr\u00fcpp ohne Probleme entfernen l\u00e4sst.<\/p>\n<p>Nat\u00fcrlich bekommst Du das passende Werkzeuge zum Wechsel der M\u00e4hwerkzeuge der Benzin Motorsense BC 555 B gleich mitgeliefert.<\/p>\n<ul class=\"ArticleInfoPropertyList Copy--strong\">\n<li class=\"ArticleInfoPropertyListBar\">51,7 cm\u00b3 2-Takt Motor mit 1,55 kW (2,1 PS)<\/li>\n<li class=\"ArticleInfoPropertyListBar\">Arbeitsbreite Doppelfadenspule: 45 cm<\/li>\n<li class=\"ArticleInfoPropertyListBar\">Arbeitsbreite 3T-Messer: 25,5 cm<\/li>\n<li class=\"ArticleInfoPropertyListBar\">Tap&amp;Go Doppelfadenspule, Fadenverl\u00e4ngerung durch auftippen<\/li>\n<li class=\"ArticleInfoPropertyListBar\">Bikehandle-Griff und Luxus Doppel-Tragegurt<\/li>\n<\/ul>\n","protected":false},"featured_media":13202,"comment_status":"open","ping_status":"closed","template":"","meta":[],"product_brand":[300],"product_cat":[134,136],"product_tag":[465,333,312],"class_list":{"0":"post-722","1":"product","2":"type-product","3":"status-publish","4":"has-post-thumbnail","6":"product_brand-stiga","7":"product_cat-gartenbau","8":"product_cat-motorsensen","9":"product_tag-465","10":"product_tag-motorsense","11":"product_tag-stiga","13":"first","14":"instock","15":"taxable","16":"shipping-taxable","17":"purchasable","18":"product-type-simple"},"_links":{"self":[{"href":"https:\/\/benimarkt.at\/index.php?rest_route=\/wp\/v2\/product\/722","targetHints":{"allow":["GET"]}}],"collection":[{"href":"https:\/\/benimarkt.at\/index.php?rest_route=\/wp\/v2\/product"}],"about":[{"href":"https:\/\/benimarkt.at\/index.php?rest_route=\/wp\/v2\/types\/product"}],"replies":[{"embeddable":true,"href":"https:\/\/benimarkt.at\/index.php?rest_route=%2Fwp%2Fv2%2Fcomments&post=722"}],"version-history":[{"count":1,"href":"https:\/\/benimarkt.at\/index.php?rest_route=\/wp\/v2\/product\/722\/revisions"}],"predecessor-version":[{"id":11904,"href":"https:\/\/benimarkt.at\/index.php?rest_route=\/wp\/v2\/product\/722\/revisions\/11904"}],"wp:featuredmedia":[{"embeddable":true,"href":"https:\/\/benimarkt.at\/index.php?rest_route=\/wp\/v2\/media\/13202"}],"wp:attachment":[{"href":"https:\/\/benimarkt.at\/index.php?rest_route=%2Fwp%2Fv2%2Fmedia&parent=722"}],"wp:term":[{"taxonomy":"product_brand","embeddable":true,"href":"https:\/\/benimarkt.at\/index.php?rest_route=%2Fwp%2Fv2%2Fproduct_brand&post=722"},{"taxonomy":"product_cat","embeddable":true,"href":"https:\/\/benimarkt.at\/index.php?rest_route=%2Fwp%2Fv2%2Fproduct_cat&post=722"},{"taxonomy":"product_tag","embeddable":true,"href":"https:\/\/benimarkt.at\/index.php?rest_route=%2Fwp%2Fv2%2Fproduct_tag&post=722"}],"curies":[{"name":"wp","href":"https:\/\/api.w.org\/{rel}","templated":true}]}}