{"id":715,"date":"2024-04-24T13:06:06","date_gmt":"2024-04-24T11:06:06","guid":{"rendered":"https:\/\/gartenrestposten.de\/?post_type=product&#038;p=715"},"modified":"2026-02-18T11:22:46","modified_gmt":"2026-02-18T11:22:46","slug":"stiga-estate-598-w-rasentraktor","status":"publish","type":"product","link":"https:\/\/benimarkt.at\/?product=stiga-estate-598-w-rasentraktor","title":{"rendered":"Stiga Estate 598 W Rasentraktor (inkl. Mulchstecker, Anh\u00e4ngerkupplung und Batterieladeger\u00e4t) mit Gratis Mulchmesser"},"content":{"rendered":"<h3>Technische Daten<\/h3>\n<ul>\n<li>Nennleistung: 10,4 kW<\/li>\n<li>Gewicht: 165 kg<\/li>\n<li>Schnittbreite: 98 cm<\/li>\n<li>Schnitth\u00f6he: 25-80 mm<\/li>\n<li>maximale Rasenfl\u00e4che: bis 5000 m\u00b2<\/li>\n<li>Grasfangkorb-Volumen: 240 l<\/li>\n<li>Tankinhalt: 6 l<\/li>\n<li>Hubraum: 586 cm\u00b3<\/li>\n<li>Schalldruckpegel LpA: 86 dB(A)<\/li>\n<li>Vibrationswert ahw Sitz: 0,7 m\/s\u00b2<\/li>\n<li>Vibrationswert ahw Lenkrad: 8,2 m\/s\u00b2<\/li>\n<li>Antrieb: Hinterradantrieb<\/li>\n<li>Motortyp: ST 550 Twin<\/li>\n<li>Getriebe: hydrostatisch<\/li>\n<li>Schnitth\u00f6henverstellung: 7-stufig<\/li>\n<\/ul>\n<h3>Lieferumfang:<\/h3>\n<ul>\n<li>1 x Stiga Estate 598 W Rasentraktor<\/li>\n<li>1 x Anh\u00e4ngerkupplung<\/li>\n<li>1 x Batterieladeger\u00e4t<\/li>\n<li>1 x Mulchstecker<\/li>\n<li>2 x Mulchmesser (Gratis)<\/li>\n<\/ul>\n","protected":false},"excerpt":{"rendered":"<h3>Eigenschaften<\/h3>\n<p>Der Estate 598 ist ideal zum M\u00e4hen von unebenem Rasen oder gro\u00dfen Fl\u00e4chen von 5.500 m2 mit Unkraut und dichtem Gras. Ausgestattet mit dem Zweizylindermotor STIGA ST 550 586 cc f\u00fcr Leistung, Sicherheit und Zuverl\u00e4ssigkeit. Dieses f\u00fcr schwere M\u00e4harbeiten konzipierte Sammelmodell ist mit einem 98er-M\u00e4hdeck, 2 gefl\u00fcgelten, rotierenden Messern und einer Stahlvorderachse ausgestattet. Ihr langj\u00e4hriger Verb\u00fcndeter bei der Rasenpflege. Ausgestattet mit dem Zweizylindermotor STIGA ST 550 586 cc f\u00fcr Leistung, Sicherheit und Zuverl\u00e4ssigkeit. Dieses f\u00fcr schwere M\u00e4harbeiten konzipierte Sammelmodell ist mit einem 98er-M\u00e4hdeck, 2 gefl\u00fcgelten, rotierenden Messern und einer Stahlvorderachse ausgestattet. Ihr langj\u00e4hriger Verb\u00fcndeter bei der Rasenpflege.<\/p>\n<p>&nbsp;<\/p>\n<ul class=\"list_check\">\n<li>Zuverl\u00e4ssig, leistungsstark &#8211; Verlassen Sie sich auf die dauerhafte Zuverl\u00e4ssigkeit und Leistung eines ST 550 Powered by STIGA-Motors mit 586 cm\u00b3, der f\u00fcr schwere Gartenarbeiten entwickelt wurde.<\/li>\n<li>Erstklassig &#8211; Hervorragende M\u00e4h- und Sammelergebnisse von Europas f\u00fchrendem Hersteller<\/li>\n<li>H\u00f6chste Auffangleistung &#8211; f\u00fcr saubere Ergebnisse und m\u00fcheloses M\u00e4hen bei jedem Einsatz. Er wird mit einem 240-l-Fangsack f\u00fcr langes Arbeiten geliefert<\/li>\n<li>Sanftes hydrostatisches Getriebe &#8211; genie\u00dfen Sie einen nahtlosen und fl\u00fcssigen Antrieb mit dem hydrostatischen Getriebe und dem 98 cm M\u00e4hdeck<\/li>\n<li>Armaturenbrett mit 1 LED-Anzeige &#8211; leuchtet, wenn die Maschine bereit ist, und ert\u00f6nt, wenn der Grasfangbeh\u00e4lter voll ist.<\/li>\n<\/ul>\n<p>Lieferumfang &#8211; Mulchstecker, Anh\u00e4ngerkupplung und Batterieladeger\u00e4t inklusive<\/p>\n<p>Die Ware wird Betriebsbereit zu Ihnen geliefert.<\/p>\n<p>&nbsp;<\/p>\n","protected":false},"featured_media":13154,"comment_status":"open","ping_status":"closed","template":"","meta":[],"product_brand":[300],"product_cat":[134,135],"product_tag":[467,210,312],"class_list":{"0":"post-715","1":"product","2":"type-product","3":"status-publish","4":"has-post-thumbnail","6":"product_brand-stiga","7":"product_cat-gartenbau","8":"product_cat-rasenmaehertraktor","9":"product_tag-467","10":"product_tag-rasentraktor","11":"product_tag-stiga","13":"first","14":"instock","15":"taxable","16":"shipping-taxable","17":"purchasable","18":"product-type-simple"},"_links":{"self":[{"href":"https:\/\/benimarkt.at\/index.php?rest_route=\/wp\/v2\/product\/715","targetHints":{"allow":["GET"]}}],"collection":[{"href":"https:\/\/benimarkt.at\/index.php?rest_route=\/wp\/v2\/product"}],"about":[{"href":"https:\/\/benimarkt.at\/index.php?rest_route=\/wp\/v2\/types\/product"}],"replies":[{"embeddable":true,"href":"https:\/\/benimarkt.at\/index.php?rest_route=%2Fwp%2Fv2%2Fcomments&post=715"}],"version-history":[{"count":1,"href":"https:\/\/benimarkt.at\/index.php?rest_route=\/wp\/v2\/product\/715\/revisions"}],"predecessor-version":[{"id":11914,"href":"https:\/\/benimarkt.at\/index.php?rest_route=\/wp\/v2\/product\/715\/revisions\/11914"}],"wp:featuredmedia":[{"embeddable":true,"href":"https:\/\/benimarkt.at\/index.php?rest_route=\/wp\/v2\/media\/13154"}],"wp:attachment":[{"href":"https:\/\/benimarkt.at\/index.php?rest_route=%2Fwp%2Fv2%2Fmedia&parent=715"}],"wp:term":[{"taxonomy":"product_brand","embeddable":true,"href":"https:\/\/benimarkt.at\/index.php?rest_route=%2Fwp%2Fv2%2Fproduct_brand&post=715"},{"taxonomy":"product_cat","embeddable":true,"href":"https:\/\/benimarkt.at\/index.php?rest_route=%2Fwp%2Fv2%2Fproduct_cat&post=715"},{"taxonomy":"product_tag","embeddable":true,"href":"https:\/\/benimarkt.at\/index.php?rest_route=%2Fwp%2Fv2%2Fproduct_tag&post=715"}],"curies":[{"name":"wp","href":"https:\/\/api.w.org\/{rel}","templated":true}]}}