{"id":527,"date":"2024-04-17T15:03:26","date_gmt":"2024-04-17T13:03:26","guid":{"rendered":"https:\/\/gartenrestposten.de\/?post_type=product&#038;p=527"},"modified":"2025-12-19T14:54:32","modified_gmt":"2025-12-19T14:54:32","slug":"527","status":"publish","type":"product","link":"https:\/\/benimarkt.at\/?product=527","title":{"rendered":"STIGA Estate 384M Rasentraktor &#8211; ST 400"},"content":{"rendered":"<h3 class=\"product-description__title\">Beschreibung<\/h3>\n<div class=\"product-description__attribute description\">\n<div class=\"tsu-truncate-text _initialized _open\">\n<div class=\"tsu-truncate-text__content\">Der Aufsitzm\u00e4her STIGA Estate 384 M hat einen ST 400 Powered by STIGA Benzinmotor mit einer Nettoleistung von 5,8 kW bei 2400 U\/min. Dieser Aufsitzm\u00e4her verf\u00fcgt \u00fcber ein mechanisches Getriebe mit 5 Vorw\u00e4rts- und 1 R\u00fcckw\u00e4rtsgang, einen 200 l fassenden Grasfangkorb und ein erh\u00f6htes Lenkrad, um ein ergonomisches und komfortables Fahren zu gew\u00e4hrleisten. Das 84 cm lange M\u00e4hdeck verf\u00fcgt \u00fcber zwei Messer und sieben Schnitth\u00f6heneinstellungen von 25 bis 80 mm sowie eine praktische elektromagnetische Messerkupplung, die per Knopfdruck bet\u00e4tigt wird. Der Estate 384 M kann auch zum Mulchen von Grasschnitt verwendet werden. Mulchkeil und Anh\u00e4ngerkupplung im Lieferumfang enthalten, Batterieladeger\u00e4t separat erh\u00e4ltlich. Das ergonomische Lenkrad von STIGA in Verbindung mit dem verstellbaren Hochlehner-Sitz von STIGA Classic sorgt f\u00fcr ein angenehmes Fahrgef\u00fchl.<\/div>\n<\/div>\n<\/div>\n<ul class=\"_1v5ivof1 _14nbn3t0 rnd7xs1 rnd7xs0\">\n<li class=\"_1v5ivof2\">\n<div class=\"_1v5ivof4 _1v5ivof3 rnd7xs9 rnd7xs8 _1l9fqro3\">Kraftstoff Benzin bleifrei<\/div>\n<\/li>\n<li class=\"_1v5ivof2\">\n<div class=\"_1v5ivof4 _1v5ivof3 rnd7xs9 rnd7xs8 _1l9fqro3\">Tankvolumen 6 l<\/div>\n<\/li>\n<li class=\"_1v5ivof2\">\n<div class=\"_1v5ivof4 _1v5ivof3 rnd7xs9 rnd7xs8 _1l9fqro3\">Motor Typ\u00a04-Takt<\/div>\n<\/li>\n<li class=\"_1v5ivof2\">\n<div class=\"_1v5ivof4 _1v5ivof3 rnd7xs9 rnd7xs8 _1l9fqro3\">Fl\u00e4chenempfehlung &#8211; F\u00fcr bis zu 3000 m\u00b2<\/div>\n<\/li>\n<li class=\"_1v5ivof2\">\n<div class=\"_1v5ivof4 _1v5ivof3 rnd7xs9 rnd7xs8 _1l9fqro3\">Schnittbreite 84 cm<\/div>\n<\/li>\n<li class=\"_1v5ivof2\">\n<div class=\"_1v5ivof4 _1v5ivof3 rnd7xs9 rnd7xs8 _1l9fqro3\">Schneidsystem\u00a0Heckauswurf<\/div>\n<\/li>\n<li class=\"_1v5ivof2\">\n<div class=\"_1v5ivof4 _1v5ivof3 rnd7xs9 rnd7xs8 _1l9fqro3\">Hubraum 414 cm\u00b3<\/div>\n<\/li>\n<li class=\"_1v5ivof2\">\n<div class=\"_1v5ivof4 _1v5ivof3 rnd7xs9 rnd7xs8 _1l9fqro3\">Kraft\u00fcbertragung -Manuelles Getriebe<\/div>\n<\/li>\n<li class=\"_1v5ivof2\">\n<div class=\"_1v5ivof4 _1v5ivof3 rnd7xs9 rnd7xs8 _1l9fqro3\">Anzahl der Messer &#8211; 2 St\u00fcck<\/div>\n<\/li>\n<li class=\"_1v5ivof2\">\n<div class=\"_1v5ivof4 _1v5ivof3 rnd7xs9 rnd7xs8 _1l9fqro3\">H\u00f6henverstellung &#8211; 7-fach<\/div>\n<\/li>\n<li class=\"_1v5ivof2\">\n<div class=\"_1v5ivof4 _1v5ivof3 rnd7xs9 rnd7xs8 _1l9fqro3\">Fangvorrichtung &#8211; Fangkorb<\/div>\n<\/li>\n<li class=\"_1v5ivof2\">\n<div class=\"_1v5ivof4 _1v5ivof3 rnd7xs9 rnd7xs8 _1l9fqro3\">Volumen Fangvorrichtung &#8211; 240<\/div>\n<\/li>\n<\/ul>\n<p>Werkzeug-Kit<\/p>\n<ul>\n<li>Mulchkeil &#8211; Inklusive<\/li>\n<li>Anh\u00e4ngervorrichtung &#8211; Inklusive<\/li>\n<li>Batterieladeger\u00e4t &#8211; Optional<\/li>\n<\/ul>\n","protected":false},"excerpt":{"rendered":"<p>Der kompakte Rasentraktor STIGA Estate 384 M ist ausgestattet mit einem ST 400 Powered by STIGA Benzinmotor mit einer Nennleistung von 5,8 kW bei 2400 U\/min. Dieser Gartentraktor verf\u00fcgt \u00fcber ein Schaltgetriebe mit 5 Vorw\u00e4rtsg\u00e4ngen und 1 R\u00fcckw\u00e4rtsgang, einen 200 Liter Heckfangkorb und ein erh\u00f6htes ergonomisches Lenkrad f\u00fcr komfortables Fahren.<\/p>\n","protected":false},"featured_media":13211,"comment_status":"open","ping_status":"closed","template":"","meta":[],"product_brand":[300],"product_cat":[134,135],"product_tag":[567,210,312],"class_list":{"0":"post-527","1":"product","2":"type-product","3":"status-publish","4":"has-post-thumbnail","6":"product_brand-stiga","7":"product_cat-gartenbau","8":"product_cat-rasenmaehertraktor","9":"product_tag-567","10":"product_tag-rasentraktor","11":"product_tag-stiga","13":"first","14":"instock","15":"taxable","16":"shipping-taxable","17":"purchasable","18":"product-type-simple"},"_links":{"self":[{"href":"https:\/\/benimarkt.at\/index.php?rest_route=\/wp\/v2\/product\/527","targetHints":{"allow":["GET"]}}],"collection":[{"href":"https:\/\/benimarkt.at\/index.php?rest_route=\/wp\/v2\/product"}],"about":[{"href":"https:\/\/benimarkt.at\/index.php?rest_route=\/wp\/v2\/types\/product"}],"replies":[{"embeddable":true,"href":"https:\/\/benimarkt.at\/index.php?rest_route=%2Fwp%2Fv2%2Fcomments&post=527"}],"version-history":[{"count":1,"href":"https:\/\/benimarkt.at\/index.php?rest_route=\/wp\/v2\/product\/527\/revisions"}],"predecessor-version":[{"id":11920,"href":"https:\/\/benimarkt.at\/index.php?rest_route=\/wp\/v2\/product\/527\/revisions\/11920"}],"wp:featuredmedia":[{"embeddable":true,"href":"https:\/\/benimarkt.at\/index.php?rest_route=\/wp\/v2\/media\/13211"}],"wp:attachment":[{"href":"https:\/\/benimarkt.at\/index.php?rest_route=%2Fwp%2Fv2%2Fmedia&parent=527"}],"wp:term":[{"taxonomy":"product_brand","embeddable":true,"href":"https:\/\/benimarkt.at\/index.php?rest_route=%2Fwp%2Fv2%2Fproduct_brand&post=527"},{"taxonomy":"product_cat","embeddable":true,"href":"https:\/\/benimarkt.at\/index.php?rest_route=%2Fwp%2Fv2%2Fproduct_cat&post=527"},{"taxonomy":"product_tag","embeddable":true,"href":"https:\/\/benimarkt.at\/index.php?rest_route=%2Fwp%2Fv2%2Fproduct_tag&post=527"}],"curies":[{"name":"wp","href":"https:\/\/api.w.org\/{rel}","templated":true}]}}