{"id":517,"date":"2024-04-17T10:57:42","date_gmt":"2024-04-17T08:57:42","guid":{"rendered":"https:\/\/gartenrestposten.de\/?post_type=product&#038;p=517"},"modified":"2026-01-14T11:27:13","modified_gmt":"2026-01-14T11:27:13","slug":"stiga-estate-384-rasentraktor","status":"publish","type":"product","link":"https:\/\/benimarkt.at\/?product=stiga-estate-384-rasentraktor","title":{"rendered":"STIGA Estate 384 Rasentraktor &#8211; ST 450"},"content":{"rendered":"<h5>BESCHREIBUNG:<\/h5>\n<p>Der Kombi 384 ist ideal zum M\u00e4hen gro\u00dfer Fl\u00e4chen von 3500 m2. Ausgestattet mit dem Einzylindermotor ST 450 Powered by STIGA 432 cc f\u00fcr Leistung, Sicherheit und Zuverl\u00e4ssigkeit. Dieses Sammlermodell ist mit einem 84 cm langen M\u00e4hdeck, einem 240 Liter fassenden Fangsack und 2 rotierenden Messern ausgestattet, um auch gro\u00dfe Rasenfl\u00e4chen stets in Ordnung zu halten.<\/p>\n<p>&nbsp;<\/p>\n<p>&nbsp;<\/p>\n<ul>\n<li>Leistung: 6,8 KW<\/li>\n<li>Hubraum: 432 cm\u00b3<\/li>\n<li>Motor ST 450 Powered by STIGA<\/li>\n<li>Schnitth\u00f6henverstellung: 25 \u2013 80 mm, 7-fach<\/li>\n<li>Fl\u00e4chenempfehlung: 3.500 m\u00b2<\/li>\n<li>Fangkorb: 240 l<\/li>\n<li>pedalgesteuerter, stufenloser Hydrostatantrieb<\/li>\n<li>Frontsto\u00dff\u00e4nger<\/li>\n<li>Reinigungsanschluss<\/li>\n<li>Ablagefach<\/li>\n<li>schwenkbare Vorderachse<\/li>\n<li>Sitz mit Sicherheitskontaktschalter<\/li>\n<li>Armaturbrett mit LED-ANzeige<\/li>\n<\/ul>\n<p>Werkzeug-Kit<\/p>\n<ul>\n<li>Mulchkeil: Inklusive<\/li>\n<li>Anh\u00e4ngervorrichtung: Inklusive<\/li>\n<li>Batterieladeger\u00e4t: Optional<\/li>\n<li>Mulchmesser: Optional<\/li>\n<\/ul>\n<p>&nbsp;<\/p>\n","protected":false},"excerpt":{"rendered":"<p>Beschreibung:<\/p>\n<p>Der Aufsitzm\u00e4her STIGA Estate 384 ist mit einem pedalbet\u00e4tigten hydrostatischen Getriebe ausgestattet, das eine gleichm\u00e4\u00dfige Vorw\u00e4rtsgeschwindigkeit ohne Gangwechsel erm\u00f6glicht. Das 84 cm lange M\u00e4hdeck verf\u00fcgt \u00fcber zwei Messer und 7 Schnitth\u00f6heneinstellungen von 25 bis 80 mm sowie eine praktische elektromagnetische Messerkupplung, die per Knopfdruck bet\u00e4tigt wird. Der Estate 384 verf\u00fcgt \u00fcber einen 240 Liter fassenden Grasfangkorb und kann auch mit der STIGA Multiclip-Funktion zum Mulchen verwendet werden. Das ergonomische Lenkrad von STIGA sorgt in Verbindung mit dem verstellbaren Hochlehner-Sitz von STIGA Classic f\u00fcr ein angenehmes Fahrgef\u00fchl. Mulchkeil und Anh\u00e4ngervorrichtung im Lieferumfang enthalten, Batterieladeger\u00e4t separat erh\u00e4ltlich.<\/p>\n<p>Die Ware wird Betriebsbereit zu Ihnen geliefert.<\/p>\n<p>&nbsp;<\/p>\n","protected":false},"featured_media":13222,"comment_status":"open","ping_status":"closed","template":"","meta":[],"product_brand":[300],"product_cat":[134,135],"product_tag":[210,312],"class_list":{"0":"post-517","1":"product","2":"type-product","3":"status-publish","4":"has-post-thumbnail","6":"product_brand-stiga","7":"product_cat-gartenbau","8":"product_cat-rasenmaehertraktor","9":"product_tag-rasentraktor","10":"product_tag-stiga","12":"first","13":"outofstock","14":"taxable","15":"shipping-taxable","16":"purchasable","17":"product-type-simple"},"_links":{"self":[{"href":"https:\/\/benimarkt.at\/index.php?rest_route=\/wp\/v2\/product\/517","targetHints":{"allow":["GET"]}}],"collection":[{"href":"https:\/\/benimarkt.at\/index.php?rest_route=\/wp\/v2\/product"}],"about":[{"href":"https:\/\/benimarkt.at\/index.php?rest_route=\/wp\/v2\/types\/product"}],"replies":[{"embeddable":true,"href":"https:\/\/benimarkt.at\/index.php?rest_route=%2Fwp%2Fv2%2Fcomments&post=517"}],"version-history":[{"count":1,"href":"https:\/\/benimarkt.at\/index.php?rest_route=\/wp\/v2\/product\/517\/revisions"}],"predecessor-version":[{"id":11925,"href":"https:\/\/benimarkt.at\/index.php?rest_route=\/wp\/v2\/product\/517\/revisions\/11925"}],"wp:featuredmedia":[{"embeddable":true,"href":"https:\/\/benimarkt.at\/index.php?rest_route=\/wp\/v2\/media\/13222"}],"wp:attachment":[{"href":"https:\/\/benimarkt.at\/index.php?rest_route=%2Fwp%2Fv2%2Fmedia&parent=517"}],"wp:term":[{"taxonomy":"product_brand","embeddable":true,"href":"https:\/\/benimarkt.at\/index.php?rest_route=%2Fwp%2Fv2%2Fproduct_brand&post=517"},{"taxonomy":"product_cat","embeddable":true,"href":"https:\/\/benimarkt.at\/index.php?rest_route=%2Fwp%2Fv2%2Fproduct_cat&post=517"},{"taxonomy":"product_tag","embeddable":true,"href":"https:\/\/benimarkt.at\/index.php?rest_route=%2Fwp%2Fv2%2Fproduct_tag&post=517"}],"curies":[{"name":"wp","href":"https:\/\/api.w.org\/{rel}","templated":true}]}}