{"id":4363,"date":"2025-07-29T16:32:21","date_gmt":"2025-07-29T14:32:21","guid":{"rendered":"https:\/\/gartenrestposten.de\/?post_type=product&#038;p=4363"},"modified":"2025-08-01T07:57:19","modified_gmt":"2025-08-01T07:57:19","slug":"ego-lb-5301e-akku-laubblaeser-kit-inkl-akku-und-ladegeraet","status":"publish","type":"product","link":"https:\/\/benimarkt.at\/?product=ego-lb-5301e-akku-laubblaeser-kit-inkl-akku-und-ladegeraet","title":{"rendered":"EGO LB 5301E Akku-Laubbl\u00e4ser Kit Inkl. Akku und Ladeger\u00e4t"},"content":{"rendered":"<h3>Technische Daten<\/h3>\n<p>SPANNUNG 56 V<br \/>\nAKKU-ANSCHLUSS Einzelner Anschluss<br \/>\nBRUSHLESS MOTOR B\u00fcrstenloser Motor<br \/>\nMAX. PROPULSIVE FORCE (N) 16 N\u00b7m<br \/>\nL\u00dcFTERGESCHWINDIGKEIT 23.000 \/min<br \/>\nROHRTYP Abnehmbar<br \/>\nD\u00dcSE Nein<br \/>\nSCHULTERGURT Nein<br \/>\nMAX. LUFTMENGE (M3\/H) 900<br \/>\nL\u00c4NGE DES WERKZEUGS (MM) 911<br \/>\nWERKZEUGBREITE (MM) 165<br \/>\nWERKZEUGH\u00d6HE (MM) 258<\/p>\n","protected":false},"excerpt":{"rendered":"<h3>Beschreibung<\/h3>\n<p>EGO LB 5301-E Akku-Laubbl\u00e4ser Kit inkl. 2,5 Ah Akku und\u00a0 CH2100 Ladeger\u00e4t<\/p>\n<p>Zu diesem Handheld-Kit LB5310E geh\u00f6ren ebenfalls ein 2,5-AH-Akku und ein Schnellladeger\u00e4t. Sie verf\u00fcgen \u00fcber eine Laufzeit von 75 Minuten und \u00fcber eine variable Geschwindigkeitsregelung: Sie verwenden also die Leistung, die Sie von Fall zu Fall brauchen. Zu diesem Kit geh\u00f6rt ebenfalls eine flache Laubbl\u00e4serd\u00fcse, die den Luftstrom verdichtet, damit Sie selbst die gr\u00f6\u00dften Laubanh\u00e4ufungen noch gr\u00fcndlicher entfernen k\u00f6nnen. Mit dem Turbo Boost verf\u00fcgen Sie \u00fcber 900 m\u00b3 Luft\/Stunde. Perfekt, um eine Arbeit zu beenden oder um gro\u00dfe Laubmengen zu beseitigen. Mit nur 2,2 kg ohne Akku ist der Laubbl\u00e4ser ein Leichtgewicht. Er ist auch mit unserem R\u00fcckengestell kompatibel. Das Akku-Gewicht wird also auf den R\u00fccken verlagert und die Arme bleiben frei, um auf das Laub zu konzentrieren.<\/p>\n","protected":false},"featured_media":11275,"comment_status":"open","ping_status":"closed","template":"","meta":[],"product_brand":[297],"product_cat":[134,140],"product_tag":[152,209],"class_list":{"0":"post-4363","1":"product","2":"type-product","3":"status-publish","4":"has-post-thumbnail","6":"product_brand-ego","7":"product_cat-gartenbau","8":"product_cat-laubblaeser","9":"product_tag-ego","10":"product_tag-laubblaeser","12":"first","13":"instock","14":"taxable","15":"shipping-taxable","16":"purchasable","17":"product-type-simple"},"_links":{"self":[{"href":"https:\/\/benimarkt.at\/index.php?rest_route=\/wp\/v2\/product\/4363","targetHints":{"allow":["GET"]}}],"collection":[{"href":"https:\/\/benimarkt.at\/index.php?rest_route=\/wp\/v2\/product"}],"about":[{"href":"https:\/\/benimarkt.at\/index.php?rest_route=\/wp\/v2\/types\/product"}],"replies":[{"embeddable":true,"href":"https:\/\/benimarkt.at\/index.php?rest_route=%2Fwp%2Fv2%2Fcomments&post=4363"}],"version-history":[{"count":1,"href":"https:\/\/benimarkt.at\/index.php?rest_route=\/wp\/v2\/product\/4363\/revisions"}],"predecessor-version":[{"id":11277,"href":"https:\/\/benimarkt.at\/index.php?rest_route=\/wp\/v2\/product\/4363\/revisions\/11277"}],"wp:featuredmedia":[{"embeddable":true,"href":"https:\/\/benimarkt.at\/index.php?rest_route=\/wp\/v2\/media\/11275"}],"wp:attachment":[{"href":"https:\/\/benimarkt.at\/index.php?rest_route=%2Fwp%2Fv2%2Fmedia&parent=4363"}],"wp:term":[{"taxonomy":"product_brand","embeddable":true,"href":"https:\/\/benimarkt.at\/index.php?rest_route=%2Fwp%2Fv2%2Fproduct_brand&post=4363"},{"taxonomy":"product_cat","embeddable":true,"href":"https:\/\/benimarkt.at\/index.php?rest_route=%2Fwp%2Fv2%2Fproduct_cat&post=4363"},{"taxonomy":"product_tag","embeddable":true,"href":"https:\/\/benimarkt.at\/index.php?rest_route=%2Fwp%2Fv2%2Fproduct_tag&post=4363"}],"curies":[{"name":"wp","href":"https:\/\/api.w.org\/{rel}","templated":true}]}}