{"id":4353,"date":"2025-07-29T15:21:42","date_gmt":"2025-07-29T13:21:42","guid":{"rendered":"https:\/\/gartenrestposten.de\/?post_type=product&#038;p=4353"},"modified":"2026-01-09T11:13:25","modified_gmt":"2026-01-09T11:13:25","slug":"ego-lb-6000e-akku-ruecken-laubblaeser-ohne-akku-und-ladegeraet","status":"publish","type":"product","link":"https:\/\/benimarkt.at\/?product=ego-lb-6000e-akku-ruecken-laubblaeser-ohne-akku-und-ladegeraet","title":{"rendered":"EGO LB 6000E Akku R\u00fccken-Laubbl\u00e4ser (ohne Akku und Ladeger\u00e4t)"},"content":{"rendered":"<h2>Technische Daten<\/h2>\n<table class=\"product-accordion__specification-table\">\n<tbody>\n<tr>\n<th class=\"product-accordion__specification-row-heading\">SPANNUNG<\/th>\n<td class=\"product-accordion__specification-row-value\">56 V<\/td>\n<\/tr>\n<tr>\n<th class=\"product-accordion__specification-row-heading\">AKKU-ANSCHLUSS<\/th>\n<td class=\"product-accordion__specification-row-value\">Einzelner Anschluss<\/td>\n<\/tr>\n<tr>\n<th class=\"product-accordion__specification-row-heading\">BRUSHLESS MOTOR<\/th>\n<td class=\"product-accordion__specification-row-value\">B\u00fcrstenloser Motor<\/td>\n<\/tr>\n<tr>\n<th class=\"product-accordion__specification-row-heading\">MAX. PROPULSIVE FORCE (N)<\/th>\n<td class=\"product-accordion__specification-row-value\">19,2 N\u00b7m<\/td>\n<\/tr>\n<tr>\n<th class=\"product-accordion__specification-row-heading\">L\u00dcFTERGESCHWINDIGKEIT<\/th>\n<td class=\"product-accordion__specification-row-value\">25.000 \/min<\/td>\n<\/tr>\n<tr>\n<th class=\"product-accordion__specification-row-heading\">ROHRTYP<\/th>\n<td class=\"product-accordion__specification-row-value\">Abnehmbar<\/td>\n<\/tr>\n<tr>\n<th class=\"product-accordion__specification-row-heading\">D\u00dcSE<\/th>\n<td class=\"product-accordion__specification-row-value\">Nein<\/td>\n<\/tr>\n<tr>\n<th class=\"product-accordion__specification-row-heading\">GEBL\u00c4SETYP<\/th>\n<td class=\"product-accordion__specification-row-value\">Axial<\/td>\n<\/tr>\n<tr>\n<th class=\"product-accordion__specification-row-heading\">BECKENUNTERST\u00dcTZUNG<\/th>\n<td class=\"product-accordion__specification-row-value\">Ja<\/td>\n<\/tr>\n<tr>\n<th class=\"product-accordion__specification-row-heading\">BRUSTGURT<\/th>\n<td class=\"product-accordion__specification-row-value\">Ja<\/td>\n<\/tr>\n<tr>\n<th class=\"product-accordion__specification-row-heading\">KRAFT<\/th>\n<td class=\"product-accordion__specification-row-value\">19,2 N\u00b7m<\/td>\n<\/tr>\n<tr>\n<th class=\"product-accordion__specification-row-heading\">MAX. LUFTMENGE (M3\/H)<\/th>\n<td class=\"product-accordion__specification-row-value\">1020<\/td>\n<\/tr>\n<tr>\n<th class=\"product-accordion__specification-row-heading\">L\u00c4NGE DES WERKZEUGS (MM)<\/th>\n<td class=\"product-accordion__specification-row-value\">1325<\/td>\n<\/tr>\n<tr>\n<th class=\"product-accordion__specification-row-heading\">WERKZEUGBREITE (MM)<\/th>\n<td class=\"product-accordion__specification-row-value\">455<\/td>\n<\/tr>\n<tr>\n<th class=\"product-accordion__specification-row-heading\">WERKZEUGH\u00d6HE (MM)<\/th>\n<td class=\"product-accordion__specification-row-value\">170<\/td>\n<\/tr>\n<\/tbody>\n<\/table>\n","protected":false},"excerpt":{"rendered":"<h2>Beschreibung<\/h2>\n<p>Der r\u00fcckentragbaren Laubbl\u00e4ser LB6000E aus der Professional-Serie ist perfekt f\u00fcr den professionellen Gebrauch. Das R\u00fcckengestell wird bei langen Eins\u00e4tzen als komfortabel erfahren. Das flexible Blasrohr gew\u00e4hrt mehr Bewegungsfreiheit. Auf dem verstellbaren Griff befinden sich das Power-Schalter und der Geschwindigkeitsregler, was die Benutzerfreundlichkeit verbessert.<\/p>\n<p>Beginnen Sie den Einstieg in den Akkubetrieb mit unserem r\u00fcckentragbaren Laubbl\u00e4ser LB6000 E aus der Professional-Serie. Mit einem 5,0-AH-Akku haben Sie bis zu 120 Minuten Laufzeit und mit dem Schnellladeger\u00e4t ist Ihr Ger\u00e4t in 40 Minuten wieder einsatzbereit. Mit dem variablen Geschwindigkeitsregler k\u00f6nnen Sie die Leistung auf die jeweiligen Einsatzbedingungen abstimmen. Das komfortable, robuste R\u00fcckengestell ist perfekt f\u00fcr l\u00e4ngere Eins\u00e4tze. Mit dem verstellbaren Griff k\u00f6nnen Sie den Laubbl\u00e4ser nach Wunsch ausrichten. Ein l\u00e4ngeres oder k\u00fcrzeres Blasrohr versetzt Sie in die Lage, jede Arbeit so pr\u00e4zise und gezielt wie m\u00f6glich auszuf\u00fchren. Das flexible Blasrohr gew\u00e4hrt Ihnen mehr Bewegungsfreiheit. Unsere Professional-Serie wurde speziell f\u00fcr Besitzer von gr\u00f6\u00dferen G\u00e4rten und Anlagen entwickelt oder f\u00fcr diejenigen, die diese Fl\u00e4chen pflegen. Wir haben viele andere Produkte in unserem Professional-Sortiment, die Sie hier sehen k\u00f6nnen.<\/p>\n","protected":false},"featured_media":13466,"comment_status":"open","ping_status":"closed","template":"","meta":[],"product_brand":[297],"product_cat":[134,140],"product_tag":[492,152,209],"class_list":{"0":"post-4353","1":"product","2":"type-product","3":"status-publish","4":"has-post-thumbnail","6":"product_brand-ego","7":"product_cat-gartenbau","8":"product_cat-laubblaeser","9":"product_tag-492","10":"product_tag-ego","11":"product_tag-laubblaeser","13":"first","14":"instock","15":"taxable","16":"shipping-taxable","17":"purchasable","18":"product-type-simple"},"_links":{"self":[{"href":"https:\/\/benimarkt.at\/index.php?rest_route=\/wp\/v2\/product\/4353","targetHints":{"allow":["GET"]}}],"collection":[{"href":"https:\/\/benimarkt.at\/index.php?rest_route=\/wp\/v2\/product"}],"about":[{"href":"https:\/\/benimarkt.at\/index.php?rest_route=\/wp\/v2\/types\/product"}],"replies":[{"embeddable":true,"href":"https:\/\/benimarkt.at\/index.php?rest_route=%2Fwp%2Fv2%2Fcomments&post=4353"}],"version-history":[{"count":2,"href":"https:\/\/benimarkt.at\/index.php?rest_route=\/wp\/v2\/product\/4353\/revisions"}],"predecessor-version":[{"id":11284,"href":"https:\/\/benimarkt.at\/index.php?rest_route=\/wp\/v2\/product\/4353\/revisions\/11284"}],"wp:featuredmedia":[{"embeddable":true,"href":"https:\/\/benimarkt.at\/index.php?rest_route=\/wp\/v2\/media\/13466"}],"wp:attachment":[{"href":"https:\/\/benimarkt.at\/index.php?rest_route=%2Fwp%2Fv2%2Fmedia&parent=4353"}],"wp:term":[{"taxonomy":"product_brand","embeddable":true,"href":"https:\/\/benimarkt.at\/index.php?rest_route=%2Fwp%2Fv2%2Fproduct_brand&post=4353"},{"taxonomy":"product_cat","embeddable":true,"href":"https:\/\/benimarkt.at\/index.php?rest_route=%2Fwp%2Fv2%2Fproduct_cat&post=4353"},{"taxonomy":"product_tag","embeddable":true,"href":"https:\/\/benimarkt.at\/index.php?rest_route=%2Fwp%2Fv2%2Fproduct_tag&post=4353"}],"curies":[{"name":"wp","href":"https:\/\/api.w.org\/{rel}","templated":true}]}}