{"id":4346,"date":"2025-07-29T15:14:23","date_gmt":"2025-07-29T13:14:23","guid":{"rendered":"https:\/\/gartenrestposten.de\/?post_type=product&#038;p=4346"},"modified":"2026-01-15T10:19:26","modified_gmt":"2026-01-15T10:19:26","slug":"ego-power-rm2000e-maehroboter-zu-2000-m%c2%b2","status":"publish","type":"product","link":"https:\/\/benimarkt.at\/?product=ego-power-rm2000e-maehroboter-zu-2000-m%c2%b2","title":{"rendered":"EGO Power RM2000E M\u00e4hroboter (zu 2000 m\u00b2)"},"content":{"rendered":"<h2>Beschreibung<\/h2>\n<p>Der M\u00e4hroboter RM2000E definiert die Art und Weise, wie Sie Ihren Au\u00dfenbereich pflegen, neu.<\/p>\n<p>Dieser M\u00e4hroboter mit Begrenzungskabel bietet eine hervorragende Schnittleistung dank drei rotierender Klingen, die eine Schnittbreite von 24 cm erm\u00f6glichen.<br \/>\nSteuern Sie den M\u00e4hroboter \u00fcber den intuitiven 3,5&#8243;-Farb-Touchscreen, bei dem Sie ganz einfach Zeitpl\u00e4ne festlegen, Einstellungen anpassen und Parkbefehle senden k\u00f6nnen, oder nutzen Sie die kostenlose EGO Connect App und steuern Sie den M\u00e4her bequem \u00fcber Ihr Smartphone.<\/p>\n<p>Der RM2000E verf\u00fcgt \u00fcber fortschrittliche Sensor- und Kontrollfunktionen. Hebe- und Neigungssensoren sch\u00fctzen sowohl den Benutzer als auch die Maschine w\u00e4hrend des Betriebs, und die GPS-Ortung bietet eine fortschrittliche Warnung und R\u00fcckverfolgbarkeit im Falle eines Diebstahls, sodass der M\u00e4her vollst\u00e4ndig gegen Diebstahl und St\u00f6rungen gesch\u00fctzt ist.<\/p>\n<p>Ausgestattet mit intelligenter, GPS-gest\u00fctzer Navigation und der F\u00e4higkeit, Steigungen von bis zu 50 % innerhalb des Arbeitsbereichs zu bew\u00e4ltigen. EGO M\u00e4hroboter passen sich perfekt an die komplexen Gegebenheiten Ihres Rasens an.<\/p>\n<p>Entwickelt f\u00fcr die Zusammenarbeit mit der neuen EGO Connect App auf Ihrem Mobilger\u00e4t. Die integrierte 4G-Konnektivit\u00e4t erm\u00f6glicht es Ihnen, alle Funktionen aus der Ferne zu verwalten und zu steuern. Mit der Bluetooth-Verbindung k\u00f6nnen Sie den Roboter fernsteuern und sowohl innerhalb als auch au\u00dferhalb der Arbeitsgrenze m\u00e4hen.<\/p>\n<p>Mit PIN-Zugangskontrolle, Hebe- und Neigungssensoren und GPS-f\u00e4higen Sicherheitsfunktionen ist Ihr Ger\u00e4t vor Diebstahl und St\u00f6rungen gesch\u00fctzt.<\/p>\n<p>&nbsp;<\/p>\n<h2 class=\"text-xl font-medium pl-2 inline-block\" data-qa=\"accordion-title\">Technische Daten<\/h2>\n<div class=\"styled-contents pl-8 pb-2\" data-qa=\"accordion-content\">\n<div class=\"responsive-table\">\n<table>\n<tbody>\n<tr>\n<td>Max. Fl\u00e4chenleistung<\/td>\n<td>2000 m\u00b2<\/td>\n<\/tr>\n<tr>\n<td>Steigf\u00e4higkeit im Arbeitsbereich max.<\/td>\n<td>50%<\/td>\n<\/tr>\n<tr>\n<td>Steigf\u00e4higkeit an der Grenze max.<\/td>\n<td>20%<\/td>\n<\/tr>\n<tr>\n<td>GPS-gest\u00fctzte Navigation<\/td>\n<td>Ja<\/td>\n<\/tr>\n<tr>\n<td>Min. Durchgangsbreite<\/td>\n<td>60 cm<\/td>\n<\/tr>\n<tr>\n<td>Datendienst inklusive<\/td>\n<td>10 Jahre<\/td>\n<\/tr>\n<tr>\n<td>Schnittsystem<\/td>\n<td>3 drehbar gelagerte Klingen<\/td>\n<\/tr>\n<tr>\n<td>Schnittbreite<\/td>\n<td>24 cm<\/td>\n<\/tr>\n<tr>\n<td>Kantenschnitt<\/td>\n<td>Ja<\/td>\n<\/tr>\n<tr>\n<td>Art der Schnitth\u00f6henverstellung<\/td>\n<td>elektronisch<\/td>\n<\/tr>\n<tr>\n<td>GPS-Diebstahlsicherung<\/td>\n<td>Ja<\/td>\n<\/tr>\n<tr>\n<td>Garantie Privatanwender<\/td>\n<td>3 Jahre<\/td>\n<\/tr>\n<tr>\n<td>Garantie gewerbliche Anwender<\/td>\n<td>2 Jahre<\/td>\n<\/tr>\n<\/tbody>\n<\/table>\n<\/div>\n<\/div>\n<p>&nbsp;<\/p>\n","protected":false},"excerpt":{"rendered":"<p>EGO Power M\u00e4hroboter RM2000E f\u00fcr bis zu 2000 m\u00b2<br \/>\nDer RM2000E M\u00e4hroboter ist f\u00fcr Rasenfl\u00e4chen von bis zu 2000 m\u00b2 geeignet und definiert die Pflege Ihres Au\u00dfenbereichs neu. Ausgestattet mit intelligenter GPS-gest\u00fctzter Navigation und der F\u00e4higkeit, Steigungen von bis zu 50 % innerhalb des Arbeitsbereichs zu bew\u00e4ltigen. EGO M\u00e4hroboter passen sich perfekt an die komplexen Gegebenheiten Ihres Rasens an.<\/p>\n<ul class=\"product-usps grid grid-cols-12 gap-2\" data-qa=\"component product-usps\">\n<li class=\"flex gap-2 col-span-6\"><span class=\"hyphens-auto w-4\/5\">inkl. Ladestation<\/span><\/li>\n<li class=\"flex gap-2 col-span-6\"><span class=\"hyphens-auto w-4\/5\">LED-Licht<\/span><\/li>\n<li class=\"flex gap-2 col-span-6\"><span class=\"hyphens-auto w-4\/5\">3,5&#8243; Farb-Display<\/span><\/li>\n<li class=\"flex gap-2 col-span-6\"><span class=\"hyphens-auto w-4\/5\">App-steuerbar<\/span><\/li>\n<\/ul>\n","protected":false},"featured_media":11285,"comment_status":"open","ping_status":"closed","template":"","meta":[],"product_brand":[297],"product_cat":[134,129],"product_tag":[493,152,176],"class_list":{"0":"post-4346","1":"product","2":"type-product","3":"status-publish","4":"has-post-thumbnail","6":"product_brand-ego","7":"product_cat-gartenbau","8":"product_cat-maehroboter","9":"product_tag-493","10":"product_tag-ego","11":"product_tag-maehroboter","13":"first","14":"instock","15":"taxable","16":"shipping-taxable","17":"purchasable","18":"product-type-simple"},"_links":{"self":[{"href":"https:\/\/benimarkt.at\/index.php?rest_route=\/wp\/v2\/product\/4346","targetHints":{"allow":["GET"]}}],"collection":[{"href":"https:\/\/benimarkt.at\/index.php?rest_route=\/wp\/v2\/product"}],"about":[{"href":"https:\/\/benimarkt.at\/index.php?rest_route=\/wp\/v2\/types\/product"}],"replies":[{"embeddable":true,"href":"https:\/\/benimarkt.at\/index.php?rest_route=%2Fwp%2Fv2%2Fcomments&post=4346"}],"version-history":[{"count":2,"href":"https:\/\/benimarkt.at\/index.php?rest_route=\/wp\/v2\/product\/4346\/revisions"}],"predecessor-version":[{"id":11288,"href":"https:\/\/benimarkt.at\/index.php?rest_route=\/wp\/v2\/product\/4346\/revisions\/11288"}],"wp:featuredmedia":[{"embeddable":true,"href":"https:\/\/benimarkt.at\/index.php?rest_route=\/wp\/v2\/media\/11285"}],"wp:attachment":[{"href":"https:\/\/benimarkt.at\/index.php?rest_route=%2Fwp%2Fv2%2Fmedia&parent=4346"}],"wp:term":[{"taxonomy":"product_brand","embeddable":true,"href":"https:\/\/benimarkt.at\/index.php?rest_route=%2Fwp%2Fv2%2Fproduct_brand&post=4346"},{"taxonomy":"product_cat","embeddable":true,"href":"https:\/\/benimarkt.at\/index.php?rest_route=%2Fwp%2Fv2%2Fproduct_cat&post=4346"},{"taxonomy":"product_tag","embeddable":true,"href":"https:\/\/benimarkt.at\/index.php?rest_route=%2Fwp%2Fv2%2Fproduct_tag&post=4346"}],"curies":[{"name":"wp","href":"https:\/\/api.w.org\/{rel}","templated":true}]}}