{"id":4316,"date":"2025-07-25T12:10:48","date_gmt":"2025-07-25T10:10:48","guid":{"rendered":"https:\/\/gartenrestposten.de\/?post_type=product&#038;p=4316"},"modified":"2026-03-06T13:03:18","modified_gmt":"2026-03-06T13:03:18","slug":"dewalt-dcs356p2-qw-akku-multicutter-xr18v-2x50ah-tstak_","status":"publish","type":"product","link":"https:\/\/benimarkt.at\/?product=dewalt-dcs356p2-qw-akku-multicutter-xr18v-2x50ah-tstak_","title":{"rendered":"DeWALT DCS356P2-QW Akku-Multicutter XR18V (2&#215;5,0Ah) Tstak_Koffer"},"content":{"rendered":"<h4>Beschreibung<\/h4>\n<p data-start=\"463\" data-end=\"651\">Das Ger\u00e4t wird mit einem 18\u202fV XR-Akku betrieben und erreicht 20.000 Schwingungen pro Minute, wodurch es sich ideal f\u00fcr eine Vielzahl von Schneid- und Schleifanwendungen eignet.<\/p>\n<p data-start=\"653\" data-end=\"806\">Der neue 3-stufige Geschwindigkeitswahlschalter erm\u00f6glicht eine pr\u00e4zise Steuerung der Geschwindigkeit und optimale Kontrolle bei jeder Anwendung.<\/p>\n<ul class=\"additional-feature-ul\">\n<li data-start=\"823\" data-end=\"971\">\n<p data-start=\"825\" data-end=\"971\">Der zweih\u00e4ndige, drehzahlvariable Schalter erm\u00f6glicht eine pr\u00e4zise Steuerung der Geschwindigkeit und maximale Kontrolle bei jeder Anwendung.<\/p>\n<\/li>\n<li data-start=\"972\" data-end=\"1093\">\n<p data-start=\"974\" data-end=\"1093\">Der Staubabsaugadapter unterst\u00fctzt die Verwendung mit dem DEWALT-Absaugsystem f\u00fcr eine sauberere Arbeitsumgebung.<\/p>\n<\/li>\n<li data-start=\"1094\" data-end=\"1202\">\n<p data-start=\"1096\" data-end=\"1202\">Der universelle Zubeh\u00f6radapter ist mit den meisten Zubeh\u00f6ren f\u00fcr oszillierende Werkzeuge kompatibel.<\/p>\n<\/li>\n<li data-start=\"1203\" data-end=\"1330\">\n<p data-start=\"1205\" data-end=\"1330\">Das Schnellwechselsystem f\u00fcr Zubeh\u00f6r erm\u00f6glicht einen schnellen Wechsel von Klingen und Aufs\u00e4tzen \u2013 ganz ohne Werkzeug.<\/p>\n<\/li>\n<li data-start=\"1331\" data-end=\"1412\">\n<p data-start=\"1333\" data-end=\"1412\">Der Tiefenanschlag und der Parallelanschlag erh\u00f6hen die Schnittpr\u00e4zision.<\/p>\n<\/li>\n<li data-start=\"1413\" data-end=\"1504\">\n<p data-start=\"1415\" data-end=\"1504\">Die helle LED-Beleuchtung sorgt f\u00fcr exakte Schnitte \u2013 auch an dunklen Arbeitspl\u00e4tzen.<\/p>\n<\/li>\n<\/ul>\n<p data-start=\"653\" data-end=\"806\">\n","protected":false},"excerpt":{"rendered":"<p>Beschreibung Das Ger\u00e4t wird mit einem 18\u202fV XR-Akku betrieben und erreicht 20.000 Schwingungen pro Minute, wodurch es sich ideal f\u00fcr<\/p>\n","protected":false},"featured_media":14005,"comment_status":"open","ping_status":"closed","template":"","meta":[],"product_brand":[309],"product_cat":[143],"product_tag":[560,208,205],"class_list":{"0":"post-4316","1":"product","2":"type-product","3":"status-publish","4":"has-post-thumbnail","6":"product_brand-dewalt","7":"product_cat-bautechnik","8":"product_tag-560","9":"product_tag-akku-multicutter","10":"product_tag-dewalt","12":"first","13":"outofstock","14":"taxable","15":"shipping-taxable","16":"product-type-simple"},"_links":{"self":[{"href":"https:\/\/benimarkt.at\/index.php?rest_route=\/wp\/v2\/product\/4316","targetHints":{"allow":["GET"]}}],"collection":[{"href":"https:\/\/benimarkt.at\/index.php?rest_route=\/wp\/v2\/product"}],"about":[{"href":"https:\/\/benimarkt.at\/index.php?rest_route=\/wp\/v2\/types\/product"}],"replies":[{"embeddable":true,"href":"https:\/\/benimarkt.at\/index.php?rest_route=%2Fwp%2Fv2%2Fcomments&post=4316"}],"version-history":[{"count":3,"href":"https:\/\/benimarkt.at\/index.php?rest_route=\/wp\/v2\/product\/4316\/revisions"}],"predecessor-version":[{"id":14004,"href":"https:\/\/benimarkt.at\/index.php?rest_route=\/wp\/v2\/product\/4316\/revisions\/14004"}],"wp:featuredmedia":[{"embeddable":true,"href":"https:\/\/benimarkt.at\/index.php?rest_route=\/wp\/v2\/media\/14005"}],"wp:attachment":[{"href":"https:\/\/benimarkt.at\/index.php?rest_route=%2Fwp%2Fv2%2Fmedia&parent=4316"}],"wp:term":[{"taxonomy":"product_brand","embeddable":true,"href":"https:\/\/benimarkt.at\/index.php?rest_route=%2Fwp%2Fv2%2Fproduct_brand&post=4316"},{"taxonomy":"product_cat","embeddable":true,"href":"https:\/\/benimarkt.at\/index.php?rest_route=%2Fwp%2Fv2%2Fproduct_cat&post=4316"},{"taxonomy":"product_tag","embeddable":true,"href":"https:\/\/benimarkt.at\/index.php?rest_route=%2Fwp%2Fv2%2Fproduct_tag&post=4316"}],"curies":[{"name":"wp","href":"https:\/\/api.w.org\/{rel}","templated":true}]}}