{"id":4258,"date":"2025-07-02T15:48:52","date_gmt":"2025-07-02T13:48:52","guid":{"rendered":"https:\/\/gartenrestposten.de\/?post_type=product&#038;p=4258"},"modified":"2026-03-06T12:35:55","modified_gmt":"2026-03-06T12:35:55","slug":"honda-miimo-hrm-1500-maehroboterdocking-station","status":"publish","type":"product","link":"https:\/\/benimarkt.at\/?product=honda-miimo-hrm-1500-maehroboterdocking-station","title":{"rendered":"Honda Miimo HRM 1500 M\u00e4hroboter+Docking-Station"},"content":{"rendered":"<h4>Technische Daten<\/h4>\n<table>\n<tbody>\n<tr>\n<td class=\"title\">M\u00e4hfl\u00e4chenleistung<\/td>\n<td class=\"result\">bis zu 1500m\u00b2<\/td>\n<\/tr>\n<tr>\n<td class=\"title\">Max. Winkel M\u00e4hfl\u00e4che<\/td>\n<td class=\"result\">25\u00b0 \/ 47%<\/td>\n<\/tr>\n<tr>\n<td class=\"title\">Max. Winkel quer zum Hang<\/td>\n<td class=\"result\">10\u00b0 \/ 17%<\/td>\n<\/tr>\n<tr>\n<td class=\"title\">Garantierter Schallpegel<\/td>\n<td class=\"result\">58 dB(A)<\/td>\n<\/tr>\n<tr>\n<td class=\"title\">Messersystem<\/td>\n<td class=\"result\">3 (Schwingmesser)<\/td>\n<\/tr>\n<tr>\n<td class=\"title\">Schnittbreite<\/td>\n<td class=\"result\">220mm<\/td>\n<\/tr>\n<tr>\n<td class=\"title\">Schnitth\u00f6heneinstellung<\/td>\n<td class=\"result\">Manuell von 20 bis 60mm<\/td>\n<\/tr>\n<tr>\n<td class=\"title\">Akku<\/td>\n<td class=\"result\">Li-ion(21.6V) \/ 1.9Ah<\/td>\n<\/tr>\n<tr>\n<td class=\"title\">M\u00e4hzeit pro Ladung<\/td>\n<td class=\"result\">40 min<\/td>\n<\/tr>\n<tr>\n<td class=\"title\">Ladezeit<\/td>\n<td class=\"result\">40 min<\/td>\n<\/tr>\n<tr>\n<td class=\"title\">Schutzklasse (Wasserfestigkeit)<\/td>\n<td class=\"result\">IPX4<\/td>\n<\/tr>\n<tr>\n<td class=\"title\">Antriebsr\u00e4der<\/td>\n<td class=\"result\">Bergr\u00e4der (optional Komfortrad 42710-VP7-J00)<\/td>\n<\/tr>\n<tr>\n<td class=\"title\">Smartphone-App<\/td>\n<td class=\"result\">Bluetooth only<\/td>\n<\/tr>\n<tr>\n<td class=\"title\">Einrichtung und M\u00e4hvorgang<\/td>\n<td class=\"result\">Setup-Assistent<\/td>\n<\/tr>\n<tr>\n<td class=\"title\">Amazon Alexa Konnektivit\u00e4t<\/td>\n<td class=\"result\">\u2013<\/td>\n<\/tr>\n<tr>\n<td class=\"title\">Satellitengest\u00fctzte Funktionen<\/td>\n<td class=\"result\">\u2013<\/td>\n<\/tr>\n<tr>\n<td class=\"title\">Position der Ladestation<\/td>\n<td class=\"result\">Parallel u. im 90\u00b0 Winkel zum Begrenzungsdraht<\/td>\n<\/tr>\n<tr>\n<td class=\"title\">Begrenzungskabel und Haken<\/td>\n<td class=\"result\">Installationskit optional (06575-VP7-S200)<\/td>\n<\/tr>\n<\/tbody>\n<\/table>\n","protected":false},"excerpt":{"rendered":"<h4>Beschreiung<\/h4>\n<p>Der Miimo HRM1500 m\u00e4ht bis zu 1.500 m\u00b2 und zeichnet sich durch eine Bluetooth-Verbindung und ein Abk\u00fcrzungskabel aus, dank dem er enge Durchg\u00e4nge bew\u00e4ltigen und effizient m\u00e4hen kann<\/p>\n<p>Die Miimo-M\u00e4hroboter verf\u00fcgen \u00fcber Bluetooth-Konnektivit\u00e4t und lassen sich so per Smartphone steuern. Unsere Live-Modelle bieten ultimative Kontrolle mit GPS-Tracking, Alexa-Kompatibilit\u00e4t und der M\u00f6glichkeit, Ihren Miimo von \u00fcberall auf der Welt zu bedienen.<\/p>\n<p>Dank neuem Leitkabel und satellitengest\u00fctztem Homing* hinterl\u00e4sst der Miimo jetzt weniger Radspuren auf dem perfekt gem\u00e4hten Rasen. Sie k\u00f6nnen auch Freizonen* festlegen, in denen der Miimo nicht m\u00e4ht.<\/p>\n<p>Mit seinem futuristischen Design und seiner verbesserten Langlebigkeit steht der Honda Miimo f\u00fcr h\u00f6chste Qualit\u00e4t. W\u00e4hrend Miimo Ihren Rasen pflegt, sorgt er f\u00fcr keinerlei Ablenkung \u2013 mit einem Ger\u00e4uschpegel von nur 58 dB(A) und verbesserten Hindernissensoren.<\/p>\n<p>Mit seinem wetterfesten Geh\u00e4use ist Miimo so gebaut, dass es Regen und wechselnden Bedingungen standh\u00e4lt.<\/p>\n","protected":false},"featured_media":13454,"comment_status":"open","ping_status":"closed","template":"","meta":[],"product_brand":[296],"product_cat":[134,129],"product_tag":[542,189,176],"class_list":{"0":"post-4258","1":"product","2":"type-product","3":"status-publish","4":"has-post-thumbnail","6":"product_brand-honda","7":"product_cat-gartenbau","8":"product_cat-maehroboter","9":"product_tag-542","10":"product_tag-honda","11":"product_tag-maehroboter","13":"first","14":"instock","15":"taxable","16":"shipping-taxable","17":"purchasable","18":"product-type-simple"},"_links":{"self":[{"href":"https:\/\/benimarkt.at\/index.php?rest_route=\/wp\/v2\/product\/4258","targetHints":{"allow":["GET"]}}],"collection":[{"href":"https:\/\/benimarkt.at\/index.php?rest_route=\/wp\/v2\/product"}],"about":[{"href":"https:\/\/benimarkt.at\/index.php?rest_route=\/wp\/v2\/types\/product"}],"replies":[{"embeddable":true,"href":"https:\/\/benimarkt.at\/index.php?rest_route=%2Fwp%2Fv2%2Fcomments&post=4258"}],"version-history":[{"count":3,"href":"https:\/\/benimarkt.at\/index.php?rest_route=\/wp\/v2\/product\/4258\/revisions"}],"predecessor-version":[{"id":14136,"href":"https:\/\/benimarkt.at\/index.php?rest_route=\/wp\/v2\/product\/4258\/revisions\/14136"}],"wp:featuredmedia":[{"embeddable":true,"href":"https:\/\/benimarkt.at\/index.php?rest_route=\/wp\/v2\/media\/13454"}],"wp:attachment":[{"href":"https:\/\/benimarkt.at\/index.php?rest_route=%2Fwp%2Fv2%2Fmedia&parent=4258"}],"wp:term":[{"taxonomy":"product_brand","embeddable":true,"href":"https:\/\/benimarkt.at\/index.php?rest_route=%2Fwp%2Fv2%2Fproduct_brand&post=4258"},{"taxonomy":"product_cat","embeddable":true,"href":"https:\/\/benimarkt.at\/index.php?rest_route=%2Fwp%2Fv2%2Fproduct_cat&post=4258"},{"taxonomy":"product_tag","embeddable":true,"href":"https:\/\/benimarkt.at\/index.php?rest_route=%2Fwp%2Fv2%2Fproduct_tag&post=4258"}],"curies":[{"name":"wp","href":"https:\/\/api.w.org\/{rel}","templated":true}]}}