{"id":4236,"date":"2025-07-02T11:22:37","date_gmt":"2025-07-02T09:22:37","guid":{"rendered":"https:\/\/gartenrestposten.de\/?post_type=product&#038;p=4236"},"modified":"2026-04-02T13:21:29","modified_gmt":"2026-04-02T13:21:29","slug":"honda-eu-32i-stromerzeuger-neugeraet-2024-ausstellungsstueck-outlet","status":"publish","type":"product","link":"https:\/\/benimarkt.at\/?product=honda-eu-32i-stromerzeuger-neugeraet-2024-ausstellungsstueck-outlet","title":{"rendered":"Honda EU 32i Stromerzeuger I 2x CEE mit gratis Schuko-Adapter"},"content":{"rendered":"<h3>Technische Daten<\/h3>\n<div class=\"content\">\n<table>\n<tbody>\n<tr>\n<td class=\"title\">Spannungsregelung<\/td>\n<td class=\"result\">Inverter<\/td>\n<\/tr>\n<tr>\n<td class=\"title\">Typ<\/td>\n<td class=\"result\">Einphasig<\/td>\n<\/tr>\n<tr>\n<td class=\"title\">Max. Leistung (W)<\/td>\n<td class=\"result\">3200<\/td>\n<\/tr>\n<tr>\n<td class=\"title\">Dauerleistung (W)<\/td>\n<td class=\"result\">2600<\/td>\n<\/tr>\n<tr>\n<td class=\"title\">Nennspannung (V)<\/td>\n<td class=\"result\">230<\/td>\n<\/tr>\n<tr>\n<td class=\"title\">Frequenz (Hz)<\/td>\n<td class=\"result\">50<\/td>\n<\/tr>\n<tr>\n<td class=\"title\">Stromst\u00e4rke-\u00dcberlast (A)<\/td>\n<td class=\"result\">13.9<\/td>\n<\/tr>\n<tr>\n<td class=\"title\">Gleichstrom-Ausgang<\/td>\n<td class=\"result\">N\/A<\/td>\n<\/tr>\n<\/tbody>\n<\/table>\n<\/div>\n<p><strong><a><span class=\"title\">Motor<\/span><\/a><\/strong><\/p>\n<div class=\"content\">\n<table>\n<tbody>\n<tr>\n<td class=\"title\">Motor<\/td>\n<td class=\"result\">GX130<\/td>\n<\/tr>\n<tr>\n<td class=\"title\">Motortyp<\/td>\n<td class=\"result\">4-takt, OHC, 1 Zylinder<\/td>\n<\/tr>\n<tr>\n<td class=\"title\">Hubraum (cm\u00b3)<\/td>\n<td class=\"result\">130<\/td>\n<\/tr>\n<tr>\n<td class=\"title\">Bohrung und Hub (mm)<\/td>\n<td class=\"result\">56 x 53<\/td>\n<\/tr>\n<tr>\n<td class=\"title\">Geschwindigkeit (UpM)<\/td>\n<td class=\"result\">5.500 max<\/td>\n<\/tr>\n<tr>\n<td class=\"title\">K\u00fchlung<\/td>\n<td class=\"result\">Luft<\/td>\n<\/tr>\n<tr>\n<td class=\"title\">Z\u00fcndanlage<\/td>\n<td class=\"result\">Transistor<\/td>\n<\/tr>\n<tr>\n<td class=\"title\">Motor\u00f6lvolumen (L)<\/td>\n<td class=\"result\">0,55<\/td>\n<\/tr>\n<tr>\n<td class=\"title\">Tankvolumen (L)<\/td>\n<td class=\"result\">4.7<\/td>\n<\/tr>\n<tr>\n<td class=\"title\">Betriebsdauer bei Dauerleistung (h)<\/td>\n<td class=\"result\">3,3 (8,6 \u00d6koschaltung)<\/td>\n<\/tr>\n<tr>\n<td class=\"title\">Startsystem<\/td>\n<td class=\"result\">Seilzug<\/td>\n<\/tr>\n<tr>\n<td class=\"title\">Schalldruckpegel am Arbeitsplatz (dB(A))<\/td>\n<td class=\"result\">77<\/td>\n<\/tr>\n<tr>\n<td class=\"title\">Schallleistungspegel (dB(A))<\/td>\n<td class=\"result\">91<\/td>\n<\/tr>\n<\/tbody>\n<\/table>\n<p><strong><a><span class=\"title\">Abmessungen<\/span><\/a><\/strong><\/p>\n<div class=\"content\">\n<table>\n<tbody>\n<tr>\n<td class=\"title\">L\u00e4nge (mm)<\/td>\n<td class=\"result\">571<\/td>\n<\/tr>\n<tr>\n<td class=\"title\">Breite (mm)<\/td>\n<td class=\"result\">306<\/td>\n<\/tr>\n<tr>\n<td class=\"title\">H\u00f6he (mm)<\/td>\n<td class=\"result\">452<\/td>\n<\/tr>\n<tr>\n<td class=\"title\">Trockengewicht (kg)<\/td>\n<td class=\"result\">26.5<\/td>\n<\/tr>\n<\/tbody>\n<\/table>\n<\/div>\n<\/div>\n","protected":false},"excerpt":{"rendered":"<p>3.200-VA-Stromerzeuger mit Inverter-Regelung, leicht und kompakt, ideal f\u00fcr sensible Verbraucher, extra lange Laufzeit dank \u00d6koschaltung\u2122.<\/p>\n<p><strong>Steckdosen 2x CEE Steckdosen + 1x Gratis Schuko-Adapter<\/strong><\/p>\n<p>&nbsp;<\/p>\n<p>Leichte und benutzerfreundliche Bedienung via Bluetooth Smartphone App<strong><br \/>\n<\/strong><\/p>\n<p><strong>Produkthighlights:<\/strong><\/p>\n<ul>\n<li>Leicht Gewicht 26,5 kg\u00a0\u00a0leichter und kompakter 3,2kVA Inverter-Generator durch Monocoque-Geh\u00e4use<\/li>\n<li>handlicher und sicherer Transport durch ergonomische Handgriffe an der Ober- und Unterseite sowie mit sto\u00dfsicheren, abgerundeten Ecken am Ger\u00e4t<\/li>\n<li>hocheffiziente Neodym-Magnete mit h\u00f6chster Leistung bei geringstem Gewicht<\/li>\n<li>Neu entwickelter GX130-OHC Motor mit batterieloser Kraftstoffeinspritzung FI<\/li>\n<li>erster Einspritzmotor im Handy Inverter-Generatoren-Bereich mit Lambda-sonden Regelung f\u00fcr geringere Umweltbelastung<\/li>\n<li>verbrauchseffizient: &#8211; 35% Kraftstoffverbrauch im Vergleich zum Vorg\u00e4nger-modell u. a. durch optimiertes Kraftstoff-Luft Gemisch\u00a0\u00a0bei 4,7l Tankinhalt bis zu 8,6h Laufzeit im \u00d6kobetrieb<\/li>\n<li>Easy Start\u201c mit nur zwei Handgriffen im Vergleich zu f\u00fcnf bei herk\u00f6mmlichen Modellen<\/li>\n<li>3,2 kVA Maximalleistung bei optimalem Leistungs-Gewichts-Verh\u00e4ltnis<\/li>\n<li>h\u00f6here Motordrehzahl bei reduziertem Motorgewicht und kompakter Bauweise mit deutlich verbesserter Motork\u00fchlung<\/li>\n<li>Motor-Gewichtsoptimierung durch spezielles Honda-Material und integrierter Laufbuchse<\/li>\n<li>Parallelbetrieb f\u00fcr doppelte Leistung m\u00f6glich (Zubeh\u00f6r n\u00f6tig)<\/li>\n<li>Leichte und benutzerfreundliche Bedienung via Bluetooth Smartphone App<\/li>\n<li>komfortabler Motorstopp via App<\/li>\n<li>Betriebszustand, aktuelle Ausgangsleistung, Betriebsstunden, Tankanzeige mit Restlaufzeit<\/li>\n<li>Fehlerdiagnose und Wartungsinformationen (\u00d6lwechsel)<\/li>\n<\/ul>\n","protected":false},"featured_media":14343,"comment_status":"open","ping_status":"closed","template":"","meta":[],"product_brand":[296],"product_cat":[148],"product_tag":[189,203],"class_list":{"0":"post-4236","1":"product","2":"type-product","3":"status-publish","4":"has-post-thumbnail","6":"product_brand-honda","7":"product_cat-stromerzeuger","8":"product_tag-honda","9":"product_tag-outlet","11":"first","12":"instock","13":"taxable","14":"shipping-taxable","15":"purchasable","16":"product-type-simple"},"_links":{"self":[{"href":"https:\/\/benimarkt.at\/index.php?rest_route=\/wp\/v2\/product\/4236","targetHints":{"allow":["GET"]}}],"collection":[{"href":"https:\/\/benimarkt.at\/index.php?rest_route=\/wp\/v2\/product"}],"about":[{"href":"https:\/\/benimarkt.at\/index.php?rest_route=\/wp\/v2\/types\/product"}],"replies":[{"embeddable":true,"href":"https:\/\/benimarkt.at\/index.php?rest_route=%2Fwp%2Fv2%2Fcomments&post=4236"}],"version-history":[{"count":5,"href":"https:\/\/benimarkt.at\/index.php?rest_route=\/wp\/v2\/product\/4236\/revisions"}],"predecessor-version":[{"id":14348,"href":"https:\/\/benimarkt.at\/index.php?rest_route=\/wp\/v2\/product\/4236\/revisions\/14348"}],"wp:featuredmedia":[{"embeddable":true,"href":"https:\/\/benimarkt.at\/index.php?rest_route=\/wp\/v2\/media\/14343"}],"wp:attachment":[{"href":"https:\/\/benimarkt.at\/index.php?rest_route=%2Fwp%2Fv2%2Fmedia&parent=4236"}],"wp:term":[{"taxonomy":"product_brand","embeddable":true,"href":"https:\/\/benimarkt.at\/index.php?rest_route=%2Fwp%2Fv2%2Fproduct_brand&post=4236"},{"taxonomy":"product_cat","embeddable":true,"href":"https:\/\/benimarkt.at\/index.php?rest_route=%2Fwp%2Fv2%2Fproduct_cat&post=4236"},{"taxonomy":"product_tag","embeddable":true,"href":"https:\/\/benimarkt.at\/index.php?rest_route=%2Fwp%2Fv2%2Fproduct_tag&post=4236"}],"curies":[{"name":"wp","href":"https:\/\/api.w.org\/{rel}","templated":true}]}}