{"id":4034,"date":"2025-05-21T15:10:04","date_gmt":"2025-05-21T13:10:04","guid":{"rendered":"https:\/\/gartenrestposten.de\/?post_type=product&#038;p=4034"},"modified":"2026-01-09T12:37:06","modified_gmt":"2026-01-09T12:37:06","slug":"stiga-estate-7102-w-benzin-rasentraktor","status":"publish","type":"product","link":"https:\/\/benimarkt.at\/?product=stiga-estate-7102-w-benzin-rasentraktor","title":{"rendered":"STIGA ESTATE 7102 W Benzin-Rasentraktor"},"content":{"rendered":"<p>Eigenschaften<\/p>\n<p>Hochleistungs-Rasentraktor mit einem starken 635 cm\u00b3 ST 650 Zweizylinder-Motor f\u00fcr h\u00f6chste Leistung und Zuverl\u00e4ssigkeit. Ein 102 cm M\u00e4hdeck mit synchronisierten Messern arbeitet mit einem ger\u00e4umigen 300 Liter Fangkorb zusammen, um eine schnelle gro\u00dffl\u00e4chige Arbeitsgeschwindigkeit zu gew\u00e4hrleisten. Andere w\u00fcnschenswerte Merkmale umfassen einen sanften, fu\u00dfpedalgesteuerten hydrostatischen Antrieb.<\/p>\n<p>Brandneuer, leistungsstarker und zuverl\u00e4ssiger STIGA ST 650 Zweizylindermotor<br \/>\nGro\u00dfes 102 cm M\u00e4hdeck mit zeitgesteuerten Klingen<br \/>\nGro\u00dfz\u00fcgiger 300 L Grasfangkorb<br \/>\nLED-Leuchten f\u00fcr gute Sichtbarkeit des Arbeitsbereichs<br \/>\nLanglebig und stark dank gusseiserner Vorderachse<br \/>\nInklusive Mulchkeil. Anh\u00e4ngerkupplung und Batterieladeger\u00e4t sind separat erh\u00e4ltlich.<\/p>\n<p>&nbsp;<\/p>\n<p>Technische Daten<br \/>\nBatteriekapazit\u00e4t: 18 Ah<br \/>\nPower: 10.6 kW<br \/>\nLeistungsquelle: Benzin<br \/>\nMotormodell: ST 650 Twin Powered by STIGA<br \/>\nHubraum: 635 cm\u00b3<br \/>\nMotordrehzahl: 2400 rpm<br \/>\nBatteriespannung: 12 V<br \/>\nK\u00fchlsystem: Luftgek\u00fchlt<br \/>\nTankinhalt: 8 l<br \/>\nMaximale Arbeitsfl\u00e4che: 6000 \u33a1<br \/>\nSchnittbreite 102 cm<br \/>\nAnzahl Messer 2<br \/>\nFangkorb 300 L<\/p>\n","protected":false},"excerpt":{"rendered":"<p>Leistungsstarker Rasentraktor, ausgestattet mit einem STIGA ST 650 Zweizylindermotor, einem gro\u00dfen 102 cm Doppelmesser-M\u00e4hdeck und einem ger\u00e4umigen Grasfangkorb mit 360 l Fassungsverm\u00f6gen. Ideal f\u00fcr anspruchsvolle M\u00e4h- und Sammelarbeiten auf Rasenfl\u00e4chen bis zu 8000 m\u00b2.<\/p>\n<ul class=\"list_check\">\n<li>Leistungsstarker STIGA ST 650 Zweizylindermotor.<\/li>\n<li>102 cm langes, verst\u00e4rktes M\u00e4hdeck mit 4 Antiskalpierr\u00e4dern.<\/li>\n<li>Der Allradantrieb sorgt f\u00fcr hervorragende Bodenhaftung auf jedem Terrain.<\/li>\n<li>Intelligentes 5,5&#8243;-Breitbild-Display mit allen Betriebsinformationen und Best Cutting Zone.<\/li>\n<li>Leistungsstarke LED-Scheinwerfer und robuster Frontsto\u00dff\u00e4nger<\/li>\n<li>Der Komfort wird durch einen Sitz mit Armlehnen und ein griffiges Lenkrad verbessert.<\/li>\n<\/ul>\n<div class=\"container\">\n<div class=\"row\">\n<div class=\"col\">\n<div class=\"title\"><\/div>\n<\/div>\n<\/div>\n<\/div>\n<div class=\"container\">\n<div class=\"row\">\n<div class=\"col-md-6 col-lg-7 product-details__description\">\n<div class=\"product attribute description\"><\/div>\n<\/div>\n<\/div>\n<\/div>\n","protected":false},"featured_media":11354,"comment_status":"open","ping_status":"closed","template":"","meta":[],"product_brand":[300],"product_cat":[134,135,124],"product_tag":[568,188,312],"class_list":{"0":"post-4034","1":"product","2":"type-product","3":"status-publish","4":"has-post-thumbnail","6":"product_brand-stiga","7":"product_cat-gartenbau","8":"product_cat-rasenmaehertraktor","9":"product_cat-rasentraktor","10":"product_tag-568","11":"product_tag-benzin-rasentraktor","12":"product_tag-stiga","14":"first","15":"instock","16":"taxable","17":"shipping-taxable","18":"purchasable","19":"product-type-simple"},"_links":{"self":[{"href":"https:\/\/benimarkt.at\/index.php?rest_route=\/wp\/v2\/product\/4034","targetHints":{"allow":["GET"]}}],"collection":[{"href":"https:\/\/benimarkt.at\/index.php?rest_route=\/wp\/v2\/product"}],"about":[{"href":"https:\/\/benimarkt.at\/index.php?rest_route=\/wp\/v2\/types\/product"}],"replies":[{"embeddable":true,"href":"https:\/\/benimarkt.at\/index.php?rest_route=%2Fwp%2Fv2%2Fcomments&post=4034"}],"version-history":[{"count":2,"href":"https:\/\/benimarkt.at\/index.php?rest_route=\/wp\/v2\/product\/4034\/revisions"}],"predecessor-version":[{"id":11360,"href":"https:\/\/benimarkt.at\/index.php?rest_route=\/wp\/v2\/product\/4034\/revisions\/11360"}],"wp:featuredmedia":[{"embeddable":true,"href":"https:\/\/benimarkt.at\/index.php?rest_route=\/wp\/v2\/media\/11354"}],"wp:attachment":[{"href":"https:\/\/benimarkt.at\/index.php?rest_route=%2Fwp%2Fv2%2Fmedia&parent=4034"}],"wp:term":[{"taxonomy":"product_brand","embeddable":true,"href":"https:\/\/benimarkt.at\/index.php?rest_route=%2Fwp%2Fv2%2Fproduct_brand&post=4034"},{"taxonomy":"product_cat","embeddable":true,"href":"https:\/\/benimarkt.at\/index.php?rest_route=%2Fwp%2Fv2%2Fproduct_cat&post=4034"},{"taxonomy":"product_tag","embeddable":true,"href":"https:\/\/benimarkt.at\/index.php?rest_route=%2Fwp%2Fv2%2Fproduct_tag&post=4034"}],"curies":[{"name":"wp","href":"https:\/\/api.w.org\/{rel}","templated":true}]}}