{"id":4006,"date":"2025-05-12T09:47:46","date_gmt":"2025-05-12T07:47:46","guid":{"rendered":"https:\/\/gartenrestposten.de\/?post_type=product&#038;p=4006"},"modified":"2026-03-06T13:05:41","modified_gmt":"2026-03-06T13:05:41","slug":"cub-cadet-xz7-l152i-ultima","status":"publish","type":"product","link":"https:\/\/benimarkt.at\/?product=cub-cadet-xz7-l152i-ultima","title":{"rendered":"CUB CADET XZ7 L152I ULTIMA ZERO TURN"},"content":{"rendered":"<table style=\"width: 62.196%; height: 1714px;\" border=\"0\" width=\"100%\">\n<tbody>\n<tr>\n<td><span style=\"font-size: 12pt;\"><b><span style=\"color: #000000;\">\u00a0MOTOR<\/span><\/b><\/span><\/td>\n<td width=\"60%\"><span style=\"font-size: 12pt;\"><b><span style=\"color: #000000;\">\u00a0XZ7 L152i &#8211; ULTIMA<\/span><\/b><\/span><\/td>\n<\/tr>\n<tr>\n<td colspan=\"5\">\n<hr \/>\n<\/td>\n<\/tr>\n<tr>\n<td bgcolor=\"#d4d4d3\">\u00a0Motortyp<\/td>\n<td bgcolor=\"#d4d4d3\">\u00a0KOHLER mit Benzindirekteinspritzung<\/td>\n<\/tr>\n<tr>\n<td bgcolor=\"#ffffff\">\u00a0Hubraum (cm<sup>3<\/sup>)<\/td>\n<td bgcolor=\"#ffffff\">\u00a0747<\/td>\n<\/tr>\n<tr>\n<td bgcolor=\"#d4d4d3\">\u00a0Ger\u00e4teleistung (kW\/min<sup>-1<\/sup>)<\/td>\n<td bgcolor=\"#d4d4d3\">\u00a014,8 \/ 2700<\/td>\n<\/tr>\n<tr>\n<td bgcolor=\"#ffffff\">\u00a0Zylinder<\/td>\n<td bgcolor=\"#ffffff\">\u00a0V-TWIN Zweizylinder<\/td>\n<\/tr>\n<tr>\n<td bgcolor=\"#d4d4d3\" height=\"22\">\u00a0Tankvolumen (Kapazit\u00e4t) (l)<\/td>\n<td bgcolor=\"#d4d4d3\">\u00a020,8<\/td>\n<\/tr>\n<tr>\n<td bgcolor=\"#ffffff\" height=\"22\">\u00a0Schmierung<\/td>\n<td bgcolor=\"#ffffff\">\u00a0\u00d6lpumpe mit \u00d6lfilter<\/td>\n<\/tr>\n<tr>\n<td colspan=\"5\" height=\"28\">\n<hr \/>\n<\/td>\n<\/tr>\n<tr>\n<td height=\"29\"><span style=\"font-size: 12pt;\"><b><span style=\"color: #000000;\">ANTRIEBSSYSTEM<\/span><\/b><\/span><\/td>\n<td><\/td>\n<\/tr>\n<tr>\n<td colspan=\"5\" height=\"6\">\n<hr \/>\n<\/td>\n<\/tr>\n<tr>\n<td bgcolor=\"#d4d4d3\" height=\"21\">\u00a0Antrieb<\/td>\n<td bgcolor=\"#d4d4d3\">\u00a0Dual Hydrostat<\/td>\n<\/tr>\n<tr>\n<td bgcolor=\"#ffffff\" height=\"21\">\u00a0Getriebe<\/td>\n<td bgcolor=\"#ffffff\">\u00a0Hydrogear ZT3400 Charged<\/td>\n<\/tr>\n<tr>\n<td bgcolor=\"#d4d4d3\" height=\"21\">\u00a0Geschwindigkeit (max)<\/td>\n<td bgcolor=\"#d4d4d3\">\u00a0-0<\/td>\n<\/tr>\n<tr>\n<td bgcolor=\"#ffffff\" height=\"21\">\u00a0Geschwindigkeitskontrolle<\/td>\n<td bgcolor=\"#ffffff\">\u00a0Lenkhebel<\/td>\n<\/tr>\n<tr>\n<td bgcolor=\"#d4d4d3\" height=\"21\">\u00a0Tempomat<\/td>\n<td bgcolor=\"#d4d4d3\">\u00a0Standard<\/td>\n<\/tr>\n<tr>\n<td colspan=\"5\" height=\"6\">\n<hr \/>\n<\/td>\n<\/tr>\n<tr>\n<td height=\"29\"><span style=\"font-size: 12pt;\"><b><span style=\"color: #000000;\">SCHNEIDSYSTEM<\/span><\/b><\/span><\/td>\n<td><\/td>\n<\/tr>\n<tr>\n<td colspan=\"5\" height=\"34\">\n<hr \/>\n<\/td>\n<\/tr>\n<tr>\n<td bgcolor=\"#d4d4d3\" height=\"22\">\u00a0Empf. Fl\u00e4chenleistung (m<sup>2<\/sup>\/h)<\/td>\n<td bgcolor=\"#d4d4d3\">\u00a015000<\/td>\n<\/tr>\n<tr>\n<td bgcolor=\"#ffffff\" height=\"22\">\u00a0Schnittbreite<\/td>\n<td bgcolor=\"#ffffff\">\u00a0152<\/td>\n<\/tr>\n<tr>\n<td bgcolor=\"#d4d4d3\" height=\"22\">\u00a0Schnitth\u00f6he<\/td>\n<td bgcolor=\"#d4d4d3\">\u00a025\u2013114 mm<\/td>\n<\/tr>\n<tr>\n<td bgcolor=\"#ffffff\" height=\"22\">\u00a0M\u00e4hoptionen<\/td>\n<td bgcolor=\"#ffffff\">\u00a03-in-1-Option<\/td>\n<\/tr>\n<tr>\n<td bgcolor=\"#d4d4d3\" height=\"22\">\u00a0Messeranzahl<\/td>\n<td bgcolor=\"#d4d4d3\">\u00a03<\/td>\n<\/tr>\n<tr>\n<td bgcolor=\"#ffffff\" height=\"22\">\u00a0M\u00e4hwerkseinschaltung<\/td>\n<td bgcolor=\"#ffffff\">\u00a0Elektromagnetisch<\/td>\n<\/tr>\n<tr>\n<td bgcolor=\"#d4d4d3\" height=\"22\">\u00a0Schnitth\u00f6heneinstellung<\/td>\n<td bgcolor=\"#d4d4d3\">\u00a016 Positionen<\/td>\n<\/tr>\n<tr>\n<td bgcolor=\"#ffffff\" height=\"22\">\u00a0M\u00e4hwerksrollen<\/td>\n<td bgcolor=\"#ffffff\">\u00a02 + Rollen<\/td>\n<\/tr>\n<tr>\n<td bgcolor=\"#d4d4d3\" height=\"22\">\u00a0Mulch kit<\/td>\n<td bgcolor=\"#d4d4d3\">\u00a0Standard<\/td>\n<\/tr>\n<tr>\n<td colspan=\"5\" height=\"27\">\n<hr \/>\n<\/td>\n<\/tr>\n<tr>\n<td height=\"29\"><span style=\"font-size: 12pt;\"><b><span style=\"color: #000000;\">AUSWURFSYSTEM<\/span><\/b><\/span><\/td>\n<td><\/td>\n<\/tr>\n<tr>\n<td colspan=\"5\" height=\"6\">\n<hr \/>\n<\/td>\n<\/tr>\n<tr>\n<td bgcolor=\"#d4d4d3\" height=\"22\">\u00a0Fangsack (Kapazit\u00e4t) (l)<\/td>\n<td bgcolor=\"#d4d4d3\">\u00a0optional 380<\/td>\n<\/tr>\n<tr>\n<td bgcolor=\"#ffffff\" height=\"22\">\u00a0Gras-Deflektor<\/td>\n<td bgcolor=\"#ffffff\">\u00a0Standard<\/td>\n<\/tr>\n<tr>\n<td colspan=\"5\" height=\"27\">\n<hr \/>\n<\/td>\n<\/tr>\n<tr>\n<td height=\"23\"><span style=\"font-size: 12pt;\"><b><span style=\"color: #000000;\">RAHMEN<\/span><\/b><\/span><\/td>\n<td><\/td>\n<\/tr>\n<tr>\n<td colspan=\"5\" height=\"4\">\n<hr \/>\n<\/td>\n<\/tr>\n<tr>\n<td bgcolor=\"#d4d4d3\" height=\"21\">\u00a0Sto\u00dfstange \/ Hecksto\u00dfstange<\/td>\n<td bgcolor=\"#d4d4d3\">\u00a0\u2013 \/ Stahlrohrrahmen<\/td>\n<\/tr>\n<tr>\n<td bgcolor=\"#ffffff\" height=\"21\">\u00a0Wenderadius (cm)<\/td>\n<td bgcolor=\"#ffffff\">\u00a00<\/td>\n<\/tr>\n<tr>\n<td bgcolor=\"#d4d4d3\" height=\"21\">\u00a0R\u00e4der (vorne\/hinten) (Zoll)<\/td>\n<td bgcolor=\"#d4d4d3\">\u00a013 x 6,5 \/ 24 x 12<\/td>\n<\/tr>\n<tr>\n<td bgcolor=\"#ffffff\" height=\"21\">\u00a0Radlager<\/td>\n<td bgcolor=\"#ffffff\">\u00a0n.v.<\/td>\n<\/tr>\n<tr>\n<td colspan=\"5\" height=\"27\">\n<hr \/>\n<\/td>\n<\/tr>\n<tr>\n<td height=\"23\"><span style=\"font-size: 12pt;\"><b><span style=\"color: #000000;\">ELEKTRIK<\/span><\/b><\/span><\/td>\n<td><\/td>\n<\/tr>\n<tr>\n<td colspan=\"5\" height=\"4\">\n<hr \/>\n<\/td>\n<\/tr>\n<tr>\n<td bgcolor=\"#d4d4d3\" height=\"21\">\u00a0Batterie<\/td>\n<td bgcolor=\"#d4d4d3\">\u00a0210cca AGM<\/td>\n<\/tr>\n<tr>\n<td bgcolor=\"#ffffff\" height=\"21\">\u00a0Scheinwerfer<\/td>\n<td bgcolor=\"#ffffff\">\u00a0LED<\/td>\n<\/tr>\n<tr>\n<td bgcolor=\"#d4d4d3\" height=\"21\">\u00a0Stundenz\u00e4hler \/ Serviceanzeige<\/td>\n<td bgcolor=\"#d4d4d3\">\u00a0Standard \/ Standard<\/td>\n<\/tr>\n<tr>\n<td bgcolor=\"#ffffff\" height=\"21\">\u00a0Sicherheitssysteme<\/td>\n<td bgcolor=\"#ffffff\">\u00a0Standard<\/td>\n<\/tr>\n<tr>\n<td colspan=\"5\" height=\"27\">\n<hr \/>\n<\/td>\n<\/tr>\n<tr>\n<td height=\"23\"><span style=\"font-size: 12pt;\"><b><span style=\"color: #000000;\">KOMFORT<\/span><\/b><\/span><\/td>\n<td><\/td>\n<\/tr>\n<tr>\n<td colspan=\"5\" height=\"4\">\n<hr \/>\n<\/td>\n<\/tr>\n<tr>\n<td bgcolor=\"#d4d4d3\" height=\"21\">\u00a0Sitztyp<\/td>\n<td bgcolor=\"#d4d4d3\">\u00a0Hohe R\u00fcckenlehne mit Armlehnen, individuell einstellbare Federung<\/td>\n<\/tr>\n<tr>\n<td bgcolor=\"#ffffff\" height=\"21\">\u00a0Sitzeinstellung<\/td>\n<td bgcolor=\"#ffffff\">\u00a0Schnellverstellhebel<\/td>\n<\/tr>\n<tr>\n<td bgcolor=\"#d4d4d3\" height=\"21\">\u00a0Lenkrad<\/td>\n<td bgcolor=\"#d4d4d3\">\u00a02-Wege-Lenkhebel mit Komfortgriff<\/td>\n<\/tr>\n<tr>\n<td bgcolor=\"#ffffff\" height=\"21\">\u00a0Werkzeugbox<\/td>\n<td bgcolor=\"#ffffff\">\u00a0Standard<\/td>\n<\/tr>\n<tr>\n<td bgcolor=\"#d4d4d3\" height=\"21\">\u00a0R\u00fcckw\u00e4rtsm\u00e4hoption (RevTEK)<\/td>\n<td bgcolor=\"#d4d4d3\">\u00a0Standard<\/td>\n<\/tr>\n<tr>\n<td bgcolor=\"#ffffff\" height=\"21\">\u00a0Batterieladeger\u00e4t<\/td>\n<td bgcolor=\"#ffffff\">\u00a0\u2013<\/td>\n<\/tr>\n<\/tbody>\n<\/table>\n","protected":false},"excerpt":{"rendered":"<p>Das Top-Modell der ENDURO XZ Series \u00fcberzeugt durch eine weiter verbesserte Stabilit\u00e4t und Langlebigkeit. So k\u00f6nnen Sie auch unter schwierigsten Bedingungen bequem und mit maximalem Komfort m\u00e4hen.<\/p>\n<ul>\n<li>Z-TURNS<\/li>\n<li>Schnittbreite : 152<\/li>\n<li>Getriebe : Hydrogear ZT3400 Charged<\/li>\n<li>Ger\u00e4teleistung kW\/min\u00a0<sup>-1<\/sup>\u00a0: 14,8 \/ 2700<\/li>\n<li>Empf. Fl\u00e4chenleistung in m\u00a0<sup>2<\/sup>\u00a0\/h: 15000<\/li>\n<li>Fangsack (Kapazit\u00e4t) (l) : optional 380<\/li>\n<\/ul>\n","protected":false},"featured_media":13668,"comment_status":"open","ping_status":"closed","template":"","meta":[],"product_brand":[298],"product_cat":[134,124,200],"product_tag":[196,155,197],"class_list":{"0":"post-4006","1":"product","2":"type-product","3":"status-publish","4":"has-post-thumbnail","6":"product_brand-cub-cadet","7":"product_cat-gartenbau","8":"product_cat-rasentraktor","9":"product_cat-zero-turn","10":"product_tag-cub-cadet","11":"product_tag-rasenmaeher","12":"product_tag-zero-turn","14":"first","15":"instock","16":"taxable","17":"shipping-taxable","18":"purchasable","19":"product-type-simple"},"_links":{"self":[{"href":"https:\/\/benimarkt.at\/index.php?rest_route=\/wp\/v2\/product\/4006","targetHints":{"allow":["GET"]}}],"collection":[{"href":"https:\/\/benimarkt.at\/index.php?rest_route=\/wp\/v2\/product"}],"about":[{"href":"https:\/\/benimarkt.at\/index.php?rest_route=\/wp\/v2\/types\/product"}],"replies":[{"embeddable":true,"href":"https:\/\/benimarkt.at\/index.php?rest_route=%2Fwp%2Fv2%2Fcomments&post=4006"}],"version-history":[{"count":2,"href":"https:\/\/benimarkt.at\/index.php?rest_route=\/wp\/v2\/product\/4006\/revisions"}],"predecessor-version":[{"id":11363,"href":"https:\/\/benimarkt.at\/index.php?rest_route=\/wp\/v2\/product\/4006\/revisions\/11363"}],"wp:featuredmedia":[{"embeddable":true,"href":"https:\/\/benimarkt.at\/index.php?rest_route=\/wp\/v2\/media\/13668"}],"wp:attachment":[{"href":"https:\/\/benimarkt.at\/index.php?rest_route=%2Fwp%2Fv2%2Fmedia&parent=4006"}],"wp:term":[{"taxonomy":"product_brand","embeddable":true,"href":"https:\/\/benimarkt.at\/index.php?rest_route=%2Fwp%2Fv2%2Fproduct_brand&post=4006"},{"taxonomy":"product_cat","embeddable":true,"href":"https:\/\/benimarkt.at\/index.php?rest_route=%2Fwp%2Fv2%2Fproduct_cat&post=4006"},{"taxonomy":"product_tag","embeddable":true,"href":"https:\/\/benimarkt.at\/index.php?rest_route=%2Fwp%2Fv2%2Fproduct_tag&post=4006"}],"curies":[{"name":"wp","href":"https:\/\/api.w.org\/{rel}","templated":true}]}}