{"id":4001,"date":"2025-05-10T09:43:09","date_gmt":"2025-05-10T07:43:09","guid":{"rendered":"https:\/\/gartenrestposten.de\/?post_type=product&#038;p=4001"},"modified":"2026-03-31T11:50:55","modified_gmt":"2026-03-31T11:50:55","slug":"solo-by-al-ko-140-b-motorsense","status":"publish","type":"product","link":"https:\/\/benimarkt.at\/?product=solo-by-al-ko-140-b-motorsense","title":{"rendered":"solo by AL-KO 140 B Benzin-Motorsense &#8211; AUSVERKAUF!"},"content":{"rendered":"<h3>Technische Daten<\/h3>\n<h4 class=\"mt-4 cursor-pointer\" data-toggle=\"collapse\" data-target=\"#attributeGroupDefault\" aria-expanded=\"false\" aria-controls=\"attributeGroupDefault\">Allgemeines<\/h4>\n<div class=\"pull-right text-right pr-0\"><\/div>\n<table id=\"attributeGroupDefault\" class=\"collapse table table-striped show\">\n<tbody>\n<tr>\n<th>Artikelnummer<\/th>\n<td>127615<\/td>\n<\/tr>\n<tr>\n<th>EAN<\/th>\n<td>4003718061680<\/td>\n<\/tr>\n<tr>\n<th>Gewicht netto in kg<\/th>\n<td>7.7 KG<\/td>\n<\/tr>\n<tr>\n<th>Gewindegr\u00f6\u00dfe Fadenspule<\/th>\n<td>M10 x 1,25 Linksgewinde<\/td>\n<\/tr>\n<tr>\n<th>Fadenkopf Typ<\/th>\n<td>Schnellaufwicklung<\/td>\n<\/tr>\n<tr>\n<th>Fadennachstellung<\/th>\n<td>Tipp-Automatik<\/td>\n<\/tr>\n<tr>\n<th>Fadendurchmesser (mm)<\/th>\n<td>2.5 MM<\/td>\n<\/tr>\n<tr>\n<th>Wartungsfreies Winkelgetriebe<\/th>\n<td>Ja<\/td>\n<\/tr>\n<tr>\n<th>Mischverh\u00e4ltnis \u00d6l\/Benzin<\/th>\n<td>1:50<\/td>\n<\/tr>\n<tr>\n<th>Schaft geteilt<\/th>\n<td>nein<\/td>\n<\/tr>\n<tr>\n<th>Schaftdurchmesser in mm<\/th>\n<td>26 MM<\/td>\n<\/tr>\n<tr>\n<th>Arbeitsb. Sense Faden cm<\/th>\n<td>41 CM<\/td>\n<\/tr>\n<tr>\n<th>Arbeitsb. Sense Messer cm<\/th>\n<td>25 CM<\/td>\n<\/tr>\n<tr>\n<th>Benzin-Motor E10 geeignet?<\/th>\n<td>Ja<\/td>\n<\/tr>\n<tr>\n<th>Marke<\/th>\n<td>solo\u00ae by AL-KO<\/td>\n<\/tr>\n<tr>\n<th>Hersteller<\/th>\n<td>AL-KO Ger\u00e4te GmbH<\/td>\n<\/tr>\n<tr>\n<th>Hersteller Adresse<\/th>\n<td>Ichenhauserstr. 14, 89359 K\u00f6tz<\/td>\n<\/tr>\n<tr>\n<th>Produktlinie<\/th>\n<td>\u00a0PREMIUM<\/td>\n<\/tr>\n<tr>\n<th><\/th>\n<td><\/td>\n<\/tr>\n<\/tbody>\n<\/table>\n<h4 class=\"mt-4 pt-4 border-top cursor-pointer\" data-toggle=\"collapse\" data-target=\"#attributeGroupPower_supply\" aria-expanded=\"true\" aria-controls=\"attributeGroupPower_supply\">Energieversorgung<\/h4>\n<table id=\"attributeGroupPower_supply\" class=\"collapse table table-striped show\">\n<tbody>\n<tr>\n<th>Antriebsart<\/th>\n<td>Benzin<\/td>\n<\/tr>\n<\/tbody>\n<\/table>\n<h4 class=\"mt-4 pt-4 border-top cursor-pointer\" data-toggle=\"collapse\" data-target=\"#attributeGroupCutting_system\" aria-expanded=\"true\" aria-controls=\"attributeGroupCutting_system\">Schneidsystem<\/h4>\n<table id=\"attributeGroupCutting_system\" class=\"collapse table table-striped show\">\n<tbody>\n<tr>\n<th>Fadenl\u00e4nge (cm)<\/th>\n<td>700 CM<\/td>\n<\/tr>\n<\/tbody>\n<\/table>\n<h4 class=\"mt-4 pt-4 border-top cursor-pointer\" data-toggle=\"collapse\" data-target=\"#attributeGroupEngine\" aria-expanded=\"true\" aria-controls=\"attributeGroupEngine\">Motor<\/h4>\n<table id=\"attributeGroupEngine\" class=\"collapse table table-striped show\">\n<tbody>\n<tr>\n<th>Easy Start System<\/th>\n<td>nein<\/td>\n<\/tr>\n<tr>\n<th>&#8222;Ready to start&#8220; Schalter<\/th>\n<td>ja<\/td>\n<\/tr>\n<tr>\n<th>Autochoke Vorhanden<\/th>\n<td>Ja<\/td>\n<\/tr>\n<tr>\n<th>Volumen Benzintank Liter<\/th>\n<td>0.7 L<\/td>\n<\/tr>\n<tr>\n<th>Hubraum in ccm<\/th>\n<td>40.2<\/td>\n<\/tr>\n<tr>\n<th>Leistung in kW<\/th>\n<td>1.5 KW<\/td>\n<\/tr>\n<tr>\n<th>Leistung in PS<\/th>\n<td>2.04 PS<\/td>\n<\/tr>\n<tr>\n<th>Primer<\/th>\n<td>ja<\/td>\n<\/tr>\n<\/tbody>\n<\/table>\n","protected":false},"excerpt":{"rendered":"<p>Perfekte M\u00e4hergebnisse f\u00fcr anspruchsvolle Gartenbesitzer, Hobbyg\u00e4rtner oder die professionelle Grundst\u00fcckspflege: Daf\u00fcr steht die solo\u00ae by AL-KO Benzin-Motorsense, unsere robuste, enorm starke und vielseitiges High-End-Ger\u00e4t im Bereich \u201eRasenm\u00e4hen\u201c.<\/p>\n<ul class=\"p-0 list-unstyled details-usp-list\" title=\"\" data-original-title=\"\">\n<li title=\"\" data-original-title=\"\">Emissionsarmer Luftvorlage Motor<\/li>\n<li title=\"\" data-original-title=\"\">Kraftvolles Arbeiten mit viel Power &#8211; 1,5 kW Motor<\/li>\n<li title=\"\" data-original-title=\"\">Sichere, komfortable F\u00fchrung dank ergonomischem Bikegriff<\/li>\n<li title=\"\" data-original-title=\"\">130mm Sensenfadenkopf Fast and Easy \u2013 Einfaches Einf\u00e4deln und Aufwickeln des Schneidfadens ohne \u00d6ffnen des Sensenfadenkopfes<\/li>\n<li title=\"\" data-original-title=\"\">Ready-to-Start-Schalter<\/li>\n<li title=\"\" data-original-title=\"\">Optimale Ger\u00e4tebalance durch Gurteinh\u00e4ngeschiene<\/li>\n<li title=\"\" data-original-title=\"\">Inklusive komfortabler Profi-Doppeltragegurt<\/li>\n<\/ul>\n","protected":false},"featured_media":11364,"comment_status":"open","ping_status":"closed","template":"","meta":[],"product_brand":[123],"product_cat":[134,136],"product_tag":[553,185,194],"class_list":{"0":"post-4001","1":"product","2":"type-product","3":"status-publish","4":"has-post-thumbnail","6":"product_brand-al-ko","7":"product_cat-gartenbau","8":"product_cat-motorsensen","9":"product_tag-553","10":"product_tag-al-ko","11":"product_tag-benzin-motorsense","13":"first","14":"instock","15":"taxable","16":"shipping-taxable","17":"purchasable","18":"product-type-simple"},"_links":{"self":[{"href":"https:\/\/benimarkt.at\/index.php?rest_route=\/wp\/v2\/product\/4001","targetHints":{"allow":["GET"]}}],"collection":[{"href":"https:\/\/benimarkt.at\/index.php?rest_route=\/wp\/v2\/product"}],"about":[{"href":"https:\/\/benimarkt.at\/index.php?rest_route=\/wp\/v2\/types\/product"}],"replies":[{"embeddable":true,"href":"https:\/\/benimarkt.at\/index.php?rest_route=%2Fwp%2Fv2%2Fcomments&post=4001"}],"version-history":[{"count":3,"href":"https:\/\/benimarkt.at\/index.php?rest_route=\/wp\/v2\/product\/4001\/revisions"}],"predecessor-version":[{"id":14328,"href":"https:\/\/benimarkt.at\/index.php?rest_route=\/wp\/v2\/product\/4001\/revisions\/14328"}],"wp:featuredmedia":[{"embeddable":true,"href":"https:\/\/benimarkt.at\/index.php?rest_route=\/wp\/v2\/media\/11364"}],"wp:attachment":[{"href":"https:\/\/benimarkt.at\/index.php?rest_route=%2Fwp%2Fv2%2Fmedia&parent=4001"}],"wp:term":[{"taxonomy":"product_brand","embeddable":true,"href":"https:\/\/benimarkt.at\/index.php?rest_route=%2Fwp%2Fv2%2Fproduct_brand&post=4001"},{"taxonomy":"product_cat","embeddable":true,"href":"https:\/\/benimarkt.at\/index.php?rest_route=%2Fwp%2Fv2%2Fproduct_cat&post=4001"},{"taxonomy":"product_tag","embeddable":true,"href":"https:\/\/benimarkt.at\/index.php?rest_route=%2Fwp%2Fv2%2Fproduct_tag&post=4001"}],"curies":[{"name":"wp","href":"https:\/\/api.w.org\/{rel}","templated":true}]}}