{"id":3994,"date":"2025-05-10T08:53:35","date_gmt":"2025-05-10T06:53:35","guid":{"rendered":"https:\/\/gartenrestposten.de\/?post_type=product&#038;p=3994"},"modified":"2026-03-06T13:07:58","modified_gmt":"2026-03-06T13:07:58","slug":"cub-cadet-xz5-el107-ultima-zero-turn","status":"publish","type":"product","link":"https:\/\/benimarkt.at\/?product=cub-cadet-xz5-el107-ultima-zero-turn","title":{"rendered":"CUB CADET XZ5 EL107 ULTIMA ZERO TURN"},"content":{"rendered":"<table style=\"width: 61.1643%; height: 1455px;\" border=\"0\" width=\"100%\">\n<tbody>\n<tr>\n<td><span style=\"font-size: 12pt;\"><b><span style=\"color: #000000;\">\u00a0MOTOR<\/span><\/b><\/span><\/td>\n<td width=\"60%\"><b><span style=\"color: #000000; font-size: xx-small;\">\u00a0<span style=\"font-size: 12pt;\">XZ5 EL107<\/span><\/span><\/b><\/td>\n<\/tr>\n<tr>\n<td colspan=\"5\">\n<hr \/>\n<\/td>\n<\/tr>\n<tr>\n<td bgcolor=\"#d4d4d3\">\u00a0Motortyp<\/td>\n<td bgcolor=\"#d4d4d3\">\u00a0Cub Cadet 56 V \/ 60 Ah \/ 3.000 Wh<\/td>\n<\/tr>\n<tr>\n<td bgcolor=\"#ffffff\">\u00a0Hubraum (cm<sup>3<\/sup>)<\/td>\n<td bgcolor=\"#ffffff\">\u00a0\u2013<\/td>\n<\/tr>\n<tr>\n<td bgcolor=\"#d4d4d3\">\u00a0Ger\u00e4teleistung (kW\/min<sup>-1<\/sup>)<\/td>\n<td bgcolor=\"#d4d4d3\">\u00a03,0 \/ 3200<\/td>\n<\/tr>\n<tr>\n<td bgcolor=\"#ffffff\">\u00a0Zylinder<\/td>\n<td bgcolor=\"#ffffff\">\u00a0\u2013<\/td>\n<\/tr>\n<tr>\n<td bgcolor=\"#d4d4d3\" height=\"22\">\u00a0Tankvolumen (Kapazit\u00e4t) (l)<\/td>\n<td bgcolor=\"#d4d4d3\">\u00a0\u2013<\/td>\n<\/tr>\n<tr>\n<td bgcolor=\"#ffffff\" height=\"22\">\u00a0Schmierung<\/td>\n<td bgcolor=\"#ffffff\">\u00a0\u2013<\/td>\n<\/tr>\n<tr>\n<td colspan=\"5\" height=\"28\">\n<hr \/>\n<\/td>\n<\/tr>\n<tr>\n<td height=\"29\"><span style=\"font-size: 12pt;\"><b><span style=\"color: #000000;\">ANTRIEBSSYSTEM<\/span><\/b><\/span><\/td>\n<td><\/td>\n<\/tr>\n<tr>\n<td colspan=\"5\" height=\"6\">\n<hr \/>\n<\/td>\n<\/tr>\n<tr>\n<td bgcolor=\"#d4d4d3\" height=\"21\">\u00a0Antrieb<\/td>\n<td bgcolor=\"#d4d4d3\">\u00a0Elektro-Antrieb<\/td>\n<\/tr>\n<tr>\n<td bgcolor=\"#ffffff\" height=\"21\">\u00a0Getriebe<\/td>\n<td bgcolor=\"#ffffff\">\u00a0Elektro-Antrieb<\/td>\n<\/tr>\n<tr>\n<td bgcolor=\"#d4d4d3\" height=\"21\">\u00a0Geschwindigkeit (max)<\/td>\n<td bgcolor=\"#d4d4d3\">\u00a0variabel<\/td>\n<\/tr>\n<tr>\n<td bgcolor=\"#ffffff\" height=\"21\">\u00a0Geschwindigkeitskontrolle<\/td>\n<td bgcolor=\"#ffffff\">\u00a0Fu\u00dfpedal-Steuerung<\/td>\n<\/tr>\n<tr>\n<td bgcolor=\"#d4d4d3\" height=\"21\">\u00a0Tempomat<\/td>\n<td bgcolor=\"#d4d4d3\">\u00a0Standard<\/td>\n<\/tr>\n<tr>\n<td colspan=\"5\" height=\"6\">\n<hr \/>\n<\/td>\n<\/tr>\n<tr>\n<td height=\"29\"><span style=\"font-size: 12pt;\"><b><span style=\"color: #000000;\">SCHNEIDSYSTEM<\/span><\/b><\/span><\/td>\n<td><\/td>\n<\/tr>\n<tr>\n<td colspan=\"5\" height=\"34\">\n<hr \/>\n<\/td>\n<\/tr>\n<tr>\n<td bgcolor=\"#d4d4d3\" height=\"22\">\u00a0Empf. Fl\u00e4chenleistung (m<sup>2<\/sup>\/h)<\/td>\n<td bgcolor=\"#d4d4d3\">\u00a010.000<\/td>\n<\/tr>\n<tr>\n<td bgcolor=\"#ffffff\" height=\"22\">\u00a0Schnittbreite<\/td>\n<td bgcolor=\"#ffffff\">\u00a0107<\/td>\n<\/tr>\n<tr>\n<td bgcolor=\"#d4d4d3\" height=\"22\">\u00a0Schnitth\u00f6he<\/td>\n<td bgcolor=\"#d4d4d3\">\u00a025\u2013114 mm<\/td>\n<\/tr>\n<tr>\n<td bgcolor=\"#ffffff\" height=\"22\">\u00a0M\u00e4hoptionen<\/td>\n<td bgcolor=\"#ffffff\"><\/td>\n<\/tr>\n<tr>\n<td bgcolor=\"#d4d4d3\" height=\"22\">\u00a0Messeranzahl<\/td>\n<td bgcolor=\"#d4d4d3\">\u00a02<\/td>\n<\/tr>\n<tr>\n<td bgcolor=\"#ffffff\" height=\"22\">\u00a0M\u00e4hwerkseinschaltung<\/td>\n<td bgcolor=\"#ffffff\">\u00a0Elektrisch per Knopfdruck<\/td>\n<\/tr>\n<tr>\n<td bgcolor=\"#d4d4d3\" height=\"22\">\u00a0Schnitth\u00f6heneinstellung<\/td>\n<td bgcolor=\"#d4d4d3\">\u00a015 Positionen<\/td>\n<\/tr>\n<tr>\n<td bgcolor=\"#ffffff\" height=\"22\">\u00a0M\u00e4hwerksrollen<\/td>\n<td bgcolor=\"#ffffff\">\u00a02<\/td>\n<\/tr>\n<tr>\n<td bgcolor=\"#d4d4d3\" height=\"22\">\u00a0Mulch kit<\/td>\n<td bgcolor=\"#d4d4d3\">\u00a0Standard<\/td>\n<\/tr>\n<tr>\n<td colspan=\"5\" height=\"27\">\n<hr \/>\n<\/td>\n<\/tr>\n<tr>\n<td height=\"29\"><span style=\"font-size: 12pt;\"><b><span style=\"color: #000000;\">AUSWURFSYSTEM<\/span><\/b><\/span><\/td>\n<td><\/td>\n<\/tr>\n<tr>\n<td colspan=\"5\" height=\"6\">\n<hr \/>\n<\/td>\n<\/tr>\n<tr>\n<td bgcolor=\"#d4d4d3\" height=\"22\">\u00a0Fangsack (Kapazit\u00e4t) (l)<\/td>\n<td bgcolor=\"#d4d4d3\">\u00a0optional (19A70054100)<\/td>\n<\/tr>\n<tr>\n<td bgcolor=\"#ffffff\" height=\"22\">\u00a0Gras-Deflektor<\/td>\n<td bgcolor=\"#ffffff\">\u00a0Standard<\/td>\n<\/tr>\n<tr>\n<td colspan=\"5\" height=\"27\">\n<hr \/>\n<\/td>\n<\/tr>\n<tr>\n<td height=\"23\"><span style=\"font-size: 12pt;\"><b><span style=\"color: #000000;\">RAHMEN<\/span><\/b><\/span><\/td>\n<td><\/td>\n<\/tr>\n<tr>\n<td colspan=\"5\" height=\"4\">\n<hr \/>\n<\/td>\n<\/tr>\n<tr>\n<td bgcolor=\"#d4d4d3\" height=\"21\">\u00a0Sto\u00dfstange \/ Hecksto\u00dfstange<\/td>\n<td bgcolor=\"#d4d4d3\">\u00a0Rohrrahmen \/ \u2013<\/td>\n<\/tr>\n<tr>\n<td bgcolor=\"#ffffff\" height=\"21\">\u00a0Wenderadius (cm)<\/td>\n<td bgcolor=\"#ffffff\">\u00a00<\/td>\n<\/tr>\n<tr>\n<td bgcolor=\"#d4d4d3\" height=\"21\">\u00a0R\u00e4der (vorne\/hinten) (Zoll)<\/td>\n<td bgcolor=\"#d4d4d3\">\u00a011 x 6 \/ 20 x 8<\/td>\n<\/tr>\n<tr>\n<td bgcolor=\"#ffffff\" height=\"21\">\u00a0Radlager<\/td>\n<td bgcolor=\"#ffffff\">\u00a0Gleitlager<\/td>\n<\/tr>\n<tr>\n<td colspan=\"5\" height=\"27\">\n<hr \/>\n<\/td>\n<\/tr>\n<tr>\n<td height=\"23\"><span style=\"font-size: 12pt;\"><b><span style=\"color: #000000;\">ELEKTRIK<\/span><\/b><\/span><\/td>\n<td><\/td>\n<\/tr>\n<tr>\n<td colspan=\"5\" height=\"4\">\n<hr \/>\n<\/td>\n<\/tr>\n<tr>\n<td bgcolor=\"#d4d4d3\" height=\"21\">\u00a0Batterie<\/td>\n<td bgcolor=\"#d4d4d3\">\u00a056V &#8211; 60 Ah &#8211; 3000 Wh<\/td>\n<\/tr>\n<tr>\n<td bgcolor=\"#ffffff\" height=\"21\">\u00a0Scheinwerfer<\/td>\n<td bgcolor=\"#ffffff\">\u00a0LED<\/td>\n<\/tr>\n<tr>\n<td bgcolor=\"#d4d4d3\" height=\"21\">\u00a0Stundenz\u00e4hler \/ Serviceanzeige<\/td>\n<td bgcolor=\"#d4d4d3\">\u00a0Standard \/ Standard<\/td>\n<\/tr>\n<tr>\n<td bgcolor=\"#ffffff\" height=\"21\">\u00a0Sicherheitssysteme<\/td>\n<td bgcolor=\"#ffffff\">\u00a0Standard<\/td>\n<\/tr>\n<tr>\n<td colspan=\"5\" height=\"27\"><\/td>\n<\/tr>\n<\/tbody>\n<\/table>\n","protected":false},"excerpt":{"rendered":"<h4>Beschreibung<\/h4>\n<p>Mit dem neuen XZ5 EL107 erg\u00e4nzt Cub Cadet auch sein Sortiment der Zero-Turn-M\u00e4her um eine elektrische, leise und wartungsarme Alternative. Mit dem 56V Li-ION-Akku und dem 107 cm M\u00e4hwerk sind Sie auch in herausforderndem Gel\u00e4nde bestens ausgeru\u0308stet.<\/p>\n<p>Das Elektrikstritment punktet durch kraftvolle Lithium-Ionen-Batterien, die durch verl\u00e4ngerte Laufzeiten bei nur vier Stunden flexibler Ladezeit ganz ohne Leistungsverluste \u00fcberzeugen.<\/p>\n<p>Die Elektromotoren sto\u00dfen keine giftigen kohlenmonoxid- oder CO2-haltigen Abgase aus. F\u00fcr eine bessere Umwelt durch das saubere und emissionsfreie Arbeiten.<\/p>\n<p>Die Akkum\u00e4her laufen ohne Benzin. Das schont die Umwelt und das Portemonnaie. Auch l\u00e4stige \u00d6lflecken sind kein Thema mehr.<\/p>\n<ul>\n<li>Z-TURNS<\/li>\n<li>Schnittbreite : 107<\/li>\n<li>Getriebe : Elektro-Antrieb<\/li>\n<li>Ger\u00e4teleistung kW\/min\u00a0<sup>-1<\/sup>\u00a0: 3,0 \/ 3200<\/li>\n<li>Empf. Fl\u00e4chenleistung in m\u00a0<sup>2<\/sup>\u00a0\/h: 10.000<\/li>\n<li>Fangsack (Kapazit\u00e4t) (l) : optional (19A70054100)<\/li>\n<\/ul>\n","protected":false},"featured_media":13659,"comment_status":"open","ping_status":"closed","template":"","meta":[],"product_brand":[298],"product_cat":[198,134,124],"product_tag":[196,199,197],"class_list":{"0":"post-3994","1":"product","2":"type-product","3":"status-publish","4":"has-post-thumbnail","6":"product_brand-cub-cadet","7":"product_cat-elektrische-zero-turn-maeher","8":"product_cat-gartenbau","9":"product_cat-rasentraktor","10":"product_tag-cub-cadet","11":"product_tag-elektrisch","12":"product_tag-zero-turn","14":"first","15":"instock","16":"taxable","17":"shipping-taxable","18":"purchasable","19":"product-type-simple"},"_links":{"self":[{"href":"https:\/\/benimarkt.at\/index.php?rest_route=\/wp\/v2\/product\/3994","targetHints":{"allow":["GET"]}}],"collection":[{"href":"https:\/\/benimarkt.at\/index.php?rest_route=\/wp\/v2\/product"}],"about":[{"href":"https:\/\/benimarkt.at\/index.php?rest_route=\/wp\/v2\/types\/product"}],"replies":[{"embeddable":true,"href":"https:\/\/benimarkt.at\/index.php?rest_route=%2Fwp%2Fv2%2Fcomments&post=3994"}],"version-history":[{"count":2,"href":"https:\/\/benimarkt.at\/index.php?rest_route=\/wp\/v2\/product\/3994\/revisions"}],"predecessor-version":[{"id":11371,"href":"https:\/\/benimarkt.at\/index.php?rest_route=\/wp\/v2\/product\/3994\/revisions\/11371"}],"wp:featuredmedia":[{"embeddable":true,"href":"https:\/\/benimarkt.at\/index.php?rest_route=\/wp\/v2\/media\/13659"}],"wp:attachment":[{"href":"https:\/\/benimarkt.at\/index.php?rest_route=%2Fwp%2Fv2%2Fmedia&parent=3994"}],"wp:term":[{"taxonomy":"product_brand","embeddable":true,"href":"https:\/\/benimarkt.at\/index.php?rest_route=%2Fwp%2Fv2%2Fproduct_brand&post=3994"},{"taxonomy":"product_cat","embeddable":true,"href":"https:\/\/benimarkt.at\/index.php?rest_route=%2Fwp%2Fv2%2Fproduct_cat&post=3994"},{"taxonomy":"product_tag","embeddable":true,"href":"https:\/\/benimarkt.at\/index.php?rest_route=%2Fwp%2Fv2%2Fproduct_tag&post=3994"}],"curies":[{"name":"wp","href":"https:\/\/api.w.org\/{rel}","templated":true}]}}