{"id":3972,"date":"2025-05-08T13:51:58","date_gmt":"2025-05-08T11:51:58","guid":{"rendered":"https:\/\/gartenrestposten.de\/?post_type=product&#038;p=3972"},"modified":"2026-03-31T11:52:44","modified_gmt":"2026-03-31T11:52:44","slug":"solo-by-al-ko-multitool-mt-130","status":"publish","type":"product","link":"https:\/\/benimarkt.at\/?product=solo-by-al-ko-multitool-mt-130","title":{"rendered":"solo by AL-KO Multitool MT 130 &#8211; AUSVERKAUF!"},"content":{"rendered":"<h3>Technische Daten<\/h3>\n<h4 class=\"mt-4 cursor-pointer\" data-toggle=\"collapse\" data-target=\"#attributeGroupDefault\" aria-expanded=\"false\" aria-controls=\"attributeGroupDefault\">Allgemeines<\/h4>\n<table id=\"attributeGroupDefault\" class=\"collapse table table-striped show\">\n<tbody>\n<tr>\n<th>Artikelnummer<\/th>\n<td>127634<\/td>\n<\/tr>\n<tr>\n<th>EAN<\/th>\n<td>4003718063028<\/td>\n<\/tr>\n<tr>\n<th>Gewicht netto in kg<\/th>\n<td>5.5 KG<\/td>\n<\/tr>\n<tr>\n<th>Gewindegr\u00f6\u00dfe Fadenspule<\/th>\n<td>M10 x 1,25 Linksgewinde<\/td>\n<\/tr>\n<tr>\n<th>Gewicht brutto in kg<\/th>\n<td>11.3 KG<\/td>\n<\/tr>\n<tr>\n<th>Fadenkopf Typ<\/th>\n<td>Schnellaufwicklung<\/td>\n<\/tr>\n<tr>\n<th>Fadennachstellung<\/th>\n<td>Tipp-Automatik<\/td>\n<\/tr>\n<tr>\n<th>Fadendurchmesser (mm)<\/th>\n<td>2.5 MM<\/td>\n<\/tr>\n<tr>\n<th>Wartungsfreies Winkelgetriebe<\/th>\n<td>Ja<\/td>\n<\/tr>\n<tr>\n<th>Mischverh\u00e4ltnis \u00d6l\/Benzin<\/th>\n<td>1:50<\/td>\n<\/tr>\n<tr>\n<th>Schaft geteilt<\/th>\n<td>ja<\/td>\n<\/tr>\n<tr>\n<th>Schaftdurchmesser in mm<\/th>\n<td>26 MM<\/td>\n<\/tr>\n<tr>\n<th>Arbeitsb. Sense Faden cm<\/th>\n<td>41 CM<\/td>\n<\/tr>\n<tr>\n<th>Arbeitsb. Sense Messer cm<\/th>\n<td>25 CM<\/td>\n<\/tr>\n<tr>\n<th>Benzin-Motor E10 geeignet?<\/th>\n<td>Ja<\/td>\n<\/tr>\n<tr>\n<th>Marke<\/th>\n<td>solo\u00ae by AL-KO<\/td>\n<\/tr>\n<tr>\n<th>Hersteller<\/th>\n<td>AL-KO Ger\u00e4te GmbH<\/td>\n<\/tr>\n<tr>\n<th>Hersteller Adresse<\/th>\n<td>Ichenhauserstr. 14, 89359 K\u00f6tz<\/td>\n<\/tr>\n<tr>\n<th>Produktlinie<\/th>\n<td>COMFORT pro<\/td>\n<\/tr>\n<tr>\n<th><\/th>\n<td><\/td>\n<\/tr>\n<\/tbody>\n<\/table>\n<h4 class=\"mt-4 pt-4 border-top cursor-pointer\" data-toggle=\"collapse\" data-target=\"#attributeGroupPower_supply\" aria-expanded=\"true\" aria-controls=\"attributeGroupPower_supply\">Energieversorgung<\/h4>\n<table id=\"attributeGroupPower_supply\" class=\"collapse table table-striped show\">\n<tbody>\n<tr>\n<th>Antriebsart<\/th>\n<td>Benzin<\/td>\n<\/tr>\n<\/tbody>\n<\/table>\n<h4 class=\"mt-4 pt-4 border-top cursor-pointer\" data-toggle=\"collapse\" data-target=\"#attributeGroupCutting_system\" aria-expanded=\"true\" aria-controls=\"attributeGroupCutting_system\">Schneidsystem<\/h4>\n<table id=\"attributeGroupCutting_system\" class=\"collapse table table-striped show\">\n<tbody>\n<tr>\n<th>Fadenl\u00e4nge (cm)<\/th>\n<td>500 CM<\/td>\n<\/tr>\n<\/tbody>\n<\/table>\n<h4 class=\"mt-4 pt-4 border-top cursor-pointer\" data-toggle=\"collapse\" data-target=\"#attributeGroupEngine\" aria-expanded=\"true\" aria-controls=\"attributeGroupEngine\">Motor<\/h4>\n<table id=\"attributeGroupEngine\" class=\"collapse table table-striped show\">\n<tbody>\n<tr>\n<th>Easy Start System<\/th>\n<td>ja<\/td>\n<\/tr>\n<tr>\n<th>&#8222;Ready to start&#8220; Schalter<\/th>\n<td>ja<\/td>\n<\/tr>\n<tr>\n<th>Autochoke Vorhanden<\/th>\n<td>Ja<\/td>\n<\/tr>\n<tr>\n<th>Volumen Benzintank Liter<\/th>\n<td>0.7 L<\/td>\n<\/tr>\n<tr>\n<th>Hubraum in ccm<\/th>\n<td>30<\/td>\n<\/tr>\n<tr>\n<th>Leistung in kW<\/th>\n<td>0.9 KW<\/td>\n<\/tr>\n<tr>\n<th>Leistung in PS<\/th>\n<td>1.22 PS<\/td>\n<\/tr>\n<tr>\n<th>Primer<\/th>\n<td>ja<\/td>\n<\/tr>\n<tr>\n<th>Motorzylinderzahl<\/th>\n<td>1<\/td>\n<\/tr>\n<\/tbody>\n<\/table>\n","protected":false},"excerpt":{"rendered":"<ul class=\"p-0 list-unstyled details-usp-list\" title=\"\" data-original-title=\"\">\n<li title=\"\" data-original-title=\"\">Basisger\u00e4t inkl. Motorsensenaufsatz (Messer und Fadenkopf)<\/li>\n<li title=\"\" data-original-title=\"\">Innovativer, emissionsarmer Luftvorlagemotor<\/li>\n<li title=\"\" data-original-title=\"\">Praktischer asymmetrischer Loop-Griff f\u00fcr perfektes komfortables Handling<\/li>\n<li title=\"\" data-original-title=\"\">Easy Start System \u2013 einfaches Starten des Motors mit niedrigem Kraftaufwand<\/li>\n<li title=\"\" data-original-title=\"\">Inklusive komfortablem gepolstertem Doppeltragegurt<\/li>\n<li title=\"\" data-original-title=\"\">Wartungsfreies Winkelgetriebe<\/li>\n<\/ul>\n<p>Durch diesen besonderen, vibrationsarmen Motor wird eine saubere und bessere Verbrennung erreicht (bis ca. 45% weniger CO\u00b2 Abgase) und das bei geringerem Kraftstoffverbrauch.<\/p>\n<p>Nach der Verbrennung wird der Brennraum durch Luft vom verbrannten Gemisch (Abgas) gereinigt, soda\u00df fast kein unverbranntes Gemisch f\u00fcr die n\u00e4chste Verbrennung \u00fcbrig ist.<\/p>\n","protected":false},"featured_media":11384,"comment_status":"open","ping_status":"closed","template":"","meta":[],"product_brand":[123],"product_cat":[134,136],"product_tag":[185,194],"class_list":{"0":"post-3972","1":"product","2":"type-product","3":"status-publish","4":"has-post-thumbnail","6":"product_brand-al-ko","7":"product_cat-gartenbau","8":"product_cat-motorsensen","9":"product_tag-al-ko","10":"product_tag-benzin-motorsense","12":"first","13":"instock","14":"taxable","15":"shipping-taxable","16":"purchasable","17":"product-type-simple"},"_links":{"self":[{"href":"https:\/\/benimarkt.at\/index.php?rest_route=\/wp\/v2\/product\/3972","targetHints":{"allow":["GET"]}}],"collection":[{"href":"https:\/\/benimarkt.at\/index.php?rest_route=\/wp\/v2\/product"}],"about":[{"href":"https:\/\/benimarkt.at\/index.php?rest_route=\/wp\/v2\/types\/product"}],"replies":[{"embeddable":true,"href":"https:\/\/benimarkt.at\/index.php?rest_route=%2Fwp%2Fv2%2Fcomments&post=3972"}],"version-history":[{"count":2,"href":"https:\/\/benimarkt.at\/index.php?rest_route=\/wp\/v2\/product\/3972\/revisions"}],"predecessor-version":[{"id":14330,"href":"https:\/\/benimarkt.at\/index.php?rest_route=\/wp\/v2\/product\/3972\/revisions\/14330"}],"wp:featuredmedia":[{"embeddable":true,"href":"https:\/\/benimarkt.at\/index.php?rest_route=\/wp\/v2\/media\/11384"}],"wp:attachment":[{"href":"https:\/\/benimarkt.at\/index.php?rest_route=%2Fwp%2Fv2%2Fmedia&parent=3972"}],"wp:term":[{"taxonomy":"product_brand","embeddable":true,"href":"https:\/\/benimarkt.at\/index.php?rest_route=%2Fwp%2Fv2%2Fproduct_brand&post=3972"},{"taxonomy":"product_cat","embeddable":true,"href":"https:\/\/benimarkt.at\/index.php?rest_route=%2Fwp%2Fv2%2Fproduct_cat&post=3972"},{"taxonomy":"product_tag","embeddable":true,"href":"https:\/\/benimarkt.at\/index.php?rest_route=%2Fwp%2Fv2%2Fproduct_tag&post=3972"}],"curies":[{"name":"wp","href":"https:\/\/api.w.org\/{rel}","templated":true}]}}