{"id":3831,"date":"2025-03-27T12:18:45","date_gmt":"2025-03-27T11:18:45","guid":{"rendered":"https:\/\/gartenrestposten.de\/?post_type=product&#038;p=3831"},"modified":"2025-12-19T12:28:23","modified_gmt":"2025-12-19T12:28:23","slug":"stiga-gyro-900e-vollelektrischer-axialmaeher","status":"publish","type":"product","link":"https:\/\/benimarkt.at\/?product=stiga-gyro-900e-vollelektrischer-axialmaeher","title":{"rendered":"STIGA GYRO 900e vollelektrischer Axialm\u00e4her"},"content":{"rendered":"<div class=\"allow active\" role=\"tab\" data-role=\"collapsible\" data-collapsible=\"true\" aria-selected=\"true\" aria-expanded=\"true\">\n<div tabindex=\"0\" data-role=\"trigger\"><span class=\"text text-sm\" style=\"font-size: 12pt;\">Leistung<\/span><\/div>\n<\/div>\n<div class=\"allow\" role=\"tabpanel\" data-role=\"content\" aria-hidden=\"false\">\n<div class=\"product-specs__attributes\">\n<div class=\"product-specs__attribute\">\n<div class=\"attribute text text-xs\">\n<div class=\"label\">Leistungsquelle &#8211; <strong>Akku<\/strong><\/div>\n<\/div>\n<\/div>\n<div class=\"product-specs__attribute\">\n<div class=\"attribute text text-xs\">\n<div class=\"label\">Batteriekapazit\u00e4t &#8211; <strong>105 Ah<\/strong><\/div>\n<\/div>\n<\/div>\n<div class=\"product-specs__attribute\">\n<div class=\"attribute text text-xs\">\n<div class=\"label\">ePower &#8211; <strong>Ja<\/strong><\/div>\n<\/div>\n<\/div>\n<div class=\"product-specs__attribute\">\n<div class=\"attribute text text-xs\">\n<div class=\"label\">Leistung &#8211; <strong>7.6 kW<\/strong><\/div>\n<\/div>\n<\/div>\n<div class=\"product-specs__attribute\">\n<div class=\"attribute text text-xs\">\n<div class=\"label\">Spannung &#8211; <strong>48 Volt<\/strong><\/div>\n<\/div>\n<\/div>\n<div class=\"product-specs__attribute\">\n<div class=\"attribute text text-xs\">\n<div class=\"label\">Akku-Set &#8211; <strong>Inklusive<\/strong><\/div>\n<\/div>\n<\/div>\n<div class=\"product-specs__attribute\">\n<div class=\"attribute text text-xs\">\n<div class=\"label\">Batterietyp &#8211; <strong>Lithium-Ionen<\/strong><\/div>\n<\/div>\n<\/div>\n<div class=\"product-specs__attribute\">\n<div class=\"attribute text text-xs\">\n<div class=\"label\">Batteriespannung &#8211; <strong>48 V<\/strong><\/div>\n<\/div>\n<\/div>\n<div class=\"product-specs__attribute\">\n<div class=\"attribute text text-xs\">\n<div class=\"label\">Lithium Akku Nennleistung &#8211; <strong>5300 Wh<\/strong><\/div>\n<\/div>\n<\/div>\n<div class=\"product-specs__attribute\">\n<div class=\"attribute text text-xs\">\n<div class=\"label\">Ladestrom &#8211; <strong>18 A<\/strong><\/div>\n<\/div>\n<\/div>\n<div class=\"product-specs__attribute\">\n<div class=\"attribute text text-xs\">\n<div class=\"label\">Ladesystem &#8211; <strong>Exterenes Ladeger\u00e4t<\/strong><\/div>\n<\/div>\n<\/div>\n<div class=\"product-specs__attribute\">\n<div class=\"attribute text text-xs\">\n<div class=\"label\">Temperaturkontrolle &#8211; <strong>Ja &#8211; Temperatursensoren<\/strong><\/div>\n<\/div>\n<\/div>\n<div class=\"product-specs__attribute\">\n<div class=\"attribute text text-xs\">\n<div class=\"label\"><span style=\"font-size: 12pt;\"><span style=\"font-size: 10pt;\">M\u00e4hfl\u00e4che<\/span> &#8211; <\/span><i class=\"material-icons\">info_outline &#8211; <\/i><strong>13000 \u33a1<\/strong><\/div>\n<div><\/div>\n<\/div>\n<\/div>\n<\/div>\n<\/div>\n<div class=\"allow active\" role=\"tab\" data-role=\"collapsible\" data-collapsible=\"true\" aria-selected=\"true\" aria-expanded=\"true\">\n<div tabindex=\"0\" data-role=\"trigger\"><span class=\"text text-sm\" style=\"font-size: 12pt;\">M\u00e4hsystem<\/span><\/div>\n<\/div>\n<div class=\"allow\" role=\"tabpanel\" data-role=\"content\" aria-hidden=\"false\">\n<div class=\"product-specs__attributes\">\n<div class=\"product-specs__attribute\">\n<div class=\"attribute text text-xs\">\n<div class=\"label\">Radius ungem\u00e4hter Bereich &#8211; <strong>0 cm<\/strong><\/div>\n<\/div>\n<\/div>\n<div class=\"product-specs__attribute\">\n<div class=\"attribute text text-xs\">\n<div class=\"label\">Schnittbreite &#8211; <strong>125 cm<\/strong><\/div>\n<\/div>\n<\/div>\n<div class=\"product-specs__attribute\">\n<div class=\"attribute text text-xs\">\n<div class=\"label\">R\u00fcckw\u00e4rtsm\u00e4hen &#8211; <strong>Ja<\/strong><\/div>\n<\/div>\n<\/div>\n<div class=\"product-specs__attribute\">\n<div class=\"attribute text text-xs\">\n<div class=\"label\">Geh\u00e4usekonstruktion &#8211; <strong>Gestempelt<\/strong><\/div>\n<\/div>\n<\/div>\n<div class=\"product-specs__attribute\">\n<div class=\"attribute text text-xs\">\n<div class=\"label\">Material M\u00e4hdeck &#8211; <strong>Stahl<\/strong><\/div>\n<\/div>\n<\/div>\n<div class=\"product-specs__attribute\">\n<div class=\"attribute text text-xs\">\n<div class=\"label\">Verst\u00e4rktes M\u00e4hdeck &#8211; <strong>Ja<\/strong><\/div>\n<\/div>\n<\/div>\n<div class=\"product-specs__attribute\">\n<div class=\"attribute text text-xs\">\n<div class=\"label\">Ger\u00e4teaushebung &#8211; <strong>Electric<\/strong><\/div>\n<\/div>\n<\/div>\n<div class=\"product-specs__attribute\">\n<div class=\"attribute text text-xs\">\n<div class=\"label\">Messerumdrehung &#8211; <strong>Nicht synchronisiert<\/strong><\/div>\n<\/div>\n<\/div>\n<div class=\"product-specs__attribute\">\n<div class=\"attribute text text-xs\">\n<div class=\"label\">Schnitth\u00f6heneinstellung &#8211; <strong>Elektrisch<\/strong><\/div>\n<\/div>\n<\/div>\n<div class=\"product-specs__attribute\">\n<div class=\"attribute text text-xs\">\n<div class=\"label\">Schnitth\u00f6henpositionen &#8211; <strong>Stufenlos<\/strong><\/div>\n<\/div>\n<\/div>\n<div class=\"product-specs__attribute\">\n<div class=\"attribute text text-xs\">\n<div class=\"label\">Schnitth\u00f6he &#8211; <strong>25 &#8211; 135 mm<\/strong><\/div>\n<\/div>\n<\/div>\n<div class=\"product-specs__attribute\">\n<div class=\"attribute text text-xs\">\n<div class=\"label\">Anzahl Messer &#8211; <strong>3<\/strong><\/div>\n<\/div>\n<\/div>\n<div class=\"product-specs__attribute\">\n<div class=\"attribute text text-xs\">\n<div class=\"label\">Zus\u00e4tzliche M\u00e4hfunktion &#8211; <strong>Mulchen<\/strong><\/div>\n<\/div>\n<\/div>\n<div class=\"product-specs__attribute\">\n<div class=\"attribute text text-xs\">\n<div class=\"label\">Eco-Mode &#8211; <strong>Ja<\/strong><\/div>\n<\/div>\n<\/div>\n<div class=\"product-specs__attribute\">\n<div class=\"attribute text text-xs\">\n<div class=\"label\">Maximale Steigung &#8211; <strong>15\u00b0<\/strong><\/div>\n<div><\/div>\n<\/div>\n<\/div>\n<\/div>\n<\/div>\n<div class=\"allow active\" role=\"tab\" data-role=\"collapsible\" data-collapsible=\"true\" aria-selected=\"true\" aria-expanded=\"true\">\n<div tabindex=\"0\" data-role=\"trigger\"><span class=\"text text-sm\" style=\"font-size: 12pt;\">Antriebssystem<\/span><\/div>\n<\/div>\n<div class=\"allow\" role=\"tabpanel\" data-role=\"content\" aria-hidden=\"false\">\n<div class=\"product-specs__attributes\">\n<div class=\"product-specs__attribute\">\n<div class=\"attribute text text-xs\">\n<div class=\"label\">Antrieb &#8211; <strong>STIGA eMotion<\/strong><\/div>\n<\/div>\n<\/div>\n<div class=\"product-specs__attribute\">\n<div class=\"attribute text text-xs\">\n<div class=\"label\">Traktion &#8211; <strong>Heckantrieb<\/strong><\/div>\n<\/div>\n<\/div>\n<div class=\"product-specs__attribute\">\n<div class=\"attribute text text-xs\">\n<div class=\"label\">Max. Vorw\u00e4rtsgeschwindigkeit &#8211; <strong>13 km\/h<\/strong><\/div>\n<div><\/div>\n<\/div>\n<\/div>\n<\/div>\n<\/div>\n<div class=\"allow active\" role=\"tab\" data-role=\"collapsible\" data-collapsible=\"true\" aria-selected=\"true\" aria-expanded=\"true\">\n<div tabindex=\"0\" data-role=\"trigger\"><span class=\"text text-sm\" style=\"font-size: 12pt;\">Getriebe<\/span><\/div>\n<\/div>\n<div class=\"allow\" role=\"tabpanel\" data-role=\"content\" aria-hidden=\"false\">\n<div class=\"product-specs__attributes\">\n<div class=\"product-specs__attribute\">\n<div class=\"attribute text text-xs\">\n<div class=\"label\">Getriebetyp &#8211; <strong>Drive-by-wire<\/strong><\/div>\n<\/div>\n<\/div>\n<div class=\"product-specs__attribute\">\n<div class=\"attribute text text-xs\">\n<div class=\"label\">Geschwindigkeit vorw\u00e4rts &#8211; <strong>Dual elektrisch \u2013 STIGA Direct Drive<\/strong><\/div>\n<div><\/div>\n<\/div>\n<\/div>\n<\/div>\n<\/div>\n<div class=\"allow active\" role=\"tab\" data-role=\"collapsible\" data-collapsible=\"true\" aria-selected=\"true\" aria-expanded=\"true\">\n<div tabindex=\"0\" data-role=\"trigger\"><span class=\"text text-sm\" style=\"font-size: 12pt;\">Ausstattung<\/span><\/div>\n<\/div>\n<div class=\"allow\" role=\"tabpanel\" data-role=\"content\" aria-hidden=\"false\">\n<div class=\"product-specs__attributes\">\n<div class=\"product-specs__attribute\">\n<div class=\"attribute text text-xs\">\n<div class=\"label\">Lenkungstyp &#8211; <strong>Elektronische Steuerung<\/strong><\/div>\n<\/div>\n<\/div>\n<div class=\"product-specs__attribute\">\n<div class=\"attribute text text-xs\">\n<div class=\"label\">Sitzmodell &#8211; <strong>Comfort mit hoher R\u00fcckenlehne<\/strong><\/div>\n<\/div>\n<\/div>\n<div class=\"product-specs__attribute\">\n<div class=\"attribute text text-xs\">\n<div class=\"label\">Sitzeinstellung &#8211; <strong>Per Einzelhebel<\/strong><\/div>\n<\/div>\n<\/div>\n<div class=\"product-specs__attribute\">\n<div class=\"attribute text text-xs\">\n<div class=\"label\">Mindergewichtseinstellung des Sitz &#8211; <strong>Ja<\/strong><\/div>\n<\/div>\n<\/div>\n<div class=\"product-specs__attribute\">\n<div class=\"attribute text text-xs\">\n<div class=\"label\">Armaturenbrett &#8211; <strong>Ja mit Display<\/strong><\/div>\n<\/div>\n<\/div>\n<div class=\"product-specs__attribute\">\n<div class=\"attribute text text-xs\">\n<div class=\"label\">Raddurchmesser vorne &#8211; <strong>13&#8220; x 5.00-6<\/strong><\/div>\n<\/div>\n<\/div>\n<div class=\"product-specs__attribute\">\n<div class=\"attribute text text-xs\">\n<div class=\"label\">Raddurchmesser hinten &#8211; <strong>20&#8220; x 10.00-10<\/strong><\/div>\n<\/div>\n<\/div>\n<div class=\"product-specs__attribute\">\n<div class=\"attribute text text-xs\">\n<div class=\"label\">Scheinwerfer &#8211; <strong>LED<\/strong><\/div>\n<\/div>\n<\/div>\n<div class=\"product-specs__attribute\">\n<div class=\"attribute text text-xs\">\n<div class=\"label\">PTO Ger\u00e4teantrieb &#8211; <strong>Electric<\/strong><\/div>\n<\/div>\n<\/div>\n<div class=\"product-specs__attribute\">\n<div class=\"attribute text text-xs\">\n<div class=\"label\">Tastr\u00e4der &#8211; <strong>2<\/strong><\/div>\n<\/div>\n<\/div>\n<div class=\"product-specs__attribute\">\n<div class=\"attribute text text-xs\">\n<div class=\"label\">Sicherheitssystem &#8211; <strong>Sitz mit Sicherheitskontaktschalter<\/strong><\/div>\n<div><\/div>\n<\/div>\n<\/div>\n<\/div>\n<\/div>\n<div class=\"allow active\" role=\"tab\" data-role=\"collapsible\" data-collapsible=\"true\" aria-selected=\"true\" aria-expanded=\"true\">\n<div tabindex=\"0\" data-role=\"trigger\"><span class=\"text text-sm\" style=\"font-size: 12pt;\">Werkzeug-Kit<\/span><\/div>\n<\/div>\n<div class=\"allow\" role=\"tabpanel\" data-role=\"content\" aria-hidden=\"false\">\n<div class=\"product-specs__attributes\">\n<div class=\"product-specs__attribute\">\n<div class=\"attribute text text-xs\">\n<div class=\"label\">Mulchkit &#8211; <strong>Inklusive<\/strong><\/div>\n<\/div>\n<\/div>\n<div class=\"product-specs__attribute\">\n<div class=\"attribute text text-xs\">\n<div class=\"label\">Batterieladeger\u00e4t &#8211; <strong>Schnellladeger\u00e4t<\/strong><\/div>\n<\/div>\n<\/div>\n<div class=\"product-specs__attribute\">\n<div class=\"attribute text text-xs\">\n<div class=\"label\">Anh\u00e4ngevorrichtung &#8211; <strong>Nicht geeignet<\/strong><\/div>\n<\/div>\n<\/div>\n<\/div>\n<\/div>\n","protected":false},"excerpt":{"rendered":"<h3 class=\"product-description__title\">Beschreibung<\/h3>\n<div class=\"product-description__attribute description\">\n<div class=\"tsu-truncate-text _initialized _open\">\n<div class=\"tsu-truncate-text__content\">Der batteriebetriebene, energieeffiziente und sichere STIGA Gyro 900e ist der einzige Joystick-M\u00e4her mit Drive-by-Wire-Antrieb und der von STIGA patentierten Direct Drive-Technologie. Die beiden unabh\u00e4ngigen elektrischen Getriebe, eines f\u00fcr jedes Rad, erm\u00f6glichen der Maschine einen 360\u00b0-Wenderadius, der das m\u00fchelose Umfahren von B\u00e4umen, Str\u00e4uchern, Blumenbeeten und Gartenornamenten erm\u00f6glicht, sowie die maximale Kontrolle \u00fcber Richtung, Lenkung und Geschwindigkeit.<\/div>\n<div>Das 125 cm lange Hochleistungsm\u00e4hwerk ist mit drei frei drehenden Messern ausgestattet, die jeweils von einem 1,5-kW-Motor angetrieben werden, um die beste Leistung aller Zeiten zu gew\u00e4hrleisten. Dank dieser neuen Messer, die von STIGA entwickelt und konstruiert wurden, erzielt der Gyro die besten Ergebnisse seiner Klasse &#8211; sowohl im Heckauswurf als auch im Mulchmodus. Das M\u00e4hdeck kann \u00fcber eine Taste auf dem Armaturenbrett in acht verschiedene Positionen eingestellt werden<\/div>\n<div>Der Gyro 900e bietet optimale Stabilit\u00e4t auch an H\u00e4ngen bis zu 15\u00b0, dank einer sehr gut durchdachten Gewichtsverteilung und einem sehr niedrigen Schwerpunkt (nur 55,3 cm). Das H\u00f6chstma\u00df an Sicherheit wird durch die Geschwindigkeitsbegrenzung und die Sicherheitsbremse, die im Falle einer Notsituation in Sekundenbruchteilen reagieren kann, noch weiter erh\u00f6ht. Der Komfort kennt keine Grenzen dank des hochwertigen Sitzes mit hoher R\u00fcckenlehne, ungehindertem Zugang und einem breiten Trittbrett. Das doppelte parallele Federungssystem, das Vibrationen auf unebenem Boden absorbiert, macht die Fahrt noch angenehmer. Alle elektrischen Befehle sind in Reichweite, so dass Sie immer die Kontrolle haben<\/div>\n<\/div>\n<\/div>\n","protected":false},"featured_media":11394,"comment_status":"open","ping_status":"closed","template":"","meta":[],"product_brand":[300],"product_cat":[134,195],"product_tag":[563,313,312],"class_list":{"0":"post-3831","1":"product","2":"type-product","3":"status-publish","4":"has-post-thumbnail","6":"product_brand-stiga","7":"product_cat-gartenbau","8":"product_cat-vollelektrischer-axialmaeher","9":"product_tag-563","10":"product_tag-elektrische-axialmaeher","11":"product_tag-stiga","13":"first","14":"instock","15":"taxable","16":"shipping-taxable","17":"purchasable","18":"product-type-simple"},"_links":{"self":[{"href":"https:\/\/benimarkt.at\/index.php?rest_route=\/wp\/v2\/product\/3831","targetHints":{"allow":["GET"]}}],"collection":[{"href":"https:\/\/benimarkt.at\/index.php?rest_route=\/wp\/v2\/product"}],"about":[{"href":"https:\/\/benimarkt.at\/index.php?rest_route=\/wp\/v2\/types\/product"}],"replies":[{"embeddable":true,"href":"https:\/\/benimarkt.at\/index.php?rest_route=%2Fwp%2Fv2%2Fcomments&post=3831"}],"version-history":[{"count":2,"href":"https:\/\/benimarkt.at\/index.php?rest_route=\/wp\/v2\/product\/3831\/revisions"}],"predecessor-version":[{"id":11403,"href":"https:\/\/benimarkt.at\/index.php?rest_route=\/wp\/v2\/product\/3831\/revisions\/11403"}],"wp:featuredmedia":[{"embeddable":true,"href":"https:\/\/benimarkt.at\/index.php?rest_route=\/wp\/v2\/media\/11394"}],"wp:attachment":[{"href":"https:\/\/benimarkt.at\/index.php?rest_route=%2Fwp%2Fv2%2Fmedia&parent=3831"}],"wp:term":[{"taxonomy":"product_brand","embeddable":true,"href":"https:\/\/benimarkt.at\/index.php?rest_route=%2Fwp%2Fv2%2Fproduct_brand&post=3831"},{"taxonomy":"product_cat","embeddable":true,"href":"https:\/\/benimarkt.at\/index.php?rest_route=%2Fwp%2Fv2%2Fproduct_cat&post=3831"},{"taxonomy":"product_tag","embeddable":true,"href":"https:\/\/benimarkt.at\/index.php?rest_route=%2Fwp%2Fv2%2Fproduct_tag&post=3831"}],"curies":[{"name":"wp","href":"https:\/\/api.w.org\/{rel}","templated":true}]}}