{"id":3818,"date":"2025-03-26T15:05:07","date_gmt":"2025-03-26T14:05:07","guid":{"rendered":"https:\/\/gartenrestposten.de\/?post_type=product&#038;p=3818"},"modified":"2025-12-19T12:30:10","modified_gmt":"2025-12-19T12:30:10","slug":"stiga-sweeper-park-24wd-13-0977-11","status":"publish","type":"product","link":"https:\/\/benimarkt.at\/?product=stiga-sweeper-park-24wd-13-0977-11","title":{"rendered":"STIGA Drehb\u00fcrste Hydraulic f\u00fcr PARK 2+4WD 13-0977-11"},"content":{"rendered":"<div class=\"allow active\" role=\"tab\" data-role=\"collapsible\" data-collapsible=\"true\" aria-selected=\"true\" aria-expanded=\"true\">\n<div tabindex=\"0\" data-role=\"trigger\"><span class=\"text text-sm\" style=\"font-size: 12pt;\">M\u00e4hsystem<\/span><\/div>\n<\/div>\n<div class=\"allow\" role=\"tabpanel\" data-role=\"content\" aria-hidden=\"false\">\n<div class=\"product-specs__attributes\">\n<div class=\"product-specs__attribute\">\n<div class=\"attribute text text-xs\">\n<div class=\"label\">Antriebsart &#8211; <strong>Riemen<\/strong><\/div>\n<div><\/div>\n<\/div>\n<\/div>\n<\/div>\n<\/div>\n<div class=\"allow active\" role=\"tab\" data-role=\"collapsible\" data-collapsible=\"true\" aria-selected=\"true\" aria-expanded=\"true\">\n<div tabindex=\"0\" data-role=\"trigger\"><span class=\"text text-sm\" style=\"font-size: 12pt;\">Arbeitssystem<\/span><\/div>\n<\/div>\n<div class=\"allow\" role=\"tabpanel\" data-role=\"content\" aria-hidden=\"false\">\n<div class=\"product-specs__attributes\">\n<div class=\"product-specs__attribute\">\n<div class=\"attribute text text-xs\">\n<div class=\"label\">Arbeitsbreite &#8211; <strong>100 cm<\/strong><\/div>\n<\/div>\n<\/div>\n<div class=\"product-specs__attribute\">\n<div class=\"attribute text text-xs\">\n<div class=\"label\">B\u00fcrstendurchmesser &#8211; <strong>45 mm<\/strong><\/div>\n<\/div>\n<\/div>\n<div class=\"product-specs__attribute\">\n<div class=\"attribute text text-xs\">\n<div class=\"label\">Maximale Winkelverstellung, links\/rechts &#8211; <strong>17\u00b0\/17\u00b0<\/strong><\/div>\n<\/div>\n<\/div>\n<div class=\"product-specs__attribute\">\n<div class=\"attribute text text-xs\">\n<div class=\"label\">Stufen Winkelverstellung &#8211; <strong>3<\/strong><\/div>\n<div><\/div>\n<\/div>\n<\/div>\n<\/div>\n<\/div>\n<div class=\"allow active\" role=\"tab\" data-role=\"collapsible\" data-collapsible=\"true\" aria-selected=\"true\" aria-expanded=\"true\">\n<div tabindex=\"0\" data-role=\"trigger\"><span class=\"text text-sm\" style=\"font-size: 12pt;\">Abmessungen<\/span><\/div>\n<\/div>\n<div role=\"tabpanel\" data-role=\"content\" aria-hidden=\"false\">\n<div class=\"product-specs__attributes\">\n<div class=\"product-specs__attribute\">\n<div class=\"attribute text text-xs\">\n<div class=\"label\">Gewicht inkl. Verpackung &#8211; <strong>75 kg<\/strong><\/div>\n<\/div>\n<\/div>\n<div class=\"product-specs__attribute\">\n<div class=\"attribute text text-xs\">\n<div class=\"label\">Gewicht &#8211; <strong>55 kg<\/strong><\/div>\n<\/div>\n<\/div>\n<div class=\"product-specs__attribute\">\n<div class=\"attribute text text-xs\">\n<div class=\"label\">L\u00e4nge &#8211; <strong>1000 mm<\/strong><\/div>\n<\/div>\n<\/div>\n<div class=\"product-specs__attribute\">\n<div class=\"attribute text text-xs\">\n<div class=\"label\">Breite &#8211; <strong>1030 mm<\/strong><\/div>\n<\/div>\n<\/div>\n<div class=\"product-specs__attribute\">\n<div class=\"attribute text text-xs\">\n<div class=\"label\">H\u00f6he &#8211; <strong>780 mm<\/strong><\/div>\n<\/div>\n<\/div>\n<\/div>\n<\/div>\n","protected":false},"excerpt":{"rendered":"<h3 class=\"product-description__title\">Beschreibung<\/h3>\n<p>B\u00fcrste f\u00fcr 2 + 4WD Frontm\u00e4her<\/p>\n<div class=\"product-description__attribute description\">\n<div class=\"tsu-truncate-text _initialized\">\n<div class=\"tsu-truncate-text__content\">Das Zubeh\u00f6r f\u00fcr Frontkehrmaschinen f\u00fcr den Au\u00dfenbereich eignet sich perfekt zum R\u00e4umen von Neuschnee, Sand, Erde und Laub auf Asphalt- oder Betonbereichen. Die B\u00fcrste hat einen Durchmesser von 45 cm und eine Arbeitsbreite von 100 cm. Sie ist in Kombination mit allen Frontm\u00e4hern einsetzbar<\/div>\n<\/div>\n<\/div>\n","protected":false},"featured_media":11409,"comment_status":"open","ping_status":"closed","template":"","meta":[],"product_brand":[300],"product_cat":[134,124,177],"product_tag":[564,312,193],"class_list":{"0":"post-3818","1":"product","2":"type-product","3":"status-publish","4":"has-post-thumbnail","6":"product_brand-stiga","7":"product_cat-gartenbau","8":"product_cat-rasentraktor","9":"product_cat-zubehoer","10":"product_tag-564","11":"product_tag-stiga","12":"product_tag-zubehoer-fuer-frontmaeher","14":"first","15":"instock","16":"taxable","17":"shipping-taxable","18":"purchasable","19":"product-type-simple"},"_links":{"self":[{"href":"https:\/\/benimarkt.at\/index.php?rest_route=\/wp\/v2\/product\/3818","targetHints":{"allow":["GET"]}}],"collection":[{"href":"https:\/\/benimarkt.at\/index.php?rest_route=\/wp\/v2\/product"}],"about":[{"href":"https:\/\/benimarkt.at\/index.php?rest_route=\/wp\/v2\/types\/product"}],"replies":[{"embeddable":true,"href":"https:\/\/benimarkt.at\/index.php?rest_route=%2Fwp%2Fv2%2Fcomments&post=3818"}],"version-history":[{"count":2,"href":"https:\/\/benimarkt.at\/index.php?rest_route=\/wp\/v2\/product\/3818\/revisions"}],"predecessor-version":[{"id":11412,"href":"https:\/\/benimarkt.at\/index.php?rest_route=\/wp\/v2\/product\/3818\/revisions\/11412"}],"wp:featuredmedia":[{"embeddable":true,"href":"https:\/\/benimarkt.at\/index.php?rest_route=\/wp\/v2\/media\/11409"}],"wp:attachment":[{"href":"https:\/\/benimarkt.at\/index.php?rest_route=%2Fwp%2Fv2%2Fmedia&parent=3818"}],"wp:term":[{"taxonomy":"product_brand","embeddable":true,"href":"https:\/\/benimarkt.at\/index.php?rest_route=%2Fwp%2Fv2%2Fproduct_brand&post=3818"},{"taxonomy":"product_cat","embeddable":true,"href":"https:\/\/benimarkt.at\/index.php?rest_route=%2Fwp%2Fv2%2Fproduct_cat&post=3818"},{"taxonomy":"product_tag","embeddable":true,"href":"https:\/\/benimarkt.at\/index.php?rest_route=%2Fwp%2Fv2%2Fproduct_tag&post=3818"}],"curies":[{"name":"wp","href":"https:\/\/api.w.org\/{rel}","templated":true}]}}