{"id":3815,"date":"2025-03-26T14:47:30","date_gmt":"2025-03-26T13:47:30","guid":{"rendered":"https:\/\/gartenrestposten.de\/?post_type=product&#038;p=3815"},"modified":"2025-12-08T08:19:22","modified_gmt":"2025-12-08T08:19:22","slug":"stiga-frontschlegelmaeher-park-24wd-13-3902-11","status":"publish","type":"product","link":"https:\/\/benimarkt.at\/?product=stiga-frontschlegelmaeher-park-24wd-13-3902-11","title":{"rendered":"STIGA FRONTSCHLEGELM\u00c4HER PARK 2+4WD 13-3902-11"},"content":{"rendered":"<div class=\"allow active\" role=\"tab\" data-role=\"collapsible\" data-collapsible=\"true\" aria-selected=\"true\" aria-expanded=\"true\">\n<div tabindex=\"0\" data-role=\"trigger\"><span class=\"text text-sm\" style=\"font-size: 12pt;\">M\u00e4hsystem<\/span><\/div>\n<\/div>\n<div class=\"allow\" role=\"tabpanel\" data-role=\"content\" aria-hidden=\"false\">\n<div class=\"product-specs__attributes\">\n<div class=\"product-specs__attribute\">\n<div class=\"attribute text text-xs\">\n<div class=\"label\">Antriebsart &#8211; <strong>Riemen<\/strong><\/div>\n<div><\/div>\n<\/div>\n<\/div>\n<\/div>\n<\/div>\n<div class=\"allow active\" role=\"tab\" data-role=\"collapsible\" data-collapsible=\"true\" aria-selected=\"true\" aria-expanded=\"true\">\n<div tabindex=\"0\" data-role=\"trigger\"><span class=\"text text-sm\" style=\"font-size: 12pt;\">Arbeitssystem<\/span><\/div>\n<\/div>\n<div class=\"allow\" role=\"tabpanel\" data-role=\"content\" aria-hidden=\"false\">\n<div class=\"product-specs__attributes\">\n<div class=\"product-specs__attribute\">\n<div class=\"attribute text text-xs\">\n<div class=\"label\">Arbeitsbreite &#8211; <strong>92 cm<\/strong><\/div>\n<\/div>\n<\/div>\n<div class=\"product-specs__attribute\">\n<div class=\"attribute text text-xs\">\n<div class=\"label\">Arbeitsh\u00f6he &#8211; <strong>38 &#8211; 63<\/strong><\/div>\n<div><\/div>\n<\/div>\n<\/div>\n<\/div>\n<\/div>\n<div class=\"allow active\" role=\"tab\" data-role=\"collapsible\" data-collapsible=\"true\" aria-selected=\"true\" aria-expanded=\"true\">\n<div tabindex=\"0\" data-role=\"trigger\"><span class=\"text text-sm\" style=\"font-size: 12pt;\">Abmessungen<\/span><\/div>\n<\/div>\n<div role=\"tabpanel\" data-role=\"content\" aria-hidden=\"false\">\n<div class=\"product-specs__attributes\">\n<div class=\"product-specs__attribute\">\n<div class=\"attribute text text-xs\">\n<div class=\"label\">Gewicht inkl. Verpackung &#8211; <strong>85 kg<\/strong><\/div>\n<div><span style=\"font-size: 10pt;\">Gewicht &#8211; <\/span><strong>77 kg<\/strong><\/div>\n<\/div>\n<\/div>\n<div class=\"product-specs__attribute\">\n<div class=\"attribute text text-xs\">\n<div class=\"label\">L\u00e4nge &#8211; <strong>1080 mm<\/strong><\/div>\n<\/div>\n<\/div>\n<div class=\"product-specs__attribute\">\n<div class=\"attribute text text-xs\">\n<div class=\"label\">Breite &#8211; <strong>1030 mm<\/strong><\/div>\n<\/div>\n<\/div>\n<div class=\"product-specs__attribute\">\n<div class=\"attribute text text-xs\">\n<div class=\"label\">H\u00f6he\u00a0 &#8211; <strong>400 mm<\/strong><\/div>\n<\/div>\n<\/div>\n<\/div>\n<\/div>\n","protected":false},"excerpt":{"rendered":"<h3 class=\"product-description__title\">Beschreibung<\/h3>\n<p>Schlegelm\u00e4her-Walzenachse mit elektrischer Verstellung f\u00fcr 2 + 4WD Frontm\u00e4her.<\/p>\n<div class=\"product-description__attribute description\">\n<div class=\"tsu-truncate-text _initialized\">\n<div class=\"tsu-truncate-text__content\">Dieser Schlegelm\u00e4her f\u00fcr den Frontm\u00e4her eignet sich ideal zum Schneiden von grobem Gras und dichter Vegetation. Die Schnitth\u00f6he l\u00e4sst sich vom Fahrersitz aus elektrisch einstellen. Kompatibel mit den Kompatibel mit den Frontm\u00e4her<\/div>\n<\/div>\n<\/div>\n","protected":false},"featured_media":11413,"comment_status":"open","ping_status":"closed","template":"","meta":[],"product_brand":[300],"product_cat":[124,177],"product_tag":[443,312,193],"class_list":{"0":"post-3815","1":"product","2":"type-product","3":"status-publish","4":"has-post-thumbnail","6":"product_brand-stiga","7":"product_cat-rasentraktor","8":"product_cat-zubehoer","9":"product_tag-443","10":"product_tag-stiga","11":"product_tag-zubehoer-fuer-frontmaeher","13":"first","14":"instock","15":"taxable","16":"shipping-taxable","17":"purchasable","18":"product-type-simple"},"_links":{"self":[{"href":"https:\/\/benimarkt.at\/index.php?rest_route=\/wp\/v2\/product\/3815","targetHints":{"allow":["GET"]}}],"collection":[{"href":"https:\/\/benimarkt.at\/index.php?rest_route=\/wp\/v2\/product"}],"about":[{"href":"https:\/\/benimarkt.at\/index.php?rest_route=\/wp\/v2\/types\/product"}],"replies":[{"embeddable":true,"href":"https:\/\/benimarkt.at\/index.php?rest_route=%2Fwp%2Fv2%2Fcomments&post=3815"}],"version-history":[{"count":2,"href":"https:\/\/benimarkt.at\/index.php?rest_route=\/wp\/v2\/product\/3815\/revisions"}],"predecessor-version":[{"id":11414,"href":"https:\/\/benimarkt.at\/index.php?rest_route=\/wp\/v2\/product\/3815\/revisions\/11414"}],"wp:featuredmedia":[{"embeddable":true,"href":"https:\/\/benimarkt.at\/index.php?rest_route=\/wp\/v2\/media\/11413"}],"wp:attachment":[{"href":"https:\/\/benimarkt.at\/index.php?rest_route=%2Fwp%2Fv2%2Fmedia&parent=3815"}],"wp:term":[{"taxonomy":"product_brand","embeddable":true,"href":"https:\/\/benimarkt.at\/index.php?rest_route=%2Fwp%2Fv2%2Fproduct_brand&post=3815"},{"taxonomy":"product_cat","embeddable":true,"href":"https:\/\/benimarkt.at\/index.php?rest_route=%2Fwp%2Fv2%2Fproduct_cat&post=3815"},{"taxonomy":"product_tag","embeddable":true,"href":"https:\/\/benimarkt.at\/index.php?rest_route=%2Fwp%2Fv2%2Fproduct_tag&post=3815"}],"curies":[{"name":"wp","href":"https:\/\/api.w.org\/{rel}","templated":true}]}}