{"id":3488,"date":"2025-02-11T16:14:04","date_gmt":"2025-02-11T15:14:04","guid":{"rendered":"https:\/\/gartenrestposten.de\/?post_type=product&#038;p=3488"},"modified":"2026-03-06T12:35:11","modified_gmt":"2026-03-06T12:35:11","slug":"honda-2878065-f560k7-benzin-motorhacke-163-ccm-ohne-aufsatz","status":"publish","type":"product","link":"https:\/\/benimarkt.at\/?product=honda-2878065-f560k7-benzin-motorhacke-163-ccm-ohne-aufsatz","title":{"rendered":"HONDA F560K7 Benzin-Motorhacke 163 ccm (ohne Aufsatz)"},"content":{"rendered":"<h4>Technische Daten<\/h4>\n<table class=\"data-table\" cellspacing=\"0\" cellpadding=\"0\">\n<tbody>\n<tr>\n<td class=\"label\">Motor<\/td>\n<td>4-Takt OHV<\/td>\n<\/tr>\n<tr>\n<td class=\"label\">Motortyp<\/td>\n<td>GX160<\/td>\n<\/tr>\n<tr>\n<td class=\"label\">Hubraum (cm\u00b3)<\/td>\n<td>163<\/td>\n<\/tr>\n<tr>\n<td class=\"label\">Nennleistung\/-drehzahl (kW\/rpm)<\/td>\n<td>3,6\/3.600<\/td>\n<\/tr>\n<tr>\n<td class=\"label\">Drehmoment (Nm \/ U\/min)<\/td>\n<td>10,3\/2.500<\/td>\n<\/tr>\n<tr>\n<td class=\"label\">Tankvolumen (Liter)<\/td>\n<td>2,2<\/td>\n<\/tr>\n<tr>\n<td class=\"label\">Motor\u00f6lvolumen (Liter)<\/td>\n<td>0,6<\/td>\n<\/tr>\n<tr>\n<td class=\"label\">Startsystem<\/td>\n<td>Honda Super-Leichtstart<\/td>\n<\/tr>\n<tr>\n<td class=\"label\">Antriebskupplung<\/td>\n<td>Manuelle-Kupplung<\/td>\n<\/tr>\n<tr>\n<td class=\"label\">Getriebeart<\/td>\n<td>Kombinations-Getriebe<\/td>\n<\/tr>\n<tr>\n<td class=\"label\">Sekund\u00e4r-Antrieb<\/td>\n<td>Kette<\/td>\n<\/tr>\n<tr>\n<td class=\"label\">Lenkkupplung<\/td>\n<td>Ja<\/td>\n<\/tr>\n<tr>\n<td class=\"label\">Max. Arbeitsbreite (mm)<\/td>\n<td>900<\/td>\n<\/tr>\n<tr>\n<td class=\"label\">Max. Arbeitstiefe (mm)<\/td>\n<td>330<\/td>\n<\/tr>\n<tr>\n<td class=\"label\">Vorw\u00e4rtsg\u00e4nge<\/td>\n<td>6<\/td>\n<\/tr>\n<tr>\n<td class=\"label\">R\u00fcckw\u00e4rtsg\u00e4nge<\/td>\n<td>2<\/td>\n<\/tr>\n<tr>\n<td class=\"label\">Vielfach verstellbarer Holm<\/td>\n<td>Ja<\/td>\n<\/tr>\n<tr>\n<td class=\"label\">Schwenkbarer Holm<\/td>\n<td>Ja<\/td>\n<\/tr>\n<tr>\n<td class=\"label\">Abmessungen L x B x H<\/td>\n<td>1.610 x 610 x 990 mm<\/td>\n<\/tr>\n<tr>\n<td class=\"label\">Gewicht<\/td>\n<td>53 kg<\/td>\n<\/tr>\n<tr>\n<td class=\"label\">Schalldruckpegel (dB(A))<\/td>\n<td>81<\/td>\n<\/tr>\n<tr>\n<td class=\"label\">Schallleistungspegel LwA (dB(A))<\/td>\n<td>97<\/td>\n<\/tr>\n<tr>\n<td class=\"label\">Vibrationspegel (m\/s)<\/td>\n<td>13,2<\/td>\n<\/tr>\n<\/tbody>\n<\/table>\n<p>&nbsp;<\/p>\n<p>&nbsp;<\/p>\n","protected":false},"excerpt":{"rendered":"<h4>Beschreibung<\/h4>\n<p>Mit einer reichhaltigen Auswahl an Aufs\u00e4tzen ist der robuste und leistungsstarke Einachsschlepper ideal f\u00fcr die anspruchsvollsten Feldarbeiten.<\/p>\n<p>F\u00fcr den Einsatz in gro\u00dfen G\u00e4rten oder Grundst\u00fccken sind die Honda Einachsschlepper leistungsstarke Werkzeuge, die m\u00e4chtig Dampf haben &#8211; ideal f\u00fcr anspruchsvolle Aufgaben. Sie sind massiv, genau wie ein Traktor, und verf\u00fcgen \u00fcber intelligente Funktionen, mit denen es sich sehr bequem arbeiten l\u00e4sst.<\/p>\n<div class=\"titleArea\"><\/div>\n<div class=\"description\">\n<div class=\"description\">\n<div class=\"description\">\n<div class=\"description\">\n<p>&nbsp;<\/p>\n<\/div>\n<\/div>\n<\/div>\n<\/div>\n","protected":false},"featured_media":11416,"comment_status":"open","ping_status":"closed","template":"","meta":[],"product_brand":[296],"product_cat":[191,190],"product_tag":[471,189,192],"class_list":{"0":"post-3488","1":"product","2":"type-product","3":"status-publish","4":"has-post-thumbnail","6":"product_brand-honda","7":"product_cat-benzin-motorhacke","8":"product_cat-motorhacke","9":"product_tag-471","10":"product_tag-honda","11":"product_tag-motorhacke","13":"first","14":"instock","15":"taxable","16":"shipping-taxable","17":"purchasable","18":"product-type-simple"},"_links":{"self":[{"href":"https:\/\/benimarkt.at\/index.php?rest_route=\/wp\/v2\/product\/3488","targetHints":{"allow":["GET"]}}],"collection":[{"href":"https:\/\/benimarkt.at\/index.php?rest_route=\/wp\/v2\/product"}],"about":[{"href":"https:\/\/benimarkt.at\/index.php?rest_route=\/wp\/v2\/types\/product"}],"replies":[{"embeddable":true,"href":"https:\/\/benimarkt.at\/index.php?rest_route=%2Fwp%2Fv2%2Fcomments&post=3488"}],"version-history":[{"count":2,"href":"https:\/\/benimarkt.at\/index.php?rest_route=\/wp\/v2\/product\/3488\/revisions"}],"predecessor-version":[{"id":11418,"href":"https:\/\/benimarkt.at\/index.php?rest_route=\/wp\/v2\/product\/3488\/revisions\/11418"}],"wp:featuredmedia":[{"embeddable":true,"href":"https:\/\/benimarkt.at\/index.php?rest_route=\/wp\/v2\/media\/11416"}],"wp:attachment":[{"href":"https:\/\/benimarkt.at\/index.php?rest_route=%2Fwp%2Fv2%2Fmedia&parent=3488"}],"wp:term":[{"taxonomy":"product_brand","embeddable":true,"href":"https:\/\/benimarkt.at\/index.php?rest_route=%2Fwp%2Fv2%2Fproduct_brand&post=3488"},{"taxonomy":"product_cat","embeddable":true,"href":"https:\/\/benimarkt.at\/index.php?rest_route=%2Fwp%2Fv2%2Fproduct_cat&post=3488"},{"taxonomy":"product_tag","embeddable":true,"href":"https:\/\/benimarkt.at\/index.php?rest_route=%2Fwp%2Fv2%2Fproduct_tag&post=3488"}],"curies":[{"name":"wp","href":"https:\/\/api.w.org\/{rel}","templated":true}]}}