{"id":3480,"date":"2025-02-11T12:26:57","date_gmt":"2025-02-11T11:26:57","guid":{"rendered":"https:\/\/gartenrestposten.de\/?post_type=product&#038;p=3480"},"modified":"2026-03-06T12:34:20","modified_gmt":"2026-03-06T12:34:20","slug":"honda-2878379-fj500der-motorhacke-163ccm","status":"publish","type":"product","link":"https:\/\/benimarkt.at\/?product=honda-2878379-fj500der-motorhacke-163ccm","title":{"rendered":"HONDA FJ500DER Motorhacke 163ccm"},"content":{"rendered":"<h4 class=\"productDescription_contentPropertyHeading productDescription_contentPropertyHeading-tabbed\" data-tab-title=\"Spezifikationen\">Spezifikationen<\/h4>\n<div id=\"product-description-content-lg-2\" class=\"productDescription_contentProperties productDescription_contentProperties_list\" role=\"region\" data-item-content=\"\" aria-labelledby=\"product-description-heading-lg-2\">\n<div class=\"productDescription_contentWrapper\">\n<ul class=\"productDescription_contentPropertyValue productDescription_contentPropertyValue_hondaSpec\" data-information-component=\"hondaSpec\">\n<li class=\"productDescription_contentPropertyValue_value\"><strong>Motor<\/strong><br \/>\n<table>\n<tbody>\n<tr>\n<td style=\"text-align: left;\">Motor<\/td>\n<td style=\"text-align: left;\">4-Takt OHV<\/td>\n<\/tr>\n<tr>\n<td style=\"text-align: left;\">Motortyp<\/td>\n<td style=\"text-align: left;\">GX160<\/td>\n<\/tr>\n<tr>\n<td style=\"text-align: left;\">Hubraum (cm\u00b3)<\/td>\n<td style=\"text-align: left;\">163<\/td>\n<\/tr>\n<tr>\n<td style=\"text-align: left;\">Nennleistung\/-drehzahl (kW\/rpm)<\/td>\n<td style=\"text-align: left;\">3,6\/3.600<\/td>\n<\/tr>\n<tr>\n<td style=\"text-align: left;\">Drehmoment (Nm \/ U\/min)<\/td>\n<td style=\"text-align: left;\">10,3\/2.500<\/td>\n<\/tr>\n<tr>\n<td style=\"text-align: left;\">Tankvolumen (Liter)<\/td>\n<td style=\"text-align: left;\">2,4<\/td>\n<\/tr>\n<tr>\n<td style=\"text-align: left;\">Motor\u00f6lvolumen (Liter)<\/td>\n<td style=\"text-align: left;\">0,58<\/td>\n<\/tr>\n<tr>\n<td style=\"text-align: left;\">Startsystem<\/td>\n<td style=\"text-align: left;\">Honda Super-Leichtstart<\/td>\n<\/tr>\n<tr>\n<td style=\"text-align: left;\">Antriebskupplung<\/td>\n<td style=\"text-align: left;\">Manuelle-Kupplung<\/td>\n<\/tr>\n<tr>\n<td style=\"text-align: left;\">Getriebeart<\/td>\n<td style=\"text-align: left;\">Kombinations-Getriebe<\/td>\n<\/tr>\n<tr>\n<td style=\"text-align: left;\">Sekund\u00e4r-Antrieb<\/td>\n<td style=\"text-align: left;\">Kette<\/td>\n<\/tr>\n<tr>\n<td style=\"text-align: left;\">Schalldruckpegel (dB(A))<\/td>\n<td style=\"text-align: left;\">81<\/td>\n<\/tr>\n<tr>\n<td style=\"text-align: left;\">Schallleistungspegel LWA (dB(A))<\/td>\n<td style=\"text-align: left;\">96<\/td>\n<\/tr>\n<tr>\n<td style=\"text-align: left;\">Vibrationspegel (m\/s)<\/td>\n<td style=\"text-align: left;\">5,6<\/td>\n<\/tr>\n<\/tbody>\n<\/table>\n<p><strong>Funktion<\/strong><\/p>\n<table>\n<tbody>\n<tr>\n<td style=\"text-align: left;\">Max. Arbeitsbreite (mm)<\/td>\n<td style=\"text-align: left;\">800<\/td>\n<\/tr>\n<tr>\n<td style=\"text-align: left;\">Max. Arbeitstiefe (mm)<\/td>\n<td style=\"text-align: left;\">325<\/td>\n<\/tr>\n<tr>\n<td style=\"text-align: left;\">Vorw\u00e4rtsg\u00e4nge<\/td>\n<td style=\"text-align: left;\">3<\/td>\n<\/tr>\n<tr>\n<td style=\"text-align: left;\">R\u00fcckw\u00e4rtsg\u00e4nge<\/td>\n<td style=\"text-align: left;\">1<\/td>\n<\/tr>\n<tr>\n<td style=\"text-align: left;\">Werkzeuggeschwindigkeit vorw\u00e4rts (1\/min oder m\/s)<\/td>\n<td style=\"text-align: left;\">80<\/td>\n<\/tr>\n<tr>\n<td style=\"text-align: left;\">Werkzeuggeschwindigkeit r\u00fcckw\u00e4rts (1\/min oder m\/s)<\/td>\n<td style=\"text-align: left;\">28<\/td>\n<\/tr>\n<\/tbody>\n<\/table>\n<p><strong>Abmessungen<\/strong><\/p>\n<table>\n<tbody>\n<tr>\n<td style=\"text-align: left;\">Abmessungen L x B x H (mm)<\/td>\n<td style=\"text-align: left;\">1.395 x 610 x 980<\/td>\n<\/tr>\n<tr>\n<td style=\"text-align: left;\">Leergewicht (kg)<\/td>\n<td style=\"text-align: left;\">49\/62<\/td>\n<\/tr>\n<tr>\n<td style=\"text-align: left;\">Startsystem<\/td>\n<td style=\"text-align: left;\">Honda Super-Leichtstart<\/td>\n<\/tr>\n<tr>\n<td style=\"text-align: left;\">Antriebskupplung<\/td>\n<td style=\"text-align: left;\">Manuelle-Kupplung<\/td>\n<\/tr>\n<tr>\n<td style=\"text-align: left;\">Getriebeart<\/td>\n<td style=\"text-align: left;\">Kombinations-Getriebe<\/td>\n<\/tr>\n<tr>\n<td style=\"text-align: left;\">Sekund\u00e4r-Antrieb<\/td>\n<td style=\"text-align: left;\">Kette<\/td>\n<\/tr>\n<tr>\n<td style=\"text-align: left;\">Schalldruckpegel (dB(A))<\/td>\n<td style=\"text-align: left;\">81<\/td>\n<\/tr>\n<tr>\n<td style=\"text-align: left;\">Schallleistungspegel LWA (dB(A))<\/td>\n<td style=\"text-align: left;\">96<\/td>\n<\/tr>\n<tr>\n<td style=\"text-align: left;\">Vibrationspegel (m\/s)<\/td>\n<td style=\"text-align: left;\">5,6<\/td>\n<\/tr>\n<\/tbody>\n<\/table>\n<p><strong>Griff<\/strong><\/p>\n<table>\n<tbody>\n<tr>\n<td style=\"text-align: left;\">Umklappbarer Holm<\/td>\n<td style=\"text-align: left;\">Ja<\/td>\n<\/tr>\n<tr>\n<td style=\"text-align: left;\">Vielfach verstellbarer Holm<\/td>\n<td style=\"text-align: left;\">Ja<\/td>\n<\/tr>\n<tr>\n<td style=\"text-align: left;\">Schwenkbarer Holm<\/td>\n<td style=\"text-align: left;\">Ja<\/td>\n<\/tr>\n<\/tbody>\n<\/table>\n<\/li>\n<\/ul>\n<\/div>\n<\/div>\n","protected":false},"excerpt":{"rendered":"<p><strong>Kompakt und leistungsstark<\/strong><\/p>\n<p>Hocheffizient, leicht und robust: eine professionelle Maschine f\u00fcr gro\u00dfe Aufgaben<\/p>\n<p>Mit einer Kompakt-Motorhacke bekommen Sie die geballte Leistung f\u00fcr gr\u00f6\u00dfere Blumenbeete und Gem\u00fcseanbaufl\u00e4chen. Sie sind G\u00e4rtner aus Leidenschaft? Dann probieren Sie diese hocheffiziente, leichte und stabile Motorhacke mit kraftvollem 163-cm\u00b3-Motor aus. Sie eignet sich f\u00fcr jede Art von Boden und l\u00e4sst sich m\u00fchelos man\u00f6vrieren.<\/p>\n<p>Zur komfortablen Kontrolle von Geschwindigkeit und Leistung stehen Ihnen ein kr\u00e4ftiger Honda-Motor und ein Schaltgetriebe zur Verf\u00fcgung. Das Modell FJ 500 DER verf\u00fcgt \u00fcber zwei Vorw\u00e4rtsg\u00e4nge und einen R\u00fcckw\u00e4rtsgang. Au\u00dferdem kann es mit zahlreichen Anbauger\u00e4ten wie gr\u00f6\u00dferem Hacksatz, Vertikutierer, H\u00e4ufelausru\u0308stung, Kartoffelroder, Pflug oder Schneeschild kombiniert werden.<\/p>\n<p><strong>Eigenschaften:<\/strong><\/p>\n<p><strong>Lenkholm:<\/strong>\u00a0Mit einer Sicherung versehen, erm\u00f6glicht der Schwunggriff ein Arbeiten, ohne dass Sie Fu\u00dfspuren in der Erde hinterlassen. Hierdurch wird auch vermieden, dass Sie bereits aufgelockerte Erde wieder zusammenpressen.<\/p>\n<p><strong>Getriebe:<\/strong>\u00a0Mehr G\u00e4nge bedeuten mehr Flexibilit\u00e4t und Kraft. Das Gangschaltsystem konzentriert die Energie genau da, wo Sie sie brauchen, und Sie k\u00f6nnen Ihr perfektes Arbeitstempo individuell anpassen.<\/p>\n","protected":false},"featured_media":11420,"comment_status":"open","ping_status":"closed","template":"","meta":[],"product_brand":[296],"product_cat":[191,134,190],"product_tag":[189,192],"class_list":{"0":"post-3480","1":"product","2":"type-product","3":"status-publish","4":"has-post-thumbnail","6":"product_brand-honda","7":"product_cat-benzin-motorhacke","8":"product_cat-gartenbau","9":"product_cat-motorhacke","10":"product_tag-honda","11":"product_tag-motorhacke","13":"first","14":"outofstock","15":"taxable","16":"shipping-taxable","17":"product-type-simple"},"_links":{"self":[{"href":"https:\/\/benimarkt.at\/index.php?rest_route=\/wp\/v2\/product\/3480","targetHints":{"allow":["GET"]}}],"collection":[{"href":"https:\/\/benimarkt.at\/index.php?rest_route=\/wp\/v2\/product"}],"about":[{"href":"https:\/\/benimarkt.at\/index.php?rest_route=\/wp\/v2\/types\/product"}],"replies":[{"embeddable":true,"href":"https:\/\/benimarkt.at\/index.php?rest_route=%2Fwp%2Fv2%2Fcomments&post=3480"}],"version-history":[{"count":1,"href":"https:\/\/benimarkt.at\/index.php?rest_route=\/wp\/v2\/product\/3480\/revisions"}],"predecessor-version":[{"id":11423,"href":"https:\/\/benimarkt.at\/index.php?rest_route=\/wp\/v2\/product\/3480\/revisions\/11423"}],"wp:featuredmedia":[{"embeddable":true,"href":"https:\/\/benimarkt.at\/index.php?rest_route=\/wp\/v2\/media\/11420"}],"wp:attachment":[{"href":"https:\/\/benimarkt.at\/index.php?rest_route=%2Fwp%2Fv2%2Fmedia&parent=3480"}],"wp:term":[{"taxonomy":"product_brand","embeddable":true,"href":"https:\/\/benimarkt.at\/index.php?rest_route=%2Fwp%2Fv2%2Fproduct_brand&post=3480"},{"taxonomy":"product_cat","embeddable":true,"href":"https:\/\/benimarkt.at\/index.php?rest_route=%2Fwp%2Fv2%2Fproduct_cat&post=3480"},{"taxonomy":"product_tag","embeddable":true,"href":"https:\/\/benimarkt.at\/index.php?rest_route=%2Fwp%2Fv2%2Fproduct_tag&post=3480"}],"curies":[{"name":"wp","href":"https:\/\/api.w.org\/{rel}","templated":true}]}}