{"id":3464,"date":"2025-02-11T10:28:20","date_gmt":"2025-02-11T09:28:20","guid":{"rendered":"https:\/\/gartenrestposten.de\/?post_type=product&#038;p=3464"},"modified":"2026-03-06T12:33:54","modified_gmt":"2026-03-06T12:33:54","slug":"honda-860339-hf2417k5hme-rasentraktor-102-cm-schnittbreite","status":"publish","type":"product","link":"https:\/\/benimarkt.at\/?product=honda-860339-hf2417k5hme-rasentraktor-102-cm-schnittbreite","title":{"rendered":"Honda HF 2417K5 HME Benzin-Rasentraktor 102 cm Schnittbreite"},"content":{"rendered":"<h4 class=\"productDescription_contentPropertyHeading productDescription_contentPropertyHeading-tabbed\" data-tab-title=\"Spezifikationen\">Spezifikationen<\/h4>\n<div id=\"product-description-content-lg-2\" class=\"productDescription_contentProperties productDescription_contentProperties_list\" role=\"region\" data-item-content=\"\" aria-labelledby=\"product-description-heading-lg-2\">\n<div class=\"productDescription_contentWrapper\">\n<ul class=\"productDescription_contentPropertyValue productDescription_contentPropertyValue_hondaSpec\" data-information-component=\"hondaSpec\">\n<li class=\"productDescription_contentPropertyValue_value\"><strong>Motor<\/strong><br \/>\n<table>\n<tbody>\n<tr>\n<td>Motor<\/td>\n<td>4-Takt OHC V-2<\/td>\n<\/tr>\n<tr>\n<td>Hubraum (cm\u00b3)<\/td>\n<td>530<\/td>\n<\/tr>\n<tr>\n<td>Motortyp<\/td>\n<td>GCV530<\/td>\n<\/tr>\n<tr>\n<td>Nennleistung\/-drehzahl (kW\/rpm)<\/td>\n<td>9,4\/2.800<\/td>\n<\/tr>\n<tr>\n<td>Tankvolumen (Liter)<\/td>\n<td>8,4<\/td>\n<\/tr>\n<tr>\n<td>Motor\u00f6lvolumen (Liter)<\/td>\n<td>1,15<\/td>\n<\/tr>\n<tr>\n<td>Getriebe \/ G\u00e4nge<\/td>\n<td>Stufenloser Hydrostat<\/td>\n<\/tr>\n<tr>\n<td>Geschwindigkeit (km\/h)<\/td>\n<td>0 bis 8,2<\/td>\n<\/tr>\n<\/tbody>\n<\/table>\n<p><strong>Funktion<\/strong><\/p>\n<table>\n<tbody>\n<tr>\n<td>Komfort-Messerkupplung<\/td>\n<td>Elektromagnetisch<\/td>\n<\/tr>\n<tr>\n<td>Optiflow\u00ae<\/td>\n<td>Ja<\/td>\n<\/tr>\n<tr>\n<td>Grasfangsack-Entleerung<\/td>\n<td>Manuell<\/td>\n<\/tr>\n<tr>\n<td>Schnittpositionen<\/td>\n<td>7<\/td>\n<\/tr>\n<tr>\n<td>Schallpegel LWA (dB(A))<\/td>\n<td>100<\/td>\n<\/tr>\n<tr>\n<td>Mulchsatz<\/td>\n<td>Versamow\u00ae<\/td>\n<\/tr>\n<tr>\n<td>Deflektor<\/td>\n<td>Optional<\/td>\n<\/tr>\n<tr>\n<td>Anh\u00e4ngerkupplung<\/td>\n<td>Optional<\/td>\n<\/tr>\n<\/tbody>\n<\/table>\n<p><strong>Abmessungen<\/strong><\/p>\n<table>\n<tbody>\n<tr>\n<td>L\u00e4nge (mm)<\/td>\n<td>2480<\/td>\n<\/tr>\n<tr>\n<td>Breite (mm)<\/td>\n<td>1050<\/td>\n<\/tr>\n<tr>\n<td>H\u00f6he (mm)<\/td>\n<td>1120<\/td>\n<\/tr>\n<tr>\n<td>Leergewicht (kg)<\/td>\n<td>228<\/td>\n<\/tr>\n<\/tbody>\n<\/table>\n<p><strong>Schnitt<\/strong><\/p>\n<table>\n<tbody>\n<tr>\n<td>Schnittbreite (cm)<\/td>\n<td>102<\/td>\n<\/tr>\n<tr>\n<td>Anzahl Messer<\/td>\n<td>2<\/td>\n<\/tr>\n<tr>\n<td>Synchron \/ asynchron<\/td>\n<td>synchron<\/td>\n<\/tr>\n<tr>\n<td>Schnitth\u00f6henbereich (mm)<\/td>\n<td>30 &#8211; 90<\/td>\n<\/tr>\n<tr>\n<td>Grasfangsackvolumen (Liter)<\/td>\n<td>300<\/td>\n<\/tr>\n<tr>\n<td>M\u00e4hzeit pro 100 m\u00b2 (Min. : Sek.)<\/td>\n<td>0.0784722222222222<\/td>\n<\/tr>\n<tr>\n<td>Mulchzeit pro 100 m\u00b2 (Min. : Sek.)<\/td>\n<td>0.0298611111111111<\/td>\n<\/tr>\n<\/tbody>\n<\/table>\n<p><strong>Reifen<\/strong><\/p>\n<table>\n<tbody>\n<tr>\n<td>Bereifung, vorne (inches)<\/td>\n<td>15 x 6,00 &#8211; 6<\/td>\n<\/tr>\n<tr>\n<td>Bereifung, hinten (inches)<\/td>\n<td>18 x 8,50 &#8211; 8<\/td>\n<\/tr>\n<tr>\n<td>Wendekreis (m)<\/td>\n<td>1,8<\/td>\n<\/tr>\n<\/tbody>\n<\/table>\n<\/li>\n<\/ul>\n<\/div>\n<\/div>\n","protected":false},"excerpt":{"rendered":"<h3>Dieser Rasentraktor \u00fcberzeugt durch den Tempomat, vorstehende LED-Leuchten und das Mulch-System Versamow\u2122<\/h3>\n<div class=\"titleArea\">\n<h4>Selektives Mulchen mit Versamow\u00ae<\/h4>\n<\/div>\n<div class=\"description\">\n<p>Mit einem einzigen Hebel k\u00f6nnen Sie das Versamow\u00ae von Honda so einstellen, dass es entweder den Rasenschnitt im Fangkorb sammelt oder als nat\u00fcrlichen D\u00fcnger fein geh\u00e4ckselt nach unten in den Rasen bl\u00e4st.<\/p>\n<div class=\"titleArea\">\n<h4>Optiflow\u00ae<\/h4>\n<\/div>\n<div class=\"description\">\n<p>Ein L\u00fcfterradsystem unter dem M\u00e4hdeck optimiert den Luftstrom. Dies steigert die Fangleistung des Rasenm\u00e4hers erheblich<\/p>\n<div class=\"titleArea\">\n<h4>Synchrone Messer<\/h4>\n<\/div>\n<div class=\"description\">\n<p>Beide Messer teilen sich einen \u00fcberlappenden Schnittbereich. Dies gew\u00e4hrleistet pr\u00e4zises M\u00e4hen ohne unbeschnittene Bereiche beim Wenden.<\/p>\n<\/div>\n<\/div>\n<\/div>\n","protected":false},"featured_media":11431,"comment_status":"open","ping_status":"closed","template":"","meta":[],"product_brand":[296],"product_cat":[134,124],"product_tag":[570,188,189],"class_list":{"0":"post-3464","1":"product","2":"type-product","3":"status-publish","4":"has-post-thumbnail","6":"product_brand-honda","7":"product_cat-gartenbau","8":"product_cat-rasentraktor","9":"product_tag-570","10":"product_tag-benzin-rasentraktor","11":"product_tag-honda","13":"first","14":"outofstock","15":"taxable","16":"shipping-taxable","17":"product-type-simple"},"_links":{"self":[{"href":"https:\/\/benimarkt.at\/index.php?rest_route=\/wp\/v2\/product\/3464","targetHints":{"allow":["GET"]}}],"collection":[{"href":"https:\/\/benimarkt.at\/index.php?rest_route=\/wp\/v2\/product"}],"about":[{"href":"https:\/\/benimarkt.at\/index.php?rest_route=\/wp\/v2\/types\/product"}],"replies":[{"embeddable":true,"href":"https:\/\/benimarkt.at\/index.php?rest_route=%2Fwp%2Fv2%2Fcomments&post=3464"}],"version-history":[{"count":2,"href":"https:\/\/benimarkt.at\/index.php?rest_route=\/wp\/v2\/product\/3464\/revisions"}],"predecessor-version":[{"id":11435,"href":"https:\/\/benimarkt.at\/index.php?rest_route=\/wp\/v2\/product\/3464\/revisions\/11435"}],"wp:featuredmedia":[{"embeddable":true,"href":"https:\/\/benimarkt.at\/index.php?rest_route=\/wp\/v2\/media\/11431"}],"wp:attachment":[{"href":"https:\/\/benimarkt.at\/index.php?rest_route=%2Fwp%2Fv2%2Fmedia&parent=3464"}],"wp:term":[{"taxonomy":"product_brand","embeddable":true,"href":"https:\/\/benimarkt.at\/index.php?rest_route=%2Fwp%2Fv2%2Fproduct_brand&post=3464"},{"taxonomy":"product_cat","embeddable":true,"href":"https:\/\/benimarkt.at\/index.php?rest_route=%2Fwp%2Fv2%2Fproduct_cat&post=3464"},{"taxonomy":"product_tag","embeddable":true,"href":"https:\/\/benimarkt.at\/index.php?rest_route=%2Fwp%2Fv2%2Fproduct_tag&post=3464"}],"curies":[{"name":"wp","href":"https:\/\/api.w.org\/{rel}","templated":true}]}}