{"id":3433,"date":"2025-02-10T14:24:38","date_gmt":"2025-02-10T13:24:38","guid":{"rendered":"https:\/\/gartenrestposten.de\/?post_type=product&#038;p=3433"},"modified":"2026-03-31T11:55:15","modified_gmt":"2026-03-31T11:55:15","slug":"solo-by-al-ko-127696-maehroboter-robolinho-822-w","status":"publish","type":"product","link":"https:\/\/benimarkt.at\/?product=solo-by-al-ko-127696-maehroboter-robolinho-822-w","title":{"rendered":"solo\u00ae by AL-KO M\u00e4hroboter Robolinho\u00ae 822 W &#8211; AUSVERKAUF!"},"content":{"rendered":"<p>Stufenlos kann die Schnitth\u00f6he von 25 mm bis 55 mm eingestellt werden, wodurch Sie die L\u00e4nge Ihres Rasens an Ihre pers\u00f6nlichen Vorlieben anpassen k\u00f6nnen. Das von AL-KO entwickelte DCS (Double-Cut-System) sorgt f\u00fcr ein perfektes Schnittbild und der anfallende Grasschnitt wird noch im M\u00e4hgeh\u00e4use geh\u00e4ckselt und als biologischer D\u00fcnger in den Rasen zur\u00fcckgef\u00fchrt. Deshalb m\u00fcssen Sie beim Robolinho\u00ae 822 W keinen Grasschnitt entsorgen. Maximale Sicherheit f\u00fcr Menschen und Tiere bietet die zuverl\u00e4ssige Sicherheitstechnologie des M\u00e4hroboters.<\/p>\n<ul class=\"p-0 list-unstyled details-usp-list\" title=\"\" data-original-title=\"\">\n<li title=\"\" data-original-title=\"\">M\u00e4ht vollautomatisch Fl\u00e4chen von bis zu 800 m\u00b2. Fl\u00fcsterleise mit 60 dB(A)<\/li>\n<li title=\"\" data-original-title=\"\">Sicherheitssensorik sch\u00fctzt vor Verletzung und Diebstahl<\/li>\n<li title=\"\" data-original-title=\"\">Einfache Installation und Bedienung<\/li>\n<li title=\"\" data-original-title=\"\">Bedienung einfach durch die AL-KO inTouch App \u00fcber WLAN.<\/li>\n<li title=\"\" data-original-title=\"\">Hohe Wendigkeit und geringes Gewicht. Meistert enge Passagen ab 60 cm<\/li>\n<li title=\"\" data-original-title=\"\">Effizientes Doppelmesserm\u00e4hwerk. Meistert Steigungen bis 45% dank traktionsstarker Profilr\u00e4der<\/li>\n<\/ul>\n","protected":false},"excerpt":{"rendered":"<p>Kompakt und agil. Der Robolinho\u00ae 822 W pflegt Ihren Garten vollautomatisch. Dank intelligenter Anbindung an Smart Garden Systeme wird nicht nur Ihr Rasen zuverl\u00e4ssig gem\u00e4ht, sondern Sie erhalten dabei auch noch viel Freizeit dazu.<\/p>\n","protected":false},"featured_media":11453,"comment_status":"open","ping_status":"closed","template":"","meta":[],"product_brand":[123],"product_cat":[134,129],"product_tag":[539,185,176],"class_list":{"0":"post-3433","1":"product","2":"type-product","3":"status-publish","4":"has-post-thumbnail","6":"product_brand-al-ko","7":"product_cat-gartenbau","8":"product_cat-maehroboter","9":"product_tag-539","10":"product_tag-al-ko","11":"product_tag-maehroboter","13":"first","14":"instock","15":"taxable","16":"shipping-taxable","17":"purchasable","18":"product-type-simple"},"_links":{"self":[{"href":"https:\/\/benimarkt.at\/index.php?rest_route=\/wp\/v2\/product\/3433","targetHints":{"allow":["GET"]}}],"collection":[{"href":"https:\/\/benimarkt.at\/index.php?rest_route=\/wp\/v2\/product"}],"about":[{"href":"https:\/\/benimarkt.at\/index.php?rest_route=\/wp\/v2\/types\/product"}],"replies":[{"embeddable":true,"href":"https:\/\/benimarkt.at\/index.php?rest_route=%2Fwp%2Fv2%2Fcomments&post=3433"}],"version-history":[{"count":2,"href":"https:\/\/benimarkt.at\/index.php?rest_route=\/wp\/v2\/product\/3433\/revisions"}],"predecessor-version":[{"id":14333,"href":"https:\/\/benimarkt.at\/index.php?rest_route=\/wp\/v2\/product\/3433\/revisions\/14333"}],"wp:featuredmedia":[{"embeddable":true,"href":"https:\/\/benimarkt.at\/index.php?rest_route=\/wp\/v2\/media\/11453"}],"wp:attachment":[{"href":"https:\/\/benimarkt.at\/index.php?rest_route=%2Fwp%2Fv2%2Fmedia&parent=3433"}],"wp:term":[{"taxonomy":"product_brand","embeddable":true,"href":"https:\/\/benimarkt.at\/index.php?rest_route=%2Fwp%2Fv2%2Fproduct_brand&post=3433"},{"taxonomy":"product_cat","embeddable":true,"href":"https:\/\/benimarkt.at\/index.php?rest_route=%2Fwp%2Fv2%2Fproduct_cat&post=3433"},{"taxonomy":"product_tag","embeddable":true,"href":"https:\/\/benimarkt.at\/index.php?rest_route=%2Fwp%2Fv2%2Fproduct_tag&post=3433"}],"curies":[{"name":"wp","href":"https:\/\/api.w.org\/{rel}","templated":true}]}}