{"id":3418,"date":"2025-02-10T13:27:28","date_gmt":"2025-02-10T12:27:28","guid":{"rendered":"https:\/\/gartenrestposten.de\/?post_type=product&#038;p=3418"},"modified":"2026-03-06T11:07:23","modified_gmt":"2026-03-06T11:07:23","slug":"solo-by-al-ko-127697-maehroboter-robolinho-1423-w","status":"publish","type":"product","link":"https:\/\/benimarkt.at\/?product=solo-by-al-ko-127697-maehroboter-robolinho-1423-w","title":{"rendered":"solo\u00ae by AL-KO M\u00e4hroboter Robolinho\u00ae 1423 W"},"content":{"rendered":"<table style=\"width: 53.1463%; height: 164px;\" width=\"1140\">\n<tbody>\n<tr>\n<td style=\"width: 26.2427%;\" width=\"236\"><strong>Schalll.p garant LwA[db(A)]<\/strong><\/td>\n<td style=\"width: 34.8102%;\" width=\"904\">60<\/td>\n<\/tr>\n<tr>\n<td style=\"width: 26.2427%;\" width=\"236\"><strong>Produktlinie<\/strong><\/td>\n<td style=\"width: 34.8102%;\" width=\"904\"><strong>PREMIUM<\/strong><\/td>\n<\/tr>\n<tr>\n<td style=\"width: 26.2427%;\" width=\"236\"><strong>Marke<\/strong><\/td>\n<td style=\"width: 34.8102%;\" width=\"904\"><strong>solo\u00ae by AL-KO<\/strong><\/td>\n<\/tr>\n<\/tbody>\n<\/table>\n<p><strong>Energieversorgung<\/strong><\/p>\n<table style=\"width: 52.9882%;\" width=\"1140\">\n<tbody>\n<tr>\n<td style=\"width: 27.0422%;\" width=\"236\"><strong>Antriebsart<\/strong><\/td>\n<td style=\"width: 35.5237%;\" width=\"904\"><strong>Akku<\/strong><\/td>\n<\/tr>\n<tr>\n<td style=\"width: 27.0422%;\" width=\"236\"><strong>Akkukapazit\u00e4t (intern) Ah<\/strong><\/td>\n<td style=\"width: 35.5237%;\" width=\"904\"><strong>5<\/strong><\/td>\n<\/tr>\n<tr>\n<td style=\"width: 27.0422%;\" width=\"236\"><strong>Ladezeit intern Akku Min<\/strong><\/td>\n<td style=\"width: 35.5237%;\" width=\"904\"><strong>90 MIN<\/strong><\/td>\n<\/tr>\n<tr>\n<td style=\"width: 27.0422%;\" width=\"236\"><strong>Laufzeit Akku (intern) Min<\/strong><\/td>\n<td style=\"width: 35.5237%;\" width=\"904\"><strong>140 MIN<\/strong><\/td>\n<\/tr>\n<tr>\n<td style=\"width: 27.0422%;\" width=\"236\"><strong>Spannung Akku (intern) V<\/strong><\/td>\n<td style=\"width: 35.5237%;\" width=\"904\"><strong>25.2 V<\/strong><\/td>\n<\/tr>\n<\/tbody>\n<\/table>\n<p><strong>Arbeitsfl\u00e4che<\/strong><\/p>\n<table style=\"width: 52.8408%;\" width=\"1140\">\n<tbody>\n<tr>\n<td style=\"width: 27.1989%;\" width=\"236\"><strong>Max. Steigf\u00e4higkeit in %<\/strong><\/td>\n<td style=\"width: 35.1913%;\" width=\"904\"><strong>45 %<\/strong><\/td>\n<\/tr>\n<tr>\n<td style=\"width: 27.1989%;\" width=\"236\"><strong>geeignet f\u00fcr Fl\u00e4che bis qm<\/strong><\/td>\n<td style=\"width: 35.1913%;\" width=\"904\"><strong>1400 QM<\/strong><\/td>\n<\/tr>\n<\/tbody>\n<\/table>\n<p><strong>Arbeitsplanungsfunktionen<\/strong><\/p>\n<table style=\"width: 52.6934%;\" width=\"1140\">\n<tbody>\n<tr>\n<td style=\"width: 27.3565%;\" width=\"236\"><strong>Einstiegspunkt Anzahl<\/strong><\/td>\n<td style=\"width: 34.8579%;\" width=\"904\"><strong>6<\/strong><\/td>\n<\/tr>\n<tr>\n<td style=\"width: 27.3565%;\" width=\"236\"><strong>Regensensor<\/strong><\/td>\n<td style=\"width: 34.8579%;\" width=\"904\"><strong>Ja<\/strong><\/td>\n<\/tr>\n<\/tbody>\n<\/table>\n<p><strong>M\u00e4hsystem<\/strong><\/p>\n<table style=\"width: 52.5461%;\" width=\"1140\">\n<tbody>\n<tr>\n<td style=\"width: 27.3221%;\" width=\"236\"><strong>Schnittbreite in cm<\/strong><\/td>\n<td style=\"width: 34.7166%;\" width=\"904\"><strong>23 CM<\/strong><\/td>\n<\/tr>\n<tr>\n<td style=\"width: 27.3221%;\" width=\"236\"><strong>Schnitth\u00f6he min\/max in mm<\/strong><\/td>\n<td style=\"width: 34.7166%;\" width=\"904\"><strong>25 &#8211; 55 MM<\/strong><\/td>\n<\/tr>\n<tr>\n<td style=\"width: 27.3221%;\" width=\"236\"><strong>Schnitth\u00f6henverstellung<\/strong><\/td>\n<td style=\"width: 34.7166%;\" width=\"904\"><strong>Manuell &#8211; Stufenlos<\/strong><\/td>\n<\/tr>\n<tr>\n<td style=\"width: 27.3221%;\" width=\"236\"><strong>Ger\u00e4t besitzt Eco-Mode<\/strong><\/td>\n<td style=\"width: 34.7166%;\" width=\"904\"><strong>Ja<\/strong><\/td>\n<\/tr>\n<\/tbody>\n<\/table>\n<p><strong>Smarte Funktionen<\/strong><\/p>\n<table style=\"width: 52.6201%;\" width=\"1140\">\n<tbody>\n<tr>\n<td style=\"width: 27.8386%;\" width=\"236\"><strong>Konnektivit\u00e4t<\/strong><\/td>\n<td style=\"width: 34.3589%;\" width=\"904\"><strong>AL-KO Connect WLAN<\/strong><\/td>\n<\/tr>\n<\/tbody>\n<\/table>\n<div class=\"pull-right text-right pr-0\"><\/div>\n<div class=\"pull-right text-right pr-0\"><\/div>\n<h3><\/h3>\n","protected":false},"excerpt":{"rendered":"<h2>Das M\u00e4hwunder mit Smart Garden Anbindung &#8211; der M\u00e4hroboter Robolinho\u00ae 1423 W<\/h2>\n<p>Entwickelt wurde der Robolinho\u00ae 1423 W von unseren Ingenieuren in Deutschland, gefertigt wird er von unseren Fachkr\u00e4ften in \u00d6sterreich \u2013 dadurch stellen wir von AL-KO Gardentech sicher, nur beste Qualit\u00e4t f\u00fcr unsere Kunden zu garantieren. Langlebige Komponenten und eine ausgereifte Technik machen den Robolinho\u00ae zu einem zuverl\u00e4ssigen Begleiter und Helfer bei der t\u00e4glichen Rasenpflege in Ihrem Garten. Installiert wird der M\u00e4hroboter denkbar einfach, sowohl Basisstation als auch Smart Gardening Anbindung sind schnell bereit. Unsere ausgereifte Software und die intuitive Bedienung erleichtern Ihnen die Rasenpflege und das alles wann und wo Sie es m\u00f6chten.<\/p>\n<h3>Technische Details des Robolinho\u00ae 1423W M\u00e4hroboters<\/h3>\n<p>Intelligente Gartenpflege und Smart Gardening geh\u00f6ren mit dem Robolinho\u00ae 1423 W zur Gegenwart: Dank bereits installierter Hardware des M\u00e4hroboters ist eine einfache Anbindung \u00fcber die AL-KO inTOUCH App problemlos m\u00f6glich. Das ganze l\u00e4uft bequem \u00fcber ihr WiFi. Ein leiser und emissionsfreier Betrieb sorgt f\u00fcr einen angenehmen Betrieb, welcher seine Energie von einem 5 Ah \/ 25,2 V starken und langlebigen Lithium-Ionen-Akku erh\u00e4lt. Dadurch kann der M\u00e4hroboter von AL-KO auch problemlos an Feiertagen oder nachts betrieben werden. Die eigens entwickelte Bewegungstechnologie gepaart mit 23 cm Schnittbreite sorgen f\u00fcr eine effiziente Rasenpflege bei Fl\u00e4chen mit bis zu 1400 m\u00b2. Hierbei werden Hindernisse wie B\u00e4ume oder Steigungen von bis zu 45% problemlos gemeistert. Doppelm\u00e4hwerk mit Wendeklingen, f\u00fcr 4-fach l\u00e4ngere Standzeit.\u00a0Bitte beachten: Beim Kauf unserer solo\u00ae by AL-KO M\u00e4hroboter sind sowohl Bodenn\u00e4gel als auch Begrenzungskabel\u00a0 nicht im Lieferumfang enthalten.<br \/>\nStufenlos kann die Schnitth\u00f6he von 25 mm bis 55 mm eingestellt werden, wodurch Sie die L\u00e4nge Ihres Rasens an Ihre pers\u00f6nlichen Vorlieben anpassen k\u00f6nnen. Das von AL-KO entwickelte DCS (Double-Cut-System) sorgt f\u00fcr ein perfektes Schnittbild und der anfallende Grasschnitt wird noch im M\u00e4hgeh\u00e4use geh\u00e4ckselt und als biologischer D\u00fcnger in den Rasen zur\u00fcckgef\u00fchrt. Deshalb m\u00fcssen Sie beim Robolinho\u00ae 1423 W keinen Grasschnitt entsorgen. Maximale Sicherheit f\u00fcr Menschen und Tiere bietet die zuverl\u00e4ssige Sicherheitstechnologie des M\u00e4hroboters.<\/p>\n","protected":false},"featured_media":13955,"comment_status":"open","ping_status":"closed","template":"","meta":[],"product_brand":[123],"product_cat":[134,129],"product_tag":[541,185,176],"class_list":{"0":"post-3418","1":"product","2":"type-product","3":"status-publish","4":"has-post-thumbnail","6":"product_brand-al-ko","7":"product_cat-gartenbau","8":"product_cat-maehroboter","9":"product_tag-541","10":"product_tag-al-ko","11":"product_tag-maehroboter","13":"first","14":"outofstock","15":"taxable","16":"shipping-taxable","17":"product-type-simple"},"_links":{"self":[{"href":"https:\/\/benimarkt.at\/index.php?rest_route=\/wp\/v2\/product\/3418","targetHints":{"allow":["GET"]}}],"collection":[{"href":"https:\/\/benimarkt.at\/index.php?rest_route=\/wp\/v2\/product"}],"about":[{"href":"https:\/\/benimarkt.at\/index.php?rest_route=\/wp\/v2\/types\/product"}],"replies":[{"embeddable":true,"href":"https:\/\/benimarkt.at\/index.php?rest_route=%2Fwp%2Fv2%2Fcomments&post=3418"}],"version-history":[{"count":3,"href":"https:\/\/benimarkt.at\/index.php?rest_route=\/wp\/v2\/product\/3418\/revisions"}],"predecessor-version":[{"id":13957,"href":"https:\/\/benimarkt.at\/index.php?rest_route=\/wp\/v2\/product\/3418\/revisions\/13957"}],"wp:featuredmedia":[{"embeddable":true,"href":"https:\/\/benimarkt.at\/index.php?rest_route=\/wp\/v2\/media\/13955"}],"wp:attachment":[{"href":"https:\/\/benimarkt.at\/index.php?rest_route=%2Fwp%2Fv2%2Fmedia&parent=3418"}],"wp:term":[{"taxonomy":"product_brand","embeddable":true,"href":"https:\/\/benimarkt.at\/index.php?rest_route=%2Fwp%2Fv2%2Fproduct_brand&post=3418"},{"taxonomy":"product_cat","embeddable":true,"href":"https:\/\/benimarkt.at\/index.php?rest_route=%2Fwp%2Fv2%2Fproduct_cat&post=3418"},{"taxonomy":"product_tag","embeddable":true,"href":"https:\/\/benimarkt.at\/index.php?rest_route=%2Fwp%2Fv2%2Fproduct_tag&post=3418"}],"curies":[{"name":"wp","href":"https:\/\/api.w.org\/{rel}","templated":true}]}}